{"id":256,"date":"2017-09-12T08:51:25","date_gmt":"2017-09-12T08:51:25","guid":{"rendered":"http:\/\/www.educacionenmalaga.es\/gbellasartes\/?page_id=256"},"modified":"2020-03-25T08:58:38","modified_gmt":"2020-03-25T07:58:38","slug":"museos","status":"publish","type":"page","link":"https:\/\/blogsaverroes.juntadeandalucia.es\/gbellasartesmalaga\/museos\/","title":{"rendered":"Museos"},"content":{"rendered":"<hr \/>\n<ul>\n<li>\n<h3><a href=\"http:\/\/www.museosdeandalucia.es\/cultura\/museos\/MMA\/\">Museo de Bellas Artes ( Aduana ) <\/a><\/h3>\n<\/li>\n<li>\n<h3><a href=\"http:\/\/www.museopicassomalaga.org\/\">Museo Picasso ( M\u00e1laga )<\/a><\/h3>\n<\/li>\n<li>\n<h3><a href=\"http:\/\/centrepompidou-malaga.eu\/\">Centre Pompidou ( M\u00e1laga )<\/a><\/h3>\n<\/li>\n<li>\n<h3><a href=\"http:\/\/www.coleccionmuseoruso.es\/\">Colecci\u00f3n Museo Ruso ( M\u00e1laga )<\/a><\/h3>\n<\/li>\n<li>\n<h3><a href=\"https:\/\/www.museoautomovilmalaga.com\/\">Museo Automovil\u00edstico de M\u00e1laga<\/a><\/h3>\n<\/li>\n<li>\n<h3><a href=\"http:\/\/fundacionpicasso.malaga.eu\/\">Fundaci\u00f3n Casa Natal Picasso ( M\u00e1laga ) <\/a><\/h3>\n<\/li>\n<li>\n<h3><a href=\"http:\/\/www.carmenthyssenmalaga.org\/\">Museo Carmen Thyssen ( M\u00e1laga ) <\/a><\/h3>\n<\/li>\n<li>\n<h3><a href=\"http:\/\/cacmalaga.eu\/\">CAC ( Centro de Arte Conrtempor\u00e1neo ). M\u00e1laga<\/a><\/h3>\n<\/li>\n<li>\n<h3><a href=\"http:\/\/museodelpatrimoniomunicipal.malaga.eu\/\">Museo del Patrimonio Municipal ( M\u00e1laga ) <\/a><\/h3>\n<\/li>\n<li>\n<h3><a href=\"http:\/\/www.museoartespopulares.com\/\">Museo Unicaja de Artes y Costumbres Populares ( M\u00e1laga )<\/a><\/h3>\n<\/li>\n<li>\n<h3><a href=\"http:\/\/www.museojorgerando.org\/\">Museo Jorge Rando<\/a><\/h3>\n<\/li>\n<li>\n<h3><a href=\"http:\/\/www.museorevellodetoro.net\/\">Museo Revello de Toro<\/a><\/h3>\n<\/li>\n<li>\n<h3><a href=\"http:\/\/www.museovidrioycristalmalaga.com\/\">Museo del Vidrio y del Crital de M\u00e1laga <\/a><\/h3>\n<\/li>\n<\/ul>\n","protected":false},"excerpt":{"rendered":"<p>Museo de Bellas Artes ( Aduana ) Museo Picasso ( M\u00e1laga ) Centre Pompidou ( M\u00e1laga ) Colecci\u00f3n Museo Ruso ( M\u00e1laga ) Museo Automovil\u00edstico de M\u00e1laga Fundaci\u00f3n Casa Natal Picasso ( M\u00e1laga )&#46;&#46;&#46;<\/p>\n","protected":false},"author":8061,"featured_media":0,"parent":0,"menu_order":0,"comment_status":"closed","ping_status":"closed","template":"","meta":{"ngg_post_thumbnail":0,"footnotes":""},"aioseo_notices":[],"_links":{"self":[{"href":"https:\/\/blogsaverroes.juntadeandalucia.es\/gbellasartesmalaga\/wp-json\/wp\/v2\/pages\/256"}],"collection":[{"href":"https:\/\/blogsaverroes.juntadeandalucia.es\/gbellasartesmalaga\/wp-json\/wp\/v2\/pages"}],"about":[{"href":"https:\/\/blogsaverroes.juntadeandalucia.es\/gbellasartesmalaga\/wp-json\/wp\/v2\/types\/page"}],"author":[{"embeddable":true,"href":"https:\/\/blogsaverroes.juntadeandalucia.es\/gbellasartesmalaga\/wp-json\/wp\/v2\/users\/8061"}],"replies":[{"embeddable":true,"href":"https:\/\/blogsaverroes.juntadeandalucia.es\/gbellasartesmalaga\/wp-json\/wp\/v2\/comments?post=256"}],"version-history":[{"count":1,"href":"https:\/\/blogsaverroes.juntadeandalucia.es\/gbellasartesmalaga\/wp-json\/wp\/v2\/pages\/256\/revisions"}],"predecessor-version":[{"id":7200,"href":"https:\/\/blogsaverroes.juntadeandalucia.es\/gbellasartesmalaga\/wp-json\/wp\/v2\/pages\/256\/revisions\/7200"}],"wp:attachment":[{"href":"https:\/\/blogsaverroes.juntadeandalucia.es\/gbellasartesmalaga\/wp-json\/wp\/v2\/media?parent=256"}],"curies":[{"name":"wp","href":"https:\/\/api.w.org\/{rel}","templated":true}]}}