{"id":277,"date":"2017-09-12T09:19:35","date_gmt":"2017-09-12T09:19:35","guid":{"rendered":"http:\/\/www.educacionenmalaga.es\/gbellasartes\/?page_id=277"},"modified":"2024-07-04T07:55:25","modified_gmt":"2024-07-04T05:55:25","slug":"malaga-2","status":"publish","type":"page","link":"https:\/\/blogsaverroes.juntadeandalucia.es\/gbellasartesmalaga\/malaga-2\/","title":{"rendered":"M\u00e1laga"},"content":{"rendered":"<hr>\n<ul>\n<li>\n<h3>Catedral de M\u00e1laga<\/h3>\n<\/li>\n<li>\n<h3><a href=\"http:\/\/www.andalucia.org\/es\/turismo-cultural\/visitas\/malaga\/monumentos\/alcazaba-de-malaga\/\">Alcazaba <\/a><\/h3>\n<\/li>\n<li>\n<h3><a href=\"http:\/\/www.andalucia.org\/es\/turismo-cultural\/visitas\/malaga\/monumentos\/teatro-romano-de-malaga-trm\/\">Teatro Romano M\u00e1laga <\/a><\/h3>\n<\/li>\n<li>\n<h3><a href=\"http:\/\/www.andalucia.org\/es\/turismo-cultural\/visitas\/malaga\/monumentos\/castillo-de-gibralfaro\/\">Castillo de Gibralfaro<\/a><\/h3>\n<\/li>\n<li><a href=\"https:\/\/www.juntadeandalucia.es\/cultura\/enclaves\/enclave-arqueologico-teatro-romano-de-malaga\"><span style=\"font-size: 14pt\"><strong>Enclave Teatro Romano de M\u00e1laga<\/strong><\/span><\/a><\/li>\n<\/ul>\n","protected":false},"excerpt":{"rendered":"<p>Catedral de M\u00e1laga Alcazaba Teatro Romano M\u00e1laga Castillo de Gibralfaro Enclave Teatro Romano de M\u00e1laga<\/p>\n","protected":false},"author":8061,"featured_media":0,"parent":0,"menu_order":0,"comment_status":"closed","ping_status":"closed","template":"","meta":{"ngg_post_thumbnail":0,"footnotes":""},"aioseo_notices":[],"_links":{"self":[{"href":"https:\/\/blogsaverroes.juntadeandalucia.es\/gbellasartesmalaga\/wp-json\/wp\/v2\/pages\/277"}],"collection":[{"href":"https:\/\/blogsaverroes.juntadeandalucia.es\/gbellasartesmalaga\/wp-json\/wp\/v2\/pages"}],"about":[{"href":"https:\/\/blogsaverroes.juntadeandalucia.es\/gbellasartesmalaga\/wp-json\/wp\/v2\/types\/page"}],"author":[{"embeddable":true,"href":"https:\/\/blogsaverroes.juntadeandalucia.es\/gbellasartesmalaga\/wp-json\/wp\/v2\/users\/8061"}],"replies":[{"embeddable":true,"href":"https:\/\/blogsaverroes.juntadeandalucia.es\/gbellasartesmalaga\/wp-json\/wp\/v2\/comments?post=277"}],"version-history":[{"count":2,"href":"https:\/\/blogsaverroes.juntadeandalucia.es\/gbellasartesmalaga\/wp-json\/wp\/v2\/pages\/277\/revisions"}],"predecessor-version":[{"id":13260,"href":"https:\/\/blogsaverroes.juntadeandalucia.es\/gbellasartesmalaga\/wp-json\/wp\/v2\/pages\/277\/revisions\/13260"}],"wp:attachment":[{"href":"https:\/\/blogsaverroes.juntadeandalucia.es\/gbellasartesmalaga\/wp-json\/wp\/v2\/media?parent=277"}],"curies":[{"name":"wp","href":"https:\/\/api.w.org\/{rel}","templated":true}]}}