{"id":280,"date":"2017-09-12T09:20:31","date_gmt":"2017-09-12T09:20:31","guid":{"rendered":"http:\/\/www.educacionenmalaga.es\/gbellasartes\/?page_id=280"},"modified":"2020-03-25T08:58:37","modified_gmt":"2020-03-25T07:58:37","slug":"antequera-2","status":"publish","type":"page","link":"https:\/\/blogsaverroes.juntadeandalucia.es\/gbellasartesmalaga\/antequera-2\/","title":{"rendered":"Antequera"},"content":{"rendered":"<hr \/>\n<p>&nbsp;<\/p>\n<ul>\n<li>\n<h3><a href=\"http:\/\/www.museosdeandalucia.es\/cultura\/museos\/CADA\/index.jsp?redirect=S2_3_1_1Espacios.jsp&amp;idpieza=11354\">Conjunto Monumental D\u00f3lmenes de Antequera<\/a><\/h3>\n<\/li>\n<li>\n<h3><a href=\"http:\/\/www.rutadeltempranillo.es\/termas-romanas\/\">Centro Tem\u00e1tico Termas Romanas de Alameda <\/a><\/h3>\n<\/li>\n<li>\n<h3><a href=\"http:\/\/www.europeanheritagedays.com\/Event\/126ff\/RECINTO-AMURALLADO-DE-MADINAT-ANTAQUIRA.html\">Recinto amurallado Madinat Antaquira<\/a><\/h3>\n<\/li>\n<li>\n<h3><a href=\"https:\/\/es.scribd.com\/doc\/309327520\/El-Torcal-guia-pdf\">Torcal de Antequera. Gu\u00eda ambiental y did\u00e1ctica<\/a><\/h3>\n<\/li>\n<\/ul>\n","protected":false},"excerpt":{"rendered":"<p>&nbsp; Conjunto Monumental D\u00f3lmenes de Antequera Centro Tem\u00e1tico Termas Romanas de Alameda Recinto amurallado Madinat Antaquira Torcal de Antequera. Gu\u00eda ambiental y did\u00e1ctica<\/p>\n","protected":false},"author":8061,"featured_media":0,"parent":0,"menu_order":0,"comment_status":"closed","ping_status":"closed","template":"","meta":{"ngg_post_thumbnail":0,"footnotes":""},"aioseo_notices":[],"_links":{"self":[{"href":"https:\/\/blogsaverroes.juntadeandalucia.es\/gbellasartesmalaga\/wp-json\/wp\/v2\/pages\/280"}],"collection":[{"href":"https:\/\/blogsaverroes.juntadeandalucia.es\/gbellasartesmalaga\/wp-json\/wp\/v2\/pages"}],"about":[{"href":"https:\/\/blogsaverroes.juntadeandalucia.es\/gbellasartesmalaga\/wp-json\/wp\/v2\/types\/page"}],"author":[{"embeddable":true,"href":"https:\/\/blogsaverroes.juntadeandalucia.es\/gbellasartesmalaga\/wp-json\/wp\/v2\/users\/8061"}],"replies":[{"embeddable":true,"href":"https:\/\/blogsaverroes.juntadeandalucia.es\/gbellasartesmalaga\/wp-json\/wp\/v2\/comments?post=280"}],"version-history":[{"count":1,"href":"https:\/\/blogsaverroes.juntadeandalucia.es\/gbellasartesmalaga\/wp-json\/wp\/v2\/pages\/280\/revisions"}],"predecessor-version":[{"id":7160,"href":"https:\/\/blogsaverroes.juntadeandalucia.es\/gbellasartesmalaga\/wp-json\/wp\/v2\/pages\/280\/revisions\/7160"}],"wp:attachment":[{"href":"https:\/\/blogsaverroes.juntadeandalucia.es\/gbellasartesmalaga\/wp-json\/wp\/v2\/media?parent=280"}],"curies":[{"name":"wp","href":"https:\/\/api.w.org\/{rel}","templated":true}]}}