{"id":285,"date":"2017-09-13T06:07:11","date_gmt":"2017-09-13T06:07:11","guid":{"rendered":"http:\/\/www.educacionenmalaga.es\/gbellasartes\/?page_id=285"},"modified":"2020-03-25T08:58:38","modified_gmt":"2020-03-25T07:58:38","slug":"malaga-3","status":"publish","type":"page","link":"https:\/\/blogsaverroes.juntadeandalucia.es\/gbellasartesmalaga\/malaga-3\/","title":{"rendered":"M\u00e1laga"},"content":{"rendered":"<hr \/>\n<ul>\n<li>\n<h3><a href=\"http:\/\/www.museosdeandalucia.es\/cultura\/museos\/MMA\/\">Museo de Bellas Artes ( Aduana ) <\/a><\/h3>\n<\/li>\n<li>\n<h3><a href=\"http:\/\/www.museopicassomalaga.org\/\">Museo Picasso ( M\u00e1laga )<\/a><\/h3>\n<\/li>\n<li>\n<h3><a href=\"http:\/\/centrepompidou-malaga.eu\/\">Centre Pompidou ( M\u00e1laga )<\/a><\/h3>\n<\/li>\n<li>\n<h3><a href=\"http:\/\/www.coleccionmuseoruso.es\/\">Colecci\u00f3n Museo Ruso ( M\u00e1laga )<\/a><\/h3>\n<\/li>\n<li>\n<h3><a href=\"https:\/\/www.museoautomovilmalaga.com\/\">Museo Automovil\u00edstico de M\u00e1laga<\/a><\/h3>\n<\/li>\n<li>\n<h3><a href=\"http:\/\/fundacionpicasso.malaga.eu\/\">Fundaci\u00f3n Casa Natal Picasso ( M\u00e1laga ) <\/a><\/h3>\n<\/li>\n<li>\n<h3><a href=\"http:\/\/www.carmenthyssenmalaga.org\/\">Museo Carmen Thyssen ( M\u00e1laga ) <\/a><\/h3>\n<\/li>\n<li>\n<h3><a href=\"http:\/\/cacmalaga.eu\/\">CAC ( Centro de Arte Contempor\u00e1neo ). M\u00e1laga<\/a><\/h3>\n<\/li>\n<li>\n<h3><a href=\"http:\/\/museodelpatrimoniomunicipal.malaga.eu\/\">MUPAM &#8211; Museo del Patrimonio Municipal ( M\u00e1laga ) <\/a><\/h3>\n<\/li>\n<li>\n<h3><a href=\"http:\/\/www.museoartespopulares.com\/\">Museo Unicaja de Artes y Costumbres Populares ( M\u00e1laga )<\/a><\/h3>\n<\/li>\n<li>\n<h3><a href=\"http:\/\/www.museojorgerando.org\/\">Museo Jorge Rando<\/a><\/h3>\n<\/li>\n<li>\n<h3><a href=\"http:\/\/www.museorevellodetoro.net\/\">Museo Revello de Toro<\/a><\/h3>\n<\/li>\n<li>\n<h3><a href=\"http:\/\/www.museovidrioycristalmalaga.com\/\">Museo del Vidrio y del Crital de M\u00e1laga <\/a><\/h3>\n<\/li>\n<li>\n<h3><a href=\"http:\/\/www.aeroplaza.org\/\">Museo aeron\u00e1utico<\/a><\/h3>\n<\/li>\n<li>\n<h3><a href=\"http:\/\/archivomunicipal.malaga.eu\/\">Archivo Hist\u00f3rico Municipal<\/a><\/h3>\n<\/li>\n<li>\n<h3><a href=\"http:\/\/cementeriosanmiguel.malaga.eu\/\">Cementerio Hist\u00f3rico de San Miguel<\/a><\/h3>\n<\/li>\n<li>\n<h3><a href=\"http:\/\/arsmalaga.es\/\">Palacio Episcopal- Ars M\u00e1laga<\/a><\/h3>\n<\/li>\n<li>\n<h3><a href=\"http:\/\/www.malagaturismo.com\/es\/recursos-turisticos\/detalle\/sala-de-exposiciones-arqueologicas-de-la-alcazaba\/489\">Museo de T\u00e9cnicas y usos de cer\u00e1mica \u00e1rabe- Alcazaba <\/a><\/h3>\n<\/li>\n<li>\n<h3><a href=\"http:\/\/museoalborania.com\/\">Aula del Mar \/ Museo Alborania<\/a><\/h3>\n<\/li>\n<li>\n<h3>IFERGAN COLLECTION, galer\u00eda especializada en arqueolog\u00eda<\/h3>\n<\/li>\n<\/ul>\n","protected":false},"excerpt":{"rendered":"<p>Museo de Bellas Artes ( Aduana ) Museo Picasso ( M\u00e1laga ) Centre Pompidou ( M\u00e1laga ) Colecci\u00f3n Museo Ruso ( M\u00e1laga ) Museo Automovil\u00edstico de M\u00e1laga Fundaci\u00f3n Casa Natal Picasso ( M\u00e1laga )&#46;&#46;&#46;<\/p>\n","protected":false},"author":8061,"featured_media":0,"parent":0,"menu_order":0,"comment_status":"closed","ping_status":"closed","template":"","meta":{"ngg_post_thumbnail":0,"footnotes":""},"aioseo_notices":[],"_links":{"self":[{"href":"https:\/\/blogsaverroes.juntadeandalucia.es\/gbellasartesmalaga\/wp-json\/wp\/v2\/pages\/285"}],"collection":[{"href":"https:\/\/blogsaverroes.juntadeandalucia.es\/gbellasartesmalaga\/wp-json\/wp\/v2\/pages"}],"about":[{"href":"https:\/\/blogsaverroes.juntadeandalucia.es\/gbellasartesmalaga\/wp-json\/wp\/v2\/types\/page"}],"author":[{"embeddable":true,"href":"https:\/\/blogsaverroes.juntadeandalucia.es\/gbellasartesmalaga\/wp-json\/wp\/v2\/users\/8061"}],"replies":[{"embeddable":true,"href":"https:\/\/blogsaverroes.juntadeandalucia.es\/gbellasartesmalaga\/wp-json\/wp\/v2\/comments?post=285"}],"version-history":[{"count":1,"href":"https:\/\/blogsaverroes.juntadeandalucia.es\/gbellasartesmalaga\/wp-json\/wp\/v2\/pages\/285\/revisions"}],"predecessor-version":[{"id":7196,"href":"https:\/\/blogsaverroes.juntadeandalucia.es\/gbellasartesmalaga\/wp-json\/wp\/v2\/pages\/285\/revisions\/7196"}],"wp:attachment":[{"href":"https:\/\/blogsaverroes.juntadeandalucia.es\/gbellasartesmalaga\/wp-json\/wp\/v2\/media?parent=285"}],"curies":[{"name":"wp","href":"https:\/\/api.w.org\/{rel}","templated":true}]}}