{"id":290,"date":"2017-09-13T06:11:39","date_gmt":"2017-09-13T06:11:39","guid":{"rendered":"http:\/\/www.educacionenmalaga.es\/gbellasartes\/?page_id=290"},"modified":"2020-03-25T08:58:39","modified_gmt":"2020-03-25T07:58:39","slug":"ronda-2","status":"publish","type":"page","link":"https:\/\/blogsaverroes.juntadeandalucia.es\/gbellasartesmalaga\/ronda-2\/","title":{"rendered":"Ronda"},"content":{"rendered":"<ul>\n<li>\n<h3><a href=\"http:\/\/www.museobandolero.com\/\">Museo del Bandolero<\/a><\/h3>\n<\/li>\n<li>\n<h3><a href=\"https:\/\/www.molienda.com\/museo-etnogr%C3%A1fico\/\">Museo Etnogr\u00e1fico de Benalaur\u00eda <\/a><\/h3>\n<\/li>\n<li>\n<h3><a href=\"http:\/\/www.museojoaquinpeinado.com\/\">Museo UNICAJA Joaqu\u00edn Peinado <\/a><\/h3>\n<\/li>\n<li>\n<h3><a href=\"http:\/\/www.museolara.org\/\">Museo Lara<\/a><\/h3>\n<\/li>\n<li>\n<h3><a href=\"http:\/\/www.museoderonda.es\/\">Museo Municipal de Ronda<\/a><\/h3>\n<\/li>\n<\/ul>\n","protected":false},"excerpt":{"rendered":"<p>Museo del Bandolero Museo Etnogr\u00e1fico de Benalaur\u00eda Museo UNICAJA Joaqu\u00edn Peinado Museo Lara Museo Municipal de Ronda<\/p>\n","protected":false},"author":8061,"featured_media":0,"parent":0,"menu_order":0,"comment_status":"closed","ping_status":"closed","template":"","meta":{"ngg_post_thumbnail":0,"footnotes":""},"aioseo_notices":[],"_links":{"self":[{"href":"https:\/\/blogsaverroes.juntadeandalucia.es\/gbellasartesmalaga\/wp-json\/wp\/v2\/pages\/290"}],"collection":[{"href":"https:\/\/blogsaverroes.juntadeandalucia.es\/gbellasartesmalaga\/wp-json\/wp\/v2\/pages"}],"about":[{"href":"https:\/\/blogsaverroes.juntadeandalucia.es\/gbellasartesmalaga\/wp-json\/wp\/v2\/types\/page"}],"author":[{"embeddable":true,"href":"https:\/\/blogsaverroes.juntadeandalucia.es\/gbellasartesmalaga\/wp-json\/wp\/v2\/users\/8061"}],"replies":[{"embeddable":true,"href":"https:\/\/blogsaverroes.juntadeandalucia.es\/gbellasartesmalaga\/wp-json\/wp\/v2\/comments?post=290"}],"version-history":[{"count":1,"href":"https:\/\/blogsaverroes.juntadeandalucia.es\/gbellasartesmalaga\/wp-json\/wp\/v2\/pages\/290\/revisions"}],"predecessor-version":[{"id":7215,"href":"https:\/\/blogsaverroes.juntadeandalucia.es\/gbellasartesmalaga\/wp-json\/wp\/v2\/pages\/290\/revisions\/7215"}],"wp:attachment":[{"href":"https:\/\/blogsaverroes.juntadeandalucia.es\/gbellasartesmalaga\/wp-json\/wp\/v2\/media?parent=290"}],"curies":[{"name":"wp","href":"https:\/\/api.w.org\/{rel}","templated":true}]}}