{"id":334,"date":"2017-09-14T06:41:39","date_gmt":"2017-09-14T06:41:39","guid":{"rendered":"http:\/\/www.educacionenmalaga.es\/gbellasartes\/?page_id=334"},"modified":"2020-03-25T08:58:38","modified_gmt":"2020-03-25T07:58:38","slug":"costa-occidental-2","status":"publish","type":"page","link":"https:\/\/blogsaverroes.juntadeandalucia.es\/gbellasartesmalaga\/costa-occidental-2\/","title":{"rendered":"Costa Occidental"},"content":{"rendered":"<ul>\n<li>\n<h3><a href=\"http:\/\/agrega.juntadeandalucia.es\/visualizador-1\/VisualizadorSS\/VisualizarDatosSeleccionar.do?idSeleccionado=ITEM-d2956431-f5ed-3df3-8ed8-b850e0a16a9d&amp;urlContenido=http:\/\/agrega.juntadeandalucia.es\/\/repositorio\/22042016\/c5\/es-an_2016042212_9115414\/costa_occidental\/follsec.pdf\">Castillo de Sohail. Fuengirola<\/a><\/h3>\n<\/li>\n<li>\n<h3><a href=\"http:\/\/agrega.juntadeandalucia.es\/visualizador-1\/VisualizadorSS\/VisualizarDatosSeleccionar.do?idSeleccionado=ITEM-d2956431-f5ed-3df3-8ed8-b850e0a16a9d&amp;urlContenido=http:\/\/agrega.juntadeandalucia.es\/\/repositorio\/22042016\/c5\/es-an_2016042212_9115414\/costa_occidental\/follsec.pdf\">Yacimie<\/a><a href=\"http:\/\/agrega.juntadeandalucia.es\/visualizador-1\/VisualizadorSS\/VisualizarDatosSeleccionar.do?idSeleccionado=ITEM-d2956431-f5ed-3df3-8ed8-b850e0a16a9d&amp;urlContenido=http:\/\/agrega.juntadeandalucia.es\/\/repositorio\/22042016\/c5\/es-an_2016042212_9115414\/costa_occidental\/follsec.pdf\">nto Romano &#8221; El Secretario &#8220;. Fuengirola <\/a><\/h3>\n<\/li>\n<li>\n<h3><a href=\"http:\/\/agrega.juntadeandalucia.es\/visualizador-1\/VisualizadorSS\/VisualizarDatosSeleccionar.do?idSeleccionado=ITEM-1f8303b7-2e94-33de-9fa6-444a2329a7db&amp;urlContenido=http:\/\/agrega.juntadeandalucia.es\/\/repositorio\/22042016\/c5\/es-an_2016042212_9115414\/costa_occidental\/marbella.pdf\">Itinerario Did\u00e1ctico Centro Hist\u00f3rico de Marbella <\/a><\/h3>\n<\/li>\n<li>\n<h3><a href=\"http:\/\/agrega.juntadeandalucia.es\/visualizador-1\/VisualizadorSS\/VisualizarDatosSeleccionar.do?idSeleccionado=ITEM-0bdcbf8a-bb3d-3400-ae5f-119aced5a9ae&amp;urlContenido=http:\/\/agrega.juntadeandalucia.es\/\/repositorio\/22042016\/c5\/es-an_2016042212_9115414\/costa_occidental\/follmar.pdf\">Zona arqueol\u00f3gica de Marbella <\/a><\/h3>\n<\/li>\n<li>\n<h3><a href=\"http:\/\/agrega.juntadeandalucia.es\/visualizador-1\/VisualizadorSS\/VisualizarDatosSeleccionar.do?idSeleccionado=ITEM-000062f3-8659-34af-b088-c4da1457f440&amp;urlContenido=http:\/\/agrega.juntadeandalucia.es\/\/repositorio\/22042016\/c5\/es-an_2016042212_9115414\/costa_occidental\/mijas.pdf\">Museo Etnol\u00f3gico de Mijas. Cuaderno del Alumnado<\/a><\/h3>\n<\/li>\n<\/ul>\n","protected":false},"excerpt":{"rendered":"<p>Castillo de Sohail. Fuengirola Yacimiento Romano &#8221; El Secretario &#8220;. Fuengirola Itinerario Did\u00e1ctico Centro Hist\u00f3rico de Marbella Zona arqueol\u00f3gica de Marbella Museo Etnol\u00f3gico de Mijas. Cuaderno del Alumnado<\/p>\n","protected":false},"author":8061,"featured_media":0,"parent":0,"menu_order":0,"comment_status":"closed","ping_status":"closed","template":"","meta":{"ngg_post_thumbnail":0,"footnotes":""},"aioseo_notices":[],"_links":{"self":[{"href":"https:\/\/blogsaverroes.juntadeandalucia.es\/gbellasartesmalaga\/wp-json\/wp\/v2\/pages\/334"}],"collection":[{"href":"https:\/\/blogsaverroes.juntadeandalucia.es\/gbellasartesmalaga\/wp-json\/wp\/v2\/pages"}],"about":[{"href":"https:\/\/blogsaverroes.juntadeandalucia.es\/gbellasartesmalaga\/wp-json\/wp\/v2\/types\/page"}],"author":[{"embeddable":true,"href":"https:\/\/blogsaverroes.juntadeandalucia.es\/gbellasartesmalaga\/wp-json\/wp\/v2\/users\/8061"}],"replies":[{"embeddable":true,"href":"https:\/\/blogsaverroes.juntadeandalucia.es\/gbellasartesmalaga\/wp-json\/wp\/v2\/comments?post=334"}],"version-history":[{"count":1,"href":"https:\/\/blogsaverroes.juntadeandalucia.es\/gbellasartesmalaga\/wp-json\/wp\/v2\/pages\/334\/revisions"}],"predecessor-version":[{"id":7177,"href":"https:\/\/blogsaverroes.juntadeandalucia.es\/gbellasartesmalaga\/wp-json\/wp\/v2\/pages\/334\/revisions\/7177"}],"wp:attachment":[{"href":"https:\/\/blogsaverroes.juntadeandalucia.es\/gbellasartesmalaga\/wp-json\/wp\/v2\/media?parent=334"}],"curies":[{"name":"wp","href":"https:\/\/api.w.org\/{rel}","templated":true}]}}