{"id":443,"date":"2017-09-21T10:43:54","date_gmt":"2017-09-21T10:43:54","guid":{"rendered":"http:\/\/www.educacionenmalaga.es\/gbellasartes\/?page_id=443"},"modified":"2020-09-21T10:22:54","modified_gmt":"2020-09-21T08:22:54","slug":"auladcine","status":"publish","type":"page","link":"https:\/\/blogsaverroes.juntadeandalucia.es\/gbellasartesmalaga\/auladcine\/","title":{"rendered":"AulaDcine"},"content":{"rendered":"<p><img loading=\"lazy\" decoding=\"async\" class=\"aligncenter size-large wp-image-8350\" src=\"https:\/\/blogsaverroes.juntadeandalucia.es\/gbellasartesmalaga\/files\/2020\/07\/banneres-comunicacion-digital_AAIC-y-ATC-1024x384.jpg\" alt=\"\" width=\"1024\" height=\"384\" srcset=\"https:\/\/blogsaverroes.juntadeandalucia.es\/gbellasartesmalaga\/files\/2020\/07\/banneres-comunicacion-digital_AAIC-y-ATC-1024x384.jpg 1024w, https:\/\/blogsaverroes.juntadeandalucia.es\/gbellasartesmalaga\/files\/2020\/07\/banneres-comunicacion-digital_AAIC-y-ATC-300x113.jpg 300w, https:\/\/blogsaverroes.juntadeandalucia.es\/gbellasartesmalaga\/files\/2020\/07\/banneres-comunicacion-digital_AAIC-y-ATC-768x288.jpg 768w, https:\/\/blogsaverroes.juntadeandalucia.es\/gbellasartesmalaga\/files\/2020\/07\/banneres-comunicacion-digital_AAIC-y-ATC-24x9.jpg 24w, https:\/\/blogsaverroes.juntadeandalucia.es\/gbellasartesmalaga\/files\/2020\/07\/banneres-comunicacion-digital_AAIC-y-ATC-36x14.jpg 36w, https:\/\/blogsaverroes.juntadeandalucia.es\/gbellasartesmalaga\/files\/2020\/07\/banneres-comunicacion-digital_AAIC-y-ATC-48x18.jpg 48w, https:\/\/blogsaverroes.juntadeandalucia.es\/gbellasartesmalaga\/files\/2020\/07\/banneres-comunicacion-digital_AAIC-y-ATC.jpg 1280w\" sizes=\"(max-width: 1024px) 100vw, 1024px\" \/><\/p>\n<p>La <strong>Consejer\u00eda de Cultura<\/strong> pone a disposici\u00f3n de los centros de ense\u00f1anza andaluces el programa aulaDcine con la finalidad de difundir la cultura cinematogr\u00e1fica y audiovisual en el \u00e1mbito educativo.<\/p>\n<p>El cine no es simplemente mirar a la pantalla, cualquiera que sea el tama\u00f1o de \u00e9sta; comprender y asimilar lo que se ha visto es un complejo proceso que requiere tambi\u00e9n de una educaci\u00f3n que nos ense\u00f1e ese recorrido. Por ello es necesario \u201cense\u00f1ar a mirar\u201d para poder comprender toda forma de expresi\u00f3n audiovisual, tanto de la historia del cine como de las creaciones m\u00e1s actuales.<\/p>\n<p>Los contenidos cinematogr\u00e1ficos y audiovisuales, por su facilidad de transmisi\u00f3n, son una herramienta id\u00f3nea para apoyar y complementar la actividad docente, as\u00ed como para promover y acercar la cultura al alumnado de las distintas etapas educativa, favorecer la alfabetizaci\u00f3n medi\u00e1tica y la creaci\u00f3n de nuevos p\u00fablicos para el cine europeo y sobre todo, para la actual producci\u00f3n audiovisual andaluza, que nuestros j\u00f3venes conozcan la rica y variada propuesta de contenidos y que desarrollen un esp\u00edritu cr\u00edtico a trav\u00e9s del an\u00e1lisis, la reflexi\u00f3n y el intercambio de opiniones.<\/p>\n<p>Hemos creado una <a href=\"http:\/\/www1.ccul.junta-andalucia.es\/cultura\/auladecine\/\">plataforma colaborativa<\/a> para que el profesorado pueda compartir sus experiencias y conocimientos con los dem\u00e1s participantes, descargarse los materiales did\u00e1cticos e incluso realizar el visionado online de las obras en las pizarras digitales.<\/p>\n<p>Los centros educativos se podr\u00e1n acoger de forma voluntaria a dicho programa, recibiendo de la Consejer\u00eda Cultura asesoramiento, formaci\u00f3n y materiales. Cada centro puede desarrollar el programa de la forma que mejor se ajuste a sus necesidades y caracter\u00edsticas, tanto de forma transversal en varias \u00e1reas o bien como tem\u00e1tica independiente.<\/p>\n<p>Los destinatarios son los alumnos\/as de los centros docentes de Andaluc\u00eda sostenidos con fondos p\u00fablicos, con excepci\u00f3n de los universitarios, de los distintos niveles educativos, adapt\u00e1ndose la utilizaci\u00f3n de los recursos a las caracter\u00edsticas propias de cada uno de ellos.<\/p>\n<p><a href=\"https:\/\/blogsaverroes.juntadeandalucia.es\/gbellasartesmalaga\/files\/2020\/09\/DOSIER-AULA-CINE-20-21.pdf\">DOSIER AULA CINE 20-21<\/a><\/p>\n<p>Os dejamos adem\u00e1s un ejemplo de r\u00fabrica con 6 posibles utilidades del programa en funci\u00f3n de lo que quiera realizar el coordinador del programa.<\/p>\n<p>&nbsp;<\/p>\n<p>&nbsp;<\/p>\n","protected":false},"excerpt":{"rendered":"<p>La Consejer\u00eda de Cultura pone a disposici\u00f3n de los centros de ense\u00f1anza andaluces el programa aulaDcine con la finalidad de difundir la cultura cinematogr\u00e1fica y audiovisual en el \u00e1mbito educativo. El cine no es&#46;&#46;&#46;<\/p>\n","protected":false},"author":8061,"featured_media":0,"parent":0,"menu_order":0,"comment_status":"closed","ping_status":"closed","template":"","meta":{"ngg_post_thumbnail":0,"footnotes":""},"aioseo_notices":[],"_links":{"self":[{"href":"https:\/\/blogsaverroes.juntadeandalucia.es\/gbellasartesmalaga\/wp-json\/wp\/v2\/pages\/443"}],"collection":[{"href":"https:\/\/blogsaverroes.juntadeandalucia.es\/gbellasartesmalaga\/wp-json\/wp\/v2\/pages"}],"about":[{"href":"https:\/\/blogsaverroes.juntadeandalucia.es\/gbellasartesmalaga\/wp-json\/wp\/v2\/types\/page"}],"author":[{"embeddable":true,"href":"https:\/\/blogsaverroes.juntadeandalucia.es\/gbellasartesmalaga\/wp-json\/wp\/v2\/users\/8061"}],"replies":[{"embeddable":true,"href":"https:\/\/blogsaverroes.juntadeandalucia.es\/gbellasartesmalaga\/wp-json\/wp\/v2\/comments?post=443"}],"version-history":[{"count":3,"href":"https:\/\/blogsaverroes.juntadeandalucia.es\/gbellasartesmalaga\/wp-json\/wp\/v2\/pages\/443\/revisions"}],"predecessor-version":[{"id":8583,"href":"https:\/\/blogsaverroes.juntadeandalucia.es\/gbellasartesmalaga\/wp-json\/wp\/v2\/pages\/443\/revisions\/8583"}],"wp:attachment":[{"href":"https:\/\/blogsaverroes.juntadeandalucia.es\/gbellasartesmalaga\/wp-json\/wp\/v2\/media?parent=443"}],"curies":[{"name":"wp","href":"https:\/\/api.w.org\/{rel}","templated":true}]}}