{"id":502,"date":"2017-10-09T10:28:14","date_gmt":"2017-10-09T10:28:14","guid":{"rendered":"http:\/\/www.educacionenmalaga.es\/gbellasartes\/?page_id=502"},"modified":"2024-07-03T07:50:27","modified_gmt":"2024-07-03T05:50:27","slug":"vivir-y-sentir-el-patrimonio-2","status":"publish","type":"page","link":"https:\/\/blogsaverroes.juntadeandalucia.es\/gbellasartesmalaga\/vivir-y-sentir-el-patrimonio-2\/","title":{"rendered":"OTROS ENLACES A PATRIMONIO Y FLAMENCO"},"content":{"rendered":"<p>En esta p\u00e1gina pod\u00e9is encontrar recursos para trabajar vuestros proyectos patrimonio.<\/p>\n<h1><span style=\"color: #ff6600\"><strong>P\u00e1gina del Instituto del Patrimonio Hist\u00f3rico Andaluz.<\/strong> <\/span><\/h1>\n<h3>Conoce el Patrimonio<\/h3>\n<p><a href=\"http:\/\/www.iaph.es\/web\/canales\/conoce-el-patrimonio\/index.html\">http:\/\/www.iaph.es\/web\/canales\/conoce-el-patrimonio\/index.html<\/a><\/p>\n<p><a href=\"http:\/\/www.iaph.es\/web\/canales\/conoce-el-patrimonio\/guia-digital\/\">Gu\u00eda Digital del Patrimonio Cultural&nbsp;<\/a><\/p>\n<p><a href=\"http:\/\/www.iaph.es\/web\/canales\/conoce-el-patrimonio\/base-de-datos-en-linea\/\"> Bases de datos del patrimonio cultural&nbsp;&nbsp;<\/a><\/p>\n<p><a href=\"http:\/\/www.iaph.es\/localizador-cartografico-patrimonio-cultural-andalucia\/\">&nbsp;Localizador cartogr\u00e1fico&nbsp;<\/a><\/p>\n<p><a href=\"http:\/\/www.iaph.es\/imagenes-patrimonio-cultural-andalucia\/presentacion.php\">&nbsp;Banco de im\u00e1genes&nbsp;&nbsp;&nbsp;<\/a><\/p>\n<p><a href=\"http:\/\/www.iaph.es\/web\/canales\/conoce-el-patrimonio\/rutas-culturales\/\">Rutas culturales de Andaluc\u00eda&nbsp;&nbsp;<\/a><\/p>\n<p><a href=\"http:\/\/www.iaph.es\/web\/canales\/conservacion-y-restauracion\/catalogo_index.html\">&nbsp;Cat\u00e1logo de obras restauradas&nbsp;<\/a><\/p>\n<p><a href=\"http:\/\/www.iaph.es\/web\/canales\/conoce-el-patrimonio\/productos_divulgativos\/\">&nbsp;&nbsp;Productos divulgativos<\/a><\/p>\n<h2>Arqueolog\u00eda Subacu\u00e1tica<\/h2>\n<p><a href=\"http:\/\/www.iaph.es\/web\/canales\/arqueologia-subacuatica\/la-arqueologia-subacuatica\/\">Arqueolog\u00eda Subacu\u00e1tica<\/a><\/p>\n<p><a href=\"http:\/\/www.iaph.es\/web\/canales\/arqueologia-subacuatica\/metodos-tecnicas\/\">M\u00e9todos y t\u00e9cnicas <\/a><\/p>\n<p><a href=\"http:\/\/www.iaph.es\/web\/canales\/arqueologia-subacuatica\/proyectos-destacados\/\">Proyectos<\/a><\/p>\n<p><a href=\"http:\/\/www.iaph.es\/web\/canales\/arqueologia-subacuatica\/sumergete\/\">Sum\u00e9rgete <\/a><\/p>\n<p><a href=\"http:\/\/www.iaph.es\/web\/canales\/arqueologia-subacuatica\/riesgos-y-amenazas\/\">Riesgos y amenazas <\/a><\/p>\n<h2>Zona Did\u00e1ctica<\/h2>\n<p><a href=\"http:\/\/www.iaph.es\/web\/canales\/didactica\/index.html\">P\u00e1gina principal ( juegos, recursos y proyectos on line )&nbsp; <\/a><\/p>\n<p><a href=\"http:\/\/www.iaph.es\/web\/canales\/didactica\/productos_didacticos_pinocho\/\">Pinocho <\/a><\/p>\n<h1><span style=\"color: #ff6600\">TRABAJAMOS EL FLAMENCO<\/span><\/h1>\n<p><a href=\"http:\/\/www.centroandaluzdeflamenco.es\/\">Centro Andaluz de Documentaci\u00f3n del Flamenco<\/a><\/p>\n<p>Instituto Andaluz del Flamenco<\/p>\n<p><a href=\"http:\/\/portal.ced.junta-andalucia.es\/educacion\/webportal\/web\/portal-de-flamenco\">Flamenco. Portal Educativo.<\/a><\/p>\n<h1>Recursos:<\/h1>\n<p><a href=\"http:\/\/portal.ced.junta-andalucia.es\/educacion\/webportal\/web\/portal-de-flamenco\/publicaciones-educativas\">Publicaciones educativas<\/a><\/p>\n<p><a href=\"http:\/\/portal.ced.junta-andalucia.es\/educacion\/webportal\/web\/portal-de-flamenco\/material-curricular\">Material curricular<\/a><\/p>\n<p><a href=\"http:\/\/portal.ced.junta-andalucia.es\/educacion\/webportal\/web\/portal-de-flamenco\/material-audiovisual\">Material audiovisual<\/a><\/p>\n<p><a href=\"http:\/\/portal.ced.junta-andalucia.es\/educacion\/webportal\/web\/portal-de-flamenco\/material-tic\">Material TIC<\/a><\/p>\n<p><a href=\"http:\/\/portal.ced.junta-andalucia.es\/educacion\/webportal\/web\/portal-de-flamenco\/propuestas-didacticas-digitales\">Propuestas did\u00e1cticas digitales<\/a><\/p>\n<p><a href=\"http:\/\/portal.ced.junta-andalucia.es\/educacion\/webportal\/web\/portal-de-flamenco\/partituras\">Partituras<\/a><\/p>\n<h2>ACTIVIDADES:<\/h2>\n<p><a href=\"http:\/\/portal.ced.junta-andalucia.es\/educacion\/webportal\/web\/portal-de-flamenco\/actividades\/actividades-de-los-centros\">Actividades de los Centros<\/a><\/p>\n<p><a href=\"http:\/\/portal.ced.junta-andalucia.es\/educacion\/webportal\/web\/portal-de-flamenco\/actividades\/actividades-externas\">Actividades externas<\/a><\/p>\n<p><a href=\"http:\/\/portal.ced.junta-andalucia.es\/educacion\/webportal\/web\/portal-de-flamenco\/dia-internacional-del-flamenco\">D\u00eda Internacional del Flamenco<\/a><\/p>\n<h2>Fichas did\u00e1cticas<\/h2>\n<p><strong>&nbsp;Musical<\/strong><br \/>\nCompases flamenco.<\/p>\n<p>Igualdad y Medio ambiente<\/p>\n<p>Nanas del lobito bueno por la igualdad.<br \/>\nLos sentimientos y las emociones.<br \/>\nLos malos tratos por Sole\u00e1 y Ronde\u00f1a.<br \/>\nLorca y la coeducaci\u00f3n (maternidad patriarcal).<br \/>\nLas penillas por Sole\u00e1.<br \/>\nLas buler\u00edas de la mariposa de la col.<br \/>\nEl preg\u00f3n del pescado de Salvador Rueda por jabegotes.<br \/>\nEl jabegote y juegos de rol sobre la extinci\u00f3n del chanquete.<\/p>\n<p>&nbsp;<\/p>\n","protected":false},"excerpt":{"rendered":"<p>En esta p\u00e1gina pod\u00e9is encontrar recursos para trabajar vuestros proyectos patrimonio. P\u00e1gina del Instituto del Patrimonio Hist\u00f3rico Andaluz. Conoce el Patrimonio http:\/\/www.iaph.es\/web\/canales\/conoce-el-patrimonio\/index.html Gu\u00eda Digital del Patrimonio Cultural&nbsp; Bases de datos del patrimonio cultural&nbsp;&nbsp; &nbsp;Localizador&#46;&#46;&#46;<\/p>\n","protected":false},"author":8061,"featured_media":167,"parent":0,"menu_order":0,"comment_status":"closed","ping_status":"closed","template":"","meta":{"ngg_post_thumbnail":0,"footnotes":""},"aioseo_notices":[],"_links":{"self":[{"href":"https:\/\/blogsaverroes.juntadeandalucia.es\/gbellasartesmalaga\/wp-json\/wp\/v2\/pages\/502"}],"collection":[{"href":"https:\/\/blogsaverroes.juntadeandalucia.es\/gbellasartesmalaga\/wp-json\/wp\/v2\/pages"}],"about":[{"href":"https:\/\/blogsaverroes.juntadeandalucia.es\/gbellasartesmalaga\/wp-json\/wp\/v2\/types\/page"}],"author":[{"embeddable":true,"href":"https:\/\/blogsaverroes.juntadeandalucia.es\/gbellasartesmalaga\/wp-json\/wp\/v2\/users\/8061"}],"replies":[{"embeddable":true,"href":"https:\/\/blogsaverroes.juntadeandalucia.es\/gbellasartesmalaga\/wp-json\/wp\/v2\/comments?post=502"}],"version-history":[{"count":3,"href":"https:\/\/blogsaverroes.juntadeandalucia.es\/gbellasartesmalaga\/wp-json\/wp\/v2\/pages\/502\/revisions"}],"predecessor-version":[{"id":13258,"href":"https:\/\/blogsaverroes.juntadeandalucia.es\/gbellasartesmalaga\/wp-json\/wp\/v2\/pages\/502\/revisions\/13258"}],"wp:featuredmedia":[{"embeddable":true,"href":"https:\/\/blogsaverroes.juntadeandalucia.es\/gbellasartesmalaga\/wp-json\/wp\/v2\/media\/167"}],"wp:attachment":[{"href":"https:\/\/blogsaverroes.juntadeandalucia.es\/gbellasartesmalaga\/wp-json\/wp\/v2\/media?parent=502"}],"curies":[{"name":"wp","href":"https:\/\/api.w.org\/{rel}","templated":true}]}}