{"id":574,"date":"2017-11-08T13:00:02","date_gmt":"2017-11-08T13:00:02","guid":{"rendered":"http:\/\/www.educacionenmalaga.es\/gbellasartes\/?page_id=574"},"modified":"2020-03-25T08:58:38","modified_gmt":"2020-03-25T07:58:38","slug":"proyectos-patrimonio-de-centros","status":"publish","type":"page","link":"https:\/\/blogsaverroes.juntadeandalucia.es\/gbellasartesmalaga\/proyectos-patrimonio-de-centros\/","title":{"rendered":"Proyectos de Centros Patrimonio"},"content":{"rendered":"<p>&nbsp;<\/p>\n<p><img loading=\"lazy\" decoding=\"async\" class=\"alignnone wp-image-773\" src=\"http:\/\/www.educacionenmalaga.es\/gbellasartes\/files\/2018\/01\/es_1414_hd-1.jpg\" alt=\"\" width=\"869\" height=\"500\" srcset=\"https:\/\/blogsaverroes.juntadeandalucia.es\/gbellasartesmalaga\/files\/2018\/01\/es_1414_hd-1-24x14.jpg 24w, https:\/\/blogsaverroes.juntadeandalucia.es\/gbellasartesmalaga\/files\/2018\/01\/es_1414_hd-1-36x20.jpg 36w, https:\/\/blogsaverroes.juntadeandalucia.es\/gbellasartesmalaga\/files\/2018\/01\/es_1414_hd-1-48x27.jpg 48w\" sizes=\"(max-width: 869px) 100vw, 869px\" \/><\/p>\n<p>En este espacio queremos dar a conocer las p\u00e1ginas <em>web<\/em> y <em>blog<\/em> de los centros educativos de la provincia de M\u00e1laga que est\u00e1n llevando a cabo el Programa Educativo <strong>&#8221; Vivir y sentir el Patrimonio &#8220;<\/strong> y &#8220;<strong> Vivir y Sentir el Flamenco<\/strong> &#8220;, con el fin de dar a conocer sus proyectos y compartir experiencias.<\/p>\n<p>&nbsp;<\/p>\n<p><a href=\"http:\/\/vivirysentirelpatrimonio.blogspot.com.es\/\" target=\"_blank\" rel=\"noopener noreferrer\">IES C\u00e1novas del Castillo\u00a0 ( M\u00e1laga )\u00a0<\/a><\/p>\n<p><a href=\"http:\/\/antequeradesdedentro.com\/\">CEPER Ignacio de Toledo ( Antequera ) <\/a><\/p>\n<p><a href=\"https:\/\/www.youtube.com\/watch?v=JH-6L02A1Yo\">IES Fuengirola n\u00ba 1 ( Fuengirola )<\/a><\/p>\n<p><a href=\"http:\/\/mi-pueblo-mi-patrimonio.webnode.es\/\">CEIP El Chorro ( Alhaurin el Grande )<\/a><\/p>\n<p><a href=\"http:\/\/flamenco-y-educacion-permanente4.webnode.es\/\" target=\"_blank\" rel=\"noopener noreferrer\">CEPER Constituci\u00f3n Espa\u00f1ola ( Ronda )<\/a><\/p>\n<p><a href=\"http:\/\/tesoros-de-estepona.webnode.es\/\" target=\"_blank\" rel=\"noopener noreferrer\">IES Puerta del Mar ( Estepona )<\/a><\/p>\n<p><a href=\"http:\/\/flamenco-y-folclore-alunisono.blogspot.com.es\/\" target=\"_blank\" rel=\"noopener noreferrer\">CEIP El Pinillo ( Torremolinos )<\/a><\/p>\n<p><a href=\"https:\/\/patrimoniocustodiopuga.blogspot.com.es\/\">CEIP Custodio Puga ( Torre del Mar )<\/a><\/p>\n<p><a href=\"http:\/\/www.iesmediterraneomalaga.com\/\">IES Mediterr\u00e1neo ( M\u00e1laga )<\/a><\/p>\n<p><a href=\"https:\/\/vivirysentirmalaga.wordpress.com\/\">IES Las Salinas ( Fuengirola )<\/a><\/p>\n<p><a href=\"http:\/\/www.flamencoaldecoa.blogspot.com\">CEIP Josefina Aldecoa ( Torre de Benagalb\u00f3n )<\/a><\/p>\n<p><a href=\"https:\/\/patrimonio-mediterraneo.webnode.es\/\">IES Mediterr\u00e1neo <\/a><a href=\"https:\/\/patrimonio-mediterraneo.webnode.es\/\">( M\u00e1laga )\u00a0<\/a><\/p>\n<p><a href=\"https:\/\/vivirysentirelpatrimonio.wordpress.com\/\">IES Antonio Gala ( Alhaur\u00edn el Grande )<\/a><\/p>\n<p><a href=\"http:\/\/flamencoaldecoa.blogspot.com.es\/\">CEIP Josefina Aldecoa ( Torre de Benagalb\u00f3n )<\/a><\/p>\n<p><a href=\"https:\/\/sites.google.com\/ieslaslagunas.es\/proyectomijas17\/p%C3%A1gina-principal\" target=\"_blank\" rel=\"noopener noreferrer\">IES Las Lagunas ( Mijas )<\/a><\/p>\n<p><a href=\"http:\/\/eoipatrimonio.blogspot.com.es\/\" target=\"_blank\" rel=\"noopener noreferrer\">EOI Estepona<\/a><\/p>\n<p><a href=\"http:\/\/www.iesandresperezserrano.org\/planes-proyectos\/vivir-y-sentir-el-patrimonio\">IES Andr\u00e9s P\u00e9rez Serrano ( Cortes de la Frontera )<\/a><\/p>\n","protected":false},"excerpt":{"rendered":"<p>&nbsp; En este espacio queremos dar a conocer las p\u00e1ginas web y blog de los centros educativos de la provincia de M\u00e1laga que est\u00e1n llevando a cabo el Programa Educativo &#8221; Vivir y sentir&#46;&#46;&#46;<\/p>\n","protected":false},"author":8061,"featured_media":0,"parent":0,"menu_order":0,"comment_status":"closed","ping_status":"closed","template":"","meta":{"ngg_post_thumbnail":0,"footnotes":""},"aioseo_notices":[],"_links":{"self":[{"href":"https:\/\/blogsaverroes.juntadeandalucia.es\/gbellasartesmalaga\/wp-json\/wp\/v2\/pages\/574"}],"collection":[{"href":"https:\/\/blogsaverroes.juntadeandalucia.es\/gbellasartesmalaga\/wp-json\/wp\/v2\/pages"}],"about":[{"href":"https:\/\/blogsaverroes.juntadeandalucia.es\/gbellasartesmalaga\/wp-json\/wp\/v2\/types\/page"}],"author":[{"embeddable":true,"href":"https:\/\/blogsaverroes.juntadeandalucia.es\/gbellasartesmalaga\/wp-json\/wp\/v2\/users\/8061"}],"replies":[{"embeddable":true,"href":"https:\/\/blogsaverroes.juntadeandalucia.es\/gbellasartesmalaga\/wp-json\/wp\/v2\/comments?post=574"}],"version-history":[{"count":1,"href":"https:\/\/blogsaverroes.juntadeandalucia.es\/gbellasartesmalaga\/wp-json\/wp\/v2\/pages\/574\/revisions"}],"predecessor-version":[{"id":7212,"href":"https:\/\/blogsaverroes.juntadeandalucia.es\/gbellasartesmalaga\/wp-json\/wp\/v2\/pages\/574\/revisions\/7212"}],"wp:attachment":[{"href":"https:\/\/blogsaverroes.juntadeandalucia.es\/gbellasartesmalaga\/wp-json\/wp\/v2\/media?parent=574"}],"curies":[{"name":"wp","href":"https:\/\/api.w.org\/{rel}","templated":true}]}}