{"id":652,"date":"2017-11-23T09:35:32","date_gmt":"2017-11-23T09:35:32","guid":{"rendered":"http:\/\/www.educacionenmalaga.es\/gbellasartes\/?page_id=652"},"modified":"2020-03-25T08:58:38","modified_gmt":"2020-03-25T07:58:38","slug":"instrucciones-de-colabora","status":"publish","type":"page","link":"https:\/\/blogsaverroes.juntadeandalucia.es\/gbellasartesmalaga\/instrucciones-de-colabora\/","title":{"rendered":"INSTRUCCIONES DE COLABORA"},"content":{"rendered":"<p><img loading=\"lazy\" decoding=\"async\" class=\"alignnone wp-image-604 size-full\" src=\"http:\/\/www.educacionenmalaga.es\/gbellasartes\/files\/2017\/11\/screenshot-2017-11-22-inicio-colabora.png\" alt=\"\" width=\"1279\" height=\"912\" srcset=\"https:\/\/blogsaverroes.juntadeandalucia.es\/gbellasartesmalaga\/files\/2017\/11\/screenshot-2017-11-22-inicio-colabora.png 1279w, https:\/\/blogsaverroes.juntadeandalucia.es\/gbellasartesmalaga\/files\/2017\/11\/screenshot-2017-11-22-inicio-colabora-300x214.png 300w, https:\/\/blogsaverroes.juntadeandalucia.es\/gbellasartesmalaga\/files\/2017\/11\/screenshot-2017-11-22-inicio-colabora-768x548.png 768w, https:\/\/blogsaverroes.juntadeandalucia.es\/gbellasartesmalaga\/files\/2017\/11\/screenshot-2017-11-22-inicio-colabora-1024x730.png 1024w, https:\/\/blogsaverroes.juntadeandalucia.es\/gbellasartesmalaga\/files\/2017\/11\/screenshot-2017-11-22-inicio-colabora-24x17.png 24w, https:\/\/blogsaverroes.juntadeandalucia.es\/gbellasartesmalaga\/files\/2017\/11\/screenshot-2017-11-22-inicio-colabora-36x26.png 36w, https:\/\/blogsaverroes.juntadeandalucia.es\/gbellasartesmalaga\/files\/2017\/11\/screenshot-2017-11-22-inicio-colabora-48x34.png 48w\" sizes=\"(max-width: 1279px) 100vw, 1279px\" \/><\/p>\n<p>Ante la cantidad de consultas sobre el acceso a las diferentes comunidades en Colabora, vamos a daros las pautas para poder acceder correctamente.<\/p>\n<p>Lo primero, es usar la versi\u00f3n correcta, la <strong>Colabora 3.0<\/strong> y no la versi\u00f3n anterior, la Colbora 2.0.<\/p>\n<p>Para acceder a ella, usaremos el <strong>usuario <\/strong>y<strong> clave<\/strong> que tengamos en <strong>S\u00e9neca.<\/strong><\/p>\n<p>Una vez hayamos entrado, nos encontraremos con una p\u00e1gina gen\u00e9rica donde podemos encontrar todas las <strong>comunidades<\/strong> de <strong>Colabora<\/strong>.<\/p>\n<p><img loading=\"lazy\" decoding=\"async\" class=\"alignnone wp-image-605 size-full\" src=\"http:\/\/www.educacionenmalaga.es\/gbellasartes\/files\/2017\/11\/screenshot-2017-11-22-redes-colabora.jpg\" alt=\"\" width=\"1279\" height=\"912\" srcset=\"https:\/\/blogsaverroes.juntadeandalucia.es\/gbellasartesmalaga\/files\/2017\/11\/screenshot-2017-11-22-redes-colabora.jpg 1279w, https:\/\/blogsaverroes.juntadeandalucia.es\/gbellasartesmalaga\/files\/2017\/11\/screenshot-2017-11-22-redes-colabora-300x214.jpg 300w, https:\/\/blogsaverroes.juntadeandalucia.es\/gbellasartesmalaga\/files\/2017\/11\/screenshot-2017-11-22-redes-colabora-768x548.jpg 768w, https:\/\/blogsaverroes.juntadeandalucia.es\/gbellasartesmalaga\/files\/2017\/11\/screenshot-2017-11-22-redes-colabora-1024x730.jpg 1024w, https:\/\/blogsaverroes.juntadeandalucia.es\/gbellasartesmalaga\/files\/2017\/11\/screenshot-2017-11-22-redes-colabora-24x17.jpg 24w, https:\/\/blogsaverroes.juntadeandalucia.es\/gbellasartesmalaga\/files\/2017\/11\/screenshot-2017-11-22-redes-colabora-36x26.jpg 36w, https:\/\/blogsaverroes.juntadeandalucia.es\/gbellasartesmalaga\/files\/2017\/11\/screenshot-2017-11-22-redes-colabora-48x34.jpg 48w\" sizes=\"(max-width: 1279px) 100vw, 1279px\" \/><\/p>\n<p>En la primera imagen de la izquierda que dice <em><strong>Arte, cultura, sociedad y patrimonio<\/strong><\/em>, si pasamos el rat\u00f3n por encima, se nos deplegar\u00e1 un men\u00fa con todos los programas culturales :<\/p>\n<p><em><strong>AulaDcine, AulaDjaque<\/strong> y<strong> Vivir y Sentir el Patrimonio.<\/strong><\/em><\/p>\n<p>Hacemos <strong>click<\/strong> en la <strong>Comunidad<\/strong> que nos corresponda.<\/p>\n<p><img loading=\"lazy\" decoding=\"async\" class=\"alignnone wp-image-608 size-full\" src=\"http:\/\/www.educacionenmalaga.es\/gbellasartes\/files\/2017\/11\/sin-titulo.png\" alt=\"\" width=\"809\" height=\"711\" srcset=\"https:\/\/blogsaverroes.juntadeandalucia.es\/gbellasartesmalaga\/files\/2017\/11\/sin-titulo.png 809w, https:\/\/blogsaverroes.juntadeandalucia.es\/gbellasartesmalaga\/files\/2017\/11\/sin-titulo-300x264.png 300w, https:\/\/blogsaverroes.juntadeandalucia.es\/gbellasartesmalaga\/files\/2017\/11\/sin-titulo-768x675.png 768w, https:\/\/blogsaverroes.juntadeandalucia.es\/gbellasartesmalaga\/files\/2017\/11\/sin-titulo-24x21.png 24w, https:\/\/blogsaverroes.juntadeandalucia.es\/gbellasartesmalaga\/files\/2017\/11\/sin-titulo-36x32.png 36w, https:\/\/blogsaverroes.juntadeandalucia.es\/gbellasartesmalaga\/files\/2017\/11\/sin-titulo-48x42.png 48w\" sizes=\"(max-width: 809px) 100vw, 809px\" \/><\/p>\n<p>En mi caso he entrado en <em>Vivir y Sentir el Patrimonio<\/em>, pero es lo mismo para el resto de los programas.<\/p>\n<p>Si es la primera vez que entras en la <strong>Comunidad<\/strong>, tendr\u00e1s que <strong>darte de alta.<\/strong><\/p>\n<p>Recibir\u00e1s un correo mail de confirmaci\u00f3n de que ya est\u00e1s dentro.<\/p>\n<p><img loading=\"lazy\" decoding=\"async\" class=\"alignnone wp-image-607 size-full\" src=\"http:\/\/www.educacionenmalaga.es\/gbellasartes\/files\/2017\/11\/screenshot-2017-11-22-inicio-colabora-copia.jpg\" alt=\"\" width=\"1279\" height=\"912\" srcset=\"https:\/\/blogsaverroes.juntadeandalucia.es\/gbellasartesmalaga\/files\/2017\/11\/screenshot-2017-11-22-inicio-colabora-copia.jpg 1279w, https:\/\/blogsaverroes.juntadeandalucia.es\/gbellasartesmalaga\/files\/2017\/11\/screenshot-2017-11-22-inicio-colabora-copia-300x214.jpg 300w, https:\/\/blogsaverroes.juntadeandalucia.es\/gbellasartesmalaga\/files\/2017\/11\/screenshot-2017-11-22-inicio-colabora-copia-768x548.jpg 768w, https:\/\/blogsaverroes.juntadeandalucia.es\/gbellasartesmalaga\/files\/2017\/11\/screenshot-2017-11-22-inicio-colabora-copia-1024x730.jpg 1024w, https:\/\/blogsaverroes.juntadeandalucia.es\/gbellasartesmalaga\/files\/2017\/11\/screenshot-2017-11-22-inicio-colabora-copia-24x17.jpg 24w, https:\/\/blogsaverroes.juntadeandalucia.es\/gbellasartesmalaga\/files\/2017\/11\/screenshot-2017-11-22-inicio-colabora-copia-36x26.jpg 36w, https:\/\/blogsaverroes.juntadeandalucia.es\/gbellasartesmalaga\/files\/2017\/11\/screenshot-2017-11-22-inicio-colabora-copia-48x34.jpg 48w\" sizes=\"(max-width: 1279px) 100vw, 1279px\" \/><\/p>\n<p><img loading=\"lazy\" decoding=\"async\" class=\"alignnone wp-image-627 size-full\" src=\"http:\/\/www.educacionenmalaga.es\/gbellasartes\/files\/2017\/11\/captura-de-pantalla-2017-11-13-a-las-12-32-21.png\" alt=\"\" width=\"2410\" height=\"1255\" srcset=\"https:\/\/blogsaverroes.juntadeandalucia.es\/gbellasartesmalaga\/files\/2017\/11\/captura-de-pantalla-2017-11-13-a-las-12-32-21.png 1600w, https:\/\/blogsaverroes.juntadeandalucia.es\/gbellasartesmalaga\/files\/2017\/11\/captura-de-pantalla-2017-11-13-a-las-12-32-21-300x156.png 300w, https:\/\/blogsaverroes.juntadeandalucia.es\/gbellasartesmalaga\/files\/2017\/11\/captura-de-pantalla-2017-11-13-a-las-12-32-21-768x400.png 768w, https:\/\/blogsaverroes.juntadeandalucia.es\/gbellasartesmalaga\/files\/2017\/11\/captura-de-pantalla-2017-11-13-a-las-12-32-21-1024x533.png 1024w, https:\/\/blogsaverroes.juntadeandalucia.es\/gbellasartesmalaga\/files\/2017\/11\/captura-de-pantalla-2017-11-13-a-las-12-32-21-24x12.png 24w, https:\/\/blogsaverroes.juntadeandalucia.es\/gbellasartesmalaga\/files\/2017\/11\/captura-de-pantalla-2017-11-13-a-las-12-32-21-36x19.png 36w, https:\/\/blogsaverroes.juntadeandalucia.es\/gbellasartesmalaga\/files\/2017\/11\/captura-de-pantalla-2017-11-13-a-las-12-32-21-48x25.png 48w\" sizes=\"(max-width: 2410px) 100vw, 2410px\" \/><\/p>\n<p>Una vez admitido, te aparecer\u00e1 la p\u00e1gina as\u00ed, que es la <strong>zona p\u00fablica<\/strong> de la Comunidad, por lo que el <strong>menu<\/strong> que ofrece es tambi\u00e9n gen\u00e9rico.<\/p>\n<p><img loading=\"lazy\" decoding=\"async\" class=\"alignnone wp-image-606 size-full\" src=\"http:\/\/www.educacionenmalaga.es\/gbellasartes\/files\/2017\/11\/screenshot-2017-11-22-inicio-colabora.jpg\" alt=\"\" width=\"1279\" height=\"912\" srcset=\"https:\/\/blogsaverroes.juntadeandalucia.es\/gbellasartesmalaga\/files\/2017\/11\/screenshot-2017-11-22-inicio-colabora.jpg 1279w, https:\/\/blogsaverroes.juntadeandalucia.es\/gbellasartesmalaga\/files\/2017\/11\/screenshot-2017-11-22-inicio-colabora-300x214.jpg 300w, https:\/\/blogsaverroes.juntadeandalucia.es\/gbellasartesmalaga\/files\/2017\/11\/screenshot-2017-11-22-inicio-colabora-768x548.jpg 768w, https:\/\/blogsaverroes.juntadeandalucia.es\/gbellasartesmalaga\/files\/2017\/11\/screenshot-2017-11-22-inicio-colabora-1024x730.jpg 1024w, https:\/\/blogsaverroes.juntadeandalucia.es\/gbellasartesmalaga\/files\/2017\/11\/screenshot-2017-11-22-inicio-colabora-24x17.jpg 24w, https:\/\/blogsaverroes.juntadeandalucia.es\/gbellasartesmalaga\/files\/2017\/11\/screenshot-2017-11-22-inicio-colabora-36x26.jpg 36w, https:\/\/blogsaverroes.juntadeandalucia.es\/gbellasartesmalaga\/files\/2017\/11\/screenshot-2017-11-22-inicio-colabora-48x34.jpg 48w\" sizes=\"(max-width: 1279px) 100vw, 1279px\" \/><\/p>\n<p>Para poder interactuar con el programa, debemos entrar en la <strong>zona privada<\/strong>, que est\u00e1 situada en el men\u00fa superior derecha.<\/p>\n<p><img loading=\"lazy\" decoding=\"async\" class=\"alignnone wp-image-609\" src=\"http:\/\/www.educacionenmalaga.es\/gbellasartes\/files\/2017\/11\/screenshot-2017-11-22-inicio-colabora-1.jpg\" alt=\"\" width=\"690\" height=\"483\" srcset=\"https:\/\/blogsaverroes.juntadeandalucia.es\/gbellasartesmalaga\/files\/2017\/11\/screenshot-2017-11-22-inicio-colabora-1-24x17.jpg 24w, https:\/\/blogsaverroes.juntadeandalucia.es\/gbellasartesmalaga\/files\/2017\/11\/screenshot-2017-11-22-inicio-colabora-1-36x25.jpg 36w, https:\/\/blogsaverroes.juntadeandalucia.es\/gbellasartesmalaga\/files\/2017\/11\/screenshot-2017-11-22-inicio-colabora-1-48x33.jpg 48w\" sizes=\"(max-width: 690px) 100vw, 690px\" \/><\/p>\n<p>Una vez dentro, nos encontraremos una p\u00e1gina con un menu m\u00e1s completo, donde podremos encontrar los foros, recursos y\u00a0 donde subir los documentos como el <em>plan de actuaci\u00f3n<\/em> y otros enlaces de inter\u00e9s.<\/p>\n<p><img loading=\"lazy\" decoding=\"async\" class=\"alignnone wp-image-635 size-full\" src=\"http:\/\/www.educacionenmalaga.es\/gbellasartes\/files\/2017\/11\/screenshot-2017-11-22-inicio-colabora1-1.png\" alt=\"\" width=\"1279\" height=\"912\" srcset=\"https:\/\/blogsaverroes.juntadeandalucia.es\/gbellasartesmalaga\/files\/2017\/11\/screenshot-2017-11-22-inicio-colabora1-1.png 1279w, https:\/\/blogsaverroes.juntadeandalucia.es\/gbellasartesmalaga\/files\/2017\/11\/screenshot-2017-11-22-inicio-colabora1-1-300x214.png 300w, https:\/\/blogsaverroes.juntadeandalucia.es\/gbellasartesmalaga\/files\/2017\/11\/screenshot-2017-11-22-inicio-colabora1-1-768x548.png 768w, https:\/\/blogsaverroes.juntadeandalucia.es\/gbellasartesmalaga\/files\/2017\/11\/screenshot-2017-11-22-inicio-colabora1-1-1024x730.png 1024w, https:\/\/blogsaverroes.juntadeandalucia.es\/gbellasartesmalaga\/files\/2017\/11\/screenshot-2017-11-22-inicio-colabora1-1-24x17.png 24w, https:\/\/blogsaverroes.juntadeandalucia.es\/gbellasartesmalaga\/files\/2017\/11\/screenshot-2017-11-22-inicio-colabora1-1-36x26.png 36w, https:\/\/blogsaverroes.juntadeandalucia.es\/gbellasartesmalaga\/files\/2017\/11\/screenshot-2017-11-22-inicio-colabora1-1-48x34.png 48w\" sizes=\"(max-width: 1279px) 100vw, 1279px\" \/><\/p>\n<p>&nbsp;<\/p>\n<p>Os dejo algunas capturas del resto de los <strong>programas culturales<\/strong> para que ve\u00e1is que en esencia es lo mismo.<\/p>\n<p><img loading=\"lazy\" decoding=\"async\" class=\"alignnone wp-image-638 size-full\" src=\"http:\/\/www.educacionenmalaga.es\/gbellasartes\/files\/2017\/11\/screenshot-2017-11-22-inicio-colabora2-1.png\" alt=\"\" width=\"1279\" height=\"912\" srcset=\"https:\/\/blogsaverroes.juntadeandalucia.es\/gbellasartesmalaga\/files\/2017\/11\/screenshot-2017-11-22-inicio-colabora2-1.png 1279w, https:\/\/blogsaverroes.juntadeandalucia.es\/gbellasartesmalaga\/files\/2017\/11\/screenshot-2017-11-22-inicio-colabora2-1-300x214.png 300w, https:\/\/blogsaverroes.juntadeandalucia.es\/gbellasartesmalaga\/files\/2017\/11\/screenshot-2017-11-22-inicio-colabora2-1-768x548.png 768w, https:\/\/blogsaverroes.juntadeandalucia.es\/gbellasartesmalaga\/files\/2017\/11\/screenshot-2017-11-22-inicio-colabora2-1-1024x730.png 1024w, https:\/\/blogsaverroes.juntadeandalucia.es\/gbellasartesmalaga\/files\/2017\/11\/screenshot-2017-11-22-inicio-colabora2-1-24x17.png 24w, https:\/\/blogsaverroes.juntadeandalucia.es\/gbellasartesmalaga\/files\/2017\/11\/screenshot-2017-11-22-inicio-colabora2-1-36x26.png 36w, https:\/\/blogsaverroes.juntadeandalucia.es\/gbellasartesmalaga\/files\/2017\/11\/screenshot-2017-11-22-inicio-colabora2-1-48x34.png 48w\" sizes=\"(max-width: 1279px) 100vw, 1279px\" \/><\/p>\n<p><img loading=\"lazy\" decoding=\"async\" class=\"alignnone wp-image-639 size-full\" src=\"http:\/\/www.educacionenmalaga.es\/gbellasartes\/files\/2017\/11\/screenshot-2017-11-22-inicio-colabora3-1.png\" alt=\"\" width=\"1279\" height=\"912\" srcset=\"https:\/\/blogsaverroes.juntadeandalucia.es\/gbellasartesmalaga\/files\/2017\/11\/screenshot-2017-11-22-inicio-colabora3-1.png 1279w, https:\/\/blogsaverroes.juntadeandalucia.es\/gbellasartesmalaga\/files\/2017\/11\/screenshot-2017-11-22-inicio-colabora3-1-300x214.png 300w, https:\/\/blogsaverroes.juntadeandalucia.es\/gbellasartesmalaga\/files\/2017\/11\/screenshot-2017-11-22-inicio-colabora3-1-768x548.png 768w, https:\/\/blogsaverroes.juntadeandalucia.es\/gbellasartesmalaga\/files\/2017\/11\/screenshot-2017-11-22-inicio-colabora3-1-1024x730.png 1024w, https:\/\/blogsaverroes.juntadeandalucia.es\/gbellasartesmalaga\/files\/2017\/11\/screenshot-2017-11-22-inicio-colabora3-1-24x17.png 24w, https:\/\/blogsaverroes.juntadeandalucia.es\/gbellasartesmalaga\/files\/2017\/11\/screenshot-2017-11-22-inicio-colabora3-1-36x26.png 36w, https:\/\/blogsaverroes.juntadeandalucia.es\/gbellasartesmalaga\/files\/2017\/11\/screenshot-2017-11-22-inicio-colabora3-1-48x34.png 48w\" sizes=\"(max-width: 1279px) 100vw, 1279px\" \/><\/p>\n<p>&nbsp;<\/p>\n<p>&nbsp;<\/p>\n<p>Espero que con estas indicaciones pod\u00e1is acceder a vuestra Comunidad en <strong>Colabora<\/strong> f\u00e1cilmente.<\/p>\n<p>Os esperamos en vuestra comunidad !!<\/p>\n","protected":false},"excerpt":{"rendered":"<p>Ante la cantidad de consultas sobre el acceso a las diferentes comunidades en Colabora, vamos a daros las pautas para poder acceder correctamente. Lo primero, es usar la versi\u00f3n correcta, la Colabora 3.0 y&#46;&#46;&#46;<\/p>\n","protected":false},"author":8061,"featured_media":0,"parent":0,"menu_order":0,"comment_status":"closed","ping_status":"closed","template":"","meta":{"ngg_post_thumbnail":0,"footnotes":""},"aioseo_notices":[],"_links":{"self":[{"href":"https:\/\/blogsaverroes.juntadeandalucia.es\/gbellasartesmalaga\/wp-json\/wp\/v2\/pages\/652"}],"collection":[{"href":"https:\/\/blogsaverroes.juntadeandalucia.es\/gbellasartesmalaga\/wp-json\/wp\/v2\/pages"}],"about":[{"href":"https:\/\/blogsaverroes.juntadeandalucia.es\/gbellasartesmalaga\/wp-json\/wp\/v2\/types\/page"}],"author":[{"embeddable":true,"href":"https:\/\/blogsaverroes.juntadeandalucia.es\/gbellasartesmalaga\/wp-json\/wp\/v2\/users\/8061"}],"replies":[{"embeddable":true,"href":"https:\/\/blogsaverroes.juntadeandalucia.es\/gbellasartesmalaga\/wp-json\/wp\/v2\/comments?post=652"}],"version-history":[{"count":1,"href":"https:\/\/blogsaverroes.juntadeandalucia.es\/gbellasartesmalaga\/wp-json\/wp\/v2\/pages\/652\/revisions"}],"predecessor-version":[{"id":7192,"href":"https:\/\/blogsaverroes.juntadeandalucia.es\/gbellasartesmalaga\/wp-json\/wp\/v2\/pages\/652\/revisions\/7192"}],"wp:attachment":[{"href":"https:\/\/blogsaverroes.juntadeandalucia.es\/gbellasartesmalaga\/wp-json\/wp\/v2\/media?parent=652"}],"curies":[{"name":"wp","href":"https:\/\/api.w.org\/{rel}","templated":true}]}}