{"id":664,"date":"2017-11-23T09:42:43","date_gmt":"2017-11-23T09:42:43","guid":{"rendered":"http:\/\/www.educacionenmalaga.es\/gbellasartes\/?page_id=664"},"modified":"2020-03-25T08:58:38","modified_gmt":"2020-03-25T07:58:38","slug":"educaciudad","status":"publish","type":"page","link":"https:\/\/blogsaverroes.juntadeandalucia.es\/gbellasartesmalaga\/educaciudad\/","title":{"rendered":"EDUCACIUDAD"},"content":{"rendered":"<h1><img loading=\"lazy\" decoding=\"async\" class=\"alignnone size-full wp-image-5717 aligncenter\" src=\"https:\/\/blogsaverroes.juntadeandalucia.es\/gbellasartesmalagatest2\/files\/2019\/11\/111820141635380.jpg\" alt=\"\" width=\"600\" height=\"439\" srcset=\"https:\/\/blogsaverroes.juntadeandalucia.es\/gbellasartesmalaga\/files\/2019\/11\/111820141635380.jpg 600w, https:\/\/blogsaverroes.juntadeandalucia.es\/gbellasartesmalaga\/files\/2019\/11\/111820141635380-300x220.jpg 300w, https:\/\/blogsaverroes.juntadeandalucia.es\/gbellasartesmalaga\/files\/2019\/11\/111820141635380-24x18.jpg 24w, https:\/\/blogsaverroes.juntadeandalucia.es\/gbellasartesmalaga\/files\/2019\/11\/111820141635380-36x26.jpg 36w, https:\/\/blogsaverroes.juntadeandalucia.es\/gbellasartesmalaga\/files\/2019\/11\/111820141635380-48x35.jpg 48w\" sizes=\"(max-width: 600px) 100vw, 600px\" \/><\/h1>\n<h1>Premios anuales \u00abEducaciudad\u00bb que se conceden a los municipios distinguidos por su compromiso con la educaci\u00f3n en Andaluc\u00eda<\/h1>\n<div class=\"servicios_datos_basicos\">\n<div class=\"linea\">\n<div class=\"grid_8 alpha omega editor rpa\">\n<p>Los Premios &#8220;Educaciudad&#8221; se conceden con el prop\u00f3sito de estimular y difundir las buenas pr\u00e1cticas educativas desarrolladas por los municipios andaluces y se otorgan a aquellos municipios distinguidos por su compromiso con la educaci\u00f3n en Andaluc\u00eda. Su convocatoria es anual y en r\u00e9gimen de concurrencia competitiva.<\/p>\n<\/div>\n<h2>Sobre el procedimiento\/servicio<\/h2>\n<ul class=\"listado_enlaces\">\n<li><strong> <a title=\"Ir a Datos b\u00e1sicos\" href=\"https:\/\/juntadeandalucia.es\/servicios\/procedimientos\/detalle\/5315\/datos-basicos.html\">Datos b\u00e1sicos<\/a> <\/strong><\/li>\n<li><a title=\"Ir a C\u00f3mo realizar el tr\u00e1mite\" href=\"https:\/\/juntadeandalucia.es\/servicios\/procedimientos\/detalle\/5315\/como-solicitar.html\">C\u00f3mo realizar el tr\u00e1mite<\/a><\/li>\n<li><a title=\"Ir a Normativa\" href=\"https:\/\/juntadeandalucia.es\/servicios\/procedimientos\/detalle\/5315\/normativa.html\">Normativa<\/a><\/li>\n<li><a title=\"Ir a Informaci\u00f3n adicional\" href=\"https:\/\/juntadeandalucia.es\/servicios\/procedimientos\/detalle\/5315\/informacion-adicional.html\">Informaci\u00f3n adicional<\/a><\/li>\n<li><a title=\"Ir a Seguimiento\" href=\"https:\/\/juntadeandalucia.es\/servicios\/procedimientos\/detalle\/5315\/seguimiento.html\">Seguimiento<\/a><\/li>\n<\/ul>\n<\/div>\n<\/div>\n","protected":false},"excerpt":{"rendered":"<p>Premios anuales \u00abEducaciudad\u00bb que se conceden a los municipios distinguidos por su compromiso con la educaci\u00f3n en Andaluc\u00eda Los Premios &#8220;Educaciudad&#8221; se conceden con el prop\u00f3sito de estimular y difundir las buenas pr\u00e1cticas educativas&#46;&#46;&#46;<\/p>\n","protected":false},"author":8061,"featured_media":0,"parent":0,"menu_order":0,"comment_status":"closed","ping_status":"closed","template":"","meta":{"ngg_post_thumbnail":0,"footnotes":""},"aioseo_notices":[],"_links":{"self":[{"href":"https:\/\/blogsaverroes.juntadeandalucia.es\/gbellasartesmalaga\/wp-json\/wp\/v2\/pages\/664"}],"collection":[{"href":"https:\/\/blogsaverroes.juntadeandalucia.es\/gbellasartesmalaga\/wp-json\/wp\/v2\/pages"}],"about":[{"href":"https:\/\/blogsaverroes.juntadeandalucia.es\/gbellasartesmalaga\/wp-json\/wp\/v2\/types\/page"}],"author":[{"embeddable":true,"href":"https:\/\/blogsaverroes.juntadeandalucia.es\/gbellasartesmalaga\/wp-json\/wp\/v2\/users\/8061"}],"replies":[{"embeddable":true,"href":"https:\/\/blogsaverroes.juntadeandalucia.es\/gbellasartesmalaga\/wp-json\/wp\/v2\/comments?post=664"}],"version-history":[{"count":1,"href":"https:\/\/blogsaverroes.juntadeandalucia.es\/gbellasartesmalaga\/wp-json\/wp\/v2\/pages\/664\/revisions"}],"predecessor-version":[{"id":7182,"href":"https:\/\/blogsaverroes.juntadeandalucia.es\/gbellasartesmalaga\/wp-json\/wp\/v2\/pages\/664\/revisions\/7182"}],"wp:attachment":[{"href":"https:\/\/blogsaverroes.juntadeandalucia.es\/gbellasartesmalaga\/wp-json\/wp\/v2\/media?parent=664"}],"curies":[{"name":"wp","href":"https:\/\/api.w.org\/{rel}","templated":true}]}}