{"id":700,"date":"2017-12-01T12:32:52","date_gmt":"2017-12-01T12:32:52","guid":{"rendered":"http:\/\/www.educacionenmalaga.es\/gbellasartes\/?page_id=700"},"modified":"2024-06-14T07:54:14","modified_gmt":"2024-06-14T05:54:14","slug":"seneca","status":"publish","type":"page","link":"https:\/\/blogsaverroes.juntadeandalucia.es\/gbellasartesmalaga\/seneca\/","title":{"rendered":"S\u00c9NECA"},"content":{"rendered":"<p>Desplegando el men\u00fa S\u00c9NECA accederemos a la ayuda para la realizaci\u00f3n de los diversos tr\u00e1mites que deben realizarse a trav\u00e9s de la plataforma S\u00e9neca en el marco del programa CIMA<\/p>\n<ul style=\"list-style-type: circle\">\n<li>Solicitud<\/li>\n<li>Plan de Actuaci\u00f3n<\/li>\n<li>Formulario de Evaluaci\u00f3n Final<\/li>\n<li>Certificaci\u00f3n<\/li>\n<\/ul>\n","protected":false},"excerpt":{"rendered":"<p>Desplegando el men\u00fa S\u00c9NECA accederemos a la ayuda para la realizaci\u00f3n de los diversos tr\u00e1mites que deben realizarse a trav\u00e9s de la plataforma S\u00e9neca en el marco del programa CIMA Solicitud Plan de Actuaci\u00f3n&#46;&#46;&#46;<\/p>\n","protected":false},"author":8061,"featured_media":0,"parent":0,"menu_order":0,"comment_status":"closed","ping_status":"closed","template":"","meta":{"ngg_post_thumbnail":0,"footnotes":""},"aioseo_notices":[],"_links":{"self":[{"href":"https:\/\/blogsaverroes.juntadeandalucia.es\/gbellasartesmalaga\/wp-json\/wp\/v2\/pages\/700"}],"collection":[{"href":"https:\/\/blogsaverroes.juntadeandalucia.es\/gbellasartesmalaga\/wp-json\/wp\/v2\/pages"}],"about":[{"href":"https:\/\/blogsaverroes.juntadeandalucia.es\/gbellasartesmalaga\/wp-json\/wp\/v2\/types\/page"}],"author":[{"embeddable":true,"href":"https:\/\/blogsaverroes.juntadeandalucia.es\/gbellasartesmalaga\/wp-json\/wp\/v2\/users\/8061"}],"replies":[{"embeddable":true,"href":"https:\/\/blogsaverroes.juntadeandalucia.es\/gbellasartesmalaga\/wp-json\/wp\/v2\/comments?post=700"}],"version-history":[{"count":3,"href":"https:\/\/blogsaverroes.juntadeandalucia.es\/gbellasartesmalaga\/wp-json\/wp\/v2\/pages\/700\/revisions"}],"predecessor-version":[{"id":13113,"href":"https:\/\/blogsaverroes.juntadeandalucia.es\/gbellasartesmalaga\/wp-json\/wp\/v2\/pages\/700\/revisions\/13113"}],"wp:attachment":[{"href":"https:\/\/blogsaverroes.juntadeandalucia.es\/gbellasartesmalaga\/wp-json\/wp\/v2\/media?parent=700"}],"curies":[{"name":"wp","href":"https:\/\/api.w.org\/{rel}","templated":true}]}}