{"id":708,"date":"2017-12-01T12:51:10","date_gmt":"2017-12-01T12:51:10","guid":{"rendered":"http:\/\/www.educacionenmalaga.es\/gbellasartes\/?page_id=708"},"modified":"2024-06-14T08:29:41","modified_gmt":"2024-06-14T06:29:41","slug":"evaluacion-de-proyectos","status":"publish","type":"page","link":"https:\/\/blogsaverroes.juntadeandalucia.es\/gbellasartesmalaga\/evaluacion-de-proyectos\/","title":{"rendered":"Formulario de Evaluaci\u00f3n Final"},"content":{"rendered":"<h1 class=\"titulo_detalle\"><span style=\"color: #008000\"><strong>Formulario de Evaluaci\u00f3n Final<\/strong><\/span><\/h1>\n<div class=\"contenido_detalle\">\n<div class=\"detalle_html\">\n<p>El desarrollo de los Programas Educativos en los centros docentes requiere una evaluaci\u00f3n de los mismos para analizar y valorar su aplicaci\u00f3n, la incidencia en la poblaci\u00f3n escolar y los aspectos susceptibles de mejora.<\/p>\n<p>Por todo ello, la memoria de evaluaci\u00f3n es crucial en todos los programas. Esta memoria se realiza en S\u00e9neca mediante un cuestionario y su cumplimentaci\u00f3n es un paso imprescindible para poder realizar la certificaci\u00f3n de la participaci\u00f3n.<\/p>\n<div class=\"et_pb_toggle_content clearfix\">\n<p>Ser\u00e1 requisito para certificar como docente participante en el Programa para la Innovaci\u00f3n y Mejora del Aprendizaje:<\/p>\n<ul>\n<li>Coordinaci\u00f3n y responsable de \u00e1mbito: haber completado al menos 30 horas de formaci\u00f3n y perfeccionamiento.<\/li>\n<li>Profesorado participante: haber completado al menos 20 horas de formaci\u00f3n y perfeccionamiento.<\/li>\n<\/ul>\n<\/div>\n<h3 class=\"marco\">El proceso<\/h3>\n<ul>\n<li class=\"texto_parrafo_texto_educacion\">Para cumplimentar el cuestionario se ha de acceder, con el perfil de <strong><a href=\"http:\/\/www.juntadeandalucia.es\/educacion\/webportal\/web\/planes-y-programas\/perfiles-de-gestion-en-seneca\" target=\"_blank\" rel=\"noopener noreferrer\">Coordinador\/a de Programa Educativo<\/a>.<\/strong><\/li>\n<li class=\"texto_parrafo_texto_educacion\">La ruta de acceso es: Centro \/ Planes y Proyectos Educativos.<\/li>\n<li class=\"texto_parrafo_texto_educacion\">A continuaci\u00f3n se han de seleccionar los programas en situaci\u00f3n de <strong>Vigentes<\/strong>; elegir aquel que se pretende evaluar; seleccionar el ep\u00edgrafe <strong>memorias anuales<\/strong> y seguidamente cumplimentar el cuestionario.<\/li>\n<li class=\"texto_parrafo_texto_educacion\"><strong>Los programas de nivel 1 (P1), junto a la memoria final de evaluaci\u00f3n<\/strong> requieren la cumplimentaci\u00f3n del<strong> formulario de seguimiento del profesorado 2<\/strong>, que se encuentra <strong>en Datos Asociados<\/strong> y&nbsp;es similar al que se formul\u00f3 en el mes de febrero. Los datos recogidos en este \u00faltimo se promediar\u00e1n con los que se recogieron en ese mes. El resultado de este promedio ser\u00e1 tenido en cuenta a la hora de realizar la certificaci\u00f3n de la participaci\u00f3n de cada uno de los profesores y profesoras que participan en el programa.<\/li>\n<\/ul>\n<div class=\"sangrado_seccion00px_texto_educacion\">\n<h3 class=\"marco\">El plazo<\/h3>\n<ul>\n<li class=\"negrita_texto_educacion texto_parrafo_texto_educacion\">El plazo para cumplimentar las memorias de evaluaci\u00f3n es hasta el 31 de agosto.<strong><br \/>\n<\/strong><\/li>\n<\/ul>\n<h2><span style=\"color: #008000\">INSTRUCCIONES PARA LA EVALUACI\u00d3N EN S\u00c9NECA<\/span><\/h2>\n<\/div>\n<div class=\"detalle_html\">\n<div class=\"inner_cuerpo\">\n<ul>\n<li>\n<div class=\"inner_cuerpo\">\n<header class=\"\"><\/header>\n<div class=\"contenido_detalle\">\n<section class=\"cuerpo detalle_html\">\n<div class=\"inner_cuerpo\">\n<div class=\"inner_cuerpo\">\n<ul>\n<li>Se ha de acceder al Sistema de Gesti\u00f3n S\u00e9neca con perfil de <strong><a class=\"related_abaco_web\" href=\"https:\/\/portals.ced.junta-andalucia.es\/educacion\/portals\/web\/ced\/planesyprogramas\/gestion-en-seneca\/contenidos\/-\/contenidos\/detalle\/asignacion-de-perfiles-en-seneca-1\" target=\"_self\" rel=\"noopener noreferrer\">Coordinador\/a de Programa Educativo<\/a><\/strong>, en caso de no contar con dicho perfil es necesario solicitarlo a la Direcci\u00f3n del centro. M\u00e1s informaci\u00f3n sobre perfiles de gesti\u00f3n en S\u00e9neca en este enlace:<\/li>\n<\/ul>\n<p><a href=\"http:\/\/www.juntadeandalucia.es\/educacion\/portals\/web\/ced\/planesyprogramas\/gestion-en-seneca\/contenidos\/-\/contenidos\/detalle\/asignacion-de-perfiles-en-seneca-1\" target=\"_blank\" rel=\"noopener noreferrer\"><b>Perfiles de gesti\u00f3n en S\u00e9neca<\/b><\/a><\/p>\n<ul>\n<li>Es preciso seleccionar <strong>Centro <\/strong>en el men\u00fa desplegable y, en el men\u00fa lateral, seleccionar <strong>Programas para la Innovaci\u00f3n. <\/strong>Y dentro de ellos,<strong> Programas en el centro.<\/strong><\/li>\n<li>A continuaci\u00f3n aparecer\u00e1, por defecto, el<strong>&nbsp;Programa<\/strong>&nbsp;en situaci\u00f3n de <strong>Vigentes<\/strong>, del que se ejerza la coordinaci\u00f3n.<\/li>\n<li>Selecciona el programa a evaluar y en el desplegable que aparece al pinchar sobre \u00e9l seleccione <strong>Memorias anuales<\/strong>.<\/li>\n<\/ul>\n<p>&nbsp;<\/p>\n<p><img decoding=\"async\" title=\"Evaluaci\u00f3n programas (01 Selecciona Memorias.png)\" src=\"https:\/\/portals.ced.junta-andalucia.es\/educacion\/portals\/ishare-servlet\/content\/63e0b49f-d642-40e5-9026-0a2465537496\" alt=\"Evaluaci\u00f3n programas (01 Selecciona Memorias.png)\"><\/p>\n<p>&nbsp;<\/p>\n<ul>\n<li>Aparecer\u00e1 una ventana en la que elegir el <strong>A\u00f1o acad\u00e9mico <\/strong>que quiere evaluar. A continuaci\u00f3n sobre el formulario <strong>Memoria anual <em>del Programa<\/em>. Selecciona&nbsp;<\/strong><strong>Cumplimentar<\/strong>.<\/li>\n<\/ul>\n<p><img decoding=\"async\" title=\"Evaluaci\u00f3n programas (02 Selecciona cumplimentar.png)\" src=\"https:\/\/portals.ced.junta-andalucia.es\/educacion\/portals\/ishare-servlet\/content\/2f0f8241-3a62-49eb-bb74-6dc7f60a1315\" alt=\"Evaluaci\u00f3n programas (02 Selecciona cumplimentar.png)\"><\/p>\n<ul>\n<li>Este formulario <strong>var\u00eda dependiendo<\/strong> de las <strong>caracter\u00edsticas<\/strong> de cada programa.<\/li>\n<li>Se han de&nbsp;<strong>cumplimentar los campos<\/strong>&nbsp;del mismo con los datos requeridos, algunos obligatorios, otros opcionales.<\/li>\n<li>Una vez cumplimentados es preciso marcar el icono&nbsp;<strong>Aceptar<\/strong>. El sistema comprueba que los datos introducidos son correctos y permite finalizar este proceso.<\/li>\n<\/ul>\n<p><img decoding=\"async\" title=\"Evaluaci\u00f3n programas (03 Cumplimenta y acepta.png)\" src=\"https:\/\/portals.ced.junta-andalucia.es\/educacion\/portals\/ishare-servlet\/content\/ab0ae48a-5455-46cb-a09f-b4720fdcc640\" alt=\"Evaluaci\u00f3n programas (03 Cumplimenta y acepta.png)\"><\/p>\n<ul>\n<li>Finalizado este procedimiento&nbsp;el sistema <strong>realiza la comprobaci\u00f3n de los requisitos m\u00ednimos de cada programa<\/strong>. Si se han cumplido satisfactoriamente la <strong>formaci\u00f3n obligatori<\/strong>a o las actividades de <strong>seguimiento <\/strong>que en algunos programas han sido requeridas a lo largo del curso,&nbsp;se puede realizar la certificaci\u00f3n de la participaci\u00f3n en el programa.<\/li>\n<li>Esta comprobaci\u00f3n implica un <strong>proceso minucioso<\/strong> que, en ocasiones, <strong>puede impedir la generaci\u00f3n del acta<\/strong>&nbsp;de certificaci\u00f3n de la participaci\u00f3n del profesorado y que en todo caso <strong>no es inmediata<\/strong>.<\/li>\n<\/ul>\n<\/div>\n<\/div>\n<\/section>\n<\/div>\n<\/div>\n<\/li>\n<\/ul>\n<\/div>\n<\/div>\n<\/div>\n<\/div>\n","protected":false},"excerpt":{"rendered":"<p>Formulario de Evaluaci\u00f3n Final El desarrollo de los Programas Educativos en los centros docentes requiere una evaluaci\u00f3n de los mismos para analizar y valorar su aplicaci\u00f3n, la incidencia en la poblaci\u00f3n escolar y los&#46;&#46;&#46;<\/p>\n","protected":false},"author":8061,"featured_media":704,"parent":0,"menu_order":0,"comment_status":"closed","ping_status":"closed","template":"","meta":{"ngg_post_thumbnail":0,"footnotes":""},"aioseo_notices":[],"_links":{"self":[{"href":"https:\/\/blogsaverroes.juntadeandalucia.es\/gbellasartesmalaga\/wp-json\/wp\/v2\/pages\/708"}],"collection":[{"href":"https:\/\/blogsaverroes.juntadeandalucia.es\/gbellasartesmalaga\/wp-json\/wp\/v2\/pages"}],"about":[{"href":"https:\/\/blogsaverroes.juntadeandalucia.es\/gbellasartesmalaga\/wp-json\/wp\/v2\/types\/page"}],"author":[{"embeddable":true,"href":"https:\/\/blogsaverroes.juntadeandalucia.es\/gbellasartesmalaga\/wp-json\/wp\/v2\/users\/8061"}],"replies":[{"embeddable":true,"href":"https:\/\/blogsaverroes.juntadeandalucia.es\/gbellasartesmalaga\/wp-json\/wp\/v2\/comments?post=708"}],"version-history":[{"count":9,"href":"https:\/\/blogsaverroes.juntadeandalucia.es\/gbellasartesmalaga\/wp-json\/wp\/v2\/pages\/708\/revisions"}],"predecessor-version":[{"id":13124,"href":"https:\/\/blogsaverroes.juntadeandalucia.es\/gbellasartesmalaga\/wp-json\/wp\/v2\/pages\/708\/revisions\/13124"}],"wp:featuredmedia":[{"embeddable":true,"href":"https:\/\/blogsaverroes.juntadeandalucia.es\/gbellasartesmalaga\/wp-json\/wp\/v2\/media\/704"}],"wp:attachment":[{"href":"https:\/\/blogsaverroes.juntadeandalucia.es\/gbellasartesmalaga\/wp-json\/wp\/v2\/media?parent=708"}],"curies":[{"name":"wp","href":"https:\/\/api.w.org\/{rel}","templated":true}]}}