{"id":59,"date":"2019-03-20T22:19:26","date_gmt":"2019-03-20T22:19:26","guid":{"rendered":"https:\/\/blogsaverroes.juntadeandalucia.es\/gerynfantil\/?page_id=59"},"modified":"2021-11-08T09:18:28","modified_gmt":"2021-11-08T09:18:28","slug":"proyectos","status":"publish","type":"page","link":"https:\/\/blogsaverroes.juntadeandalucia.es\/gerynfantil\/proyectos\/","title":{"rendered":"Proyectos"},"content":{"rendered":"<p><img decoding=\"async\" class=\"aligncenter\" src=\"http:\/\/www.colegiojuancaroromero.es\/imagenes\/infantil\/proyectos\/proyinf.png\" alt=\"Resultado de imagen de educaci\u00c3\u00b3n por proyectos en infantil\"><\/p>\n<p style=\"text-align: center\">En estas p\u00e1ginas encontraremos las actividades previstas para los proyectos del curso.<\/p>\n<p style=\"text-align: center\">Pinchad en el men\u00fa en la pesta\u00f1a de Proyectos y elegid en el submen\u00fa el que os interese o elegid la imagen que lo represente.<\/p>\n<p><a href=\"https:\/\/blogsaverroes.juntadeandalucia.es\/gerynfantil\/proyectos\/el-hombre-primitivo\/\" target=\"_blank\" rel=\"noopener noreferrer\"><img loading=\"lazy\" decoding=\"async\" class=\"\" src=\"https:\/\/cdn1.dinosaurioss.com\/wp-content\/uploads\/2016\/12\/dibujo-de-la-prehistoria.jpg\" alt=\"Resultado de imagen de dibujos de la prehistoria para ni\u00c3\u00b1os\" width=\"124\" height=\"85\"><\/a>&nbsp; &nbsp;<a href=\"https:\/\/blogsaverroes.juntadeandalucia.es\/gerynfantil\/proyectos\/egipto\/\" target=\"_blank\" rel=\"noopener noreferrer\"><img loading=\"lazy\" decoding=\"async\" class=\"\" src=\"https:\/\/arqueoegipto.wikisaber.es\/wp-content\/uploads\/2016\/08\/Egipto-para-ninos-destacada-500x250.jpg\" alt=\"Resultado de imagen de dibujos de egipto para ni\u00c3\u00b1os\" width=\"156\" height=\"78\"><\/a>&nbsp; &nbsp;<a href=\"https:\/\/blogsaverroes.juntadeandalucia.es\/gerynfantil\/proyectos\/los-castillos\/\" target=\"_blank\" rel=\"noopener noreferrer\"><img loading=\"lazy\" decoding=\"async\" class=\"\" src=\"http:\/\/1.bp.blogspot.com\/-wjEzmsiX6KI\/T1UJZhqUw0I\/AAAAAAAACK0\/sH7W1_JJMlo\/s400\/caba.jpg\" alt=\"Resultado de imagen de dibujos de proyecto los castillos para ni\u00c3\u00b1os\" width=\"129\" height=\"78\"><\/a><\/p>\n","protected":false},"excerpt":{"rendered":"<p>En estas p\u00e1ginas encontraremos las actividades previstas para los proyectos del curso. Pinchad en el men\u00fa en la pesta\u00f1a de Proyectos y elegid en el submen\u00fa el que os interese o elegid la imagen que lo represente. &nbsp; &nbsp;&nbsp; &nbsp;<\/p>\n","protected":false},"author":6964,"featured_media":0,"parent":0,"menu_order":1,"comment_status":"closed","ping_status":"closed","template":"","meta":{"ngg_post_thumbnail":0,"footnotes":""},"aioseo_notices":[],"_links":{"self":[{"href":"https:\/\/blogsaverroes.juntadeandalucia.es\/gerynfantil\/wp-json\/wp\/v2\/pages\/59"}],"collection":[{"href":"https:\/\/blogsaverroes.juntadeandalucia.es\/gerynfantil\/wp-json\/wp\/v2\/pages"}],"about":[{"href":"https:\/\/blogsaverroes.juntadeandalucia.es\/gerynfantil\/wp-json\/wp\/v2\/types\/page"}],"author":[{"embeddable":true,"href":"https:\/\/blogsaverroes.juntadeandalucia.es\/gerynfantil\/wp-json\/wp\/v2\/users\/6964"}],"replies":[{"embeddable":true,"href":"https:\/\/blogsaverroes.juntadeandalucia.es\/gerynfantil\/wp-json\/wp\/v2\/comments?post=59"}],"version-history":[{"count":5,"href":"https:\/\/blogsaverroes.juntadeandalucia.es\/gerynfantil\/wp-json\/wp\/v2\/pages\/59\/revisions"}],"predecessor-version":[{"id":208,"href":"https:\/\/blogsaverroes.juntadeandalucia.es\/gerynfantil\/wp-json\/wp\/v2\/pages\/59\/revisions\/208"}],"wp:attachment":[{"href":"https:\/\/blogsaverroes.juntadeandalucia.es\/gerynfantil\/wp-json\/wp\/v2\/media?parent=59"}],"curies":[{"name":"wp","href":"https:\/\/api.w.org\/{rel}","templated":true}]}}