{"id":65,"date":"2019-03-20T22:30:01","date_gmt":"2019-03-20T22:30:01","guid":{"rendered":"https:\/\/blogsaverroes.juntadeandalucia.es\/gerynfantil\/?page_id=65"},"modified":"2019-03-21T06:34:17","modified_gmt":"2019-03-21T06:34:17","slug":"egipto","status":"publish","type":"page","link":"https:\/\/blogsaverroes.juntadeandalucia.es\/gerynfantil\/proyectos\/egipto\/","title":{"rendered":"Egipto"},"content":{"rendered":"<p><img loading=\"lazy\" decoding=\"async\" class=\"aligncenter\" src=\"https:\/\/arqueoegipto.wikisaber.es\/wp-content\/uploads\/2016\/08\/Egipto-para-ninos-destacada-500x250.jpg\" alt=\"Imagen relacionada\" width=\"216\" height=\"108\"><\/p>\n<p style=\"text-align: center\"><span style=\"color: #0000ff\">Aqu\u00ed est\u00e1n los recursos que vamos a utilizar para trabajar el proyecto de \u00abEgipto\u00bb<\/span><\/p>\n<p style=\"text-align: center\"><span style=\"color: #ff0000;font-size: 36px\">V\u00eddeos<\/span><img loading=\"lazy\" decoding=\"async\" class=\"aligncenter\" src=\"https:\/\/www.uncommunitymanager.es\/wp-content\/uploads\/seo_google_youtube.jpg\" alt=\"Resultado de imagen de videos\" width=\"91\" height=\"55\"><\/p>\n<p style=\"text-align: center\"><span style=\"font-size: 8px\">Cosquillas TV. \u00abTina y los Fieltronitos\u00bb Producido por Gustavo L\u00f3pez<\/span><br \/>\n<iframe loading=\"lazy\" src=\"https:\/\/www.youtube.com\/embed\/XFSrG7p3GEo\" width=\"360\" height=\"215\" frameborder=\"0\"><\/iframe><\/p>\n<p style=\"text-align: center\"><span style=\"font-size: 8px\">Cuento: \u00abF\u00e1tima una momia muy responsable\u00bb. Colecci\u00f3n Malos de Cuento. Ed. Edelvives. Escuela de Educaci\u00f3n Infantil Santiago Ap\u00f3stol. Alicante<\/span><br \/>\n<iframe loading=\"lazy\" src=\"https:\/\/www.youtube.com\/embed\/7-LGwTSERl0\" width=\"360\" height=\"215\" frameborder=\"0\"><\/iframe><\/p>\n<h6 style=\"text-align: center\"><span style=\"font-size: 8px\">\u00ab\u00c9rase una vez&#8230;el hombre\u00bb&nbsp; Prodicis. Realizada por Albert Baril\u00e9<\/span><\/h6>\n<p>&nbsp;<br \/>\n<iframe loading=\"lazy\" src=\"https:\/\/www.youtube.com\/embed\/FCk6K8nS5Ys\" width=\"360\" height=\"215\" frameborder=\"0\"><\/iframe><\/p>\n<p style=\"text-align: center\"><span style=\"font-size: 36px;color: #ff0000\">Canciones<\/span><\/p>\n<p style=\"text-align: center\"><span style=\"font-size: 8px\">\u00abLa vuelta al mundo en 80 globos\u00bb Luna creciente. Producci\u00f3n musical y arreglos: V\u00edctor y Pablo Escalona<\/span><br \/>\n<iframe loading=\"lazy\" src=\"https:\/\/www.youtube.com\/embed\/jCy9asqCawA\" width=\"360\" height=\"215\" frameborder=\"0\"><\/iframe><\/p>\n<p style=\"text-align: center\"><span style=\"font-size: 8px\">www. vivedebod.com con licencia&nbsp;SME, WMG (en nombre de WM Australia); Abramus Digital, LatinAutor, CMRRA, Global Music Rights LLC, LatinAutor &#8211; PeerMusic, UBEM, Sony ATV Publishing, Peermusic y 12 sociedades de derechos musicales<\/span><\/p>\n<p>&nbsp;<br \/>\n<iframe loading=\"lazy\" src=\"https:\/\/www.youtube.com\/embed\/KBZReoo3xjg\" width=\"360\" height=\"215\" frameborder=\"0\"><\/iframe><\/p>\n","protected":false},"excerpt":{"rendered":"<p>Aqu\u00ed est\u00e1n los recursos que vamos a utilizar para trabajar el proyecto de \u00abEgipto\u00bb V\u00eddeos Cosquillas TV. \u00abTina y los Fieltronitos\u00bb Producido por Gustavo L\u00f3pez Cuento: \u00abF\u00e1tima una momia muy responsable\u00bb. Colecci\u00f3n Malos de Cuento. Ed. Edelvives. Escuela de Educaci\u00f3n Infantil Santiago Ap\u00f3stol. Alicante \u00ab\u00c9rase una vez&#8230;el hombre\u00bb&nbsp; Prodicis. Realizada por Albert Baril\u00e9 &nbsp; Canciones &hellip; <a href=\"https:\/\/blogsaverroes.juntadeandalucia.es\/gerynfantil\/proyectos\/egipto\/\" class=\"more-link\">Seguir leyendo <span class=\"screen-reader-text\">Egipto<\/span> <span class=\"meta-nav\">&rarr;<\/span><\/a><\/p>\n","protected":false},"author":6964,"featured_media":0,"parent":59,"menu_order":2,"comment_status":"closed","ping_status":"closed","template":"","meta":{"ngg_post_thumbnail":0,"footnotes":""},"aioseo_notices":[],"_links":{"self":[{"href":"https:\/\/blogsaverroes.juntadeandalucia.es\/gerynfantil\/wp-json\/wp\/v2\/pages\/65"}],"collection":[{"href":"https:\/\/blogsaverroes.juntadeandalucia.es\/gerynfantil\/wp-json\/wp\/v2\/pages"}],"about":[{"href":"https:\/\/blogsaverroes.juntadeandalucia.es\/gerynfantil\/wp-json\/wp\/v2\/types\/page"}],"author":[{"embeddable":true,"href":"https:\/\/blogsaverroes.juntadeandalucia.es\/gerynfantil\/wp-json\/wp\/v2\/users\/6964"}],"replies":[{"embeddable":true,"href":"https:\/\/blogsaverroes.juntadeandalucia.es\/gerynfantil\/wp-json\/wp\/v2\/comments?post=65"}],"version-history":[{"count":5,"href":"https:\/\/blogsaverroes.juntadeandalucia.es\/gerynfantil\/wp-json\/wp\/v2\/pages\/65\/revisions"}],"predecessor-version":[{"id":84,"href":"https:\/\/blogsaverroes.juntadeandalucia.es\/gerynfantil\/wp-json\/wp\/v2\/pages\/65\/revisions\/84"}],"up":[{"embeddable":true,"href":"https:\/\/blogsaverroes.juntadeandalucia.es\/gerynfantil\/wp-json\/wp\/v2\/pages\/59"}],"wp:attachment":[{"href":"https:\/\/blogsaverroes.juntadeandalucia.es\/gerynfantil\/wp-json\/wp\/v2\/media?parent=65"}],"curies":[{"name":"wp","href":"https:\/\/api.w.org\/{rel}","templated":true}]}}