{"id":67,"date":"2019-03-20T22:30:49","date_gmt":"2019-03-20T22:30:49","guid":{"rendered":"https:\/\/blogsaverroes.juntadeandalucia.es\/gerynfantil\/?page_id=67"},"modified":"2019-03-21T14:43:36","modified_gmt":"2019-03-21T14:43:36","slug":"los-castillos","status":"publish","type":"page","link":"https:\/\/blogsaverroes.juntadeandalucia.es\/gerynfantil\/proyectos\/los-castillos\/","title":{"rendered":"Los castillos"},"content":{"rendered":"<p><img loading=\"lazy\" decoding=\"async\" class=\"aligncenter\" src=\"https:\/\/image1.slideserve.com\/2193056\/la-vida-en-los-castillos-medievales-n.jpg\" alt=\"Resultado de imagen de los castillos medievales\" width=\"189\" height=\"142\"><\/p>\n<p style=\"text-align: center\"><span style=\"color: #0000ff\">Aqu\u00ed est\u00e1n los recursos que vamos a utilizar para trabajar el proyecto de \u00abLos castillos\u00bb<\/span><\/p>\n<p style=\"text-align: center\"><span style=\"font-size: 36px;color: #ff0000\">V\u00eddeos<\/span><img loading=\"lazy\" decoding=\"async\" class=\"aligncenter\" src=\"https:\/\/www.uncommunitymanager.es\/wp-content\/uploads\/seo_google_youtube.jpg\" alt=\"Resultado de imagen de videos\" width=\"91\" height=\"55\"><\/p>\n<p style=\"text-align: center\"><iframe loading=\"lazy\" src=\"https:\/\/www.youtube.com\/embed\/7PzYUfLQZn0\" width=\"360\" height=\"215\" frameborder=\"0\"><\/iframe><\/p>\n<p style=\"text-align: center\"><span style=\"font-size: 36px;color: #ff0000\">Presentaci\u00f3n<\/span><br \/>\n<iframe loading=\"lazy\" src=\"\/\/www.slideshare.net\/slideshow\/embed_code\/key\/wKd0LdVJrETJm5\" width=\"395\" height=\"285\" frameborder=\"0\" marginwidth=\"0\" marginheight=\"0\" scrolling=\"no\"> <\/iframe><\/p>\n<div style=\"margin-bottom: 5px\"><strong> <a title=\"EDAD MEDIA PARA NI\u00d1OS\" href=\"\/\/www.slideshare.net\/tesabaquero\/edad-media-para-nios\" target=\"_blank\" rel=\"noopener\">EDAD MEDIA PARA NI\u00d1OS<\/a> <\/strong> de <strong><a href=\"\/\/www.slideshare.net\/tesabaquero\" target=\"_blank\" rel=\"noopener\">tesabaquero<\/a><\/strong><\/div>\n<p style=\"text-align: center\"><span style=\"font-size: 36px;color: #ff0000\">Adivinanza<\/span><img loading=\"lazy\" decoding=\"async\" class=\"aligncenter\" src=\"http:\/\/2.bp.blogspot.com\/-Zx1j9w4Rayo\/UooUjKVg92I\/AAAAAAAAo-U\/7ovi47Tf7vw\/s1600\/4.jpg\" alt=\"Imagen relacionada\" width=\"349\" height=\"259\"><\/p>\n<p style=\"text-align: center\"><span style=\"color: #ff0000;font-size: 36px\">Canci\u00f3n<\/span><\/p>\n<p style=\"text-align: center\"><span style=\"font-size: 8px\">Compositor y cantante: Daniel Pattier<\/span><br \/>\n<iframe loading=\"lazy\" src=\"https:\/\/www.youtube.com\/embed\/k4XUQodSll8\" width=\"360\" height=\"215\" frameborder=\"0\"><\/iframe><\/p>\n","protected":false},"excerpt":{"rendered":"<p>Aqu\u00ed est\u00e1n los recursos que vamos a utilizar para trabajar el proyecto de \u00abLos castillos\u00bb V\u00eddeos Presentaci\u00f3n EDAD MEDIA PARA NI\u00d1OS de tesabaquero Adivinanza Canci\u00f3n Compositor y cantante: Daniel Pattier<\/p>\n","protected":false},"author":6964,"featured_media":0,"parent":59,"menu_order":3,"comment_status":"closed","ping_status":"closed","template":"","meta":{"ngg_post_thumbnail":0,"footnotes":""},"aioseo_notices":[],"_links":{"self":[{"href":"https:\/\/blogsaverroes.juntadeandalucia.es\/gerynfantil\/wp-json\/wp\/v2\/pages\/67"}],"collection":[{"href":"https:\/\/blogsaverroes.juntadeandalucia.es\/gerynfantil\/wp-json\/wp\/v2\/pages"}],"about":[{"href":"https:\/\/blogsaverroes.juntadeandalucia.es\/gerynfantil\/wp-json\/wp\/v2\/types\/page"}],"author":[{"embeddable":true,"href":"https:\/\/blogsaverroes.juntadeandalucia.es\/gerynfantil\/wp-json\/wp\/v2\/users\/6964"}],"replies":[{"embeddable":true,"href":"https:\/\/blogsaverroes.juntadeandalucia.es\/gerynfantil\/wp-json\/wp\/v2\/comments?post=67"}],"version-history":[{"count":4,"href":"https:\/\/blogsaverroes.juntadeandalucia.es\/gerynfantil\/wp-json\/wp\/v2\/pages\/67\/revisions"}],"predecessor-version":[{"id":88,"href":"https:\/\/blogsaverroes.juntadeandalucia.es\/gerynfantil\/wp-json\/wp\/v2\/pages\/67\/revisions\/88"}],"up":[{"embeddable":true,"href":"https:\/\/blogsaverroes.juntadeandalucia.es\/gerynfantil\/wp-json\/wp\/v2\/pages\/59"}],"wp:attachment":[{"href":"https:\/\/blogsaverroes.juntadeandalucia.es\/gerynfantil\/wp-json\/wp\/v2\/media?parent=67"}],"curies":[{"name":"wp","href":"https:\/\/api.w.org\/{rel}","templated":true}]}}