{"id":665,"date":"2026-02-04T11:17:51","date_gmt":"2026-02-04T10:17:51","guid":{"rendered":"https:\/\/blogsaverroes.juntadeandalucia.es\/granadaconvive\/?page_id=665"},"modified":"2026-02-19T13:46:02","modified_gmt":"2026-02-19T12:46:02","slug":"raeep","status":"publish","type":"page","link":"https:\/\/blogsaverroes.juntadeandalucia.es\/granadaconvive\/raeep\/","title":{"rendered":"Red Andaluza Escuela Espacio de Paz"},"content":{"rendered":"<p data-start=\"469\" data-end=\"524\"><strong data-start=\"469\" data-end=\"522\">Buenas pr\u00e1cticas y recursos de centros educativos<\/strong><\/p>\n<p data-start=\"531\" data-end=\"800\">En este espacio se recopilan enlaces a p\u00e1ginas web, blogs y otros recursos digitales de centros educativos de la provincia de Granada que desarrollan actuaciones, proyectos y experiencias vinculadas a la Red Andaluza \u201cEscuela: Espacio de Paz\u201d (RAEEP).<\/p>\n<p data-start=\"807\" data-end=\"969\">El objetivo de este apartado es visibilizar buenas pr\u00e1cticas, facilitar el intercambio de experiencias y ofrecer referencias \u00fatiles para la comunidad educativa.<\/p>\n<p data-start=\"976\" data-end=\"1068\">La relaci\u00f3n de centros se actualizar\u00e1 peri\u00f3dicamente a partir de las aportaciones recibidas.<\/p>\n<p><em>La inclusi\u00f3n de enlaces en este espacio tiene car\u00e1cter informativo y no implica valoraci\u00f3n institucional de los contenidos publicados por los centros educativos.<\/em><\/p>\n<p><strong>ALBOLOTE<\/strong><\/p>\n<p><a href=\"https:\/\/sites.google.com\/ceipabadia.es\/abadia\/proyectos\" target=\"_blank\" rel=\"noopener\">CEIP Abad\u00eda<\/a><\/p>\n<p><strong>BARRIO DE LA VEGA<\/strong><\/p>\n<p><a href=\"https:\/\/padlet.com\/sonigarmar\/escuela-espacio-de-paz-ceip-los-llanos-vt7n4vhzr54n\" target=\"_blank\" rel=\"noopener\">CEIP Los Llanos<\/a><\/p>\n<p><strong>BENAL\u00daA<\/strong><\/p>\n<p><a href=\"https:\/\/drive.google.com\/file\/d\/1DegjvNEC9xG2FTntUdV-VpPyyQKxQugS\/view?usp=drivesdk\" target=\"_blank\" rel=\"noopener\">CEIP Andaluc\u00eda<\/a><\/p>\n<p><strong>CHIMENEAS<\/strong><\/p>\n<p><a href=\"https:\/\/blogsaverroes.juntadeandalucia.es\/colegiochimeneas\/convivencia\/\" target=\"_blank\" rel=\"noopener\">CEIP Nuestra Se\u00f1ora del Rosario<\/a><\/p>\n<p><strong>D\u00daRCAL<\/strong><\/p>\n<p><a href=\"https:\/\/blogsaverroes.juntadeandalucia.es\/ceiplacruz\/\" target=\"_blank\" rel=\"noopener\">CEIP La Cruz<\/a><\/p>\n<p><strong>GRANADA<\/strong><\/p>\n<p><a href=\"https:\/\/www.hospitalariaspurisima.org\/banco-de-recursos\/ODS\/\" target=\"_blank\" rel=\"noopener\">CDPEE Pur\u00edsima Concepci\u00f3n<\/a><\/p>\n<p><a href=\"https:\/\/sites.google.com\/ceipabadia.es\/abadia\/proyectos\" target=\"_blank\" rel=\"noopener\">IES Albayz\u00edn<\/a><\/p>\n<p><a href=\"https:\/\/virgendelasnieves.es\/red-andaluza-escuelaespacio-de-paz\/\" target=\"_blank\" rel=\"noopener\">IES Virgen de las Nieves<\/a><\/p>\n<p><strong>GUADIX<\/strong><\/p>\n<p><a href=\"https:\/\/www.instagram.com\/reel\/DUJAihqDA6f\/?igsh=MXNzMXU0cXgwczNncw==\" target=\"_blank\" rel=\"noopener\">IES Pedro Antonio de Alarc\u00f3n<\/a><\/p>\n<p><strong>JAYENA<\/strong><\/p>\n<p><a href=\"https:\/\/blogsaverroes.juntadeandalucia.es\/ceipvirgendelrosario\/https:\/blogsaverroes.juntadeandalucia.es\/ceipvirgendelrosario\/escuela-espacio-de-paz\/\" target=\"_blank\" rel=\"noopener\">CEIP Virgen del Rosario<\/a><\/p>\n<p><strong>LA ZUBIA<\/strong><\/p>\n<p><a href=\"https:\/\/sites.google.com\/g.educaand.es\/ceip-tierno-galvan-la-zubia\/planes-y-programas\/escuela-espacio-de-paz?authuser=0\" target=\"_blank\" rel=\"noopener\">IES Enrique Tierno Galv\u00e1n<\/a><\/p>\n<p><strong>LOJA<\/strong><\/p>\n<p><a href=\"https:\/\/web.iesmoraima.com\/publicaciones\/30-de-enero-dia-escolar-de-la-paz\/\" target=\"_blank\" rel=\"noopener\">IES Moraima<\/a><\/p>\n<p><strong>MORALEDA DE ZAFAYONA<\/strong><\/p>\n<p><a href=\"https:\/\/www.instagram.com\/iesmanuelcanadas.moraleda\" target=\"_blank\" rel=\"noopener\">IES Manuel Ca\u00f1adas<\/a><\/p>\n<p><strong>MOTRIL<\/strong><\/p>\n<p><a href=\"https:\/\/ieslazafra.es\/escuela-espacio-de-paz\/\" target=\"_blank\" rel=\"noopener\">IES La Zafra<\/a><\/p>\n<p>&nbsp;<\/p>\n<p>&nbsp;<\/p>\n<p>&nbsp;<\/p>\n<p>&nbsp;<\/p>\n<p>&nbsp;<\/p>\n","protected":false},"excerpt":{"rendered":"<p>Buenas pr\u00e1cticas y recursos de centros educativos En este espacio se recopilan enlaces a p\u00e1ginas web, blogs y otros recursos digitales de centros educativos de la provincia de Granada que desarrollan actuaciones, proyectos y&#46;&#46;&#46;<\/p>\n","protected":false},"author":12581,"featured_media":0,"parent":0,"menu_order":0,"comment_status":"closed","ping_status":"closed","template":"","meta":{"footnotes":""},"aioseo_notices":[],"_links":{"self":[{"href":"https:\/\/blogsaverroes.juntadeandalucia.es\/granadaconvive\/wp-json\/wp\/v2\/pages\/665"}],"collection":[{"href":"https:\/\/blogsaverroes.juntadeandalucia.es\/granadaconvive\/wp-json\/wp\/v2\/pages"}],"about":[{"href":"https:\/\/blogsaverroes.juntadeandalucia.es\/granadaconvive\/wp-json\/wp\/v2\/types\/page"}],"author":[{"embeddable":true,"href":"https:\/\/blogsaverroes.juntadeandalucia.es\/granadaconvive\/wp-json\/wp\/v2\/users\/12581"}],"replies":[{"embeddable":true,"href":"https:\/\/blogsaverroes.juntadeandalucia.es\/granadaconvive\/wp-json\/wp\/v2\/comments?post=665"}],"version-history":[{"count":14,"href":"https:\/\/blogsaverroes.juntadeandalucia.es\/granadaconvive\/wp-json\/wp\/v2\/pages\/665\/revisions"}],"predecessor-version":[{"id":806,"href":"https:\/\/blogsaverroes.juntadeandalucia.es\/granadaconvive\/wp-json\/wp\/v2\/pages\/665\/revisions\/806"}],"wp:attachment":[{"href":"https:\/\/blogsaverroes.juntadeandalucia.es\/granadaconvive\/wp-json\/wp\/v2\/media?parent=665"}],"curies":[{"name":"wp","href":"https:\/\/api.w.org\/{rel}","templated":true}]}}