{"id":666,"date":"2026-02-04T11:17:52","date_gmt":"2026-02-04T10:17:52","guid":{"rendered":"https:\/\/blogsaverroes.juntadeandalucia.es\/granadaconvive\/?page_id=666"},"modified":"2026-03-12T09:12:37","modified_gmt":"2026-03-12T08:12:37","slug":"igualdad","status":"publish","type":"page","link":"https:\/\/blogsaverroes.juntadeandalucia.es\/granadaconvive\/igualdad\/","title":{"rendered":"Plan de igualdad de g\u00e9nero en educaci\u00f3n de Andaluc\u00eda"},"content":{"rendered":"<p data-start=\"469\" data-end=\"524\"><strong data-start=\"469\" data-end=\"522\">Buenas pr\u00e1cticas y recursos de centros educativos<\/strong><\/p>\n<p data-start=\"531\" data-end=\"800\">En este espacio se recopilan enlaces a p\u00e1ginas web, blogs y otros recursos digitales de centros educativos de la provincia de Granada que desarrollan actuaciones, proyectos y experiencias vinculadas al Plan de igualdad de g\u00e9nero en educaci\u00f3n de Andaluc\u00eda<\/p>\n<p data-start=\"807\" data-end=\"969\">El objetivo de este apartado es visibilizar buenas pr\u00e1cticas, facilitar el intercambio de experiencias y ofrecer referencias \u00fatiles para la comunidad educativa.<\/p>\n<p data-start=\"976\" data-end=\"1068\">La relaci\u00f3n de centros se actualizar\u00e1 peri\u00f3dicamente a partir de las aportaciones recibidas.<\/p>\n<p data-start=\"976\" data-end=\"1068\"><em>La inclusi\u00f3n de enlaces en este espacio tiene car\u00e1cter informativo y no implica valoraci\u00f3n institucional de los contenidos publicados por los centros educativos.<\/em><\/p>\n<p><strong>ALBOLOTE<\/strong><\/p>\n<p><a href=\"https:\/\/sites.google.com\/ceipabadia.es\/abadia\/abadia-en-violeta\" target=\"_blank\" rel=\"noopener\">CEIP Abad\u00eda<\/a><\/p>\n<p><strong>ARMILLA<\/strong><\/p>\n<p><a href=\"https:\/\/tgpreviolenciagenero.blogspot.com\/\" target=\"_blank\" rel=\"noopener\">CEIP Armilla<\/a><\/p>\n<p><strong>ATARFE:<\/strong><\/p>\n<p><a href=\"http:\/\/igualdadmedina.blogspot.com\/\" target=\"_blank\" rel=\"noopener\">CEIP Medina Elvira<\/a><\/p>\n<p><strong>BELICENA<\/strong><\/p>\n<p><a href=\"https:\/\/laalmohada-convivenciaigualdad.blogspot.com\/\" target=\"_blank\" rel=\"noopener\">CEIP La Almohada<\/a><\/p>\n<p><strong>BENAL\u00daA<\/strong><\/p>\n<p><a href=\"https:\/\/www.facebook.com\/permalink.php?story_fbid=pfbid0UGmPKmZxZaiSK2WaxVWwcd1LYC7abyc6VCZsw2f4pzfWcGa9w4V7ky7Qba3H3T5zl&amp;id=100072251744260\" target=\"_blank\" rel=\"noopener\">CEIP Benal\u00faa<\/a><\/p>\n<p><strong>CHURRIANA DE LA VEGA<\/strong><\/p>\n<p><a href=\"https:\/\/share.google\/Xog7rL9ZyaIsfGQNG\" target=\"_blank\" rel=\"noopener\">EI Arco Iris<\/a><\/p>\n<p><strong>COGOLLOS VEGA<\/strong><\/p>\n<p><a href=\"https:\/\/padlet.com\/EliseFayard\/2025-2026-iguales-en-derechos-diversos-en-esencia-construyen-zsru7dsxdfhc6nvi\" target=\"_blank\" rel=\"noopener\">IES Emilio Mu\u00f1oz<\/a><\/p>\n<p><strong>D\u00daRCAL<\/strong><\/p>\n<p><a href=\"https:\/\/ceipdurcaleras.blogspot.com\/search\/label\/PLAN%20DE%20IGUALDAD\" target=\"_blank\" rel=\"noopener\">CEIP Maestro Manuel Morales<\/a><\/p>\n<p><strong>FUENTE VAQUEROS<\/strong><\/p>\n<p><a href=\"https:\/\/www.youtube.com\/watch?v=hHGRuHRKJHY\" target=\"_blank\" rel=\"noopener\">IES Fernando de los R\u00edos<\/a><\/p>\n<p><strong>GRANADA:<\/strong><\/p>\n<p><a href=\"https:\/\/iescartujapactodeestado.blogspot.com\/\" target=\"_blank\" rel=\"noopener\">IES Cartuja<\/a><\/p>\n<p><a href=\"https:\/\/igualdadiesayala.blogspot.com\/?m=1\" target=\"_blank\" rel=\"noopener\">IES Francisco Ayala<\/a><\/p>\n<p><a href=\"https:\/\/sites.google.com\/g.educaand.es\/espacio-coeducativo-soto\/inicio\" target=\"_blank\" rel=\"noopener\">IES Pedro Soto de Rojas<\/a><\/p>\n<p><a href=\"https:\/\/www.ieshlanz.es\/fondo-de-exposiciones\/\" target=\"_blank\" rel=\"noopener\">IES Polit\u00e9cnico Hermenegildo Lanz<\/a><\/p>\n<p><a href=\"https:\/\/www.instagram.com\/ceipemv_igualdad?igsh=MjIzaWtlZ3V2Z3Rt&amp;utm_source=qr\" target=\"_blank\" rel=\"noopener\">CEIP Elena Mart\u00edn Vivaldi<\/a><\/p>\n<p><a href=\"https:\/\/ceipalcazabagr.blogspot.com\/\" target=\"_blank\" rel=\"noopener\">CEIP Alcazaba<\/a><\/p>\n<p><a href=\"https:\/\/blogsaverroes.juntadeandalucia.es\/ceipgenil\/pacto-de-estado-contra-la-violencia-de-genero\/\" target=\"_blank\" rel=\"noopener\">CEIP Genil<\/a><\/p>\n<p><strong>GUADIX<\/strong><\/p>\n<p><a href=\"https:\/\/www.instagram.com\/escueladeartedeguadix\/?hl=es\" target=\"_blank\" rel=\"noopener\">Escuela de Arte<\/a><\/p>\n<p><strong>HU\u00c9SCAR<\/strong><\/p>\n<p><a href=\"https:\/\/www.igualdadieslasagra.es\/inicio\" target=\"_blank\" rel=\"noopener\">IES La Sagra<\/a><\/p>\n<p><strong>JAYENA<\/strong><\/p>\n<p><a href=\"https:\/\/blogsaverroes.juntadeandalucia.es\/ceipvirgendelrosario\/https:\/blogsaverroes.juntadeandalucia.es\/ceipvirgendelrosario\/aula-violeta\/\" target=\"_blank\" rel=\"noopener\">CEIP Virgen del Rosario<\/a><\/p>\n<p><strong>LA ZUBIA<\/strong><\/p>\n<p><a href=\"https:\/\/www.instagram.com\/ceip_al_zawiya?igsh=MXdxN3c3MnUyMXR0MA==l\" target=\"_blank\" rel=\"noopener\">CEIP AL-ZAWIYA<\/a><\/p>\n<p><a href=\"https:\/\/sites.google.com\/g.educaand.es\/ceip-tierno-galvan-la-zubia\/igualdad-de-g%C3%A9nero?authuser=0\" target=\"_blank\" rel=\"noopener\">CEIP Enrique Tierno Galv\u00e1n<\/a><\/p>\n<p><strong>MONTEFR\u00cdO<\/strong><\/p>\n<p><a href=\"https:\/\/sites.google.com\/g.educaand.es\/corazones-violetas\/inicio\" target=\"_blank\" rel=\"noopener\">CEPER Ventura Rodr\u00edguez<\/a><\/p>\n<p><strong>MORALEDA DE ZAFAYONA<\/strong><\/p>\n<p><a href=\"https:\/\/www.instagram.com\/iesmanuelcanadas.moraleda\" target=\"_blank\" rel=\"noopener\">IES Manuel Ca\u00f1adas<\/a><\/p>\n<p><strong>MOTRIL<\/strong><\/p>\n<p><a href=\"https:\/\/www.colegioarcoirismotril.es\/\" target=\"_blank\" rel=\"noopener\">CEIP Arco Iris<\/a><\/p>\n<p><a href=\"https:\/\/blogsaverroes.juntadeandalucia.es\/cprlospinares\/2025\/12\/04\/20-de-noviembre-dia-de-la-infancia-25-de-noviembre-dia-internacional-contra-la-violencia-de-genero\/\" target=\"_blank\" rel=\"noopener\">CEIP Pr\u00edncipe Felipe<\/a><\/p>\n<p><a href=\"https:\/\/eoimotril.org\/escuela__trashed\/elementor-13549\/\" target=\"_blank\" rel=\"noopener\">EOI Motril<\/a><\/p>\n<p><a href=\"https:\/\/drive.google.com\/file\/d\/1ACh8HddM7cfAXH8aRo9g2xOmxZoUEuCw\/view\" target=\"_blank\" rel=\"noopener\">CEIP San Antonio<\/a><\/p>\n<p><strong>PE\u00d1UELAS<\/strong><\/p>\n<p><a href=\"https:\/\/blogsaverroes.juntadeandalucia.es\/cprlospinares\/2025\/12\/04\/20-de-noviembre-dia-de-la-infancia-25-de-noviembre-dia-internacional-contra-la-violencia-de-genero\/\" target=\"_blank\" rel=\"noopener\">CPR Los Pinares<\/a><\/p>\n<p><strong>PINOS PUENTE<\/strong><\/p>\n<p><a href=\"https:\/\/sites.google.com\/iescerroinfantes.es\/iescerrodelosinfantespinospuen\/inicio\" target=\"_blank\" rel=\"noopener\">IES Cerro de los Infantes<\/a><\/p>\n<p><strong>OTURA<\/strong><\/p>\n<p><a href=\"https:\/\/www.instagram.com\/iesescultorsanchezmesa\/?hl=es\" target=\"_blank\" rel=\"noopener\">IES Escultor S\u00e1nchez Mesa<\/a><\/p>\n<p><strong>TORRE CARDELA<\/strong><\/p>\n<p><a href=\"https:\/\/www.facebook.com\/ceipcristodelaexpiracion.torrecadela\" target=\"_blank\" rel=\"noopener\">CEIP Cristo de la Expiraci\u00f3n<\/a><\/p>\n<p><strong>VILLANUEVA MESIA<\/strong><\/p>\n<p><a href=\"https:\/\/photos.google.com\/share\/AF1QipN8QTH7MYjQOxkcSjKDsmoFZhMDludDPEAAIdYJISbOE1IEHzkKzbXRRYbB8x3HKw?key=OExzbUlLNXBKUU9wUmVKUlBVTmJiZkhGYlhmbThB\" target=\"_blank\" rel=\"noopener\">CEIP Alamedas del Genil<\/a><\/p>\n<p>&nbsp;<\/p>\n<p>&nbsp;<\/p>\n","protected":false},"excerpt":{"rendered":"<p>Buenas pr\u00e1cticas y recursos de centros educativos En este espacio se recopilan enlaces a p\u00e1ginas web, blogs y otros recursos digitales de centros educativos de la provincia de Granada que desarrollan actuaciones, proyectos y&#46;&#46;&#46;<\/p>\n","protected":false},"author":12581,"featured_media":0,"parent":0,"menu_order":0,"comment_status":"closed","ping_status":"closed","template":"","meta":{"footnotes":""},"aioseo_notices":[],"_links":{"self":[{"href":"https:\/\/blogsaverroes.juntadeandalucia.es\/granadaconvive\/wp-json\/wp\/v2\/pages\/666"}],"collection":[{"href":"https:\/\/blogsaverroes.juntadeandalucia.es\/granadaconvive\/wp-json\/wp\/v2\/pages"}],"about":[{"href":"https:\/\/blogsaverroes.juntadeandalucia.es\/granadaconvive\/wp-json\/wp\/v2\/types\/page"}],"author":[{"embeddable":true,"href":"https:\/\/blogsaverroes.juntadeandalucia.es\/granadaconvive\/wp-json\/wp\/v2\/users\/12581"}],"replies":[{"embeddable":true,"href":"https:\/\/blogsaverroes.juntadeandalucia.es\/granadaconvive\/wp-json\/wp\/v2\/comments?post=666"}],"version-history":[{"count":29,"href":"https:\/\/blogsaverroes.juntadeandalucia.es\/granadaconvive\/wp-json\/wp\/v2\/pages\/666\/revisions"}],"predecessor-version":[{"id":823,"href":"https:\/\/blogsaverroes.juntadeandalucia.es\/granadaconvive\/wp-json\/wp\/v2\/pages\/666\/revisions\/823"}],"wp:attachment":[{"href":"https:\/\/blogsaverroes.juntadeandalucia.es\/granadaconvive\/wp-json\/wp\/v2\/media?parent=666"}],"curies":[{"name":"wp","href":"https:\/\/api.w.org\/{rel}","templated":true}]}}