{"id":108,"date":"2022-11-06T21:26:18","date_gmt":"2022-11-06T21:26:18","guid":{"rendered":"https:\/\/blogsaverroes.juntadeandalucia.es\/granadainfantil\/?page_id=108"},"modified":"2022-11-08T12:57:33","modified_gmt":"2022-11-08T12:57:33","slug":"datos-del-cep-baza","status":"publish","type":"page","link":"https:\/\/blogsaverroes.juntadeandalucia.es\/granadainfantil\/datos-del-cep-baza\/","title":{"rendered":"Datos del CEP Baza"},"content":{"rendered":"<p><iframe src=\"https:\/\/www.google.com\/maps\/embed?pb=!1m14!1m8!1m3!1d3166.0856858693896!2d-2.7655424!3d37.4823043!3m2!1i1024!2i768!4f13.1!3m3!1m2!1s0x0%3A0x8c2cf9ad526e9d76!2sCentro%20P%C3%BAblico%20del%20Profesorado%20Baza!5e0!3m2!1ses!2ses!4v1667912097217!5m2!1ses!2ses\" width=\"400\" height=\"300\"><\/iframe><\/p>\n<p><strong>CEP de Baza<\/strong><\/p>\n<p>Calle Jabalc\u00f3n, s\/n, 18800 Baza (Granada)<\/p>\n<p>(+34) 958869598\/192598\/677908005<\/p>\n<p><strong>Horario de apertura:<\/strong><\/p>\n<p>Lunes a jueves de 9:00 a 14:00 horas y de 16:00a 20:00<\/p>\n<p>Viernes de 09:00 a 14:00<\/p>\n<p><strong>Historia del CEP<\/strong><\/p>\n<p>La ciudad de Baza se encuentra situada al norte de la provincia de Granada, de cuya capital dista 107 km., limitando al oeste y este respectivamente, con las provincias de Ja\u00e9n y Almer\u00eda.<\/p>\n<p>&nbsp;&nbsp;&nbsp;&nbsp;&nbsp;&nbsp;&nbsp;&nbsp;&nbsp;&nbsp;&nbsp; Granada est\u00e1 dividida en 4 zonas seg\u00fan se establece en el Anexo III del Decreto 93\/2013. El \u00e1mbito de actuaci\u00f3n del Centro del Profesorado de Baza se extiende por la zona Norte de la provincia, incluyendo la comarca de Hu\u00e9scar y Baza.&nbsp;<\/p>\n<p>Hay una gran variedad de centros dentro de la zona CEP (comarcas de Baza y Hu\u00e9scar), con Institutos de Ense\u00f1anza Secundaria, colegios de Infantil y Primaria, algunos de ellos con el primer ciclo de secundaria, Colegios Rurales, UNED, Conservatorio Profesional de M\u00fasica de Baza, Escuela Oficial de Idiomas, Escuelas Infantiles, Centros de Educaci\u00f3n &nbsp;Permanente&nbsp;y dos Equipos de Orientaci\u00f3n Educativa.<\/p>\n<p>&nbsp;&nbsp;&nbsp;&nbsp;&nbsp;&nbsp;&nbsp;&nbsp;&nbsp;&nbsp;&nbsp; &nbsp;Los centros que componen el \u00e1mbito del&nbsp; C.E.P.&nbsp; GRANADA 4&nbsp; -BAZA- son 64.<\/p>\n<p>&nbsp;<\/p>\n","protected":false},"excerpt":{"rendered":"<p>CEP de Baza Calle Jabalc\u00f3n, s\/n, 18800 Baza (Granada) (+34) 958869598\/192598\/677908005 Horario de apertura: Lunes a jueves de 9:00 a 14:00 horas y de 16:00a 20:00 Viernes de 09:00 a 14:00 Historia del CEP&#46;&#46;&#46;<\/p>\n","protected":false},"author":6066,"featured_media":0,"parent":0,"menu_order":0,"comment_status":"closed","ping_status":"closed","template":"","meta":{"ngg_post_thumbnail":0,"footnotes":""},"aioseo_notices":[],"_links":{"self":[{"href":"https:\/\/blogsaverroes.juntadeandalucia.es\/granadainfantil\/wp-json\/wp\/v2\/pages\/108"}],"collection":[{"href":"https:\/\/blogsaverroes.juntadeandalucia.es\/granadainfantil\/wp-json\/wp\/v2\/pages"}],"about":[{"href":"https:\/\/blogsaverroes.juntadeandalucia.es\/granadainfantil\/wp-json\/wp\/v2\/types\/page"}],"author":[{"embeddable":true,"href":"https:\/\/blogsaverroes.juntadeandalucia.es\/granadainfantil\/wp-json\/wp\/v2\/users\/6066"}],"replies":[{"embeddable":true,"href":"https:\/\/blogsaverroes.juntadeandalucia.es\/granadainfantil\/wp-json\/wp\/v2\/comments?post=108"}],"version-history":[{"count":4,"href":"https:\/\/blogsaverroes.juntadeandalucia.es\/granadainfantil\/wp-json\/wp\/v2\/pages\/108\/revisions"}],"predecessor-version":[{"id":144,"href":"https:\/\/blogsaverroes.juntadeandalucia.es\/granadainfantil\/wp-json\/wp\/v2\/pages\/108\/revisions\/144"}],"wp:attachment":[{"href":"https:\/\/blogsaverroes.juntadeandalucia.es\/granadainfantil\/wp-json\/wp\/v2\/media?parent=108"}],"curies":[{"name":"wp","href":"https:\/\/api.w.org\/{rel}","templated":true}]}}