{"id":118,"date":"2022-11-06T21:39:16","date_gmt":"2022-11-06T21:39:16","guid":{"rendered":"https:\/\/blogsaverroes.juntadeandalucia.es\/granadainfantil\/?page_id=118"},"modified":"2023-03-06T11:07:19","modified_gmt":"2023-03-06T11:07:19","slug":"datos-del-cep-motril","status":"publish","type":"page","link":"https:\/\/blogsaverroes.juntadeandalucia.es\/granadainfantil\/datos-del-cep-motril\/","title":{"rendered":"Datos del  CEP Motril"},"content":{"rendered":"\t\t<div data-elementor-type=\"wp-page\" data-elementor-id=\"118\" class=\"elementor elementor-118\">\n\t\t\t\t\t\t<section class=\"elementor-section elementor-top-section elementor-element elementor-element-f279f36 elementor-section-boxed elementor-section-height-default elementor-section-height-default\" data-id=\"f279f36\" data-element_type=\"section\">\n\t\t\t\t\t\t<div class=\"elementor-container elementor-column-gap-default\">\n\t\t\t\t\t<div class=\"elementor-column elementor-col-100 elementor-top-column elementor-element elementor-element-f66bd40\" data-id=\"f66bd40\" data-element_type=\"column\">\n\t\t\t<div class=\"elementor-widget-wrap elementor-element-populated\">\n\t\t\t\t\t\t<div class=\"elementor-element elementor-element-ae8f7b5 elementor-widget elementor-widget-google_maps\" data-id=\"ae8f7b5\" data-element_type=\"widget\" data-widget_type=\"google_maps.default\">\n\t\t\t\t<div class=\"elementor-widget-container\">\n\t\t\t\t\t\t\t<div class=\"elementor-custom-embed\">\n\t\t\t<iframe loading=\"lazy\"\n\t\t\t\t\tsrc=\"https:\/\/maps.google.com\/maps?q=centro%20del%20profesorado%20de%20Motril&#038;t=m&#038;z=10&#038;output=embed&#038;iwloc=near\"\n\t\t\t\t\ttitle=\"centro del profesorado de Motril\"\n\t\t\t\t\taria-label=\"centro del profesorado de Motril\"\n\t\t\t><\/iframe>\n\t\t<\/div>\n\t\t\t\t\t\t<\/div>\n\t\t\t\t<\/div>\n\t\t\t\t\t<\/div>\n\t\t<\/div>\n\t\t\t\t\t<\/div>\n\t\t<\/section>\n\t\t\t\t<section class=\"elementor-section elementor-top-section elementor-element elementor-element-b760492 elementor-section-boxed elementor-section-height-default elementor-section-height-default\" data-id=\"b760492\" data-element_type=\"section\">\n\t\t\t\t\t\t<div class=\"elementor-container elementor-column-gap-default\">\n\t\t\t\t\t<div class=\"elementor-column elementor-col-100 elementor-top-column elementor-element elementor-element-39847ed\" data-id=\"39847ed\" data-element_type=\"column\">\n\t\t\t<div class=\"elementor-widget-wrap elementor-element-populated\">\n\t\t\t\t\t\t<div class=\"elementor-element elementor-element-870dfa1 elementor-widget elementor-widget-text-editor\" data-id=\"870dfa1\" data-element_type=\"widget\" data-widget_type=\"text-editor.default\">\n\t\t\t\t<div class=\"elementor-widget-container\">\n\t\t\t\t\t\t\t\t\t<p style=\"font-style: normal;font-weight: 300;font-size: 23.58px;font-family: 'Source Sans Pro', Arial, sans-serif;color: #666666\"><span style=\"font-weight: 600;font-family: 'book antiqua', palatino, serif;font-size: 18pt\">CEP de Motril<\/span><\/p><p style=\"font-style: normal;font-weight: 300;font-size: 23.58px;font-family: 'Source Sans Pro', Arial, sans-serif;color: #666666\"><span style=\"font-family: 'book antiqua', palatino, serif;font-size: 18pt\">Plaza de la Libertad, n\u00ba1\u00a0 18006 Motril (Granada)<\/span><\/p><p style=\"font-style: normal;font-weight: 300;font-size: 23.58px;font-family: 'Source Sans Pro', Arial, sans-serif;color: #666666\"><span style=\"font-family: 'book antiqua', palatino, serif;font-size: 18pt\">(+34) 958649230\/31\u00a0 \u00a0199230\/31\u00a0 \u00a0 \u00a0\u00a0<\/span><\/p><p style=\"font-style: normal;font-weight: 300;font-size: 23.58px;font-family: 'Source Sans Pro', Arial, sans-serif;color: #666666\"><span style=\"font-weight: 600;font-family: 'book antiqua', palatino, serif;font-size: 18pt\">Horario de apertura:<\/span><\/p><p style=\"font-style: normal;font-weight: 300;font-size: 23.58px;font-family: 'Source Sans Pro', Arial, sans-serif;color: #666666\"><span style=\"font-family: 'book antiqua', palatino, serif;font-size: 18pt\">Lunes a jueves de 9:00 a 14:00 horas y de 16:00a 20:00<\/span><\/p><p style=\"font-style: normal;font-weight: 300;font-size: 23.58px;font-family: 'Source Sans Pro', Arial, sans-serif;color: #666666\"><span style=\"font-family: 'book antiqua', palatino, serif;font-size: 18pt\">Viernes de 09:00 a 14:00<\/span><\/p><p style=\"font-style: normal;font-weight: 300;font-size: 23.58px;font-family: 'Source Sans Pro', Arial, sans-serif;color: #666666\"><span style=\"font-size: 18pt;font-family: 'book antiqua', palatino, serif\"><span style=\"font-weight: 600\">El CEP de Motril<\/span><\/span><\/p><p style=\"text-align: justify;line-height: normal\"><span style=\"font-size: 18pt;font-family: 'book antiqua', palatino, serif\">\u00a0 El Centro de Profesorado \u201cGranada 2\u201d est\u00e1 situado en la localidad de Motril, compartiendo edificio con el Centro de Educaci\u00f3n Permanente. <\/span><\/p><p style=\"text-align: justify;line-height: normal\"><span style=\"font-size: 18pt;font-family: 'book antiqua', palatino, serif\">\u00a0 \u00a0 Es uno de los cuatro CEPs distribuidos por la provincia de Granada, cuyo \u00e1mbito de actuaci\u00f3n se circunscribe a las comarcas de la Costa de Granada, Alpujarras y Valle de Lecr\u00edn.<\/span><\/p><p style=\"text-align: justify;line-height: normal\"><span style=\"font-family: 'book antiqua', palatino, serif;font-size: 18pt\"><span style=\"line-height: 115%\">\u00a0 \u00a0 El \u00e1mbito de actuaci\u00f3n del CEP de Motril se divide en un espacio geogr\u00e1fico variado, por ello, est\u00e1 subdividido en 7 zonas cuyas cabeceras son: Almu\u00f1ecar, Motril, D\u00farcal, Ug\u00edjar, Salobre\u00f1a, Albu\u00f1ol y \u00d3rgiva.<\/span><\/span><\/p>\t\t\t\t\t\t\t\t<\/div>\n\t\t\t\t<\/div>\n\t\t\t\t\t<\/div>\n\t\t<\/div>\n\t\t\t\t\t<\/div>\n\t\t<\/section>\n\t\t\t\t<\/div>\n\t\t","protected":false},"excerpt":{"rendered":"<p>CEP de Motril Plaza de la Libertad, n\u00ba1\u00a0 18006 Motril (Granada) (+34) 958649230\/31\u00a0 \u00a0199230\/31\u00a0 \u00a0 \u00a0\u00a0 Horario de apertura: Lunes a jueves de 9:00 a 14:00 horas y de 16:00a 20:00 Viernes de 09:00&#46;&#46;&#46;<\/p>\n","protected":false},"author":6066,"featured_media":0,"parent":0,"menu_order":0,"comment_status":"closed","ping_status":"closed","template":"","meta":{"ngg_post_thumbnail":0,"footnotes":""},"aioseo_notices":[],"_links":{"self":[{"href":"https:\/\/blogsaverroes.juntadeandalucia.es\/granadainfantil\/wp-json\/wp\/v2\/pages\/118"}],"collection":[{"href":"https:\/\/blogsaverroes.juntadeandalucia.es\/granadainfantil\/wp-json\/wp\/v2\/pages"}],"about":[{"href":"https:\/\/blogsaverroes.juntadeandalucia.es\/granadainfantil\/wp-json\/wp\/v2\/types\/page"}],"author":[{"embeddable":true,"href":"https:\/\/blogsaverroes.juntadeandalucia.es\/granadainfantil\/wp-json\/wp\/v2\/users\/6066"}],"replies":[{"embeddable":true,"href":"https:\/\/blogsaverroes.juntadeandalucia.es\/granadainfantil\/wp-json\/wp\/v2\/comments?post=118"}],"version-history":[{"count":22,"href":"https:\/\/blogsaverroes.juntadeandalucia.es\/granadainfantil\/wp-json\/wp\/v2\/pages\/118\/revisions"}],"predecessor-version":[{"id":383,"href":"https:\/\/blogsaverroes.juntadeandalucia.es\/granadainfantil\/wp-json\/wp\/v2\/pages\/118\/revisions\/383"}],"wp:attachment":[{"href":"https:\/\/blogsaverroes.juntadeandalucia.es\/granadainfantil\/wp-json\/wp\/v2\/media?parent=118"}],"curies":[{"name":"wp","href":"https:\/\/api.w.org\/{rel}","templated":true}]}}