{"id":120,"date":"2022-11-06T21:40:02","date_gmt":"2022-11-06T21:40:02","guid":{"rendered":"https:\/\/blogsaverroes.juntadeandalucia.es\/granadainfantil\/?page_id=120"},"modified":"2023-03-05T17:26:09","modified_gmt":"2023-03-05T17:26:09","slug":"asesoria-e-infantil-cep-guadix","status":"publish","type":"page","link":"https:\/\/blogsaverroes.juntadeandalucia.es\/granadainfantil\/asesoria-e-infantil-cep-guadix\/","title":{"rendered":"Asesor\u00eda E. Infantil CEP Guadix"},"content":{"rendered":"<p><span style=\"font-family: helvetica, arial, sans-serif;font-size: 24pt;color: #00ccff\">Asesor\u00eda de Educaci\u00f3n <\/span><span style=\"font-family: helvetica, arial, sans-serif;font-size: 24pt;color: #00ccff\">Infantil CEP de Guadix<\/span><\/p>\n<p><img decoding=\"async\" class=\"wp-image-266 alignnone\" src=\"https:\/\/blogsaverroes.juntadeandalucia.es\/granadainfantil\/files\/2023\/03\/FOTO-BLOG-174x300.jpg\" alt=\"\" width=\"123\" height=\"213\" srcset=\"https:\/\/blogsaverroes.juntadeandalucia.es\/granadainfantil\/files\/2023\/03\/FOTO-BLOG-174x300.jpg 174w, https:\/\/blogsaverroes.juntadeandalucia.es\/granadainfantil\/files\/2023\/03\/FOTO-BLOG-594x1024.jpg 594w, https:\/\/blogsaverroes.juntadeandalucia.es\/granadainfantil\/files\/2023\/03\/FOTO-BLOG.jpg 743w\" sizes=\"(max-width: 123px) 100vw, 123px\" \/><\/p>\n<p><span style=\"font-family: helvetica, arial, sans-serif\"><strong>M\u00aa \u00c1ngeles V\u00edlchez Vera<\/strong><\/span><\/p>\n<p><span style=\"font-family: helvetica, arial, sans-serif\">Tel\u00e9fono: M\u00f3vil: 671566982 corporativo: 766982.<\/span><\/p>\n<p><span style=\"font-family: helvetica, arial, sans-serif\"><a href=\"mailto:mariaa.vilchez.edu@juntadeandalucia.es\">mariaa.vilchez.edu@juntadeandalucia.es<\/a><\/span><\/p>\n<p><span style=\"font-family: helvetica, arial, sans-serif\"><a href=\"mailto:mvilver674@g.educaand.es\">mvilver674@g.educaand.es<\/a><\/span><\/p>\n<p>&nbsp;<\/p>\n<p>&nbsp;<\/p>\n","protected":false},"excerpt":{"rendered":"<p>Asesor\u00eda de Educaci\u00f3n Infantil CEP de Guadix M\u00aa \u00c1ngeles V\u00edlchez Vera Tel\u00e9fono: M\u00f3vil: 671566982 corporativo: 766982. mariaa.vilchez.edu@juntadeandalucia.es mvilver674@g.educaand.es &nbsp; &nbsp;<\/p>\n","protected":false},"author":6066,"featured_media":0,"parent":0,"menu_order":0,"comment_status":"closed","ping_status":"closed","template":"","meta":{"ngg_post_thumbnail":0,"footnotes":""},"aioseo_notices":[],"_links":{"self":[{"href":"https:\/\/blogsaverroes.juntadeandalucia.es\/granadainfantil\/wp-json\/wp\/v2\/pages\/120"}],"collection":[{"href":"https:\/\/blogsaverroes.juntadeandalucia.es\/granadainfantil\/wp-json\/wp\/v2\/pages"}],"about":[{"href":"https:\/\/blogsaverroes.juntadeandalucia.es\/granadainfantil\/wp-json\/wp\/v2\/types\/page"}],"author":[{"embeddable":true,"href":"https:\/\/blogsaverroes.juntadeandalucia.es\/granadainfantil\/wp-json\/wp\/v2\/users\/6066"}],"replies":[{"embeddable":true,"href":"https:\/\/blogsaverroes.juntadeandalucia.es\/granadainfantil\/wp-json\/wp\/v2\/comments?post=120"}],"version-history":[{"count":4,"href":"https:\/\/blogsaverroes.juntadeandalucia.es\/granadainfantil\/wp-json\/wp\/v2\/pages\/120\/revisions"}],"predecessor-version":[{"id":270,"href":"https:\/\/blogsaverroes.juntadeandalucia.es\/granadainfantil\/wp-json\/wp\/v2\/pages\/120\/revisions\/270"}],"wp:attachment":[{"href":"https:\/\/blogsaverroes.juntadeandalucia.es\/granadainfantil\/wp-json\/wp\/v2\/media?parent=120"}],"curies":[{"name":"wp","href":"https:\/\/api.w.org\/{rel}","templated":true}]}}