{"id":64,"date":"2022-10-19T11:22:12","date_gmt":"2022-10-19T11:22:12","guid":{"rendered":"https:\/\/blogsaverroes.juntadeandalucia.es\/granadainfantil\/?page_id=64"},"modified":"2023-03-06T15:57:40","modified_gmt":"2023-03-06T15:57:40","slug":"cursos-cep-guadix","status":"publish","type":"page","link":"https:\/\/blogsaverroes.juntadeandalucia.es\/granadainfantil\/cursos-cep-guadix\/","title":{"rendered":"Cursos CEP GUADIX"},"content":{"rendered":"<div class=\"pt-cv-wrapper\"><div class=\"pt-cv-view pt-cv-grid pt-cv-colsys\" id=\"pt-cv-view-5c1c71adfg\"><div data-id=\"pt-cv-page-1\" class=\"pt-cv-page\" data-cvc=\"2\"><div class=\"col-md-6 col-sm-6 col-xs-12 pt-cv-content-item pt-cv-1-col\" ><div class='pt-cv-ifield'><a href=\"https:\/\/blogsaverroes.juntadeandalucia.es\/granadainfantil\/2023\/11\/01\/situaciones-de-aprendizaje\/\" class=\"_self pt-cv-href-thumbnail pt-cv-thumb-default\" target=\"_self\" ><img fetchpriority=\"high\" decoding=\"async\" width=\"212\" height=\"300\" src=\"https:\/\/blogsaverroes.juntadeandalucia.es\/granadainfantil\/files\/2023\/12\/CARTEL_SITUACIONES-DE-APRENDIZAJE--212x300.png\" class=\"pt-cv-thumbnail\" alt=\"\" srcset=\"https:\/\/blogsaverroes.juntadeandalucia.es\/granadainfantil\/files\/2023\/12\/CARTEL_SITUACIONES-DE-APRENDIZAJE--212x300.png 212w, https:\/\/blogsaverroes.juntadeandalucia.es\/granadainfantil\/files\/2023\/12\/CARTEL_SITUACIONES-DE-APRENDIZAJE--724x1024.png 724w, https:\/\/blogsaverroes.juntadeandalucia.es\/granadainfantil\/files\/2023\/12\/CARTEL_SITUACIONES-DE-APRENDIZAJE--768x1086.png 768w, https:\/\/blogsaverroes.juntadeandalucia.es\/granadainfantil\/files\/2023\/12\/CARTEL_SITUACIONES-DE-APRENDIZAJE--1086x1536.png 1086w, https:\/\/blogsaverroes.juntadeandalucia.es\/granadainfantil\/files\/2023\/12\/CARTEL_SITUACIONES-DE-APRENDIZAJE--1448x2048.png 1448w, https:\/\/blogsaverroes.juntadeandalucia.es\/granadainfantil\/files\/2023\/12\/CARTEL_SITUACIONES-DE-APRENDIZAJE-.png 1587w\" sizes=\"(max-width: 212px) 100vw, 212px\" \/><\/a>\n<h4 class=\"pt-cv-title\"><a href=\"https:\/\/blogsaverroes.juntadeandalucia.es\/granadainfantil\/2023\/11\/01\/situaciones-de-aprendizaje\/\" class=\"_self\" target=\"_self\" >SITUACIONES DE APRENDIZAJE EN INFANTIL<\/a><\/h4>\n<div class=\"pt-cv-content\"> ...<br \/><div class=\"pt-cv-rmwrap\"><a href=\"https:\/\/blogsaverroes.juntadeandalucia.es\/granadainfantil\/2023\/11\/01\/situaciones-de-aprendizaje\/\" class=\"_self pt-cv-readmore btn btn-success\" target=\"_self\">Leer M\u00e1s<\/a><\/div><\/div><\/div><\/div>\n<div class=\"col-md-6 col-sm-6 col-xs-12 pt-cv-content-item pt-cv-1-col\" ><div class='pt-cv-ifield'><a href=\"https:\/\/blogsaverroes.juntadeandalucia.es\/granadainfantil\/2023\/10\/10\/red-infantil-0-3-guadix\/\" class=\"_self pt-cv-href-thumbnail pt-cv-thumb-default\" target=\"_self\" ><img decoding=\"async\" width=\"169\" height=\"300\" src=\"https:\/\/blogsaverroes.juntadeandalucia.es\/granadainfantil\/files\/2023\/12\/INFANTIL-0-3-Proyecto-educativo-2-169x300.png\" class=\"pt-cv-thumbnail\" alt=\"\" srcset=\"https:\/\/blogsaverroes.juntadeandalucia.es\/granadainfantil\/files\/2023\/12\/INFANTIL-0-3-Proyecto-educativo-2-169x300.png 169w, https:\/\/blogsaverroes.juntadeandalucia.es\/granadainfantil\/files\/2023\/12\/INFANTIL-0-3-Proyecto-educativo-2-576x1024.png 576w, https:\/\/blogsaverroes.juntadeandalucia.es\/granadainfantil\/files\/2023\/12\/INFANTIL-0-3-Proyecto-educativo-2-768x1365.png 768w, https:\/\/blogsaverroes.juntadeandalucia.es\/granadainfantil\/files\/2023\/12\/INFANTIL-0-3-Proyecto-educativo-2-864x1536.png 864w, https:\/\/blogsaverroes.juntadeandalucia.es\/granadainfantil\/files\/2023\/12\/INFANTIL-0-3-Proyecto-educativo-2.png 1080w\" sizes=\"(max-width: 169px) 100vw, 169px\" \/><\/a>\n<h4 class=\"pt-cv-title\"><a href=\"https:\/\/blogsaverroes.juntadeandalucia.es\/granadainfantil\/2023\/10\/10\/red-infantil-0-3-guadix\/\" class=\"_self\" target=\"_self\" >RED INFANTIL 0-3 GUADIX<\/a><\/h4>\n<div class=\"pt-cv-content\">Con el desarrollo de este curso se plantea como finalidad principal proporcionar las herramientas b\u00e1sicas necesarias para la elaboraci\u00f3n y ...<br \/><div class=\"pt-cv-rmwrap\"><a href=\"https:\/\/blogsaverroes.juntadeandalucia.es\/granadainfantil\/2023\/10\/10\/red-infantil-0-3-guadix\/\" class=\"_self pt-cv-readmore btn btn-success\" target=\"_self\">Leer M\u00e1s<\/a><\/div><\/div><\/div><\/div>\n<div class=\"col-md-6 col-sm-6 col-xs-12 pt-cv-content-item pt-cv-1-col\" ><div class='pt-cv-ifield'><a href=\"https:\/\/blogsaverroes.juntadeandalucia.es\/granadainfantil\/2023\/04\/26\/motril-se-convierte-en-la-capital-de-la-educacion-infantil-con-el-ii-encuentro-de-formacion-del-profesorado\/\" class=\"_self pt-cv-href-thumbnail pt-cv-thumb-default\" target=\"_self\" ><img decoding=\"async\" width=\"300\" height=\"225\" src=\"https:\/\/blogsaverroes.juntadeandalucia.es\/granadainfantil\/files\/2023\/04\/9b822e1c-810c-4366-bb3b-6d68708d4221-300x225.jpg\" class=\"pt-cv-thumbnail\" alt=\"\" srcset=\"https:\/\/blogsaverroes.juntadeandalucia.es\/granadainfantil\/files\/2023\/04\/9b822e1c-810c-4366-bb3b-6d68708d4221-300x225.jpg 300w, https:\/\/blogsaverroes.juntadeandalucia.es\/granadainfantil\/files\/2023\/04\/9b822e1c-810c-4366-bb3b-6d68708d4221-768x576.jpg 768w, https:\/\/blogsaverroes.juntadeandalucia.es\/granadainfantil\/files\/2023\/04\/9b822e1c-810c-4366-bb3b-6d68708d4221.jpg 1024w\" sizes=\"(max-width: 300px) 100vw, 300px\" \/><\/a>\n<h4 class=\"pt-cv-title\"><a href=\"https:\/\/blogsaverroes.juntadeandalucia.es\/granadainfantil\/2023\/04\/26\/motril-se-convierte-en-la-capital-de-la-educacion-infantil-con-el-ii-encuentro-de-formacion-del-profesorado\/\" class=\"_self\" target=\"_self\" >Motril se convierte en la capital de la educaci\u00f3n infantil con el II Encuentro de Formaci\u00f3n del Profesorado<\/a><\/h4>\n<div class=\"pt-cv-content\">\u00a1Motril se convierte en la capital de la educaci\u00f3n infantil con el II Encuentro de Formaci\u00f3n del Profesorado de toda ...<br \/><div class=\"pt-cv-rmwrap\"><a href=\"https:\/\/blogsaverroes.juntadeandalucia.es\/granadainfantil\/2023\/04\/26\/motril-se-convierte-en-la-capital-de-la-educacion-infantil-con-el-ii-encuentro-de-formacion-del-profesorado\/\" class=\"_self pt-cv-readmore btn btn-success\" target=\"_self\">Leer M\u00e1s<\/a><\/div><\/div><\/div><\/div>\n<div class=\"col-md-6 col-sm-6 col-xs-12 pt-cv-content-item pt-cv-1-col\" ><div class='pt-cv-ifield'><a href=\"https:\/\/blogsaverroes.juntadeandalucia.es\/granadainfantil\/2023\/04\/21\/apego-y-regulacion-emocional-en-la-primera-infancia-0-a-3-anos\/\" class=\"_self pt-cv-href-thumbnail pt-cv-thumb-default\" target=\"_self\" ><img loading=\"lazy\" decoding=\"async\" width=\"300\" height=\"195\" src=\"https:\/\/blogsaverroes.juntadeandalucia.es\/granadainfantil\/files\/2023\/04\/APEGO-300x195.jpg\" class=\"pt-cv-thumbnail\" alt=\"\" srcset=\"https:\/\/blogsaverroes.juntadeandalucia.es\/granadainfantil\/files\/2023\/04\/APEGO-300x195.jpg 300w, https:\/\/blogsaverroes.juntadeandalucia.es\/granadainfantil\/files\/2023\/04\/APEGO.jpg 360w\" sizes=\"(max-width: 300px) 100vw, 300px\" \/><\/a>\n<h4 class=\"pt-cv-title\"><a href=\"https:\/\/blogsaverroes.juntadeandalucia.es\/granadainfantil\/2023\/04\/21\/apego-y-regulacion-emocional-en-la-primera-infancia-0-a-3-anos\/\" class=\"_self\" target=\"_self\" >APEGO Y REGULACI\u00d3N EMOCIONAL EN LA PRIMERA INFANCIA (0 A 3 A\u00d1OS)<\/a><\/h4>\n<div class=\"pt-cv-content\"> ...<br \/><div class=\"pt-cv-rmwrap\"><a href=\"https:\/\/blogsaverroes.juntadeandalucia.es\/granadainfantil\/2023\/04\/21\/apego-y-regulacion-emocional-en-la-primera-infancia-0-a-3-anos\/\" class=\"_self pt-cv-readmore btn btn-success\" target=\"_self\">Leer M\u00e1s<\/a><\/div><\/div><\/div><\/div>\n<div class=\"col-md-6 col-sm-6 col-xs-12 pt-cv-content-item pt-cv-1-col\" ><div class='pt-cv-ifield'><a href=\"https:\/\/blogsaverroes.juntadeandalucia.es\/granadainfantil\/2023\/04\/19\/ii-encuentro-provincial-de-educacion-infantil-0-6-anos\/\" class=\"_self pt-cv-href-thumbnail pt-cv-thumb-default\" target=\"_self\" ><img loading=\"lazy\" decoding=\"async\" width=\"300\" height=\"300\" src=\"https:\/\/blogsaverroes.juntadeandalucia.es\/granadainfantil\/files\/2023\/04\/II-ENCUENTRO-PROVINCIAL-DE-EDUCACI\u00d3N-INFANTIL-0-6-A\u00d1OS-post-300x300.png\" class=\"pt-cv-thumbnail\" alt=\"\" srcset=\"https:\/\/blogsaverroes.juntadeandalucia.es\/granadainfantil\/files\/2023\/04\/II-ENCUENTRO-PROVINCIAL-DE-EDUCACI\u00d3N-INFANTIL-0-6-A\u00d1OS-post-300x300.png 300w, https:\/\/blogsaverroes.juntadeandalucia.es\/granadainfantil\/files\/2023\/04\/II-ENCUENTRO-PROVINCIAL-DE-EDUCACI\u00d3N-INFANTIL-0-6-A\u00d1OS-post-1024x1024.png 1024w, https:\/\/blogsaverroes.juntadeandalucia.es\/granadainfantil\/files\/2023\/04\/II-ENCUENTRO-PROVINCIAL-DE-EDUCACI\u00d3N-INFANTIL-0-6-A\u00d1OS-post-150x150.png 150w, https:\/\/blogsaverroes.juntadeandalucia.es\/granadainfantil\/files\/2023\/04\/II-ENCUENTRO-PROVINCIAL-DE-EDUCACI\u00d3N-INFANTIL-0-6-A\u00d1OS-post-768x768.png 768w, https:\/\/blogsaverroes.juntadeandalucia.es\/granadainfantil\/files\/2023\/04\/II-ENCUENTRO-PROVINCIAL-DE-EDUCACI\u00d3N-INFANTIL-0-6-A\u00d1OS-post-80x80.png 80w, https:\/\/blogsaverroes.juntadeandalucia.es\/granadainfantil\/files\/2023\/04\/II-ENCUENTRO-PROVINCIAL-DE-EDUCACI\u00d3N-INFANTIL-0-6-A\u00d1OS-post-320x320.png 320w, https:\/\/blogsaverroes.juntadeandalucia.es\/granadainfantil\/files\/2023\/04\/II-ENCUENTRO-PROVINCIAL-DE-EDUCACI\u00d3N-INFANTIL-0-6-A\u00d1OS-post.png 1080w\" sizes=\"(max-width: 300px) 100vw, 300px\" \/><\/a>\n<h4 class=\"pt-cv-title\"><a href=\"https:\/\/blogsaverroes.juntadeandalucia.es\/granadainfantil\/2023\/04\/19\/ii-encuentro-provincial-de-educacion-infantil-0-6-anos\/\" class=\"_self\" target=\"_self\" >II ENCUENTRO PROVINCIAL DE EDUCACI\u00d3N INFANTIL 0-6 A\u00d1OS<\/a><\/h4>\n<div class=\"pt-cv-content\">Crearemos un lugar de encuentro, participaci\u00f3n y colaboraci\u00f3n de los profesionales de esta etapa educativa. Ampliaremos nuestra formaci\u00f3n en torno ...<br \/><div class=\"pt-cv-rmwrap\"><a href=\"https:\/\/blogsaverroes.juntadeandalucia.es\/granadainfantil\/2023\/04\/19\/ii-encuentro-provincial-de-educacion-infantil-0-6-anos\/\" class=\"_self pt-cv-readmore btn btn-success\" target=\"_self\">Leer M\u00e1s<\/a><\/div><\/div><\/div><\/div>\n<div class=\"col-md-6 col-sm-6 col-xs-12 pt-cv-content-item pt-cv-1-col\" ><div class='pt-cv-ifield'><a href=\"https:\/\/blogsaverroes.juntadeandalucia.es\/granadainfantil\/2023\/04\/13\/deteccion-signos-de-alerta-en-el-desarrollo-infantil-0-3\/\" class=\"_self pt-cv-href-thumbnail pt-cv-thumb-default\" target=\"_self\" ><img loading=\"lazy\" decoding=\"async\" width=\"212\" height=\"300\" src=\"https:\/\/blogsaverroes.juntadeandalucia.es\/granadainfantil\/files\/2023\/04\/AVFP-Signos-Alerta-212x300.jpeg\" class=\"pt-cv-thumbnail\" alt=\"\" srcset=\"https:\/\/blogsaverroes.juntadeandalucia.es\/granadainfantil\/files\/2023\/04\/AVFP-Signos-Alerta-212x300.jpeg 212w, https:\/\/blogsaverroes.juntadeandalucia.es\/granadainfantil\/files\/2023\/04\/AVFP-Signos-Alerta-724x1024.jpeg 724w, https:\/\/blogsaverroes.juntadeandalucia.es\/granadainfantil\/files\/2023\/04\/AVFP-Signos-Alerta-768x1086.jpeg 768w, https:\/\/blogsaverroes.juntadeandalucia.es\/granadainfantil\/files\/2023\/04\/AVFP-Signos-Alerta.jpeg 905w\" sizes=\"(max-width: 212px) 100vw, 212px\" \/><\/a>\n<h4 class=\"pt-cv-title\"><a href=\"https:\/\/blogsaverroes.juntadeandalucia.es\/granadainfantil\/2023\/04\/13\/deteccion-signos-de-alerta-en-el-desarrollo-infantil-0-3\/\" class=\"_self\" target=\"_self\" >DETECCI\u00d3N SIGNOS DE ALERTA EN EL DESARROLLO INFANTIL 0-3<\/a><\/h4>\n<div class=\"pt-cv-content\"> ...<br \/><div class=\"pt-cv-rmwrap\"><a href=\"https:\/\/blogsaverroes.juntadeandalucia.es\/granadainfantil\/2023\/04\/13\/deteccion-signos-de-alerta-en-el-desarrollo-infantil-0-3\/\" class=\"_self pt-cv-readmore btn btn-success\" target=\"_self\">Leer M\u00e1s<\/a><\/div><\/div><\/div><\/div>\n<div class=\"col-md-6 col-sm-6 col-xs-12 pt-cv-content-item pt-cv-1-col\" ><div class='pt-cv-ifield'><a href=\"https:\/\/blogsaverroes.juntadeandalucia.es\/granadainfantil\/2023\/04\/12\/la-musica-como-actividad-sociocultural-recursos-para-la-etapa-infantil\/\" class=\"_self pt-cv-href-thumbnail pt-cv-thumb-default\" target=\"_self\" ><img loading=\"lazy\" decoding=\"async\" width=\"169\" height=\"300\" src=\"https:\/\/blogsaverroes.juntadeandalucia.es\/granadainfantil\/files\/2023\/04\/LA-M\u00daSICA-COMO-ACTIVIDAD-SOCIOCULTURAL-RECURSOS-PARA-LA-ETAPA-INFANTIL-3-169x300.png\" class=\"pt-cv-thumbnail\" alt=\"\" srcset=\"https:\/\/blogsaverroes.juntadeandalucia.es\/granadainfantil\/files\/2023\/04\/LA-M\u00daSICA-COMO-ACTIVIDAD-SOCIOCULTURAL-RECURSOS-PARA-LA-ETAPA-INFANTIL-3-169x300.png 169w, https:\/\/blogsaverroes.juntadeandalucia.es\/granadainfantil\/files\/2023\/04\/LA-M\u00daSICA-COMO-ACTIVIDAD-SOCIOCULTURAL-RECURSOS-PARA-LA-ETAPA-INFANTIL-3-576x1024.png 576w, https:\/\/blogsaverroes.juntadeandalucia.es\/granadainfantil\/files\/2023\/04\/LA-M\u00daSICA-COMO-ACTIVIDAD-SOCIOCULTURAL-RECURSOS-PARA-LA-ETAPA-INFANTIL-3-768x1365.png 768w, https:\/\/blogsaverroes.juntadeandalucia.es\/granadainfantil\/files\/2023\/04\/LA-M\u00daSICA-COMO-ACTIVIDAD-SOCIOCULTURAL-RECURSOS-PARA-LA-ETAPA-INFANTIL-3-864x1536.png 864w, https:\/\/blogsaverroes.juntadeandalucia.es\/granadainfantil\/files\/2023\/04\/LA-M\u00daSICA-COMO-ACTIVIDAD-SOCIOCULTURAL-RECURSOS-PARA-LA-ETAPA-INFANTIL-3.png 1080w\" sizes=\"(max-width: 169px) 100vw, 169px\" \/><\/a>\n<h4 class=\"pt-cv-title\"><a href=\"https:\/\/blogsaverroes.juntadeandalucia.es\/granadainfantil\/2023\/04\/12\/la-musica-como-actividad-sociocultural-recursos-para-la-etapa-infantil\/\" class=\"_self\" target=\"_self\" >LA M\u00daSICA COMO ACTIVIDAD SOCIOCULTURAL. RECURSOS PARA LA ETAPA INFANTIL<\/a><\/h4>\n<div class=\"pt-cv-content\"> ...<br \/><div class=\"pt-cv-rmwrap\"><a href=\"https:\/\/blogsaverroes.juntadeandalucia.es\/granadainfantil\/2023\/04\/12\/la-musica-como-actividad-sociocultural-recursos-para-la-etapa-infantil\/\" class=\"_self pt-cv-readmore btn btn-success\" target=\"_self\">Leer M\u00e1s<\/a><\/div><\/div><\/div><\/div>\n<div class=\"col-md-6 col-sm-6 col-xs-12 pt-cv-content-item pt-cv-1-col\" ><div class='pt-cv-ifield'><a href=\"https:\/\/blogsaverroes.juntadeandalucia.es\/granadainfantil\/2023\/04\/05\/seguimos-en-red-infantil-0-3-guadix\/\" class=\"_self pt-cv-href-thumbnail pt-cv-thumb-default\" target=\"_self\" ><img loading=\"lazy\" decoding=\"async\" width=\"212\" height=\"300\" src=\"https:\/\/blogsaverroes.juntadeandalucia.es\/granadainfantil\/files\/2023\/04\/SEGUIMOS-EN-RED-INFANTIL-212x300.png\" class=\"pt-cv-thumbnail\" alt=\"\" srcset=\"https:\/\/blogsaverroes.juntadeandalucia.es\/granadainfantil\/files\/2023\/04\/SEGUIMOS-EN-RED-INFANTIL-212x300.png 212w, https:\/\/blogsaverroes.juntadeandalucia.es\/granadainfantil\/files\/2023\/04\/SEGUIMOS-EN-RED-INFANTIL-724x1024.png 724w, https:\/\/blogsaverroes.juntadeandalucia.es\/granadainfantil\/files\/2023\/04\/SEGUIMOS-EN-RED-INFANTIL-768x1086.png 768w, https:\/\/blogsaverroes.juntadeandalucia.es\/granadainfantil\/files\/2023\/04\/SEGUIMOS-EN-RED-INFANTIL-1086x1536.png 1086w, https:\/\/blogsaverroes.juntadeandalucia.es\/granadainfantil\/files\/2023\/04\/SEGUIMOS-EN-RED-INFANTIL-1448x2048.png 1448w, https:\/\/blogsaverroes.juntadeandalucia.es\/granadainfantil\/files\/2023\/04\/SEGUIMOS-EN-RED-INFANTIL.png 1587w\" sizes=\"(max-width: 212px) 100vw, 212px\" \/><\/a>\n<h4 class=\"pt-cv-title\"><a href=\"https:\/\/blogsaverroes.juntadeandalucia.es\/granadainfantil\/2023\/04\/05\/seguimos-en-red-infantil-0-3-guadix\/\" class=\"_self\" target=\"_self\" >SEGUIMOS EN RED. INFANTIL 0-3. GUADIX<\/a><\/h4>\n<div class=\"pt-cv-content\"> ...<br \/><div class=\"pt-cv-rmwrap\"><a href=\"https:\/\/blogsaverroes.juntadeandalucia.es\/granadainfantil\/2023\/04\/05\/seguimos-en-red-infantil-0-3-guadix\/\" class=\"_self pt-cv-readmore btn btn-success\" target=\"_self\">Leer M\u00e1s<\/a><\/div><\/div><\/div><\/div>\n<div class=\"col-md-6 col-sm-6 col-xs-12 pt-cv-content-item pt-cv-1-col\" ><div class='pt-cv-ifield'><a href=\"https:\/\/blogsaverroes.juntadeandalucia.es\/granadainfantil\/2023\/03\/06\/primeros-auxilios-en-el-ambito-escolar-infantil-0-6\/\" class=\"_self pt-cv-href-thumbnail pt-cv-thumb-default\" target=\"_self\" ><img loading=\"lazy\" decoding=\"async\" width=\"212\" height=\"300\" src=\"https:\/\/blogsaverroes.juntadeandalucia.es\/granadainfantil\/files\/2023\/03\/PRIMEROS-AUXILIOS-INFANTIL-212x300.jpg\" class=\"pt-cv-thumbnail\" alt=\"\" srcset=\"https:\/\/blogsaverroes.juntadeandalucia.es\/granadainfantil\/files\/2023\/03\/PRIMEROS-AUXILIOS-INFANTIL-212x300.jpg 212w, https:\/\/blogsaverroes.juntadeandalucia.es\/granadainfantil\/files\/2023\/03\/PRIMEROS-AUXILIOS-INFANTIL-724x1024.jpg 724w, https:\/\/blogsaverroes.juntadeandalucia.es\/granadainfantil\/files\/2023\/03\/PRIMEROS-AUXILIOS-INFANTIL-768x1086.jpg 768w, https:\/\/blogsaverroes.juntadeandalucia.es\/granadainfantil\/files\/2023\/03\/PRIMEROS-AUXILIOS-INFANTIL-1086x1536.jpg 1086w, https:\/\/blogsaverroes.juntadeandalucia.es\/granadainfantil\/files\/2023\/03\/PRIMEROS-AUXILIOS-INFANTIL-1448x2048.jpg 1448w, https:\/\/blogsaverroes.juntadeandalucia.es\/granadainfantil\/files\/2023\/03\/PRIMEROS-AUXILIOS-INFANTIL.jpg 1653w\" sizes=\"(max-width: 212px) 100vw, 212px\" \/><\/a>\n<h4 class=\"pt-cv-title\"><a href=\"https:\/\/blogsaverroes.juntadeandalucia.es\/granadainfantil\/2023\/03\/06\/primeros-auxilios-en-el-ambito-escolar-infantil-0-6\/\" class=\"_self\" target=\"_self\" >PRIMEROS AUXILIOS EN EL \u00c1MBITO ESCOLAR. INFANTIL 0-6<\/a><\/h4>\n<div class=\"pt-cv-content\"> ...<br \/><div class=\"pt-cv-rmwrap\"><a href=\"https:\/\/blogsaverroes.juntadeandalucia.es\/granadainfantil\/2023\/03\/06\/primeros-auxilios-en-el-ambito-escolar-infantil-0-6\/\" class=\"_self pt-cv-readmore btn btn-success\" target=\"_self\">Leer M\u00e1s<\/a><\/div><\/div><\/div><\/div>\n<div class=\"col-md-6 col-sm-6 col-xs-12 pt-cv-content-item pt-cv-1-col\" ><div class='pt-cv-ifield'><a href=\"https:\/\/blogsaverroes.juntadeandalucia.es\/granadainfantil\/2023\/03\/06\/del-lenguaje-oral-al-escrito-2aedicion\/\" class=\"_self pt-cv-href-thumbnail pt-cv-thumb-default\" target=\"_self\" ><img loading=\"lazy\" decoding=\"async\" width=\"300\" height=\"300\" src=\"https:\/\/blogsaverroes.juntadeandalucia.es\/granadainfantil\/files\/2023\/03\/CURSO-LECTOESCRITURA-2--300x300.jpg\" class=\"pt-cv-thumbnail\" alt=\"\" srcset=\"https:\/\/blogsaverroes.juntadeandalucia.es\/granadainfantil\/files\/2023\/03\/CURSO-LECTOESCRITURA-2--300x300.jpg 300w, https:\/\/blogsaverroes.juntadeandalucia.es\/granadainfantil\/files\/2023\/03\/CURSO-LECTOESCRITURA-2--1024x1024.jpg 1024w, https:\/\/blogsaverroes.juntadeandalucia.es\/granadainfantil\/files\/2023\/03\/CURSO-LECTOESCRITURA-2--150x150.jpg 150w, https:\/\/blogsaverroes.juntadeandalucia.es\/granadainfantil\/files\/2023\/03\/CURSO-LECTOESCRITURA-2--768x767.jpg 768w, https:\/\/blogsaverroes.juntadeandalucia.es\/granadainfantil\/files\/2023\/03\/CURSO-LECTOESCRITURA-2--80x80.jpg 80w, https:\/\/blogsaverroes.juntadeandalucia.es\/granadainfantil\/files\/2023\/03\/CURSO-LECTOESCRITURA-2--320x320.jpg 320w, https:\/\/blogsaverroes.juntadeandalucia.es\/granadainfantil\/files\/2023\/03\/CURSO-LECTOESCRITURA-2-.jpg 1125w\" sizes=\"(max-width: 300px) 100vw, 300px\" \/><\/a>\n<h4 class=\"pt-cv-title\"><a href=\"https:\/\/blogsaverroes.juntadeandalucia.es\/granadainfantil\/2023\/03\/06\/del-lenguaje-oral-al-escrito-2aedicion\/\" class=\"_self\" target=\"_self\" >DEL LENGUAJE ORAL AL ESCRITO 2\u00aaEDICI\u00d3N<\/a><\/h4>\n<div class=\"pt-cv-content\"> ...<br \/><div class=\"pt-cv-rmwrap\"><a href=\"https:\/\/blogsaverroes.juntadeandalucia.es\/granadainfantil\/2023\/03\/06\/del-lenguaje-oral-al-escrito-2aedicion\/\" class=\"_self pt-cv-readmore btn btn-success\" target=\"_self\">Leer M\u00e1s<\/a><\/div><\/div><\/div><\/div><\/div><\/div><\/div>\n","protected":false},"excerpt":{"rendered":"","protected":false},"author":3720,"featured_media":0,"parent":0,"menu_order":0,"comment_status":"closed","ping_status":"closed","template":"","meta":{"ngg_post_thumbnail":0,"footnotes":""},"aioseo_notices":[],"_links":{"self":[{"href":"https:\/\/blogsaverroes.juntadeandalucia.es\/granadainfantil\/wp-json\/wp\/v2\/pages\/64"}],"collection":[{"href":"https:\/\/blogsaverroes.juntadeandalucia.es\/granadainfantil\/wp-json\/wp\/v2\/pages"}],"about":[{"href":"https:\/\/blogsaverroes.juntadeandalucia.es\/granadainfantil\/wp-json\/wp\/v2\/types\/page"}],"author":[{"embeddable":true,"href":"https:\/\/blogsaverroes.juntadeandalucia.es\/granadainfantil\/wp-json\/wp\/v2\/users\/3720"}],"replies":[{"embeddable":true,"href":"https:\/\/blogsaverroes.juntadeandalucia.es\/granadainfantil\/wp-json\/wp\/v2\/comments?post=64"}],"version-history":[{"count":3,"href":"https:\/\/blogsaverroes.juntadeandalucia.es\/granadainfantil\/wp-json\/wp\/v2\/pages\/64\/revisions"}],"predecessor-version":[{"id":284,"href":"https:\/\/blogsaverroes.juntadeandalucia.es\/granadainfantil\/wp-json\/wp\/v2\/pages\/64\/revisions\/284"}],"wp:attachment":[{"href":"https:\/\/blogsaverroes.juntadeandalucia.es\/granadainfantil\/wp-json\/wp\/v2\/media?parent=64"}],"curies":[{"name":"wp","href":"https:\/\/api.w.org\/{rel}","templated":true}]}}