{"id":78,"date":"2022-10-19T11:39:52","date_gmt":"2022-10-19T11:39:52","guid":{"rendered":"https:\/\/blogsaverroes.juntadeandalucia.es\/granadainfantil\/?page_id=78"},"modified":"2023-11-08T22:37:52","modified_gmt":"2023-11-08T22:37:52","slug":"blog","status":"publish","type":"page","link":"https:\/\/blogsaverroes.juntadeandalucia.es\/granadainfantil\/blog\/","title":{"rendered":"Blog"},"content":{"rendered":"<div class=\"pt-cv-wrapper\"><div class=\"pt-cv-view pt-cv-grid pt-cv-colsys\" id=\"pt-cv-view-9a24fbcjqy\"><div data-id=\"pt-cv-page-1\" class=\"pt-cv-page\" data-cvc=\"2\"><div class=\"col-md-6 col-sm-6 col-xs-12 pt-cv-content-item pt-cv-1-col\" ><div class='pt-cv-ifield'><a href=\"https:\/\/blogsaverroes.juntadeandalucia.es\/granadainfantil\/2023\/11\/01\/situaciones-de-aprendizaje\/\" class=\"_self pt-cv-href-thumbnail pt-cv-thumb-default\" target=\"_self\" ><img fetchpriority=\"high\" decoding=\"async\" width=\"212\" height=\"300\" src=\"https:\/\/blogsaverroes.juntadeandalucia.es\/granadainfantil\/files\/2023\/12\/CARTEL_SITUACIONES-DE-APRENDIZAJE--212x300.png\" class=\"pt-cv-thumbnail\" alt=\"\" srcset=\"https:\/\/blogsaverroes.juntadeandalucia.es\/granadainfantil\/files\/2023\/12\/CARTEL_SITUACIONES-DE-APRENDIZAJE--212x300.png 212w, https:\/\/blogsaverroes.juntadeandalucia.es\/granadainfantil\/files\/2023\/12\/CARTEL_SITUACIONES-DE-APRENDIZAJE--724x1024.png 724w, https:\/\/blogsaverroes.juntadeandalucia.es\/granadainfantil\/files\/2023\/12\/CARTEL_SITUACIONES-DE-APRENDIZAJE--768x1086.png 768w, https:\/\/blogsaverroes.juntadeandalucia.es\/granadainfantil\/files\/2023\/12\/CARTEL_SITUACIONES-DE-APRENDIZAJE--1086x1536.png 1086w, https:\/\/blogsaverroes.juntadeandalucia.es\/granadainfantil\/files\/2023\/12\/CARTEL_SITUACIONES-DE-APRENDIZAJE--1448x2048.png 1448w, https:\/\/blogsaverroes.juntadeandalucia.es\/granadainfantil\/files\/2023\/12\/CARTEL_SITUACIONES-DE-APRENDIZAJE-.png 1587w\" sizes=\"(max-width: 212px) 100vw, 212px\" \/><\/a>\n<h4 class=\"pt-cv-title\"><a href=\"https:\/\/blogsaverroes.juntadeandalucia.es\/granadainfantil\/2023\/11\/01\/situaciones-de-aprendizaje\/\" class=\"_self\" target=\"_self\" >SITUACIONES DE APRENDIZAJE EN INFANTIL<\/a><\/h4>\n<div class=\"pt-cv-content\"> ...<br \/><div class=\"pt-cv-rmwrap\"><a href=\"https:\/\/blogsaverroes.juntadeandalucia.es\/granadainfantil\/2023\/11\/01\/situaciones-de-aprendizaje\/\" class=\"_self pt-cv-readmore btn btn-success\" target=\"_self\">Leer M\u00e1s<\/a><\/div><\/div><\/div><\/div>\n<div class=\"col-md-6 col-sm-6 col-xs-12 pt-cv-content-item pt-cv-1-col\" ><div class='pt-cv-ifield'><a href=\"https:\/\/blogsaverroes.juntadeandalucia.es\/granadainfantil\/2023\/10\/10\/red-infantil-0-3-guadix\/\" class=\"_self pt-cv-href-thumbnail pt-cv-thumb-default\" target=\"_self\" ><img decoding=\"async\" width=\"169\" height=\"300\" src=\"https:\/\/blogsaverroes.juntadeandalucia.es\/granadainfantil\/files\/2023\/12\/INFANTIL-0-3-Proyecto-educativo-2-169x300.png\" class=\"pt-cv-thumbnail\" alt=\"\" srcset=\"https:\/\/blogsaverroes.juntadeandalucia.es\/granadainfantil\/files\/2023\/12\/INFANTIL-0-3-Proyecto-educativo-2-169x300.png 169w, https:\/\/blogsaverroes.juntadeandalucia.es\/granadainfantil\/files\/2023\/12\/INFANTIL-0-3-Proyecto-educativo-2-576x1024.png 576w, https:\/\/blogsaverroes.juntadeandalucia.es\/granadainfantil\/files\/2023\/12\/INFANTIL-0-3-Proyecto-educativo-2-768x1365.png 768w, https:\/\/blogsaverroes.juntadeandalucia.es\/granadainfantil\/files\/2023\/12\/INFANTIL-0-3-Proyecto-educativo-2-864x1536.png 864w, https:\/\/blogsaverroes.juntadeandalucia.es\/granadainfantil\/files\/2023\/12\/INFANTIL-0-3-Proyecto-educativo-2.png 1080w\" sizes=\"(max-width: 169px) 100vw, 169px\" \/><\/a>\n<h4 class=\"pt-cv-title\"><a href=\"https:\/\/blogsaverroes.juntadeandalucia.es\/granadainfantil\/2023\/10\/10\/red-infantil-0-3-guadix\/\" class=\"_self\" target=\"_self\" >RED INFANTIL 0-3 GUADIX<\/a><\/h4>\n<div class=\"pt-cv-content\">Con el desarrollo de este curso se plantea como finalidad principal proporcionar las herramientas b\u00e1sicas necesarias para la elaboraci\u00f3n y ...<br \/><div class=\"pt-cv-rmwrap\"><a href=\"https:\/\/blogsaverroes.juntadeandalucia.es\/granadainfantil\/2023\/10\/10\/red-infantil-0-3-guadix\/\" class=\"_self pt-cv-readmore btn btn-success\" target=\"_self\">Leer M\u00e1s<\/a><\/div><\/div><\/div><\/div>\n<div class=\"col-md-6 col-sm-6 col-xs-12 pt-cv-content-item pt-cv-1-col\" ><div class='pt-cv-ifield'><a href=\"https:\/\/blogsaverroes.juntadeandalucia.es\/granadainfantil\/2023\/05\/11\/curso-en-estrategias-y-recursospara-el-alumnado-con-trastornodel-espectro-autista-tea\/\" class=\"_self pt-cv-href-thumbnail pt-cv-thumb-default\" target=\"_self\" ><img decoding=\"async\" width=\"300\" height=\"300\" src=\"https:\/\/blogsaverroes.juntadeandalucia.es\/granadainfantil\/files\/2023\/05\/TEA-300x300.jpeg\" class=\"pt-cv-thumbnail\" alt=\"\" srcset=\"https:\/\/blogsaverroes.juntadeandalucia.es\/granadainfantil\/files\/2023\/05\/TEA-300x300.jpeg 300w, https:\/\/blogsaverroes.juntadeandalucia.es\/granadainfantil\/files\/2023\/05\/TEA-1024x1024.jpeg 1024w, https:\/\/blogsaverroes.juntadeandalucia.es\/granadainfantil\/files\/2023\/05\/TEA-150x150.jpeg 150w, https:\/\/blogsaverroes.juntadeandalucia.es\/granadainfantil\/files\/2023\/05\/TEA-768x768.jpeg 768w, https:\/\/blogsaverroes.juntadeandalucia.es\/granadainfantil\/files\/2023\/05\/TEA-80x80.jpeg 80w, https:\/\/blogsaverroes.juntadeandalucia.es\/granadainfantil\/files\/2023\/05\/TEA-320x320.jpeg 320w, https:\/\/blogsaverroes.juntadeandalucia.es\/granadainfantil\/files\/2023\/05\/TEA.jpeg 1080w\" sizes=\"(max-width: 300px) 100vw, 300px\" \/><\/a>\n<h4 class=\"pt-cv-title\"><a href=\"https:\/\/blogsaverroes.juntadeandalucia.es\/granadainfantil\/2023\/05\/11\/curso-en-estrategias-y-recursospara-el-alumnado-con-trastornodel-espectro-autista-tea\/\" class=\"_self\" target=\"_self\" >Curso en Estrategias y Recursospara el Alumnado con Trastornodel Espectro Autista (TEA)<\/a><\/h4>\n<div class=\"pt-cv-content\"> ...<br \/><div class=\"pt-cv-rmwrap\"><a href=\"https:\/\/blogsaverroes.juntadeandalucia.es\/granadainfantil\/2023\/05\/11\/curso-en-estrategias-y-recursospara-el-alumnado-con-trastornodel-espectro-autista-tea\/\" class=\"_self pt-cv-readmore btn btn-success\" target=\"_self\">Leer M\u00e1s<\/a><\/div><\/div><\/div><\/div>\n<div class=\"col-md-6 col-sm-6 col-xs-12 pt-cv-content-item pt-cv-1-col\" ><div class='pt-cv-ifield'><a href=\"https:\/\/blogsaverroes.juntadeandalucia.es\/granadainfantil\/2023\/05\/10\/avanzando-en-educacion-infantil-0-3-aprendizaje-basado-en-cuentos\/\" class=\"_self pt-cv-href-thumbnail pt-cv-thumb-default\" target=\"_self\" ><img loading=\"lazy\" decoding=\"async\" width=\"300\" height=\"300\" src=\"https:\/\/blogsaverroes.juntadeandalucia.es\/granadainfantil\/files\/2023\/05\/AVANZANDO-EN-EDUCACI\u00d3N-INFANTIL-0-3-APRENDIZAJE-BASADO-EN-CUENTOS-300x300.png\" class=\"pt-cv-thumbnail\" alt=\"\" srcset=\"https:\/\/blogsaverroes.juntadeandalucia.es\/granadainfantil\/files\/2023\/05\/AVANZANDO-EN-EDUCACI\u00d3N-INFANTIL-0-3-APRENDIZAJE-BASADO-EN-CUENTOS-300x300.png 300w, https:\/\/blogsaverroes.juntadeandalucia.es\/granadainfantil\/files\/2023\/05\/AVANZANDO-EN-EDUCACI\u00d3N-INFANTIL-0-3-APRENDIZAJE-BASADO-EN-CUENTOS-1024x1024.png 1024w, https:\/\/blogsaverroes.juntadeandalucia.es\/granadainfantil\/files\/2023\/05\/AVANZANDO-EN-EDUCACI\u00d3N-INFANTIL-0-3-APRENDIZAJE-BASADO-EN-CUENTOS-150x150.png 150w, https:\/\/blogsaverroes.juntadeandalucia.es\/granadainfantil\/files\/2023\/05\/AVANZANDO-EN-EDUCACI\u00d3N-INFANTIL-0-3-APRENDIZAJE-BASADO-EN-CUENTOS-768x768.png 768w, https:\/\/blogsaverroes.juntadeandalucia.es\/granadainfantil\/files\/2023\/05\/AVANZANDO-EN-EDUCACI\u00d3N-INFANTIL-0-3-APRENDIZAJE-BASADO-EN-CUENTOS-80x80.png 80w, https:\/\/blogsaverroes.juntadeandalucia.es\/granadainfantil\/files\/2023\/05\/AVANZANDO-EN-EDUCACI\u00d3N-INFANTIL-0-3-APRENDIZAJE-BASADO-EN-CUENTOS-320x320.png 320w, https:\/\/blogsaverroes.juntadeandalucia.es\/granadainfantil\/files\/2023\/05\/AVANZANDO-EN-EDUCACI\u00d3N-INFANTIL-0-3-APRENDIZAJE-BASADO-EN-CUENTOS.png 1080w\" sizes=\"(max-width: 300px) 100vw, 300px\" \/><\/a>\n<h4 class=\"pt-cv-title\"><a href=\"https:\/\/blogsaverroes.juntadeandalucia.es\/granadainfantil\/2023\/05\/10\/avanzando-en-educacion-infantil-0-3-aprendizaje-basado-en-cuentos\/\" class=\"_self\" target=\"_self\" >AVANZANDO EN EDUCACI\u00d3N INFANTIL 0-3: APRENDIZAJE BASADO EN CUENTOS<\/a><\/h4>\n<div class=\"pt-cv-content\"> ...<br \/><div class=\"pt-cv-rmwrap\"><a href=\"https:\/\/blogsaverroes.juntadeandalucia.es\/granadainfantil\/2023\/05\/10\/avanzando-en-educacion-infantil-0-3-aprendizaje-basado-en-cuentos\/\" class=\"_self pt-cv-readmore btn btn-success\" target=\"_self\">Leer M\u00e1s<\/a><\/div><\/div><\/div><\/div>\n<div class=\"col-md-6 col-sm-6 col-xs-12 pt-cv-content-item pt-cv-1-col\" ><div class='pt-cv-ifield'><a href=\"https:\/\/blogsaverroes.juntadeandalucia.es\/granadainfantil\/2023\/05\/07\/elaboracion-de-programaciones-a-traves-de-seneca-en-educacion-infantil\/\" class=\"_self pt-cv-href-thumbnail pt-cv-thumb-default\" target=\"_self\" ><img loading=\"lazy\" decoding=\"async\" width=\"300\" height=\"300\" src=\"https:\/\/blogsaverroes.juntadeandalucia.es\/granadainfantil\/files\/2023\/05\/Copia-de-CURSOS-3-6-A\u00d1OS-Post-de-Instagram-Cuadrado-300x300.png\" class=\"pt-cv-thumbnail\" alt=\"\" srcset=\"https:\/\/blogsaverroes.juntadeandalucia.es\/granadainfantil\/files\/2023\/05\/Copia-de-CURSOS-3-6-A\u00d1OS-Post-de-Instagram-Cuadrado-300x300.png 300w, https:\/\/blogsaverroes.juntadeandalucia.es\/granadainfantil\/files\/2023\/05\/Copia-de-CURSOS-3-6-A\u00d1OS-Post-de-Instagram-Cuadrado-1024x1024.png 1024w, https:\/\/blogsaverroes.juntadeandalucia.es\/granadainfantil\/files\/2023\/05\/Copia-de-CURSOS-3-6-A\u00d1OS-Post-de-Instagram-Cuadrado-150x150.png 150w, https:\/\/blogsaverroes.juntadeandalucia.es\/granadainfantil\/files\/2023\/05\/Copia-de-CURSOS-3-6-A\u00d1OS-Post-de-Instagram-Cuadrado-768x768.png 768w, https:\/\/blogsaverroes.juntadeandalucia.es\/granadainfantil\/files\/2023\/05\/Copia-de-CURSOS-3-6-A\u00d1OS-Post-de-Instagram-Cuadrado-80x80.png 80w, https:\/\/blogsaverroes.juntadeandalucia.es\/granadainfantil\/files\/2023\/05\/Copia-de-CURSOS-3-6-A\u00d1OS-Post-de-Instagram-Cuadrado-320x320.png 320w, https:\/\/blogsaverroes.juntadeandalucia.es\/granadainfantil\/files\/2023\/05\/Copia-de-CURSOS-3-6-A\u00d1OS-Post-de-Instagram-Cuadrado.png 1080w\" sizes=\"(max-width: 300px) 100vw, 300px\" \/><\/a>\n<h4 class=\"pt-cv-title\"><a href=\"https:\/\/blogsaverroes.juntadeandalucia.es\/granadainfantil\/2023\/05\/07\/elaboracion-de-programaciones-a-traves-de-seneca-en-educacion-infantil\/\" class=\"_self\" target=\"_self\" >ELABORACI\u00d3N DE PROGRAMACIONES A TRAV\u00c9S DE S\u00c9NECA EN EDUCACI\u00d3N INFANTIL<\/a><\/h4>\n<div class=\"pt-cv-content\">- Con esta actividad formativa pretendemos reflexionar, debatir y analizar la pr\u00e1ctica educativa con los docentes de Educaci\u00f3n Infantil. - ...<br \/><div class=\"pt-cv-rmwrap\"><a href=\"https:\/\/blogsaverroes.juntadeandalucia.es\/granadainfantil\/2023\/05\/07\/elaboracion-de-programaciones-a-traves-de-seneca-en-educacion-infantil\/\" class=\"_self pt-cv-readmore btn btn-success\" target=\"_self\">Leer M\u00e1s<\/a><\/div><\/div><\/div><\/div>\n<div class=\"col-md-6 col-sm-6 col-xs-12 pt-cv-content-item pt-cv-1-col\" ><div class='pt-cv-ifield'><a href=\"https:\/\/blogsaverroes.juntadeandalucia.es\/granadainfantil\/2023\/05\/05\/beneficios-que-nos-ofrece-seneca\/\" class=\"_self pt-cv-href-thumbnail pt-cv-thumb-default\" target=\"_self\" ><img loading=\"lazy\" decoding=\"async\" width=\"300\" height=\"300\" src=\"https:\/\/blogsaverroes.juntadeandalucia.es\/granadainfantil\/files\/2023\/05\/Beneficios-de-S\u00e9neca-218-2-300x300.png\" class=\"pt-cv-thumbnail\" alt=\"\" srcset=\"https:\/\/blogsaverroes.juntadeandalucia.es\/granadainfantil\/files\/2023\/05\/Beneficios-de-S\u00e9neca-218-2-300x300.png 300w, https:\/\/blogsaverroes.juntadeandalucia.es\/granadainfantil\/files\/2023\/05\/Beneficios-de-S\u00e9neca-218-2-1024x1024.png 1024w, https:\/\/blogsaverroes.juntadeandalucia.es\/granadainfantil\/files\/2023\/05\/Beneficios-de-S\u00e9neca-218-2-150x150.png 150w, https:\/\/blogsaverroes.juntadeandalucia.es\/granadainfantil\/files\/2023\/05\/Beneficios-de-S\u00e9neca-218-2-768x768.png 768w, https:\/\/blogsaverroes.juntadeandalucia.es\/granadainfantil\/files\/2023\/05\/Beneficios-de-S\u00e9neca-218-2-80x80.png 80w, https:\/\/blogsaverroes.juntadeandalucia.es\/granadainfantil\/files\/2023\/05\/Beneficios-de-S\u00e9neca-218-2-320x320.png 320w, https:\/\/blogsaverroes.juntadeandalucia.es\/granadainfantil\/files\/2023\/05\/Beneficios-de-S\u00e9neca-218-2.png 1080w\" sizes=\"(max-width: 300px) 100vw, 300px\" \/><\/a>\n<h4 class=\"pt-cv-title\"><a href=\"https:\/\/blogsaverroes.juntadeandalucia.es\/granadainfantil\/2023\/05\/05\/beneficios-que-nos-ofrece-seneca\/\" class=\"_self\" target=\"_self\" >BENEFICIOS QUE NOS OFRECE S\u00c9NECA<\/a><\/h4>\n<div class=\"pt-cv-content\">La intenci\u00f3n es fomentar estrategias de mejora de la acci\u00f3n tutorial y el uso de las herramientas de gesti\u00f3n y ...<br \/><div class=\"pt-cv-rmwrap\"><a href=\"https:\/\/blogsaverroes.juntadeandalucia.es\/granadainfantil\/2023\/05\/05\/beneficios-que-nos-ofrece-seneca\/\" class=\"_self pt-cv-readmore btn btn-success\" target=\"_self\">Leer M\u00e1s<\/a><\/div><\/div><\/div><\/div>\n<div class=\"col-md-6 col-sm-6 col-xs-12 pt-cv-content-item pt-cv-1-col\" ><div class='pt-cv-ifield'><a href=\"https:\/\/blogsaverroes.juntadeandalucia.es\/granadainfantil\/2023\/04\/28\/estimulacion-del-lenguaje-recursos-y-materiales-practicos-0-3-anos\/\" class=\"_self pt-cv-href-thumbnail pt-cv-thumb-default\" target=\"_self\" ><img loading=\"lazy\" decoding=\"async\" width=\"300\" height=\"300\" src=\"https:\/\/blogsaverroes.juntadeandalucia.es\/granadainfantil\/files\/2023\/04\/ESTIMULACI\u00d3N-DEL-LENGUAJE.-RECURSOS-Y-MATERIALES-PR\u00c1CTICOS-0-3-A\u00d1OS-300x300.png\" class=\"pt-cv-thumbnail\" alt=\"\" srcset=\"https:\/\/blogsaverroes.juntadeandalucia.es\/granadainfantil\/files\/2023\/04\/ESTIMULACI\u00d3N-DEL-LENGUAJE.-RECURSOS-Y-MATERIALES-PR\u00c1CTICOS-0-3-A\u00d1OS-300x300.png 300w, https:\/\/blogsaverroes.juntadeandalucia.es\/granadainfantil\/files\/2023\/04\/ESTIMULACI\u00d3N-DEL-LENGUAJE.-RECURSOS-Y-MATERIALES-PR\u00c1CTICOS-0-3-A\u00d1OS-1024x1024.png 1024w, https:\/\/blogsaverroes.juntadeandalucia.es\/granadainfantil\/files\/2023\/04\/ESTIMULACI\u00d3N-DEL-LENGUAJE.-RECURSOS-Y-MATERIALES-PR\u00c1CTICOS-0-3-A\u00d1OS-150x150.png 150w, https:\/\/blogsaverroes.juntadeandalucia.es\/granadainfantil\/files\/2023\/04\/ESTIMULACI\u00d3N-DEL-LENGUAJE.-RECURSOS-Y-MATERIALES-PR\u00c1CTICOS-0-3-A\u00d1OS-768x768.png 768w, https:\/\/blogsaverroes.juntadeandalucia.es\/granadainfantil\/files\/2023\/04\/ESTIMULACI\u00d3N-DEL-LENGUAJE.-RECURSOS-Y-MATERIALES-PR\u00c1CTICOS-0-3-A\u00d1OS-80x80.png 80w, https:\/\/blogsaverroes.juntadeandalucia.es\/granadainfantil\/files\/2023\/04\/ESTIMULACI\u00d3N-DEL-LENGUAJE.-RECURSOS-Y-MATERIALES-PR\u00c1CTICOS-0-3-A\u00d1OS-320x320.png 320w, https:\/\/blogsaverroes.juntadeandalucia.es\/granadainfantil\/files\/2023\/04\/ESTIMULACI\u00d3N-DEL-LENGUAJE.-RECURSOS-Y-MATERIALES-PR\u00c1CTICOS-0-3-A\u00d1OS.png 1080w\" sizes=\"(max-width: 300px) 100vw, 300px\" \/><\/a>\n<h4 class=\"pt-cv-title\"><a href=\"https:\/\/blogsaverroes.juntadeandalucia.es\/granadainfantil\/2023\/04\/28\/estimulacion-del-lenguaje-recursos-y-materiales-practicos-0-3-anos\/\" class=\"_self\" target=\"_self\" >ESTIMULACI\u00d3N DEL LENGUAJE. RECURSOS Y MATERIALES PR\u00c1CTICOS (0-3 A\u00d1OS)<\/a><\/h4>\n<div class=\"pt-cv-content\">Nos surge la necesidad de estimular el lenguaje lo m\u00e1s tempranamente posible con un alumnado en proceso de adquisici\u00f3n ling\u00fc\u00edstica ...<br \/><div class=\"pt-cv-rmwrap\"><a href=\"https:\/\/blogsaverroes.juntadeandalucia.es\/granadainfantil\/2023\/04\/28\/estimulacion-del-lenguaje-recursos-y-materiales-practicos-0-3-anos\/\" class=\"_self pt-cv-readmore btn btn-success\" target=\"_self\">Leer M\u00e1s<\/a><\/div><\/div><\/div><\/div>\n<div class=\"col-md-6 col-sm-6 col-xs-12 pt-cv-content-item pt-cv-1-col\" ><div class='pt-cv-ifield'><a href=\"https:\/\/blogsaverroes.juntadeandalucia.es\/granadainfantil\/2023\/04\/28\/primeros-auxilios-nos-ponemos-al-dia-0-3-anos\/\" class=\"_self pt-cv-href-thumbnail pt-cv-thumb-default\" target=\"_self\" ><img loading=\"lazy\" decoding=\"async\" width=\"300\" height=\"300\" src=\"https:\/\/blogsaverroes.juntadeandalucia.es\/granadainfantil\/files\/2023\/04\/PRIMEROS-AUXILIOS-NOS-PONEMOS-AL-D\u00cdA-0-3-A\u00d1OS-300x300.jpg\" class=\"pt-cv-thumbnail\" alt=\"\" srcset=\"https:\/\/blogsaverroes.juntadeandalucia.es\/granadainfantil\/files\/2023\/04\/PRIMEROS-AUXILIOS-NOS-PONEMOS-AL-D\u00cdA-0-3-A\u00d1OS-300x300.jpg 300w, https:\/\/blogsaverroes.juntadeandalucia.es\/granadainfantil\/files\/2023\/04\/PRIMEROS-AUXILIOS-NOS-PONEMOS-AL-D\u00cdA-0-3-A\u00d1OS-1024x1024.jpg 1024w, https:\/\/blogsaverroes.juntadeandalucia.es\/granadainfantil\/files\/2023\/04\/PRIMEROS-AUXILIOS-NOS-PONEMOS-AL-D\u00cdA-0-3-A\u00d1OS-150x150.jpg 150w, https:\/\/blogsaverroes.juntadeandalucia.es\/granadainfantil\/files\/2023\/04\/PRIMEROS-AUXILIOS-NOS-PONEMOS-AL-D\u00cdA-0-3-A\u00d1OS-768x768.jpg 768w, https:\/\/blogsaverroes.juntadeandalucia.es\/granadainfantil\/files\/2023\/04\/PRIMEROS-AUXILIOS-NOS-PONEMOS-AL-D\u00cdA-0-3-A\u00d1OS-80x80.jpg 80w, https:\/\/blogsaverroes.juntadeandalucia.es\/granadainfantil\/files\/2023\/04\/PRIMEROS-AUXILIOS-NOS-PONEMOS-AL-D\u00cdA-0-3-A\u00d1OS-320x320.jpg 320w, https:\/\/blogsaverroes.juntadeandalucia.es\/granadainfantil\/files\/2023\/04\/PRIMEROS-AUXILIOS-NOS-PONEMOS-AL-D\u00cdA-0-3-A\u00d1OS.jpg 1080w\" sizes=\"(max-width: 300px) 100vw, 300px\" \/><\/a>\n<h4 class=\"pt-cv-title\"><a href=\"https:\/\/blogsaverroes.juntadeandalucia.es\/granadainfantil\/2023\/04\/28\/primeros-auxilios-nos-ponemos-al-dia-0-3-anos\/\" class=\"_self\" target=\"_self\" >PRIMEROS AUXILIOS: \u00bbNOS PONEMOS AL D\u00cdA\u00bb (0-3 A\u00d1OS)<\/a><\/h4>\n<div class=\"pt-cv-content\">Los accidentes ocurren y, muchas veces, nadie los puede evitar, pero lo que si podemos evitar es no estar preparados ...<br \/><div class=\"pt-cv-rmwrap\"><a href=\"https:\/\/blogsaverroes.juntadeandalucia.es\/granadainfantil\/2023\/04\/28\/primeros-auxilios-nos-ponemos-al-dia-0-3-anos\/\" class=\"_self pt-cv-readmore btn btn-success\" target=\"_self\">Leer M\u00e1s<\/a><\/div><\/div><\/div><\/div>\n<div class=\"col-md-6 col-sm-6 col-xs-12 pt-cv-content-item pt-cv-1-col\" ><div class='pt-cv-ifield'><a href=\"https:\/\/blogsaverroes.juntadeandalucia.es\/granadainfantil\/2023\/04\/26\/motril-se-convierte-en-la-capital-de-la-educacion-infantil-con-el-ii-encuentro-de-formacion-del-profesorado\/\" class=\"_self pt-cv-href-thumbnail pt-cv-thumb-default\" target=\"_self\" ><img loading=\"lazy\" decoding=\"async\" width=\"300\" height=\"225\" src=\"https:\/\/blogsaverroes.juntadeandalucia.es\/granadainfantil\/files\/2023\/04\/9b822e1c-810c-4366-bb3b-6d68708d4221-300x225.jpg\" class=\"pt-cv-thumbnail\" alt=\"\" srcset=\"https:\/\/blogsaverroes.juntadeandalucia.es\/granadainfantil\/files\/2023\/04\/9b822e1c-810c-4366-bb3b-6d68708d4221-300x225.jpg 300w, https:\/\/blogsaverroes.juntadeandalucia.es\/granadainfantil\/files\/2023\/04\/9b822e1c-810c-4366-bb3b-6d68708d4221-768x576.jpg 768w, https:\/\/blogsaverroes.juntadeandalucia.es\/granadainfantil\/files\/2023\/04\/9b822e1c-810c-4366-bb3b-6d68708d4221.jpg 1024w\" sizes=\"(max-width: 300px) 100vw, 300px\" \/><\/a>\n<h4 class=\"pt-cv-title\"><a href=\"https:\/\/blogsaverroes.juntadeandalucia.es\/granadainfantil\/2023\/04\/26\/motril-se-convierte-en-la-capital-de-la-educacion-infantil-con-el-ii-encuentro-de-formacion-del-profesorado\/\" class=\"_self\" target=\"_self\" >Motril se convierte en la capital de la educaci\u00f3n infantil con el II Encuentro de Formaci\u00f3n del Profesorado<\/a><\/h4>\n<div class=\"pt-cv-content\">\u00a1Motril se convierte en la capital de la educaci\u00f3n infantil con el II Encuentro de Formaci\u00f3n del Profesorado de toda ...<br \/><div class=\"pt-cv-rmwrap\"><a href=\"https:\/\/blogsaverroes.juntadeandalucia.es\/granadainfantil\/2023\/04\/26\/motril-se-convierte-en-la-capital-de-la-educacion-infantil-con-el-ii-encuentro-de-formacion-del-profesorado\/\" class=\"_self pt-cv-readmore btn btn-success\" target=\"_self\">Leer M\u00e1s<\/a><\/div><\/div><\/div><\/div>\n<div class=\"col-md-6 col-sm-6 col-xs-12 pt-cv-content-item pt-cv-1-col\" ><div class='pt-cv-ifield'><a href=\"https:\/\/blogsaverroes.juntadeandalucia.es\/granadainfantil\/2023\/04\/21\/la-escuela-infantil-bilingue-albolote-recibe-la-visita-de-la-universidad-de-huelva\/\" class=\"_self pt-cv-href-thumbnail pt-cv-thumb-default\" target=\"_self\" ><img loading=\"lazy\" decoding=\"async\" width=\"286\" height=\"300\" src=\"https:\/\/blogsaverroes.juntadeandalucia.es\/granadainfantil\/files\/2023\/04\/PHOTO-2023-04-14-12-55-42-286x300.jpg\" class=\"pt-cv-thumbnail\" alt=\"\" srcset=\"https:\/\/blogsaverroes.juntadeandalucia.es\/granadainfantil\/files\/2023\/04\/PHOTO-2023-04-14-12-55-42-286x300.jpg 286w, https:\/\/blogsaverroes.juntadeandalucia.es\/granadainfantil\/files\/2023\/04\/PHOTO-2023-04-14-12-55-42-975x1024.jpg 975w, https:\/\/blogsaverroes.juntadeandalucia.es\/granadainfantil\/files\/2023\/04\/PHOTO-2023-04-14-12-55-42-768x807.jpg 768w, https:\/\/blogsaverroes.juntadeandalucia.es\/granadainfantil\/files\/2023\/04\/PHOTO-2023-04-14-12-55-42-1462x1536.jpg 1462w, https:\/\/blogsaverroes.juntadeandalucia.es\/granadainfantil\/files\/2023\/04\/PHOTO-2023-04-14-12-55-42.jpg 1523w\" sizes=\"(max-width: 286px) 100vw, 286px\" \/><\/a>\n<h4 class=\"pt-cv-title\"><a href=\"https:\/\/blogsaverroes.juntadeandalucia.es\/granadainfantil\/2023\/04\/21\/la-escuela-infantil-bilingue-albolote-recibe-la-visita-de-la-universidad-de-huelva\/\" class=\"_self\" target=\"_self\" >La Escuela Infantil Biling\u00fce Albolote recibe la visita de la Universidad de Huelva<\/a><\/h4>\n<div class=\"pt-cv-content\">El pasado viernes d\u00eda 14 de abril docentes de la Universidad de Huelva junto a maestros y maestras de Escuelas ...<br \/><div class=\"pt-cv-rmwrap\"><a href=\"https:\/\/blogsaverroes.juntadeandalucia.es\/granadainfantil\/2023\/04\/21\/la-escuela-infantil-bilingue-albolote-recibe-la-visita-de-la-universidad-de-huelva\/\" class=\"_self pt-cv-readmore btn btn-success\" target=\"_self\">Leer M\u00e1s<\/a><\/div><\/div><\/div><\/div><\/div><\/div><\/div>\n","protected":false},"excerpt":{"rendered":"","protected":false},"author":3720,"featured_media":0,"parent":0,"menu_order":0,"comment_status":"closed","ping_status":"closed","template":"","meta":{"ngg_post_thumbnail":0,"footnotes":""},"aioseo_notices":[],"_links":{"self":[{"href":"https:\/\/blogsaverroes.juntadeandalucia.es\/granadainfantil\/wp-json\/wp\/v2\/pages\/78"}],"collection":[{"href":"https:\/\/blogsaverroes.juntadeandalucia.es\/granadainfantil\/wp-json\/wp\/v2\/pages"}],"about":[{"href":"https:\/\/blogsaverroes.juntadeandalucia.es\/granadainfantil\/wp-json\/wp\/v2\/types\/page"}],"author":[{"embeddable":true,"href":"https:\/\/blogsaverroes.juntadeandalucia.es\/granadainfantil\/wp-json\/wp\/v2\/users\/3720"}],"replies":[{"embeddable":true,"href":"https:\/\/blogsaverroes.juntadeandalucia.es\/granadainfantil\/wp-json\/wp\/v2\/comments?post=78"}],"version-history":[{"count":3,"href":"https:\/\/blogsaverroes.juntadeandalucia.es\/granadainfantil\/wp-json\/wp\/v2\/pages\/78\/revisions"}],"predecessor-version":[{"id":639,"href":"https:\/\/blogsaverroes.juntadeandalucia.es\/granadainfantil\/wp-json\/wp\/v2\/pages\/78\/revisions\/639"}],"wp:attachment":[{"href":"https:\/\/blogsaverroes.juntadeandalucia.es\/granadainfantil\/wp-json\/wp\/v2\/media?parent=78"}],"curies":[{"name":"wp","href":"https:\/\/api.w.org\/{rel}","templated":true}]}}