{"id":13956,"date":"2021-09-21T15:40:48","date_gmt":"2021-09-21T14:40:48","guid":{"rendered":"https:\/\/blogsaverroes.juntadeandalucia.es\/grancapitan\/?page_id=13956"},"modified":"2025-11-11T19:00:34","modified_gmt":"2025-11-11T17:00:34","slug":"proyecto-bilingue","status":"publish","type":"page","link":"https:\/\/blogsaverroes.juntadeandalucia.es\/grancapitan\/proyecto-bilingue\/","title":{"rendered":"Proyecto Biling\u00fce"},"content":{"rendered":"<table class=\" aligncenter\" style=\"height: 311px;width: 73.1926%;border-collapse: collapse\">\n<tbody>\n<tr>\n<td style=\"width: 12.458%\"><a href=\"https:\/\/blogsaverroes.juntadeandalucia.es\/grancapitan\/files\/2025\/11\/Ficha-registro-RICE.pdf\"><img loading=\"lazy\" decoding=\"async\" class=\"aligncenter wp-image-22262 size-medium\" src=\"https:\/\/blogsaverroes.juntadeandalucia.es\/grancapitan\/files\/2025\/11\/Ficha_registro_RICE-214x300.jpg\" alt=\"\" width=\"214\" height=\"300\" srcset=\"https:\/\/blogsaverroes.juntadeandalucia.es\/grancapitan\/files\/2025\/11\/Ficha_registro_RICE-214x300.jpg 214w, https:\/\/blogsaverroes.juntadeandalucia.es\/grancapitan\/files\/2025\/11\/Ficha_registro_RICE.jpg 503w\" sizes=\"(max-width: 214px) 100vw, 214px\" \/><\/a><\/td>\n<td style=\"width: 1.37174%\">&nbsp;<\/td>\n<td style=\"width: 44.5034%;text-align: left;vertical-align: middle\"><a href=\"https:\/\/blogsaverroes.juntadeandalucia.es\/grancapitan\/files\/2025\/11\/Ficha-registro-RICE.pdf\">Ficha de registro RICE<\/a><\/td>\n<\/tr>\n<tr>\n<td style=\"width: 12.458%\"><a href=\"https:\/\/blogsaverroes.juntadeandalucia.es\/grancapitan\/files\/2021\/09\/Proyecto-Biling%C3%BCe-GRAN-CAPIT%C3%81N-2020-21.pdf\"><img loading=\"lazy\" decoding=\"async\" class=\"alignnone wp-image-22264 size-medium\" src=\"https:\/\/blogsaverroes.juntadeandalucia.es\/grancapitan\/files\/2025\/11\/Proyecto_bilingue_2020-21-214x300.jpg\" alt=\"\" width=\"214\" height=\"300\" srcset=\"https:\/\/blogsaverroes.juntadeandalucia.es\/grancapitan\/files\/2025\/11\/Proyecto_bilingue_2020-21-214x300.jpg 214w, https:\/\/blogsaverroes.juntadeandalucia.es\/grancapitan\/files\/2025\/11\/Proyecto_bilingue_2020-21.jpg 503w\" sizes=\"(max-width: 214px) 100vw, 214px\" \/><\/a><\/td>\n<td style=\"width: 1.37174%\">&nbsp;<\/td>\n<td style=\"width: 44.5034%;text-align: left;vertical-align: middle\"><a href=\"https:\/\/blogsaverroes.juntadeandalucia.es\/grancapitan\/files\/2021\/09\/Proyecto-Biling\u00fce-GRAN-CAPIT\u00c1N-2020-21.pdf\">Proyecto Biling\u00fce GRAN CAPIT\u00c1N 2020-21<\/a>&#8230;<\/td>\n<\/tr>\n<tr>\n<td style=\"width: 12.458%\"><a href=\"https:\/\/blogsaverroes.juntadeandalucia.es\/grancapitan\/files\/2023\/01\/PLAN-DE-ACTUACI%C3%93N-DEL-P.C.B.-1-1.pdf\"><img loading=\"lazy\" decoding=\"async\" class=\"alignnone wp-image-22263 size-medium\" src=\"https:\/\/blogsaverroes.juntadeandalucia.es\/grancapitan\/files\/2025\/11\/Plan_Actuacion_Bilingue_2022-23-213x300.jpg\" alt=\"\" width=\"213\" height=\"300\" srcset=\"https:\/\/blogsaverroes.juntadeandalucia.es\/grancapitan\/files\/2025\/11\/Plan_Actuacion_Bilingue_2022-23-213x300.jpg 213w, https:\/\/blogsaverroes.juntadeandalucia.es\/grancapitan\/files\/2025\/11\/Plan_Actuacion_Bilingue_2022-23.jpg 501w\" sizes=\"(max-width: 213px) 100vw, 213px\" \/><\/a><\/td>\n<td style=\"width: 1.37174%\">&nbsp;<\/td>\n<td style=\"width: 44.5034%;text-align: left;vertical-align: middle\"><a href=\"https:\/\/blogsaverroes.juntadeandalucia.es\/grancapitan\/files\/2023\/01\/PLAN-DE-ACTUACI\u00d3N-DEL-P.C.B.-1-1.pdf\">Plan de Actuaci\u00f3n 22\/23<\/a><\/td>\n<\/tr>\n<\/tbody>\n<\/table>\n<p>&nbsp;<\/p>\n<p>&nbsp;<\/p>\n<p>&nbsp;<\/p>\n","protected":false},"excerpt":{"rendered":"<p>&nbsp; Ficha de registro RICE &nbsp; Proyecto Biling\u00fce GRAN CAPIT\u00c1N 2020-21&#8230; &nbsp; Plan de Actuaci\u00f3n 22\/23 &nbsp; &nbsp; &nbsp;<\/p>\n","protected":false},"author":3287,"featured_media":0,"parent":0,"menu_order":0,"comment_status":"closed","ping_status":"closed","template":"","meta":{"ngg_post_thumbnail":0,"footnotes":"","_mc_calendar":[]},"aioseo_notices":[],"_links":{"self":[{"href":"https:\/\/blogsaverroes.juntadeandalucia.es\/grancapitan\/wp-json\/wp\/v2\/pages\/13956"}],"collection":[{"href":"https:\/\/blogsaverroes.juntadeandalucia.es\/grancapitan\/wp-json\/wp\/v2\/pages"}],"about":[{"href":"https:\/\/blogsaverroes.juntadeandalucia.es\/grancapitan\/wp-json\/wp\/v2\/types\/page"}],"author":[{"embeddable":true,"href":"https:\/\/blogsaverroes.juntadeandalucia.es\/grancapitan\/wp-json\/wp\/v2\/users\/3287"}],"replies":[{"embeddable":true,"href":"https:\/\/blogsaverroes.juntadeandalucia.es\/grancapitan\/wp-json\/wp\/v2\/comments?post=13956"}],"version-history":[{"count":9,"href":"https:\/\/blogsaverroes.juntadeandalucia.es\/grancapitan\/wp-json\/wp\/v2\/pages\/13956\/revisions"}],"predecessor-version":[{"id":22268,"href":"https:\/\/blogsaverroes.juntadeandalucia.es\/grancapitan\/wp-json\/wp\/v2\/pages\/13956\/revisions\/22268"}],"wp:attachment":[{"href":"https:\/\/blogsaverroes.juntadeandalucia.es\/grancapitan\/wp-json\/wp\/v2\/media?parent=13956"}],"curies":[{"name":"wp","href":"https:\/\/api.w.org\/{rel}","templated":true}]}}