{"id":15844,"date":"2022-04-19T19:40:19","date_gmt":"2022-04-19T18:40:19","guid":{"rendered":"https:\/\/blogsaverroes.juntadeandalucia.es\/grancapitan\/?page_id=15844"},"modified":"2022-04-22T08:09:14","modified_gmt":"2022-04-22T07:09:14","slug":"feria-plurilingue-2022","status":"publish","type":"page","link":"https:\/\/blogsaverroes.juntadeandalucia.es\/grancapitan\/feria-plurilingue-2022\/","title":{"rendered":"Feria Pluriling\u00fce 2022"},"content":{"rendered":"<div class=\"pt-cv-wrapper\"><div class=\"pt-cv-view pt-cv-grid pt-cv-colsys\" id=\"pt-cv-view-967722a4vo\"><div data-id=\"pt-cv-page-1\" class=\"pt-cv-page\" data-cvc=\"1\"><div class=\"col-md-12 col-sm-12 col-xs-12 pt-cv-content-item pt-cv-1-col\" ><div class='pt-cv-ifield'><a href=\"https:\/\/blogsaverroes.juntadeandalucia.es\/grancapitan\/2025\/11\/27\/thanksgiving-un-dia-para-agradecer\/\" class=\"_blank pt-cv-href-thumbnail pt-cv-thumb-default\" target=\"_blank\" ><img loading=\"lazy\" decoding=\"async\" width=\"150\" height=\"150\" src=\"https:\/\/blogsaverroes.juntadeandalucia.es\/grancapitan\/files\/2025\/11\/20251127_113352-150x150.jpg\" class=\"pt-cv-thumbnail\" alt=\"\" \/><\/a>\n<h4 class=\"pt-cv-title\"><a href=\"https:\/\/blogsaverroes.juntadeandalucia.es\/grancapitan\/2025\/11\/27\/thanksgiving-un-dia-para-agradecer\/\" class=\"_blank\" target=\"_blank\" >Thanksgiving, un d\u00eda para agradecer<\/a><\/h4>\n<div class=\"pt-cv-content\">En el CEIP Gran Capit\u00e1n hemos celebrado Thanksgiving (D\u00eda de Acci\u00f3n de Gracias) tomando un momento para reconocer y apreciar ...<br \/><div class=\"pt-cv-rmwrap\"><a href=\"https:\/\/blogsaverroes.juntadeandalucia.es\/grancapitan\/2025\/11\/27\/thanksgiving-un-dia-para-agradecer\/\" class=\"_blank pt-cv-readmore btn btn-success\" target=\"_blank\">Leer M\u00e1s<\/a><\/div><\/div><\/div><\/div>\n<div class=\"col-md-12 col-sm-12 col-xs-12 pt-cv-content-item pt-cv-1-col\" ><div class='pt-cv-ifield'><a href=\"https:\/\/blogsaverroes.juntadeandalucia.es\/grancapitan\/2025\/11\/07\/celebracion-de-halloween\/\" class=\"_blank pt-cv-href-thumbnail pt-cv-thumb-default\" target=\"_blank\" ><img loading=\"lazy\" decoding=\"async\" width=\"150\" height=\"150\" src=\"https:\/\/blogsaverroes.juntadeandalucia.es\/grancapitan\/files\/2025\/11\/20251028_095127-150x150.jpg\" class=\"pt-cv-thumbnail\" alt=\"\" \/><\/a>\n<h4 class=\"pt-cv-title\"><a href=\"https:\/\/blogsaverroes.juntadeandalucia.es\/grancapitan\/2025\/11\/07\/celebracion-de-halloween\/\" class=\"_blank\" target=\"_blank\" >Celebraci\u00f3n de Halloween<\/a><\/h4>\n<div class=\"pt-cv-content\">Durante la \u00faltima semana de octubre, el CEIP Gran Capit\u00e1n celebra su tradicional Semana de Halloween, una iniciativa pensada para ...<br \/><div class=\"pt-cv-rmwrap\"><a href=\"https:\/\/blogsaverroes.juntadeandalucia.es\/grancapitan\/2025\/11\/07\/celebracion-de-halloween\/\" class=\"_blank pt-cv-readmore btn btn-success\" target=\"_blank\">Leer M\u00e1s<\/a><\/div><\/div><\/div><\/div>\n<div class=\"col-md-12 col-sm-12 col-xs-12 pt-cv-content-item pt-cv-1-col\" ><div class='pt-cv-ifield'><a href=\"https:\/\/blogsaverroes.juntadeandalucia.es\/grancapitan\/2025\/10\/01\/dia-europeo-de-las-lenguas-celebrar-la-diversidad-que-nos-une\/\" class=\"_blank pt-cv-href-thumbnail pt-cv-thumb-default\" target=\"_blank\" ><img loading=\"lazy\" decoding=\"async\" width=\"150\" height=\"150\" src=\"https:\/\/blogsaverroes.juntadeandalucia.es\/grancapitan\/files\/2025\/11\/20250930_084503-150x150.jpg\" class=\"pt-cv-thumbnail\" alt=\"\" \/><\/a>\n<h4 class=\"pt-cv-title\"><a href=\"https:\/\/blogsaverroes.juntadeandalucia.es\/grancapitan\/2025\/10\/01\/dia-europeo-de-las-lenguas-celebrar-la-diversidad-que-nos-une\/\" class=\"_blank\" target=\"_blank\" >D\u00eda Europeo de las Lenguas: celebrar la diversidad que nos une.<\/a><\/h4>\n<div class=\"pt-cv-content\">Cada 26 de septiembre se celebra el D\u00eda Europeo de las Lenguas, una iniciativa impulsada por el Consejo de Europa ...<br \/><div class=\"pt-cv-rmwrap\"><a href=\"https:\/\/blogsaverroes.juntadeandalucia.es\/grancapitan\/2025\/10\/01\/dia-europeo-de-las-lenguas-celebrar-la-diversidad-que-nos-une\/\" class=\"_blank pt-cv-readmore btn btn-success\" target=\"_blank\">Leer M\u00e1s<\/a><\/div><\/div><\/div><\/div>\n<div class=\"col-md-12 col-sm-12 col-xs-12 pt-cv-content-item pt-cv-1-col\" ><div class='pt-cv-ifield'><a href=\"https:\/\/blogsaverroes.juntadeandalucia.es\/grancapitan\/2025\/06\/01\/discovering-manchester\/\" class=\"_blank pt-cv-href-thumbnail pt-cv-thumb-default\" target=\"_blank\" ><img loading=\"lazy\" decoding=\"async\" width=\"150\" height=\"150\" src=\"https:\/\/blogsaverroes.juntadeandalucia.es\/grancapitan\/files\/2025\/06\/IMG-20250529-WA0008-150x150.jpg\" class=\"pt-cv-thumbnail\" alt=\"\" \/><\/a>\n<h4 class=\"pt-cv-title\"><a href=\"https:\/\/blogsaverroes.juntadeandalucia.es\/grancapitan\/2025\/06\/01\/discovering-manchester\/\" class=\"_blank\" target=\"_blank\" >DISCOVERING MANCHESTER<\/a><\/h4>\n<div class=\"pt-cv-content\">Este jueves 29 de mayo despedimos a Vicky, nuestra auxiliar de conversaci\u00f3n. Ha sido un curso lleno de an\u00e9cdotas, en ...<br \/><div class=\"pt-cv-rmwrap\"><a href=\"https:\/\/blogsaverroes.juntadeandalucia.es\/grancapitan\/2025\/06\/01\/discovering-manchester\/\" class=\"_blank pt-cv-readmore btn btn-success\" target=\"_blank\">Leer M\u00e1s<\/a><\/div><\/div><\/div><\/div>\n<div class=\"col-md-12 col-sm-12 col-xs-12 pt-cv-content-item pt-cv-1-col\" ><div class='pt-cv-ifield'><a href=\"https:\/\/blogsaverroes.juntadeandalucia.es\/grancapitan\/2025\/05\/11\/dia-de-europa-2\/\" class=\"_blank pt-cv-href-thumbnail pt-cv-thumb-default\" target=\"_blank\" ><img loading=\"lazy\" decoding=\"async\" width=\"150\" height=\"150\" src=\"https:\/\/blogsaverroes.juntadeandalucia.es\/grancapitan\/files\/2025\/05\/banderas-150x150.jpg\" class=\"pt-cv-thumbnail\" alt=\"\" \/><\/a>\n<h4 class=\"pt-cv-title\"><a href=\"https:\/\/blogsaverroes.juntadeandalucia.es\/grancapitan\/2025\/05\/11\/dia-de-europa-2\/\" class=\"_blank\" target=\"_blank\" >D\u00cdA DE EUROPA<\/a><\/h4>\n<div class=\"pt-cv-content\">Este viernes 9 de mayo, hemos celebrado en nuestro cole el D\u00eda de Europa.\u00a0 Como cada a\u00f1o nuestros peque\u00f1os y ...<br \/><div class=\"pt-cv-rmwrap\"><a href=\"https:\/\/blogsaverroes.juntadeandalucia.es\/grancapitan\/2025\/05\/11\/dia-de-europa-2\/\" class=\"_blank pt-cv-readmore btn btn-success\" target=\"_blank\">Leer M\u00e1s<\/a><\/div><\/div><\/div><\/div>\n<div class=\"col-md-12 col-sm-12 col-xs-12 pt-cv-content-item pt-cv-1-col\" ><div class='pt-cv-ifield'><a href=\"https:\/\/blogsaverroes.juntadeandalucia.es\/grancapitan\/2025\/04\/09\/easter\/\" class=\"_blank pt-cv-href-thumbnail pt-cv-thumb-default\" target=\"_blank\" ><img loading=\"lazy\" decoding=\"async\" width=\"150\" height=\"150\" src=\"https:\/\/blogsaverroes.juntadeandalucia.es\/grancapitan\/files\/2025\/04\/20250408_085946-150x150.jpg\" class=\"pt-cv-thumbnail\" alt=\"\" srcset=\"https:\/\/blogsaverroes.juntadeandalucia.es\/grancapitan\/files\/2025\/04\/20250408_085946-150x150.jpg 150w, https:\/\/blogsaverroes.juntadeandalucia.es\/grancapitan\/files\/2025\/04\/20250408_085946-432x432.jpg 432w, https:\/\/blogsaverroes.juntadeandalucia.es\/grancapitan\/files\/2025\/04\/20250408_085946-268x268.jpg 268w\" sizes=\"(max-width: 150px) 100vw, 150px\" \/><\/a>\n<h4 class=\"pt-cv-title\"><a href=\"https:\/\/blogsaverroes.juntadeandalucia.es\/grancapitan\/2025\/04\/09\/easter\/\" class=\"_blank\" target=\"_blank\" >EASTER<\/a><\/h4>\n<div class=\"pt-cv-content\">Entre las diferentes versiones sobre el origen de la palabra Easter, hemos elegido como referencia la creencia de que esta ...<br \/><div class=\"pt-cv-rmwrap\"><a href=\"https:\/\/blogsaverroes.juntadeandalucia.es\/grancapitan\/2025\/04\/09\/easter\/\" class=\"_blank pt-cv-readmore btn btn-success\" target=\"_blank\">Leer M\u00e1s<\/a><\/div><\/div><\/div><\/div>\n<div class=\"col-md-12 col-sm-12 col-xs-12 pt-cv-content-item pt-cv-1-col\" ><div class='pt-cv-ifield'><a href=\"https:\/\/blogsaverroes.juntadeandalucia.es\/grancapitan\/2025\/04\/02\/saint-patricks-day-2\/\" class=\"_blank pt-cv-href-thumbnail pt-cv-thumb-default\" target=\"_blank\" ><img loading=\"lazy\" decoding=\"async\" width=\"150\" height=\"150\" src=\"https:\/\/blogsaverroes.juntadeandalucia.es\/grancapitan\/files\/2025\/04\/20250402_092624-e1743579272265-150x150.jpg\" class=\"pt-cv-thumbnail\" alt=\"\" srcset=\"https:\/\/blogsaverroes.juntadeandalucia.es\/grancapitan\/files\/2025\/04\/20250402_092624-e1743579272265-150x150.jpg 150w, https:\/\/blogsaverroes.juntadeandalucia.es\/grancapitan\/files\/2025\/04\/20250402_092624-e1743579272265-432x432.jpg 432w, https:\/\/blogsaverroes.juntadeandalucia.es\/grancapitan\/files\/2025\/04\/20250402_092624-e1743579272265-268x268.jpg 268w\" sizes=\"(max-width: 150px) 100vw, 150px\" \/><\/a>\n<h4 class=\"pt-cv-title\"><a href=\"https:\/\/blogsaverroes.juntadeandalucia.es\/grancapitan\/2025\/04\/02\/saint-patricks-day-2\/\" class=\"_blank\" target=\"_blank\" >SAINT PATRICK\u00b4S DAY<\/a><\/h4>\n<div class=\"pt-cv-content\">Como cada 17 de marzo, nuestro cole celebra la festividad de San Patricio. Este a\u00f1o contamos\u00a0 con una auxiliar de ...<br \/><div class=\"pt-cv-rmwrap\"><a href=\"https:\/\/blogsaverroes.juntadeandalucia.es\/grancapitan\/2025\/04\/02\/saint-patricks-day-2\/\" class=\"_blank pt-cv-readmore btn btn-success\" target=\"_blank\">Leer M\u00e1s<\/a><\/div><\/div><\/div><\/div>\n<div class=\"col-md-12 col-sm-12 col-xs-12 pt-cv-content-item pt-cv-1-col\" ><div class='pt-cv-ifield'><a href=\"https:\/\/blogsaverroes.juntadeandalucia.es\/grancapitan\/2024\/11\/13\/teatro-terrorifico-en-el-gran-capitan\/\" class=\"_blank pt-cv-href-thumbnail pt-cv-thumb-default\" target=\"_blank\" ><img loading=\"lazy\" decoding=\"async\" width=\"150\" height=\"150\" src=\"https:\/\/blogsaverroes.juntadeandalucia.es\/grancapitan\/files\/2024\/11\/WhatsApp-Image-2024-11-13-at-17.42.30-150x150.jpeg\" class=\"pt-cv-thumbnail\" alt=\"\" srcset=\"https:\/\/blogsaverroes.juntadeandalucia.es\/grancapitan\/files\/2024\/11\/WhatsApp-Image-2024-11-13-at-17.42.30-150x150.jpeg 150w, https:\/\/blogsaverroes.juntadeandalucia.es\/grancapitan\/files\/2024\/11\/WhatsApp-Image-2024-11-13-at-17.42.30-432x432.jpeg 432w, https:\/\/blogsaverroes.juntadeandalucia.es\/grancapitan\/files\/2024\/11\/WhatsApp-Image-2024-11-13-at-17.42.30-268x268.jpeg 268w\" sizes=\"(max-width: 150px) 100vw, 150px\" \/><\/a>\n<h4 class=\"pt-cv-title\"><a href=\"https:\/\/blogsaverroes.juntadeandalucia.es\/grancapitan\/2024\/11\/13\/teatro-terrorifico-en-el-gran-capitan\/\" class=\"_blank\" target=\"_blank\" >Teatro terror\u00edfico en el Gran Capit\u00e1n<\/a><\/h4>\n<div class=\"pt-cv-content\">Ayer martes 12 de noviembre tuvimos una visita muy especial en nuestro cole, la compa\u00f1\u00eda de teatro Face 2 Face ...<br \/><div class=\"pt-cv-rmwrap\"><a href=\"https:\/\/blogsaverroes.juntadeandalucia.es\/grancapitan\/2024\/11\/13\/teatro-terrorifico-en-el-gran-capitan\/\" class=\"_blank pt-cv-readmore btn btn-success\" target=\"_blank\">Leer M\u00e1s<\/a><\/div><\/div><\/div><\/div>\n<div class=\"col-md-12 col-sm-12 col-xs-12 pt-cv-content-item pt-cv-1-col\" ><div class='pt-cv-ifield'><a href=\"https:\/\/blogsaverroes.juntadeandalucia.es\/grancapitan\/2024\/11\/03\/halloween-en-el-gran-capitan\/\" class=\"_blank pt-cv-href-thumbnail pt-cv-thumb-default\" target=\"_blank\" ><img loading=\"lazy\" decoding=\"async\" width=\"150\" height=\"150\" src=\"https:\/\/blogsaverroes.juntadeandalucia.es\/grancapitan\/files\/2024\/11\/concurso-calabazas-4-150x150.jpg\" class=\"pt-cv-thumbnail\" alt=\"\" srcset=\"https:\/\/blogsaverroes.juntadeandalucia.es\/grancapitan\/files\/2024\/11\/concurso-calabazas-4-150x150.jpg 150w, https:\/\/blogsaverroes.juntadeandalucia.es\/grancapitan\/files\/2024\/11\/concurso-calabazas-4-432x432.jpg 432w, https:\/\/blogsaverroes.juntadeandalucia.es\/grancapitan\/files\/2024\/11\/concurso-calabazas-4-268x268.jpg 268w\" sizes=\"(max-width: 150px) 100vw, 150px\" \/><\/a>\n<h4 class=\"pt-cv-title\"><a href=\"https:\/\/blogsaverroes.juntadeandalucia.es\/grancapitan\/2024\/11\/03\/halloween-en-el-gran-capitan\/\" class=\"_blank\" target=\"_blank\" >\u00a1\u00a1\u00a1Halloween en el Gran Capit\u00e1n!!!<\/a><\/h4>\n<div class=\"pt-cv-content\">Este a\u00f1o hemos celebrado Halloween en nuestro colegio haciendo much\u00edsimas actividades divertidas, dibujos,\u00a0 juegos, manualidades, concursos.... Desde los Grandes Capitanes ...<br \/><div class=\"pt-cv-rmwrap\"><a href=\"https:\/\/blogsaverroes.juntadeandalucia.es\/grancapitan\/2024\/11\/03\/halloween-en-el-gran-capitan\/\" class=\"_blank pt-cv-readmore btn btn-success\" target=\"_blank\">Leer M\u00e1s<\/a><\/div><\/div><\/div><\/div>\n<div class=\"col-md-12 col-sm-12 col-xs-12 pt-cv-content-item pt-cv-1-col\" ><div class='pt-cv-ifield'><a href=\"https:\/\/blogsaverroes.juntadeandalucia.es\/grancapitan\/2024\/09\/26\/dia-europeo-de-las-lenguas\/\" class=\"_blank pt-cv-href-thumbnail pt-cv-thumb-default\" target=\"_blank\" ><img loading=\"lazy\" decoding=\"async\" width=\"150\" height=\"150\" src=\"https:\/\/blogsaverroes.juntadeandalucia.es\/grancapitan\/files\/2024\/09\/Banner-Club-Deportivo-de-Tenis-Moderno-Verde-150x150.png\" class=\"pt-cv-thumbnail\" alt=\"\" srcset=\"https:\/\/blogsaverroes.juntadeandalucia.es\/grancapitan\/files\/2024\/09\/Banner-Club-Deportivo-de-Tenis-Moderno-Verde-150x150.png 150w, https:\/\/blogsaverroes.juntadeandalucia.es\/grancapitan\/files\/2024\/09\/Banner-Club-Deportivo-de-Tenis-Moderno-Verde-432x432.png 432w, https:\/\/blogsaverroes.juntadeandalucia.es\/grancapitan\/files\/2024\/09\/Banner-Club-Deportivo-de-Tenis-Moderno-Verde-268x268.png 268w\" sizes=\"(max-width: 150px) 100vw, 150px\" \/><\/a>\n<h4 class=\"pt-cv-title\"><a href=\"https:\/\/blogsaverroes.juntadeandalucia.es\/grancapitan\/2024\/09\/26\/dia-europeo-de-las-lenguas\/\" class=\"_blank\" target=\"_blank\" >D\u00cdA EUROPEO DE LAS LENGUAS<\/a><\/h4>\n<div class=\"pt-cv-content\">Otro a\u00f1o m\u00e1s, con motivo del D\u00eda Europeo de las Lenguas (DEL) que se celebra anualmente el 26 de septiembre ...<br \/><div class=\"pt-cv-rmwrap\"><a href=\"https:\/\/blogsaverroes.juntadeandalucia.es\/grancapitan\/2024\/09\/26\/dia-europeo-de-las-lenguas\/\" class=\"_blank pt-cv-readmore btn btn-success\" target=\"_blank\">Leer M\u00e1s<\/a><\/div><\/div><\/div><\/div><\/div><\/div><\/div>\n","protected":false},"excerpt":{"rendered":"","protected":false},"author":3287,"featured_media":0,"parent":0,"menu_order":0,"comment_status":"closed","ping_status":"closed","template":"","meta":{"ngg_post_thumbnail":0,"footnotes":"","_mc_calendar":[]},"aioseo_notices":[],"_links":{"self":[{"href":"https:\/\/blogsaverroes.juntadeandalucia.es\/grancapitan\/wp-json\/wp\/v2\/pages\/15844"}],"collection":[{"href":"https:\/\/blogsaverroes.juntadeandalucia.es\/grancapitan\/wp-json\/wp\/v2\/pages"}],"about":[{"href":"https:\/\/blogsaverroes.juntadeandalucia.es\/grancapitan\/wp-json\/wp\/v2\/types\/page"}],"author":[{"embeddable":true,"href":"https:\/\/blogsaverroes.juntadeandalucia.es\/grancapitan\/wp-json\/wp\/v2\/users\/3287"}],"replies":[{"embeddable":true,"href":"https:\/\/blogsaverroes.juntadeandalucia.es\/grancapitan\/wp-json\/wp\/v2\/comments?post=15844"}],"version-history":[{"count":17,"href":"https:\/\/blogsaverroes.juntadeandalucia.es\/grancapitan\/wp-json\/wp\/v2\/pages\/15844\/revisions"}],"predecessor-version":[{"id":15897,"href":"https:\/\/blogsaverroes.juntadeandalucia.es\/grancapitan\/wp-json\/wp\/v2\/pages\/15844\/revisions\/15897"}],"wp:attachment":[{"href":"https:\/\/blogsaverroes.juntadeandalucia.es\/grancapitan\/wp-json\/wp\/v2\/media?parent=15844"}],"curies":[{"name":"wp","href":"https:\/\/api.w.org\/{rel}","templated":true}]}}