{"id":22181,"date":"2025-08-18T19:21:56","date_gmt":"2025-08-18T17:21:56","guid":{"rendered":"https:\/\/blogsaverroes.juntadeandalucia.es\/grancapitan\/?page_id=22181"},"modified":"2025-08-18T19:24:59","modified_gmt":"2025-08-18T17:24:59","slug":"conoce-nuestro-centro","status":"publish","type":"page","link":"https:\/\/blogsaverroes.juntadeandalucia.es\/grancapitan\/conoce-nuestro-centro\/","title":{"rendered":"Conoce nuestro cole"},"content":{"rendered":"<p>El CEIP Gran Capit\u00e1n es un colegio de educaci\u00f3n Infantil y Primaria de titularidad p\u00fablica, situado en el barrio de las Casas Nuevas de Montilla. Su origen se remonta a 1962, pero pese a haber cumplido m\u00e1s de 50 a\u00f1os, las mejoras y mantenimiento realizados en \u00e9l (como renovaci\u00f3n de cerramientos, de instalaci\u00f3n el\u00e9ctrica, instalaci\u00f3n de climatizaci\u00f3n adiab\u00e1tica\u2026) hace que se conserve en un excelente estado. El centro cuenta con una l\u00ednea tanto en Infantil (2\u00ba ciclo) como en Primaria con ratios que var\u00edan entre 16 y 25 alumnos\/as.<\/p>\n<p><strong>PERSONAL Y SERVICIOS<\/strong><\/p>\n<p>En la actualidad, la plantilla la conforman 17 maestros\/as, incluyendo profesorado de Infantil y Primaria y especialistas de Primaria Biling\u00fce (Ingl\u00e9s), Educaci\u00f3n F\u00edsica, Educaci\u00f3n F\u00edsica Biling\u00fce, Franc\u00e9s, M\u00fasica, Religi\u00f3n, PT y AL. El orientador asiste al centro dos d\u00edas por semana.<\/p>\n<p>Adem\u00e1s contamos con una monitora escolar con funciones de administraci\u00f3n, una PTIS y limpiador en horario de ma\u00f1ana, adem\u00e1s del personal del turno de tarde. La cocina cuenta con una auxiliar de cocina y dos asistentes en restauraci\u00f3n, adem\u00e1s de monitoras tanto para el aula matinal como para comedor.<\/p>\n<p>El centro ofrece servicio de comedor escolar (de gesti\u00f3n directa), aula matinal, transporte escolar y clases de acompa\u00f1amiento escolar (PROA).<\/p>\n<p><strong>LOS ESPACIOS<\/strong><\/p>\n<p>En cuanto a espacios, est\u00e1 conformado por tres edificios: Administraci\u00f3n, Aulario y Gimnasio.<\/p>\n<p>El edificio de Administraci\u00f3n acoge los despachos de Direcci\u00f3n, Jefatura de Estudios, Secretar\u00eda, Administraci\u00f3n y reprograf\u00eda, Sala de Profesores, Radio Escolar, despacho del Orientador\/AMPA y almac\u00e9n de recursos did\u00e1cticos, as\u00ed como aseos.<\/p>\n<p>Por su parte, el Aulario, que consta de dos plantas, incluye todas las aulas de Infantil (3) y Primaria (6), de Pedagog\u00eda Terape\u00fatica, de Audici\u00f3n y Lenguaje y Aula Espec\u00edfica. Dispone tambi\u00e9n de aulas dedicadas para Ingl\u00e9s, M\u00fasica, Religi\u00f3n e Inform\u00e1tica, adem\u00e1s de un Aula de Trabajo Colaborativo, un Aula Dom\u00e9stica y almac\u00e9n. En la planta baja de este edificio se encuentra tambi\u00e9n el Comedor Escolar, la cocina y almacenes propios y el espacio para Aula Matinal.<\/p>\n<p>El gimnasio cuenta con pista multideporte, almac\u00e9n de material deportivo y almac\u00e9n del AMPA.<\/p>\n<p>Los exteriores del centro disponen de tres pistas diferenciadas y algunos espacios techados y de sombra (arbolado), as\u00ed como un huerto escolar con bancales y jard\u00edn con aula exterior.<\/p>\n","protected":false},"excerpt":{"rendered":"<p>El CEIP Gran Capit\u00e1n es un colegio de educaci\u00f3n Infantil y Primaria de titularidad p\u00fablica, situado en el barrio de las Casas Nuevas de Montilla.&hellip;<\/p>\n","protected":false},"author":3287,"featured_media":0,"parent":0,"menu_order":0,"comment_status":"closed","ping_status":"closed","template":"","meta":{"ngg_post_thumbnail":0,"footnotes":"","_mc_calendar":[]},"aioseo_notices":[],"_links":{"self":[{"href":"https:\/\/blogsaverroes.juntadeandalucia.es\/grancapitan\/wp-json\/wp\/v2\/pages\/22181"}],"collection":[{"href":"https:\/\/blogsaverroes.juntadeandalucia.es\/grancapitan\/wp-json\/wp\/v2\/pages"}],"about":[{"href":"https:\/\/blogsaverroes.juntadeandalucia.es\/grancapitan\/wp-json\/wp\/v2\/types\/page"}],"author":[{"embeddable":true,"href":"https:\/\/blogsaverroes.juntadeandalucia.es\/grancapitan\/wp-json\/wp\/v2\/users\/3287"}],"replies":[{"embeddable":true,"href":"https:\/\/blogsaverroes.juntadeandalucia.es\/grancapitan\/wp-json\/wp\/v2\/comments?post=22181"}],"version-history":[{"count":3,"href":"https:\/\/blogsaverroes.juntadeandalucia.es\/grancapitan\/wp-json\/wp\/v2\/pages\/22181\/revisions"}],"predecessor-version":[{"id":22186,"href":"https:\/\/blogsaverroes.juntadeandalucia.es\/grancapitan\/wp-json\/wp\/v2\/pages\/22181\/revisions\/22186"}],"wp:attachment":[{"href":"https:\/\/blogsaverroes.juntadeandalucia.es\/grancapitan\/wp-json\/wp\/v2\/media?parent=22181"}],"curies":[{"name":"wp","href":"https:\/\/api.w.org\/{rel}","templated":true}]}}