{"id":436,"date":"2015-03-20T07:08:17","date_gmt":"2015-03-20T07:08:17","guid":{"rendered":"http:\/\/blogsaverroes.juntadeandalucia.es\/pre\/ceip\/?page_id=436"},"modified":"2023-03-12T17:07:25","modified_gmt":"2023-03-12T15:07:25","slug":"ed-primaria-3o-ciclo","status":"publish","type":"page","link":"https:\/\/blogsaverroes.juntadeandalucia.es\/grancapitan\/ed-primaria-3o-ciclo\/","title":{"rendered":"Ed. Primaria. 3\u00ba ciclo"},"content":{"rendered":"<p style=\"text-align: justify\">Se publican a continuaci\u00f3n los&nbsp;<em><strong>Criterios de Evaluaci\u00f3n<\/strong><\/em> para los cursos de 5\u00baE.P. y 6\u00ba E.P. atendiendo a las diferentes normativas vigentes para este <strong>curso 2022-2023<\/strong>:<\/p>\n<p style=\"text-align: justify\"><a href=\"https:\/\/blogsaverroes.juntadeandalucia.es\/grancapitan\/files\/2023\/03\/CRITERIOS-EVALUACI\u00d3N-5\u00ba-EP.pdf\">CRITERIOS EVALUACI\u00d3N 5\u00ba EP<\/a><\/p>\n<p><a href=\"https:\/\/blogsaverroes.juntadeandalucia.es\/grancapitan\/files\/2023\/03\/CRITERIOS-EVALUACI\u00d3N-6\u00ba-EP.pdf\">CRITERIOS EVALUACI\u00d3N 6\u00ba EP<\/a><\/p>\n<p style=\"text-align: justify\">Las normativas vigentes son las siguientes:&nbsp;<\/p>\n<ul>\n<li style=\"text-align: justify\"><strong>Instrucci\u00f3n 12\/2022<\/strong>, de 23 de junio, de la direcci\u00f3n general de ordenaci\u00f3n y evaluaci\u00f3n educativa, por la que se establecen aspectos de organizaci\u00f3n y funcionamiento para los centros que impartan Educativa Primaria para el curso 2022\/2023.&nbsp;<em><strong><span style=\"color: #ff0000\">(De aplicaci\u00f3n en 5\u00baEP)<\/span>.<\/strong><\/em><\/li>\n<li style=\"text-align: justify\"><strong>Orden de 15 de enero de 2021<\/strong>, por la que se desarrolla el curr\u00edculo correspondiente a la etapa de Educaci\u00f3n Primaria en la Comunidad Aut\u00f3noma de Andaluc\u00eda, se regulan determinados aspectos de la atenci\u00f3n a la diversidad, se establece la ordenaci\u00f3n de la evaluaci\u00f3n del proceso de aprendizaje del alumnado y se determina el proceso de tr\u00e1nsito entre distintas etapas educativas.<span style=\"color: #ff0000\">&nbsp;<\/span><em><strong><span style=\"color: #ff0000\">(De aplicaci\u00f3n en 6\u00baEP)<\/span>.<\/strong><\/em><\/li>\n<\/ul>\n","protected":false},"excerpt":{"rendered":"<p>Se publican a continuaci\u00f3n los&nbsp;Criterios de Evaluaci\u00f3n para los cursos de 5\u00baE.P. y 6\u00ba E.P. atendiendo a las diferentes normativas vigentes para este curso 2022-2023:&hellip;<\/p>\n","protected":false},"author":1,"featured_media":0,"parent":0,"menu_order":0,"comment_status":"closed","ping_status":"open","template":"","meta":{"ngg_post_thumbnail":0,"footnotes":"","_mc_calendar":[]},"aioseo_notices":[],"_links":{"self":[{"href":"https:\/\/blogsaverroes.juntadeandalucia.es\/grancapitan\/wp-json\/wp\/v2\/pages\/436"}],"collection":[{"href":"https:\/\/blogsaverroes.juntadeandalucia.es\/grancapitan\/wp-json\/wp\/v2\/pages"}],"about":[{"href":"https:\/\/blogsaverroes.juntadeandalucia.es\/grancapitan\/wp-json\/wp\/v2\/types\/page"}],"author":[{"embeddable":true,"href":"https:\/\/blogsaverroes.juntadeandalucia.es\/grancapitan\/wp-json\/wp\/v2\/users\/1"}],"replies":[{"embeddable":true,"href":"https:\/\/blogsaverroes.juntadeandalucia.es\/grancapitan\/wp-json\/wp\/v2\/comments?post=436"}],"version-history":[{"count":3,"href":"https:\/\/blogsaverroes.juntadeandalucia.es\/grancapitan\/wp-json\/wp\/v2\/pages\/436\/revisions"}],"predecessor-version":[{"id":17894,"href":"https:\/\/blogsaverroes.juntadeandalucia.es\/grancapitan\/wp-json\/wp\/v2\/pages\/436\/revisions\/17894"}],"wp:attachment":[{"href":"https:\/\/blogsaverroes.juntadeandalucia.es\/grancapitan\/wp-json\/wp\/v2\/media?parent=436"}],"curies":[{"name":"wp","href":"https:\/\/api.w.org\/{rel}","templated":true}]}}