{"id":49,"date":"2015-03-13T08:47:05","date_gmt":"2015-03-13T08:47:05","guid":{"rendered":"http:\/\/blogsaverroes.juntadeandalucia.es\/pre\/ceip\/?page_id=49"},"modified":"2025-01-24T14:00:34","modified_gmt":"2025-01-24T12:00:34","slug":"proyecto-educativo","status":"publish","type":"page","link":"https:\/\/blogsaverroes.juntadeandalucia.es\/grancapitan\/proyecto-educativo\/","title":{"rendered":"Documentos del Centro"},"content":{"rendered":"<p style=\"text-align: left\">Documentos del Centro<\/p>\n<p><strong>PLAN DE CENTRO<\/strong><\/p>\n<ul>\n<li><a href=\"https:\/\/blogsaverroes.juntadeandalucia.es\/grancapitan\/files\/2025\/01\/PROYECTO-EDUCATIVO-2024.pdf\"><span style=\"color: #ff0000\">Proyecto Educativo CEIP Gran Capit\u00e1n.<\/span><\/a><\/li>\n<li><a href=\"https:\/\/blogsaverroes.juntadeandalucia.es\/grancapitan\/files\/2025\/01\/PLAN-DE-CONVIVENCIA-2024.pdf\"><span style=\"color: #ff0000\">Plan de convivencia.<\/span><\/a><\/li>\n<li><a href=\"https:\/\/blogsaverroes.juntadeandalucia.es\/grancapitan\/files\/2025\/01\/ROF-2024-1.pdf\"><span style=\"color: #ff0000\">Reglamento de Organizaci\u00f3n y Funcionamiento.<\/span><\/a><\/li>\n<li><span style=\"color: #ff0000\"><a style=\"color: #ff0000\" href=\"https:\/\/blogsaverroes.juntadeandalucia.es\/grancapitan\/files\/2025\/01\/PROYECTO-DE-GESTION-2024.pdf\">Proyecto de Gesti\u00f3n.<\/a><\/span><\/li>\n<\/ul>\n<p>&nbsp;<\/p>\n<table style=\"border-collapse: collapse;width: 112.879%;height: 453px\">\n<tbody>\n<tr>\n<td style=\"width: 53.6242%\">\n<p style=\"text-align: left\"><strong>&nbsp;&nbsp;&nbsp;&nbsp;&nbsp;&nbsp;&nbsp; <\/strong><\/p>\n<\/td>\n<td style=\"width: 46.3758%\">\n<p style=\"text-align: left\"><strong>&nbsp; &nbsp; &nbsp; &nbsp;<\/strong><\/p>\n<\/td>\n<\/tr>\n<\/tbody>\n<\/table>\n<p>&nbsp;<\/p>\n<p>&nbsp;<\/p>\n","protected":false},"excerpt":{"rendered":"<p>Documentos del Centro PLAN DE CENTRO Proyecto Educativo CEIP Gran Capit\u00e1n. Plan de convivencia. Reglamento de Organizaci\u00f3n y Funcionamiento. Proyecto de Gesti\u00f3n. &nbsp; &nbsp;&nbsp;&nbsp;&nbsp;&nbsp;&nbsp;&nbsp; &nbsp;&hellip;<\/p>\n","protected":false},"author":1,"featured_media":0,"parent":0,"menu_order":0,"comment_status":"closed","ping_status":"open","template":"","meta":{"ngg_post_thumbnail":0,"footnotes":"","_mc_calendar":[]},"aioseo_notices":[],"_links":{"self":[{"href":"https:\/\/blogsaverroes.juntadeandalucia.es\/grancapitan\/wp-json\/wp\/v2\/pages\/49"}],"collection":[{"href":"https:\/\/blogsaverroes.juntadeandalucia.es\/grancapitan\/wp-json\/wp\/v2\/pages"}],"about":[{"href":"https:\/\/blogsaverroes.juntadeandalucia.es\/grancapitan\/wp-json\/wp\/v2\/types\/page"}],"author":[{"embeddable":true,"href":"https:\/\/blogsaverroes.juntadeandalucia.es\/grancapitan\/wp-json\/wp\/v2\/users\/1"}],"replies":[{"embeddable":true,"href":"https:\/\/blogsaverroes.juntadeandalucia.es\/grancapitan\/wp-json\/wp\/v2\/comments?post=49"}],"version-history":[{"count":29,"href":"https:\/\/blogsaverroes.juntadeandalucia.es\/grancapitan\/wp-json\/wp\/v2\/pages\/49\/revisions"}],"predecessor-version":[{"id":21005,"href":"https:\/\/blogsaverroes.juntadeandalucia.es\/grancapitan\/wp-json\/wp\/v2\/pages\/49\/revisions\/21005"}],"wp:attachment":[{"href":"https:\/\/blogsaverroes.juntadeandalucia.es\/grancapitan\/wp-json\/wp\/v2\/media?parent=49"}],"curies":[{"name":"wp","href":"https:\/\/api.w.org\/{rel}","templated":true}]}}