{"id":80,"date":"2015-03-16T06:57:36","date_gmt":"2015-03-16T06:57:36","guid":{"rendered":"http:\/\/blogsaverroes.juntadeandalucia.es\/pre\/ceip\/?page_id=80"},"modified":"2016-09-26T13:22:52","modified_gmt":"2016-09-26T11:22:52","slug":"curso-escolar","status":"publish","type":"page","link":"https:\/\/blogsaverroes.juntadeandalucia.es\/grancapitan\/curso-escolar\/","title":{"rendered":"Curso escolar"},"content":{"rendered":"<p>Recordamos algunas de las <strong>normas de centro<\/strong>\u00a0que son de obligado cumplimiento, as\u00ed como <strong>recomendaciones<\/strong>, que redundar\u00e1n en un mejor funcionamiento del nuestro colegio:<\/p>\n<ul>\n<li>Se permitir\u00e1 la <strong>entrada al edificio del aulario exclusivamente al alumnado<\/strong>\u00a0durante toda la jornada escolar. En las entradas\u00a0el alumnado ocupar\u00e1 su lugar en la fila correspondiente \u00a0en la pista situada entre el aulario y el gimnasio, <strong>no pudiendo ser acompa\u00f1ado por padres o madres.<\/strong>\u00a0Asimismo, si hiciera falta recoger a un alumno\/a durante las horas lectivas, ser\u00e1 el personal del centro quien acceda a su aula a buscarlo.<\/li>\n<li>Los <strong>d\u00edas de lluvia<\/strong> se har\u00e1n las <strong>filas dentro del aulario<\/strong>, estando igualmente prohibida la permanencia de los padres\/madres en el mismo para no entorpecer el acceso a los clases.<\/li>\n<li>Queda <strong>prohibido llevar<\/strong> al colegio durante el horario lectivo<strong> material escolar o deberes<\/strong> <strong>al alumnado<\/strong> que este ha\u00a0olvidado en casa. Desde el centro creemos que esta es la mejor manera de educar en la organizaci\u00f3n y responsabilidad a nuestros alumnos\/as.<\/li>\n<li>El desayuno es la segunda comida m\u00e1s importante del d\u00eda, por lo que los ni\u00f1os\/as deben <strong>desayunar de manera conveniente en casa<\/strong>, pues la carencia en el mismo se traduce tanto en una mala alimentaci\u00f3n como en una falta de concentraci\u00f3n y rendimiento durante las clases. Igualmente, el <strong>alumnado debe traer su desayuno<\/strong> preparado para la hora del <strong>recreo<\/strong>, no pudiendo facilit\u00e1rsele durante el horario lectivo.<\/li>\n<li>Para garantizar la <strong>seguridad del alumnado<\/strong>, as\u00ed como su independencia dentro del centro, <strong>no est\u00e1 permitido\u00a0acercarse a las vallas durante el recreo<\/strong> o las horas de Educaci\u00f3n F\u00edsica.<\/li>\n<li>Se recuerda que para <strong>sacar a\u00a0un ni\u00f1o\/a del centro durante las clases<\/strong> hay que solicitar y dejar<strong> firmado el justificante de salidas.<\/strong><\/li>\n<li>Es muy importante <strong>informen al tutor si alg\u00fan ni\u00f1o\/a tiene alguna enfermedad<\/strong> que deba conocerse para ponerla en conocimiento del resto de profesores, con quienes\u00a0por otra parte pueden entrevistarse, previa cita, cuando lo estimen oportuno. Cualquier <strong>cambio<\/strong> que se produzca en los <strong>datos del alumno<\/strong> en un momento dado, debe ser <strong>comunicado al tutor<\/strong> para poder actualizar su ficha personal.<\/li>\n<li>El <strong>horario de atenci\u00f3n a padres\/madres<\/strong>\u00a0est\u00e1\u00a0establecido\u00a0los <strong>lunes de 16:00 a 17:00h.<\/strong>, siempre con <strong>cita previa<\/strong>, ya que eso permite a los tutores hablar con los especialistas para preparar\u00a0la reuni\u00f3n.<\/li>\n<li>El <strong>protocolo<\/strong> a seguir para <strong>comunicar\u00a0alg\u00fan problema<\/strong>\u00a0en el \u00e1mbito del\u00a0centro es:\u00a0<strong>tutor\/a<\/strong>, <strong>\u00a0jefa de estudios<\/strong> y <strong>directora<\/strong>. En ning\u00fan caso hay que saltarse pasos ya que se\u00a0ralentiza y se hace menos efectivo el trabajo de los diferentes profesionales; todos tienen sus funciones bien definidas.<\/li>\n<li>Desde el centro insistimos en el <strong>cuidado de los libros de texto<\/strong>, que es responsabilidad de los <strong>ni\u00f1os y las familias<\/strong>, pues se contempla el uso de los mismos durante al menos cuatro a\u00f1os.\u00a0La falta de cuidado de los mismos podr\u00e1 acarrear la reposici\u00f3n de unos nuevos por parte de la familia.<\/li>\n<li>Recomendamos el\u00a0<strong>uso de la agenda<\/strong>, como elemento organizador de la actividad del alumno, as\u00ed como\u00a0veh\u00edculo de comunicaci\u00f3n familia-profesorado.\u00a0La misma deber\u00e1\u00a0ser <strong>firmada todos los d\u00edas<\/strong> por los padres para\u00a0constatar\u00a0el seguimiento de sus hijos y que han le\u00eddo cualquier anotaci\u00f3n que se les pueda hacer.<\/li>\n<\/ul>\n","protected":false},"excerpt":{"rendered":"<p>Recordamos algunas de las normas de centro\u00a0que son de obligado cumplimiento, as\u00ed como recomendaciones, que redundar\u00e1n en un mejor funcionamiento del nuestro colegio: Se permitir\u00e1&hellip;<\/p>\n","protected":false},"author":1,"featured_media":0,"parent":0,"menu_order":0,"comment_status":"closed","ping_status":"open","template":"","meta":{"ngg_post_thumbnail":0,"footnotes":"","_mc_calendar":[]},"aioseo_notices":[],"_links":{"self":[{"href":"https:\/\/blogsaverroes.juntadeandalucia.es\/grancapitan\/wp-json\/wp\/v2\/pages\/80"}],"collection":[{"href":"https:\/\/blogsaverroes.juntadeandalucia.es\/grancapitan\/wp-json\/wp\/v2\/pages"}],"about":[{"href":"https:\/\/blogsaverroes.juntadeandalucia.es\/grancapitan\/wp-json\/wp\/v2\/types\/page"}],"author":[{"embeddable":true,"href":"https:\/\/blogsaverroes.juntadeandalucia.es\/grancapitan\/wp-json\/wp\/v2\/users\/1"}],"replies":[{"embeddable":true,"href":"https:\/\/blogsaverroes.juntadeandalucia.es\/grancapitan\/wp-json\/wp\/v2\/comments?post=80"}],"version-history":[{"count":5,"href":"https:\/\/blogsaverroes.juntadeandalucia.es\/grancapitan\/wp-json\/wp\/v2\/pages\/80\/revisions"}],"predecessor-version":[{"id":2342,"href":"https:\/\/blogsaverroes.juntadeandalucia.es\/grancapitan\/wp-json\/wp\/v2\/pages\/80\/revisions\/2342"}],"wp:attachment":[{"href":"https:\/\/blogsaverroes.juntadeandalucia.es\/grancapitan\/wp-json\/wp\/v2\/media?parent=80"}],"curies":[{"name":"wp","href":"https:\/\/api.w.org\/{rel}","templated":true}]}}