{"id":871,"date":"2015-03-16T07:25:46","date_gmt":"2015-03-16T07:25:46","guid":{"rendered":"http:\/\/blogsaverroes.juntadeandalucia.es\/pre\/ceip\/?page_id=106"},"modified":"2022-09-04T13:15:40","modified_gmt":"2022-09-04T12:15:40","slug":"proa","status":"publish","type":"page","link":"https:\/\/blogsaverroes.juntadeandalucia.es\/grancapitan\/proa\/","title":{"rendered":"PROA: Plan de Acompa\u00f1amiento Escolar"},"content":{"rendered":"<figure id=\"attachment_16268\" aria-describedby=\"caption-attachment-16268\" style=\"width: 660px\" class=\"wp-caption aligncenter\"><a href=\"https:\/\/blogsaverroes.juntadeandalucia.es\/grancapitan\/files\/2022\/09\/IMG_20220904_135637-scaled.jpg\"><img loading=\"lazy\" decoding=\"async\" class=\"wp-image-16268 size-large\" src=\"https:\/\/blogsaverroes.juntadeandalucia.es\/grancapitan\/files\/2022\/09\/IMG_20220904_135637-1024x812.jpg\" alt=\"\" width=\"660\" height=\"523\" srcset=\"https:\/\/blogsaverroes.juntadeandalucia.es\/grancapitan\/files\/2022\/09\/IMG_20220904_135637-1024x812.jpg 1024w, https:\/\/blogsaverroes.juntadeandalucia.es\/grancapitan\/files\/2022\/09\/IMG_20220904_135637-300x238.jpg 300w, https:\/\/blogsaverroes.juntadeandalucia.es\/grancapitan\/files\/2022\/09\/IMG_20220904_135637-768x609.jpg 768w, https:\/\/blogsaverroes.juntadeandalucia.es\/grancapitan\/files\/2022\/09\/IMG_20220904_135637-1536x1218.jpg 1536w, https:\/\/blogsaverroes.juntadeandalucia.es\/grancapitan\/files\/2022\/09\/IMG_20220904_135637-2048x1623.jpg 2048w, https:\/\/blogsaverroes.juntadeandalucia.es\/grancapitan\/files\/2022\/09\/IMG_20220904_135637-700x555.jpg 700w, https:\/\/blogsaverroes.juntadeandalucia.es\/grancapitan\/files\/2022\/09\/IMG_20220904_135637-scaled.jpg 1600w\" sizes=\"(max-width: 660px) 100vw, 660px\" \/><\/a><figcaption id=\"caption-attachment-16268\" class=\"wp-caption-text\">&nbsp;<\/figcaption><\/figure>\n<p style=\"text-align: justify\">Las clases de acompa\u00f1amiento escolar se encuadran dentro del PROA, un conjunto de medidas que tiene como objeto garantizar la igualdad de oportunidades, incrementar el \u00e9xito escolar del alumnado y prevenir el absentismo y el abandono escolar temprano.&nbsp;<\/p>\n<p style=\"text-align: justify\">Su objetivo es reforzar las competencias en el \u00e1rea ling\u00fc\u00edstica y matem\u00e1tica, contando para ello con monitores\/as, que se coordinan con los tutores del alumnado para garantizar el aprendizaje, y trabajar en una misma l\u00ednea en cuanto a contenidos y tareas.<\/p>\n<p>Se desarrollan en horario de tarde, los martes y jueves de 15:45 a 17:45 horas.<\/p>\n<p><a href=\"https:\/\/www.juntadeandalucia.es\/educacion\/portals\/web\/ced\/planesyprogramas\/proa-2021-2022\">M\u00e1s informaci\u00f3n sobre PROA<\/a><\/p>\n","protected":false},"excerpt":{"rendered":"<p>Las clases de acompa\u00f1amiento escolar se encuadran dentro del PROA, un conjunto de medidas que tiene como objeto garantizar la igualdad de oportunidades, incrementar el&hellip;<\/p>\n","protected":false},"author":1,"featured_media":0,"parent":0,"menu_order":0,"comment_status":"closed","ping_status":"open","template":"","meta":{"ngg_post_thumbnail":0,"footnotes":"","_mc_calendar":[]},"aioseo_notices":[],"_links":{"self":[{"href":"https:\/\/blogsaverroes.juntadeandalucia.es\/grancapitan\/wp-json\/wp\/v2\/pages\/871"}],"collection":[{"href":"https:\/\/blogsaverroes.juntadeandalucia.es\/grancapitan\/wp-json\/wp\/v2\/pages"}],"about":[{"href":"https:\/\/blogsaverroes.juntadeandalucia.es\/grancapitan\/wp-json\/wp\/v2\/types\/page"}],"author":[{"embeddable":true,"href":"https:\/\/blogsaverroes.juntadeandalucia.es\/grancapitan\/wp-json\/wp\/v2\/users\/1"}],"replies":[{"embeddable":true,"href":"https:\/\/blogsaverroes.juntadeandalucia.es\/grancapitan\/wp-json\/wp\/v2\/comments?post=871"}],"version-history":[{"count":6,"href":"https:\/\/blogsaverroes.juntadeandalucia.es\/grancapitan\/wp-json\/wp\/v2\/pages\/871\/revisions"}],"predecessor-version":[{"id":16271,"href":"https:\/\/blogsaverroes.juntadeandalucia.es\/grancapitan\/wp-json\/wp\/v2\/pages\/871\/revisions\/16271"}],"wp:attachment":[{"href":"https:\/\/blogsaverroes.juntadeandalucia.es\/grancapitan\/wp-json\/wp\/v2\/media?parent=871"}],"curies":[{"name":"wp","href":"https:\/\/api.w.org\/{rel}","templated":true}]}}