{"id":872,"date":"2015-03-16T12:50:42","date_gmt":"2015-03-16T12:50:42","guid":{"rendered":"http:\/\/blogsaverroes.juntadeandalucia.es\/pre\/ceip\/?page_id=120"},"modified":"2018-07-30T11:03:26","modified_gmt":"2018-07-30T10:03:26","slug":"contactar","status":"publish","type":"page","link":"https:\/\/blogsaverroes.juntadeandalucia.es\/grancapitan\/contactar\/","title":{"rendered":"Contactar"},"content":{"rendered":"<p>Si desea contactar con nosotros, puede dirigirse a los siguientes tel\u00e9fonos y correo electr\u00f3nico:<\/p>\n<p><strong>Tel\u00e9fono:&nbsp;<\/strong>957 699592 \/ 957 659591<\/p>\n<p><strong>Correo electr\u00f3nico:<\/strong>&nbsp;14004786.edu@juntadeandalucia.es<\/p>\n","protected":false},"excerpt":{"rendered":"<p>Si desea contactar con nosotros, puede dirigirse a los siguientes tel\u00e9fonos y correo electr\u00f3nico: Tel\u00e9fono:&nbsp;957 699592 \/ 957 659591 Correo electr\u00f3nico:&nbsp;14004786.edu@juntadeandalucia.es<\/p>\n","protected":false},"author":1,"featured_media":0,"parent":0,"menu_order":0,"comment_status":"closed","ping_status":"open","template":"","meta":{"ngg_post_thumbnail":0,"footnotes":"","_mc_calendar":[]},"aioseo_notices":[],"_links":{"self":[{"href":"https:\/\/blogsaverroes.juntadeandalucia.es\/grancapitan\/wp-json\/wp\/v2\/pages\/872"}],"collection":[{"href":"https:\/\/blogsaverroes.juntadeandalucia.es\/grancapitan\/wp-json\/wp\/v2\/pages"}],"about":[{"href":"https:\/\/blogsaverroes.juntadeandalucia.es\/grancapitan\/wp-json\/wp\/v2\/types\/page"}],"author":[{"embeddable":true,"href":"https:\/\/blogsaverroes.juntadeandalucia.es\/grancapitan\/wp-json\/wp\/v2\/users\/1"}],"replies":[{"embeddable":true,"href":"https:\/\/blogsaverroes.juntadeandalucia.es\/grancapitan\/wp-json\/wp\/v2\/comments?post=872"}],"version-history":[{"count":3,"href":"https:\/\/blogsaverroes.juntadeandalucia.es\/grancapitan\/wp-json\/wp\/v2\/pages\/872\/revisions"}],"predecessor-version":[{"id":7291,"href":"https:\/\/blogsaverroes.juntadeandalucia.es\/grancapitan\/wp-json\/wp\/v2\/pages\/872\/revisions\/7291"}],"wp:attachment":[{"href":"https:\/\/blogsaverroes.juntadeandalucia.es\/grancapitan\/wp-json\/wp\/v2\/media?parent=872"}],"curies":[{"name":"wp","href":"https:\/\/api.w.org\/{rel}","templated":true}]}}