{"id":99,"date":"2015-03-16T07:22:54","date_gmt":"2015-03-16T07:22:54","guid":{"rendered":"http:\/\/blogsaverroes.juntadeandalucia.es\/pre\/ceip\/?page_id=99"},"modified":"2026-02-04T13:37:26","modified_gmt":"2026-02-04T11:37:26","slug":"comedor-escolar","status":"publish","type":"page","link":"https:\/\/blogsaverroes.juntadeandalucia.es\/grancapitan\/comedor-escolar\/","title":{"rendered":"Comedor escolar"},"content":{"rendered":"<p>El<strong> comedor escolar<\/strong>&nbsp;es un servicio complementario que facilita la conciliaci\u00f3n de la vida laboral y familiar, adem\u00e1s de promover h\u00e1bitos alimenticios saludables.<\/p>\n<p>En el caso del CEIP Gran Capit\u00e1n se trata de un comedor de gesti\u00f3n directa (no <em>catering<\/em>) con unos men\u00fas elaborados por una empresa especializada, siguiendo la directiva <a href=\"https:\/\/juntadeandalucia.es\/organismos\/saludyfamilias\/areas\/salud-vida\/programas-salud\/paginas\/evaluacion-andalucia.html\">EVACOLE<\/a> de la Junta de Andaluc\u00eda y aprobados en Consejo Escolar.<\/p>\n<p>El comedor en la actualidad da servicio a m\u00e1s de 100 alumnos y alumnas.<\/p>\n<p><a href=\"http:\/\/www.juntadeandalucia.es\/educacion\/portals\/web\/ced\/comedor-escolar\">Acceso a Servicio de Comedor Escolar del Portal de la Junta de Andaluc\u00eda<\/a><\/p>\n<p>&nbsp;<\/p>\n<p><strong>Documentaci\u00f3n<\/strong><\/p>\n<p><a href=\"https:\/\/blogsaverroes.juntadeandalucia.es\/grancapitan\/files\/2026\/02\/MENU_COLEGIO_GRAN_CAPITAN_2025-2026.pdf\">Men\u00fas<\/a>&nbsp;<\/p>\n<p><strong>Solicitudes<\/strong><\/p>\n<p><a href=\"http:\/\/www.juntadeandalucia.es\/educacion\/portals\/abaco-portlet\/content\/f35ef9ac-4abe-4386-9912-f0514c98320e\">Impreso de solicitud Comedor Escolar, Aula Matinal y Actividades Extraescolares<\/a><\/p>\n<p>(modelo rellenable digital y manualmente)<\/p>\n<p><a href=\"http:\/\/www.juntadeandalucia.es\/educacion\/portals\/abaco-portlet\/content\/366fa583-9a6b-4c86-992e-be05f3d3a416\">Impreso de solicitud de gratuidad\/bonificaci\u00f3n del Comedor Escolar, Aula Matinal y Actividades Extraescolares<\/a><\/p>\n<p>(modelo rellenable digital y manualmente)<\/p>\n<p><strong>Normativa<\/strong><\/p>\n<p>&nbsp;<a class=\"ico_enlaceExt\" title=\"Se abre en una nueva ventana\" href=\"http:\/\/juntadeandalucia.es\/boja\/2018\/78\/BOJA18-078-00002-6999-01_00134423.pdf\" target=\"_blank\" rel=\"noopener noreferrer\">Resoluci\u00f3n de 10 de abril de 2018 (BOJA 24-04-2018)<\/a><\/p>\n<p><a class=\"ico_enlaceExt\" title=\"Se abre en una nueva ventana\" href=\"http:\/\/juntadeandalucia.es\/eboja\/2017\/78\/BOJA17-078-00027-7095-01_00112396.pdf\" target=\"_blank\" rel=\"noopener noreferrer\">Orden de 17 abril de 2017 (BOJA 26-04-2017)<\/a><a id=\"yui_patched_v3_11_0_1_1532948897627_587\" class=\"ico_enlaceExt\" title=\"Se abre en una nueva ventana\" href=\"http:\/\/juntadeandalucia.es\/boja\/2018\/78\/BOJA18-078-00002-6999-01_00134423.pdf\" target=\"_blank\" rel=\"noopener noreferrer\"><\/a><\/p>\n<p>&nbsp;<\/p>\n","protected":false},"excerpt":{"rendered":"<p>El comedor escolar&nbsp;es un servicio complementario que facilita la conciliaci\u00f3n de la vida laboral y familiar, adem\u00e1s de promover h\u00e1bitos alimenticios saludables. En el caso&hellip;<\/p>\n","protected":false},"author":1,"featured_media":0,"parent":0,"menu_order":0,"comment_status":"closed","ping_status":"open","template":"","meta":{"ngg_post_thumbnail":0,"footnotes":"","_mc_calendar":[]},"aioseo_notices":[],"_links":{"self":[{"href":"https:\/\/blogsaverroes.juntadeandalucia.es\/grancapitan\/wp-json\/wp\/v2\/pages\/99"}],"collection":[{"href":"https:\/\/blogsaverroes.juntadeandalucia.es\/grancapitan\/wp-json\/wp\/v2\/pages"}],"about":[{"href":"https:\/\/blogsaverroes.juntadeandalucia.es\/grancapitan\/wp-json\/wp\/v2\/types\/page"}],"author":[{"embeddable":true,"href":"https:\/\/blogsaverroes.juntadeandalucia.es\/grancapitan\/wp-json\/wp\/v2\/users\/1"}],"replies":[{"embeddable":true,"href":"https:\/\/blogsaverroes.juntadeandalucia.es\/grancapitan\/wp-json\/wp\/v2\/comments?post=99"}],"version-history":[{"count":12,"href":"https:\/\/blogsaverroes.juntadeandalucia.es\/grancapitan\/wp-json\/wp\/v2\/pages\/99\/revisions"}],"predecessor-version":[{"id":22764,"href":"https:\/\/blogsaverroes.juntadeandalucia.es\/grancapitan\/wp-json\/wp\/v2\/pages\/99\/revisions\/22764"}],"wp:attachment":[{"href":"https:\/\/blogsaverroes.juntadeandalucia.es\/grancapitan\/wp-json\/wp\/v2\/media?parent=99"}],"curies":[{"name":"wp","href":"https:\/\/api.w.org\/{rel}","templated":true}]}}