{"id":3851,"date":"2018-04-11T21:32:05","date_gmt":"2018-04-11T21:32:05","guid":{"rendered":"https:\/\/granosdarenatrabajos.wordpress.com\/?page_id=2"},"modified":"2018-04-11T21:32:05","modified_gmt":"2018-04-11T21:32:05","slug":"acerca-de","status":"publish","type":"page","link":"https:\/\/blogsaverroes.juntadeandalucia.es\/granosdarena\/acerca-de\/","title":{"rendered":"Acerca de"},"content":{"rendered":"<p>Este es un ejemplo de una p\u00e1gina Acerca de. A diferencia de las entradas, las p\u00e1ginas se ajustan mejor a un contenido atemporal que quiere ser m\u00e1s accesible, como la informaci\u00f3n en las p\u00e1ginas Acerca de o Contacto. Haz clic en el enlace \u00abEditar\u00bb para hacer cambios en esta p\u00e1gina o <a href=\"https:\/\/wordpress.com\/page\">a\u00f1adir otra<\/a>.<\/p>\n","protected":false},"excerpt":{"rendered":"<p>Este es un ejemplo de una p\u00e1gina Acerca de. A diferencia de las entradas, las p\u00e1ginas se ajustan mejor a un contenido atemporal que quiere&hellip;<\/p>\n","protected":false},"author":7964,"featured_media":0,"parent":0,"menu_order":1,"comment_status":"closed","ping_status":"closed","template":"","meta":{"ngg_post_thumbnail":0,"footnotes":""},"aioseo_notices":[],"_links":{"self":[{"href":"https:\/\/blogsaverroes.juntadeandalucia.es\/granosdarena\/wp-json\/wp\/v2\/pages\/3851"}],"collection":[{"href":"https:\/\/blogsaverroes.juntadeandalucia.es\/granosdarena\/wp-json\/wp\/v2\/pages"}],"about":[{"href":"https:\/\/blogsaverroes.juntadeandalucia.es\/granosdarena\/wp-json\/wp\/v2\/types\/page"}],"author":[{"embeddable":true,"href":"https:\/\/blogsaverroes.juntadeandalucia.es\/granosdarena\/wp-json\/wp\/v2\/users\/7964"}],"replies":[{"embeddable":true,"href":"https:\/\/blogsaverroes.juntadeandalucia.es\/granosdarena\/wp-json\/wp\/v2\/comments?post=3851"}],"version-history":[{"count":0,"href":"https:\/\/blogsaverroes.juntadeandalucia.es\/granosdarena\/wp-json\/wp\/v2\/pages\/3851\/revisions"}],"wp:attachment":[{"href":"https:\/\/blogsaverroes.juntadeandalucia.es\/granosdarena\/wp-json\/wp\/v2\/media?parent=3851"}],"curies":[{"name":"wp","href":"https:\/\/api.w.org\/{rel}","templated":true}]}}