{"id":131,"date":"2016-03-14T09:56:56","date_gmt":"2016-03-14T09:56:56","guid":{"rendered":"http:\/\/blogsaverroes.juntadeandalucia.es\/gtiesmm16\/?page_id=131"},"modified":"2016-05-31T06:39:49","modified_gmt":"2016-05-31T06:39:49","slug":"grupo-de-trabajo","status":"publish","type":"page","link":"https:\/\/blogsaverroes.juntadeandalucia.es\/gtiesmm16\/grupo-de-trabajo\/","title":{"rendered":"GRUPO DE TRABAJO"},"content":{"rendered":"<h3>IES MIGUEL DE MA\u00d1ARA.<\/h3>\n<p><iframe loading=\"lazy\" src=\"https:\/\/www.google.com\/maps\/embed?pb=!1m18!1m12!1m3!1d3165.9162047492614!2d-5.946673385411838!3d37.486303736477964!2m3!1f0!2f0!3f0!3m2!1i1024!2i768!4f13.1!3m3!1m2!1s0xd1269d500000001%3A0x503da3db00286a17!2sInstituto+De+Educaci%C3%B3n+Secundaria+Ies+Miguel+De+Ma%C3%B1ara!5e0!3m2!1ses!2ses!4v1458028138407\" width=\"600\" height=\"450\" frameborder=\"0\"><\/iframe><\/p>\n<h2>DEPARTAMENTO DE MATEM\u00c1TICAS<\/h2>\n<h2><a href=\"http:\/\/blogsaverroes.juntadeandalucia.es\/gtiesmm16\/files\/2016\/02\/logoinsEvaristope.jpg\"><img loading=\"lazy\" decoding=\"async\" class=\" size-full wp-image-20 aligncenter\" src=\"http:\/\/blogsaverroes.juntadeandalucia.es\/gtiesmm16\/files\/2016\/02\/logoinsEvaristope.jpg\" alt=\"logoinsEvaristope\" width=\"160\" height=\"120\" \/><\/a>Componentes del Grupo de Trabajo.<\/h2>\n<ul>\n<li>Luis Merino \u00c1vila<\/li>\n<li>Francisca Buiza R\u00edos<\/li>\n<li>Jer\u00f3nimo Vega Guill\u00e9n<\/li>\n<li>Carmen Mar\u00eda L\u00f3pez Puerto<\/li>\n<li>\u00a0Mar\u00eda Barroca Morales<\/li>\n<li>Rafael G\u00f3mez Duarte<\/li>\n<\/ul>\n<p>&nbsp;<\/p>\n","protected":false},"excerpt":{"rendered":"<p>IES MIGUEL DE MA\u00d1ARA. DEPARTAMENTO DE MATEM\u00c1TICAS Componentes del Grupo de Trabajo. Luis Merino \u00c1vila Francisca Buiza R\u00edos Jer\u00f3nimo Vega Guill\u00e9n Carmen Mar\u00eda L\u00f3pez Puerto \u00a0Mar\u00eda Barroca Morales Rafael G\u00f3mez Duarte &nbsp;<\/p>\n","protected":false},"author":2207,"featured_media":0,"parent":0,"menu_order":0,"comment_status":"open","ping_status":"open","template":"","meta":{"ngg_post_thumbnail":0,"footnotes":""},"aioseo_notices":[],"_links":{"self":[{"href":"https:\/\/blogsaverroes.juntadeandalucia.es\/gtiesmm16\/wp-json\/wp\/v2\/pages\/131"}],"collection":[{"href":"https:\/\/blogsaverroes.juntadeandalucia.es\/gtiesmm16\/wp-json\/wp\/v2\/pages"}],"about":[{"href":"https:\/\/blogsaverroes.juntadeandalucia.es\/gtiesmm16\/wp-json\/wp\/v2\/types\/page"}],"author":[{"embeddable":true,"href":"https:\/\/blogsaverroes.juntadeandalucia.es\/gtiesmm16\/wp-json\/wp\/v2\/users\/2207"}],"replies":[{"embeddable":true,"href":"https:\/\/blogsaverroes.juntadeandalucia.es\/gtiesmm16\/wp-json\/wp\/v2\/comments?post=131"}],"version-history":[{"count":9,"href":"https:\/\/blogsaverroes.juntadeandalucia.es\/gtiesmm16\/wp-json\/wp\/v2\/pages\/131\/revisions"}],"predecessor-version":[{"id":166,"href":"https:\/\/blogsaverroes.juntadeandalucia.es\/gtiesmm16\/wp-json\/wp\/v2\/pages\/131\/revisions\/166"}],"wp:attachment":[{"href":"https:\/\/blogsaverroes.juntadeandalucia.es\/gtiesmm16\/wp-json\/wp\/v2\/media?parent=131"}],"curies":[{"name":"wp","href":"https:\/\/api.w.org\/{rel}","templated":true}]}}