{"id":2,"date":"2016-02-16T09:11:37","date_gmt":"2016-02-16T09:11:37","guid":{"rendered":"http:\/\/blogsaverroes.juntadeandalucia.es\/gtiesmm16\/?page_id=2"},"modified":"2016-05-31T07:14:23","modified_gmt":"2016-05-31T07:14:23","slug":"pagina-ejemplo","status":"publish","type":"page","link":"https:\/\/blogsaverroes.juntadeandalucia.es\/gtiesmm16\/pagina-ejemplo\/","title":{"rendered":"Banco de Recursos"},"content":{"rendered":"<p>&nbsp;<\/p>\n<p>1\u00ba ESO:<\/p>\n<p><a href=\"http:\/\/blogsaverroes.juntadeandalucia.es\/gtiesmm16\/files\/2016\/02\/1\u00ba-ESO-Repaso-Tema-1-Numeros-Naturales.pdf\">1\u00ba ESO &#8211; Repaso Tema 1 Numeros Naturales<\/a><\/p>\n<p><a href=\"http:\/\/blogsaverroes.juntadeandalucia.es\/gtiesmm16\/files\/2016\/02\/1\u00ba-ESO-Repaso-Tema-2-Divisibilidad.pdf\">1\u00ba ESO &#8211; Repaso Tema 2 Divisibilidad<\/a><\/p>\n<p><a href=\"http:\/\/blogsaverroes.juntadeandalucia.es\/gtiesmm16\/files\/2016\/02\/1\u00ba-ESO-Repaso-Tema-3-Fracciones.pdf\">1\u00ba ESO &#8211; Repaso Tema 3 Fracciones<\/a><\/p>\n<p><a href=\"http:\/\/blogsaverroes.juntadeandalucia.es\/gtiesmm16\/files\/2016\/02\/1\u00ba-ESO-Repaso-Tema-4-N\u00fameros-decimales.pdf\">1\u00ba ESO &#8211; Repaso Tema 4 N\u00fameros decimales<\/a><\/p>\n<p><a href=\"http:\/\/blogsaverroes.juntadeandalucia.es\/gtiesmm16\/files\/2016\/02\/1\u00ba-ESO-Repaso-Tema-5-Sistema-M\u00e9trico-Decimal.pdf\">1\u00ba ESO &#8211; Repaso Tema 5 Sistema M\u00e9trico Decimal<\/a><\/p>\n<p><a href=\"http:\/\/blogsaverroes.juntadeandalucia.es\/gtiesmm16\/files\/2016\/02\/1\u00ba-ESO-Repaso-Tema-6-N\u00fameros-Enteros.pdf\">1\u00ba ESO &#8211; Repaso Tema 6 N\u00fameros Enteros<\/a><\/p>\n<p><a href=\"http:\/\/blogsaverroes.juntadeandalucia.es\/gtiesmm16\/files\/2016\/02\/1\u00ba-ESO-Repaso-Tema-7-Proporcionalidad.pdf\">1\u00ba ESO &#8211; Repaso Tema 7 Proporcionalidad<\/a><\/p>\n<p><a href=\"http:\/\/blogsaverroes.juntadeandalucia.es\/gtiesmm16\/files\/2016\/02\/1\u00ba-ESO-Repaso-Tema-8-Ecuaciones-de-primer-grado.pdf\">1\u00ba ESO &#8211; Repaso Tema 8 Ecuaciones de primer grado<\/a><\/p>\n<p><a href=\"http:\/\/blogsaverroes.juntadeandalucia.es\/gtiesmm16\/files\/2016\/02\/1\u00ba-ESO-Repaso-Tema-9-Estad\u00edstica-y-probabilidad.pdf\">1\u00ba ESO &#8211; Repaso Tema 9 Estad\u00edstica y probabilidad<\/a><\/p>\n<p><a href=\"http:\/\/blogsaverroes.juntadeandalucia.es\/gtiesmm16\/files\/2016\/02\/1\u00ba-ESO-Introducci\u00f3n-a-la-Geometr\u00eda-Rectas-y-\u00e1ngulos-con-competencias.pdf\">1\u00ba ESO &#8211; Introducci\u00f3n a la Geometr\u00eda &#8211; Rectas y \u00e1ngulos con competencias<\/a><\/p>\n<p>2\u00ba ESO:<\/p>\n<p><a href=\"http:\/\/blogsaverroes.juntadeandalucia.es\/gtiesmm16\/files\/2016\/02\/2-\u00ba-ESO-Introducci\u00f3n-al-tema-de-ecuaciones.pdf\">2 \u00ba ESO &#8211; Introducci\u00f3n al tema de ecuaciones<\/a><\/p>\n<p>3\u00ba ESO:<\/p>\n<p><a href=\"http:\/\/blogsaverroes.juntadeandalucia.es\/gtiesmm16\/files\/2016\/02\/3\u00ba-ESO-Unidad-Did\u00e1ctica-Sistemas-de-Ecuaciones.pdf\">3\u00ba ESO &#8211; Unidad Did\u00e1ctica Sistemas de Ecuaciones<\/a><\/p>\n<p>4\u00ba ESO &#8211; Opci\u00f3n B<\/p>\n<p><a href=\"http:\/\/blogsaverroes.juntadeandalucia.es\/gtiesmm16\/files\/2016\/02\/Tareas-de-Trigonometria-A-pie-de-campo.pdf\">Tareas de Trigonometria &#8211; A pie de campo<\/a><\/p>\n<p>&nbsp;<\/p>\n","protected":false},"excerpt":{"rendered":"<p>&nbsp; 1\u00ba ESO: 1\u00ba ESO &#8211; Repaso Tema 1 Numeros Naturales 1\u00ba ESO &#8211; Repaso Tema 2 Divisibilidad 1\u00ba ESO &#8211; Repaso Tema 3 Fracciones 1\u00ba ESO &#8211; Repaso Tema 4 N\u00fameros decimales 1\u00ba&#46;&#46;&#46;<\/p>\n","protected":false},"author":2207,"featured_media":0,"parent":0,"menu_order":0,"comment_status":"open","ping_status":"open","template":"","meta":{"ngg_post_thumbnail":0,"footnotes":""},"aioseo_notices":[],"_links":{"self":[{"href":"https:\/\/blogsaverroes.juntadeandalucia.es\/gtiesmm16\/wp-json\/wp\/v2\/pages\/2"}],"collection":[{"href":"https:\/\/blogsaverroes.juntadeandalucia.es\/gtiesmm16\/wp-json\/wp\/v2\/pages"}],"about":[{"href":"https:\/\/blogsaverroes.juntadeandalucia.es\/gtiesmm16\/wp-json\/wp\/v2\/types\/page"}],"author":[{"embeddable":true,"href":"https:\/\/blogsaverroes.juntadeandalucia.es\/gtiesmm16\/wp-json\/wp\/v2\/users\/2207"}],"replies":[{"embeddable":true,"href":"https:\/\/blogsaverroes.juntadeandalucia.es\/gtiesmm16\/wp-json\/wp\/v2\/comments?post=2"}],"version-history":[{"count":14,"href":"https:\/\/blogsaverroes.juntadeandalucia.es\/gtiesmm16\/wp-json\/wp\/v2\/pages\/2\/revisions"}],"predecessor-version":[{"id":175,"href":"https:\/\/blogsaverroes.juntadeandalucia.es\/gtiesmm16\/wp-json\/wp\/v2\/pages\/2\/revisions\/175"}],"wp:attachment":[{"href":"https:\/\/blogsaverroes.juntadeandalucia.es\/gtiesmm16\/wp-json\/wp\/v2\/media?parent=2"}],"curies":[{"name":"wp","href":"https:\/\/api.w.org\/{rel}","templated":true}]}}