{"id":1031,"date":"2022-09-08T17:38:01","date_gmt":"2022-09-08T16:38:01","guid":{"rendered":"https:\/\/blogsaverroes.juntadeandalucia.es\/guadalentin\/?page_id=1031"},"modified":"2022-09-12T10:38:31","modified_gmt":"2022-09-12T09:38:31","slug":"planos-e-instalaciones","status":"publish","type":"page","link":"https:\/\/blogsaverroes.juntadeandalucia.es\/guadalentin\/planos-e-instalaciones\/","title":{"rendered":"Planos e Instalaciones"},"content":{"rendered":"<p>[et_pb_section fb_built=\u00bb1&#8243; fullwidth=\u00bbon\u00bb _builder_version=\u00bb4.14.5&#8243; _module_preset=\u00bbdefault\u00bb global_colors_info=\u00bb{}\u00bb][et_pb_fullwidth_code _builder_version=\u00bb4.14.5&#8243; _module_preset=\u00bbdefault\u00bb global_colors_info=\u00bb{}\u00bb][\/et_pb_fullwidth_code][\/et_pb_section][et_pb_section fb_built=\u00bb1&#8243; theme_builder_area=\u00bbpost_content\u00bb _builder_version=\u00bb4.14.5&#8243; _module_preset=\u00bbdefault\u00bb][et_pb_row _builder_version=\u00bb4.14.5&#8243; _module_preset=\u00bbdefault\u00bb theme_builder_area=\u00bbpost_content\u00bb column_structure=\u00bb1_2,1_2&#8243;][et_pb_column _builder_version=\u00bb4.14.5&#8243; _module_preset=\u00bbdefault\u00bb type=\u00bb1_2&#8243; theme_builder_area=\u00bbpost_content\u00bb][et_pb_text _builder_version=\u00bb4.14.5&#8243; _module_preset=\u00bbdefault\u00bb theme_builder_area=\u00bbpost_content\u00bb hover_enabled=\u00bb0&#8243; sticky_enabled=\u00bb0&#8243;]PLANOS E INSTALACIONES<br \/>\n[\/et_pb_text][\/et_pb_column][et_pb_column _builder_version=\u00bb4.14.5&#8243; _module_preset=\u00bbdefault\u00bb type=\u00bb1_2&#8243; theme_builder_area=\u00bbpost_content\u00bb][et_pb_image _builder_version=\u00bb4.14.5&#8243; _module_preset=\u00bbdefault\u00bb theme_builder_area=\u00bbpost_content\u00bb title_text=\u00bbplano\u00bb src=\u00bbhttps:\/\/blogsaverroes.juntadeandalucia.es\/guadalentin\/files\/2022\/09\/plano.jpg\u00bb hover_enabled=\u00bb0&#8243; sticky_enabled=\u00bb0&#8243;][\/et_pb_image][\/et_pb_column][\/et_pb_row][et_pb_row _builder_version=\u00bb4.14.5&#8243; _module_preset=\u00bbdefault\u00bb theme_builder_area=\u00bbpost_content\u00bb][et_pb_column _builder_version=\u00bb4.14.5&#8243; _module_preset=\u00bbdefault\u00bb type=\u00bb4_4&#8243; theme_builder_area=\u00bbpost_content\u00bb][et_pb_text _builder_version=\u00bb4.14.5&#8243; _module_preset=\u00bbdefault\u00bb theme_builder_area=\u00bbpost_content\u00bb hover_enabled=\u00bb0&#8243; sticky_enabled=\u00bb0&#8243;]Tel\u00e9fonos de inter\u00e9s del centro[\/et_pb_text][\/et_pb_column][\/et_pb_row][et_pb_row _builder_version=\u00bb4.14.5&#8243; _module_preset=\u00bbdefault\u00bb column_structure=\u00bb1_3,1_3,1_3&#8243; theme_builder_area=\u00bbpost_content\u00bb][et_pb_column _builder_version=\u00bb4.14.5&#8243; _module_preset=\u00bbdefault\u00bb type=\u00bb1_3&#8243; theme_builder_area=\u00bbpost_content\u00bb][et_pb_text _builder_version=\u00bb4.14.5&#8243; _module_preset=\u00bbdefault\u00bb theme_builder_area=\u00bbpost_content\u00bb hover_enabled=\u00bb0&#8243; sticky_enabled=\u00bb0&#8243;]DIRECCI\u00d3N<\/p>\n<p>M\u00d3VIL: 671566633<\/p>\n<p>CORPORATIVO: 766633<\/p>\n<p>Manuel Gonz\u00e1lez G\u00f3mez<br \/>\nDirector[\/et_pb_text][\/et_pb_column][et_pb_column _builder_version=\u00bb4.14.5&#8243; _module_preset=\u00bbdefault\u00bb type=\u00bb1_3&#8243; theme_builder_area=\u00bbpost_content\u00bb][et_pb_text _builder_version=\u00bb4.14.5&#8243; _module_preset=\u00bbdefault\u00bb theme_builder_area=\u00bbpost_content\u00bb hover_enabled=\u00bb0&#8243; sticky_enabled=\u00bb0&#8243;]JEFATURA DE ESTUDIOS<\/p>\n<p>M\u00d3VIL: 671566634<\/p>\n<p>CORPORATIVO: 766634<\/p>\n<p>Daniel S\u00e1nchez Iruela<br \/>\nJefe de estudios[\/et_pb_text][\/et_pb_column][et_pb_column _builder_version=\u00bb4.14.5&#8243; _module_preset=\u00bbdefault\u00bb type=\u00bb1_3&#8243; theme_builder_area=\u00bbpost_content\u00bb][et_pb_text _builder_version=\u00bb4.14.5&#8243; _module_preset=\u00bbdefault\u00bb theme_builder_area=\u00bbpost_content\u00bb hover_enabled=\u00bb0&#8243; sticky_enabled=\u00bb0&#8243;]VICEDIRECCI\u00d3N<\/p>\n<p>M\u00d3VIL: 953711921<\/p>\n<p>CORPORATIVO: 284921<\/p>\n<p>Mar\u00eda Dolores Arredondo de la Torre<br \/>\nVicedirectora[\/et_pb_text][\/et_pb_column][\/et_pb_row][et_pb_row _builder_version=\u00bb4.14.5&#8243; _module_preset=\u00bbdefault\u00bb column_structure=\u00bb1_3,1_3,1_3&#8243; theme_builder_area=\u00bbpost_content\u00bb][et_pb_column _builder_version=\u00bb4.14.5&#8243; _module_preset=\u00bbdefault\u00bb type=\u00bb1_3&#8243; theme_builder_area=\u00bbpost_content\u00bb][et_pb_text _builder_version=\u00bb4.14.5&#8243; _module_preset=\u00bbdefault\u00bb theme_builder_area=\u00bbpost_content\u00bb hover_enabled=\u00bb0&#8243; sticky_enabled=\u00bb0&#8243;]SECRETAR\u00cdA<\/p>\n<p>M\u00d3VIL: 671535739<\/p>\n<p>CORPORATIVO: 284921<\/p>\n<p>Noelia Maezo Silva<br \/>\nSecretaria[\/et_pb_text][\/et_pb_column][et_pb_column _builder_version=\u00bb4.14.5&#8243; _module_preset=\u00bbdefault\u00bb type=\u00bb1_3&#8243; theme_builder_area=\u00bbpost_content\u00bb][et_pb_text _builder_version=\u00bb4.14.5&#8243; _module_preset=\u00bbdefault\u00bb theme_builder_area=\u00bbpost_content\u00bb hover_enabled=\u00bb0&#8243; sticky_enabled=\u00bb0&#8243;]CONSERJER\u00cdA<\/p>\n<p>M\u00d3VIL: 953711921-953711922<\/p>\n<p>CORPORATIVO: <\/p>\n<p>Manuel Gonz\u00e1lez<br \/>\nDirector[\/et_pb_text][\/et_pb_column][et_pb_column _builder_version=\u00bb4.14.5&#8243; _module_preset=\u00bbdefault\u00bb type=\u00bb1_3&#8243; theme_builder_area=\u00bbpost_content\u00bb][et_pb_text _builder_version=\u00bb4.14.5&#8243; _module_preset=\u00bbdefault\u00bb theme_builder_area=\u00bbpost_content\u00bb hover_enabled=\u00bb0&#8243; sticky_enabled=\u00bb0&#8243;]ADMINISTRACI\u00d3N<\/p>\n<p>M\u00d3VIL: 671535739<\/p>\n<p>CORPORATIVO: 284921<\/p>\n<p>Fernando<br \/>\nAdministrativo[\/et_pb_text][\/et_pb_column][\/et_pb_row][\/et_pb_section]<\/p>\n","protected":false},"excerpt":{"rendered":"<p>PLANOS E INSTALACIONES Tel\u00e9fonos de inter\u00e9s del centroDIRECCI\u00d3N M\u00d3VIL: 671566633 CORPORATIVO: 766633 Manuel Gonz\u00e1lez G\u00f3mez DirectorJEFATURA DE ESTUDIOS M\u00d3VIL: 671566634 CORPORATIVO: 766634 Daniel S\u00e1nchez Iruela Jefe de estudiosVICEDIRECCI\u00d3N M\u00d3VIL: 953711921 CORPORATIVO: 284921 Mar\u00eda Dolores Arredondo de la Torre VicedirectoraSECRETAR\u00cdA M\u00d3VIL: 671535739 CORPORATIVO: 284921 Noelia Maezo Silva SecretariaCONSERJER\u00cdA M\u00d3VIL: 953711921-953711922 CORPORATIVO: Manuel Gonz\u00e1lez DirectorADMINISTRACI\u00d3N M\u00d3VIL: 671535739 [&hellip;]<\/p>\n","protected":false},"author":14943,"featured_media":0,"parent":0,"menu_order":0,"comment_status":"closed","ping_status":"closed","template":"","meta":{"_et_pb_use_builder":"on","_et_pb_old_content":"","_et_gb_content_width":"","ngg_post_thumbnail":0,"footnotes":""},"aioseo_notices":[],"_links":{"self":[{"href":"https:\/\/blogsaverroes.juntadeandalucia.es\/guadalentin\/wp-json\/wp\/v2\/pages\/1031"}],"collection":[{"href":"https:\/\/blogsaverroes.juntadeandalucia.es\/guadalentin\/wp-json\/wp\/v2\/pages"}],"about":[{"href":"https:\/\/blogsaverroes.juntadeandalucia.es\/guadalentin\/wp-json\/wp\/v2\/types\/page"}],"author":[{"embeddable":true,"href":"https:\/\/blogsaverroes.juntadeandalucia.es\/guadalentin\/wp-json\/wp\/v2\/users\/14943"}],"replies":[{"embeddable":true,"href":"https:\/\/blogsaverroes.juntadeandalucia.es\/guadalentin\/wp-json\/wp\/v2\/comments?post=1031"}],"version-history":[{"count":3,"href":"https:\/\/blogsaverroes.juntadeandalucia.es\/guadalentin\/wp-json\/wp\/v2\/pages\/1031\/revisions"}],"predecessor-version":[{"id":1166,"href":"https:\/\/blogsaverroes.juntadeandalucia.es\/guadalentin\/wp-json\/wp\/v2\/pages\/1031\/revisions\/1166"}],"wp:attachment":[{"href":"https:\/\/blogsaverroes.juntadeandalucia.es\/guadalentin\/wp-json\/wp\/v2\/media?parent=1031"}],"curies":[{"name":"wp","href":"https:\/\/api.w.org\/{rel}","templated":true}]}}