{"id":1039,"date":"2022-09-08T17:39:53","date_gmt":"2022-09-08T16:39:53","guid":{"rendered":"https:\/\/blogsaverroes.juntadeandalucia.es\/guadalentin\/?page_id=1039"},"modified":"2022-09-12T10:47:24","modified_gmt":"2022-09-12T09:47:24","slug":"formacion-profesional","status":"publish","type":"page","link":"https:\/\/blogsaverroes.juntadeandalucia.es\/guadalentin\/formacion-profesional\/","title":{"rendered":"Formaci\u00f3n profesional"},"content":{"rendered":"<p>[et_pb_section fb_built=\u00bb1&#8243; fullwidth=\u00bbon\u00bb _builder_version=\u00bb4.14.5&#8243; _module_preset=\u00bbdefault\u00bb global_colors_info=\u00bb{}\u00bb][et_pb_fullwidth_code _builder_version=\u00bb4.14.5&#8243; _module_preset=\u00bbdefault\u00bb global_colors_info=\u00bb{}\u00bb][\/et_pb_fullwidth_code][\/et_pb_section][et_pb_section fb_built=\u00bb1&#8243; theme_builder_area=\u00bbpost_content\u00bb _builder_version=\u00bb4.14.5&#8243; _module_preset=\u00bbdefault\u00bb][et_pb_row _builder_version=\u00bb4.14.5&#8243; _module_preset=\u00bbdefault\u00bb theme_builder_area=\u00bbpost_content\u00bb][et_pb_column _builder_version=\u00bb4.14.5&#8243; _module_preset=\u00bbdefault\u00bb type=\u00bb4_4&#8243; theme_builder_area=\u00bbpost_content\u00bb][et_pb_text _builder_version=\u00bb4.14.5&#8243; _module_preset=\u00bbdefault\u00bb theme_builder_area=\u00bbpost_content\u00bb hover_enabled=\u00bb0&#8243; sticky_enabled=\u00bb0&#8243;]Video de promoci\u00f3n del ciclo de grado medio APSD<br \/>\n[\/et_pb_text][et_pb_video _builder_version=\u00bb4.14.5&#8243; _module_preset=\u00bbdefault\u00bb theme_builder_area=\u00bbpost_content\u00bb src=\u00bbhttps:\/\/www.youtube.com\/watch?v=bOHhUWHEb28&#8243; hover_enabled=\u00bb0&#8243; sticky_enabled=\u00bb0&#8243;][\/et_pb_video][\/et_pb_column][\/et_pb_row][et_pb_row _builder_version=\u00bb4.14.5&#8243; _module_preset=\u00bbdefault\u00bb theme_builder_area=\u00bbpost_content\u00bb][et_pb_column _builder_version=\u00bb4.14.5&#8243; _module_preset=\u00bbdefault\u00bb type=\u00bb4_4&#8243; theme_builder_area=\u00bbpost_content\u00bb][et_pb_text _builder_version=\u00bb4.14.5&#8243; _module_preset=\u00bbdefault\u00bb theme_builder_area=\u00bbpost_content\u00bb hover_enabled=\u00bb0&#8243; sticky_enabled=\u00bb0&#8243;]FP B\u00e1sica de Electricidad y Electr\u00f3nica<br \/>\n[\/et_pb_text][et_pb_image _builder_version=\u00bb4.14.5&#8243; _module_preset=\u00bbdefault\u00bb theme_builder_area=\u00bbpost_content\u00bb title_text=\u00bbCaptura-de-pantalla-2020-01-14-a-las-11.07.50-1-300&#215;157&#8243; src=\u00bbhttps:\/\/blogsaverroes.juntadeandalucia.es\/guadalentin\/files\/2022\/09\/Captura-de-pantalla-2020-01-14-a-las-11.07.50-1-300&#215;157-1.png\u00bb hover_enabled=\u00bb0&#8243; sticky_enabled=\u00bb0&#8243;][\/et_pb_image][et_pb_text _builder_version=\u00bb4.14.5&#8243; _module_preset=\u00bbdefault\u00bb theme_builder_area=\u00bbpost_content\u00bb hover_enabled=\u00bb0&#8243; sticky_enabled=\u00bb0&#8243;]<\/p>\n<p><a href=\"http:\/\/www.todofp.es\/que-como-y-donde-estudiar\/que-estudiar\/familia\/loe\/electricidad-electronica\/electricidad-electronica.html\">http:\/\/www.todofp.es\/que-como-y-donde-estudiar\/que-estudiar\/familia\/loe\/electricidad-electronica\/electricidad-electronica.html<\/a><\/p>\n<p>[\/et_pb_text][\/et_pb_column][\/et_pb_row][et_pb_row _builder_version=\u00bb4.14.5&#8243; _module_preset=\u00bbdefault\u00bb theme_builder_area=\u00bbpost_content\u00bb][et_pb_column _builder_version=\u00bb4.14.5&#8243; _module_preset=\u00bbdefault\u00bb type=\u00bb4_4&#8243; theme_builder_area=\u00bbpost_content\u00bb][et_pb_text _builder_version=\u00bb4.14.5&#8243; _module_preset=\u00bbdefault\u00bb theme_builder_area=\u00bbpost_content\u00bb hover_enabled=\u00bb0&#8243; sticky_enabled=\u00bb0&#8243;]<\/p>\n<p><b>FP de Grado Medio Atenci\u00f3n a Personas en Situaci\u00f3n de Dependencia<\/b><\/p>\n<p>[\/et_pb_text][et_pb_image _builder_version=\u00bb4.14.5&#8243; _module_preset=\u00bbdefault\u00bb theme_builder_area=\u00bbpost_content\u00bb title_text=\u00bbCaptura-de-pantalla-2020-01-14-a-las-11.08.09-1-300&#215;242&#8243; src=\u00bbhttps:\/\/blogsaverroes.juntadeandalucia.es\/guadalentin\/files\/2022\/09\/Captura-de-pantalla-2020-01-14-a-las-11.08.09-1-300&#215;242-1.png\u00bb hover_enabled=\u00bb0&#8243; sticky_enabled=\u00bb0&#8243;][\/et_pb_image][et_pb_text _builder_version=\u00bb4.14.5&#8243; _module_preset=\u00bbdefault\u00bb theme_builder_area=\u00bbpost_content\u00bb hover_enabled=\u00bb0&#8243; sticky_enabled=\u00bb0&#8243;]<\/p>\n<p><a href=\"http:\/\/www.todofp.es\/en\/que-como-y-donde-estudiar\/que-estudiar\/familia\/loe\/servicios-socioculturales-comunidad\/atencion-personas-situacion-dependencia.html#plan-formacion\">http:\/\/www.todofp.es\/en\/que-como-y-donde-estudiar\/que-estudiar\/familia\/loe\/servicios-socioculturales-comunidad\/atencion-personas-situacion-dependencia.html#plan-formacion<\/a><\/p>\n<p>[\/et_pb_text][\/et_pb_column][\/et_pb_row][\/et_pb_section]<\/p>\n","protected":false},"excerpt":{"rendered":"<p>Video de promoci\u00f3n del ciclo de grado medio APSD FP B\u00e1sica de Electricidad y Electr\u00f3nica http:\/\/www.todofp.es\/que-como-y-donde-estudiar\/que-estudiar\/familia\/loe\/electricidad-electronica\/electricidad-electronica.htmlFP de Grado Medio Atenci\u00f3n a Personas en Situaci\u00f3n de Dependenciahttp:\/\/www.todofp.es\/en\/que-como-y-donde-estudiar\/que-estudiar\/familia\/loe\/servicios-socioculturales-comunidad\/atencion-personas-situacion-dependencia.html#plan-formacion<\/p>\n","protected":false},"author":14943,"featured_media":0,"parent":0,"menu_order":0,"comment_status":"closed","ping_status":"closed","template":"","meta":{"_et_pb_use_builder":"on","_et_pb_old_content":"","_et_gb_content_width":"","ngg_post_thumbnail":0,"footnotes":""},"aioseo_notices":[],"_links":{"self":[{"href":"https:\/\/blogsaverroes.juntadeandalucia.es\/guadalentin\/wp-json\/wp\/v2\/pages\/1039"}],"collection":[{"href":"https:\/\/blogsaverroes.juntadeandalucia.es\/guadalentin\/wp-json\/wp\/v2\/pages"}],"about":[{"href":"https:\/\/blogsaverroes.juntadeandalucia.es\/guadalentin\/wp-json\/wp\/v2\/types\/page"}],"author":[{"embeddable":true,"href":"https:\/\/blogsaverroes.juntadeandalucia.es\/guadalentin\/wp-json\/wp\/v2\/users\/14943"}],"replies":[{"embeddable":true,"href":"https:\/\/blogsaverroes.juntadeandalucia.es\/guadalentin\/wp-json\/wp\/v2\/comments?post=1039"}],"version-history":[{"count":3,"href":"https:\/\/blogsaverroes.juntadeandalucia.es\/guadalentin\/wp-json\/wp\/v2\/pages\/1039\/revisions"}],"predecessor-version":[{"id":1174,"href":"https:\/\/blogsaverroes.juntadeandalucia.es\/guadalentin\/wp-json\/wp\/v2\/pages\/1039\/revisions\/1174"}],"wp:attachment":[{"href":"https:\/\/blogsaverroes.juntadeandalucia.es\/guadalentin\/wp-json\/wp\/v2\/media?parent=1039"}],"curies":[{"name":"wp","href":"https:\/\/api.w.org\/{rel}","templated":true}]}}