{"id":994,"date":"2022-09-08T17:25:02","date_gmt":"2022-09-08T16:25:02","guid":{"rendered":"https:\/\/blogsaverroes.juntadeandalucia.es\/guadalentin\/?page_id=994"},"modified":"2022-09-12T09:46:04","modified_gmt":"2022-09-12T08:46:04","slug":"plan-de-centro","status":"publish","type":"page","link":"https:\/\/blogsaverroes.juntadeandalucia.es\/guadalentin\/plan-de-centro\/","title":{"rendered":"Plan de Centro"},"content":{"rendered":"<p>[et_pb_section fb_built=\u00bb1&#8243; fullwidth=\u00bbon\u00bb _builder_version=\u00bb4.14.5&#8243; _module_preset=\u00bbdefault\u00bb global_colors_info=\u00bb{}\u00bb][et_pb_fullwidth_code _builder_version=\u00bb4.14.5&#8243; _module_preset=\u00bbdefault\u00bb global_colors_info=\u00bb{}\u00bb][\/et_pb_fullwidth_code][\/et_pb_section][et_pb_section fb_built=\u00bb1&#8243; _builder_version=\u00bb4.14.5&#8243; _module_preset=\u00bbdefault\u00bb global_colors_info=\u00bb{}\u00bb][et_pb_row column_structure=\u00bb1_3,1_3,1_3&#8243; _builder_version=\u00bb4.14.5&#8243; _module_preset=\u00bbdefault\u00bb global_colors_info=\u00bb{}\u00bb][et_pb_column type=\u00bb1_3&#8243; _builder_version=\u00bb4.14.5&#8243; _module_preset=\u00bbdefault\u00bb global_colors_info=\u00bb{}\u00bb][et_pb_text _builder_version=\u00bb4.14.5&#8243; _module_preset=\u00bbdefault\u00bb hover_enabled=\u00bb0&#8243; global_colors_info=\u00bb{}\u00bb sticky_enabled=\u00bb0&#8243;]<\/p>\n<p style=\"text-align: center\">Puedes descargar el Plan de Centro 2021\/22 completo&nbsp;<a href=\"http:\/\/iesguadalentin.es\/wp-content\/uploads\/2022\/05\/PROYECTO-DE-CENTRO-COMPLETO-21-22.pdf\">aqu\u00ed<\/a><\/p>\n<p>[\/et_pb_text][\/et_pb_column][et_pb_column type=\u00bb1_3&#8243; _builder_version=\u00bb4.14.5&#8243; _module_preset=\u00bbdefault\u00bb global_colors_info=\u00bb{}\u00bb][et_pb_text _builder_version=\u00bb4.14.5&#8243; _module_preset=\u00bbdefault\u00bb hover_enabled=\u00bb0&#8243; global_colors_info=\u00bb{}\u00bb sticky_enabled=\u00bb0&#8243;]<\/p>\n<p style=\"text-align: center\">Puedes descargar el ROF 21\/22 completo&nbsp;<a href=\"http:\/\/iesguadalentin.es\/wp-content\/uploads\/2022\/05\/ROF-21-22.pdf\">aqu\u00ed<\/a><\/p>\n<p>[\/et_pb_text][\/et_pb_column][et_pb_column type=\u00bb1_3&#8243; _builder_version=\u00bb4.14.5&#8243; _module_preset=\u00bbdefault\u00bb global_colors_info=\u00bb{}\u00bb][et_pb_text _builder_version=\u00bb4.14.5&#8243; _module_preset=\u00bbdefault\u00bb hover_enabled=\u00bb0&#8243; global_colors_info=\u00bb{}\u00bb sticky_enabled=\u00bb0&#8243;]<\/p>\n<p style=\"text-align: center\">Puedes descargar el Plan de Gesti\u00f3n Econ\u00f3mica 21\/22&nbsp;<a href=\"http:\/\/iesguadalentin.es\/wp-content\/uploads\/2022\/05\/PLAN-DE-GESTION-ECONOMICA-21-22.pdf\">aqu\u00ed.<\/a><\/p>\n<p>[\/et_pb_text][\/et_pb_column][\/et_pb_row][\/et_pb_section]<\/p>\n","protected":false},"excerpt":{"rendered":"<p>Puedes descargar el Plan de Centro 2021\/22 completo&nbsp;aqu\u00edPuedes descargar el ROF 21\/22 completo&nbsp;aqu\u00edPuedes descargar el Plan de Gesti\u00f3n Econ\u00f3mica 21\/22&nbsp;aqu\u00ed.<\/p>\n","protected":false},"author":14943,"featured_media":0,"parent":0,"menu_order":0,"comment_status":"closed","ping_status":"closed","template":"","meta":{"_et_pb_use_builder":"on","_et_pb_old_content":"","_et_gb_content_width":"","ngg_post_thumbnail":0,"footnotes":""},"aioseo_notices":[],"_links":{"self":[{"href":"https:\/\/blogsaverroes.juntadeandalucia.es\/guadalentin\/wp-json\/wp\/v2\/pages\/994"}],"collection":[{"href":"https:\/\/blogsaverroes.juntadeandalucia.es\/guadalentin\/wp-json\/wp\/v2\/pages"}],"about":[{"href":"https:\/\/blogsaverroes.juntadeandalucia.es\/guadalentin\/wp-json\/wp\/v2\/types\/page"}],"author":[{"embeddable":true,"href":"https:\/\/blogsaverroes.juntadeandalucia.es\/guadalentin\/wp-json\/wp\/v2\/users\/14943"}],"replies":[{"embeddable":true,"href":"https:\/\/blogsaverroes.juntadeandalucia.es\/guadalentin\/wp-json\/wp\/v2\/comments?post=994"}],"version-history":[{"count":6,"href":"https:\/\/blogsaverroes.juntadeandalucia.es\/guadalentin\/wp-json\/wp\/v2\/pages\/994\/revisions"}],"predecessor-version":[{"id":1068,"href":"https:\/\/blogsaverroes.juntadeandalucia.es\/guadalentin\/wp-json\/wp\/v2\/pages\/994\/revisions\/1068"}],"wp:attachment":[{"href":"https:\/\/blogsaverroes.juntadeandalucia.es\/guadalentin\/wp-json\/wp\/v2\/media?parent=994"}],"curies":[{"name":"wp","href":"https:\/\/api.w.org\/{rel}","templated":true}]}}