{"id":19,"date":"2021-02-03T16:29:13","date_gmt":"2021-02-03T16:29:13","guid":{"rendered":"https:\/\/blogsaverroes.juntadeandalucia.es\/havenglish\/?page_id=19"},"modified":"2021-02-03T17:05:48","modified_gmt":"2021-02-03T17:05:48","slug":"sobre-mi","status":"publish","type":"page","link":"https:\/\/blogsaverroes.juntadeandalucia.es\/havenglish\/sobre-mi\/","title":{"rendered":"Sobre m\u00ed"},"content":{"rendered":"<p>Jose Antonio S\u00e1nchez Bedoya<br \/>\nProfesor de la asignatura de Biolog\u00eda<br \/>\nIES Andr\u00e9s P\u00e9rez Serrano<br \/>\nAvda de la Libertad s.n.<br \/>\n29380 Cortes de la Frontera<br \/>\n(M\u00e1laga)<\/p>\n<p><iframe loading=\"lazy\" src=\"https:\/\/www.google.com\/maps\/embed?pb=!1m18!1m12!1m3!1d800.5863187590802!2d-5.342910249400195!3d36.61807478260477!2m3!1f0!2f0!3f0!3m2!1i1024!2i768!4f13.1!3m3!1m2!1s0xd0d23a8749946ed%3A0x76c16dc50cce8751!2s29380%20Cortes%20de%20la%20Frontera%2C%20M%C3%A1laga!5e0!3m2!1ses!2ses!4v1612371617000!5m2!1ses!2ses\" width=\"600\" height=\"450\" frameborder=\"0\"><\/iframe><\/p>\n","protected":false},"excerpt":{"rendered":"<p>Jose Antonio S\u00e1nchez Bedoya Profesor de la asignatura de Biolog\u00eda IES Andr\u00e9s P\u00e9rez Serrano Avda de la Libertad s.n. 29380 Cortes de la Frontera (M\u00e1laga)<\/p>\n","protected":false},"author":12166,"featured_media":0,"parent":0,"menu_order":0,"comment_status":"closed","ping_status":"closed","template":"","meta":{"ngg_post_thumbnail":0,"footnotes":""},"aioseo_notices":[],"_links":{"self":[{"href":"https:\/\/blogsaverroes.juntadeandalucia.es\/havenglish\/wp-json\/wp\/v2\/pages\/19"}],"collection":[{"href":"https:\/\/blogsaverroes.juntadeandalucia.es\/havenglish\/wp-json\/wp\/v2\/pages"}],"about":[{"href":"https:\/\/blogsaverroes.juntadeandalucia.es\/havenglish\/wp-json\/wp\/v2\/types\/page"}],"author":[{"embeddable":true,"href":"https:\/\/blogsaverroes.juntadeandalucia.es\/havenglish\/wp-json\/wp\/v2\/users\/12166"}],"replies":[{"embeddable":true,"href":"https:\/\/blogsaverroes.juntadeandalucia.es\/havenglish\/wp-json\/wp\/v2\/comments?post=19"}],"version-history":[{"count":4,"href":"https:\/\/blogsaverroes.juntadeandalucia.es\/havenglish\/wp-json\/wp\/v2\/pages\/19\/revisions"}],"predecessor-version":[{"id":33,"href":"https:\/\/blogsaverroes.juntadeandalucia.es\/havenglish\/wp-json\/wp\/v2\/pages\/19\/revisions\/33"}],"wp:attachment":[{"href":"https:\/\/blogsaverroes.juntadeandalucia.es\/havenglish\/wp-json\/wp\/v2\/media?parent=19"}],"curies":[{"name":"wp","href":"https:\/\/api.w.org\/{rel}","templated":true}]}}