{"id":261,"date":"2025-11-06T21:26:20","date_gmt":"2025-11-06T20:26:20","guid":{"rendered":"https:\/\/blogsaverroes.juntadeandalucia.es\/heliche\/?page_id=261"},"modified":"2025-11-06T21:54:31","modified_gmt":"2025-11-06T20:54:31","slug":"informacion-de-contacto","status":"publish","type":"page","link":"https:\/\/blogsaverroes.juntadeandalucia.es\/heliche\/informacion-de-contacto\/","title":{"rendered":"Informaci\u00f3n de contacto"},"content":{"rendered":"<p style=\"text-align: center\"><span style=\"font-size: 14pt\"><strong>Direcci\u00f3n<\/strong>: Calle Lu\u00eds Jim\u00e9nez Espinosa, s\/n<\/span><\/p>\n<p style=\"text-align: center\"><span style=\"font-size: 14pt\">41804 Olivares (Sevilla)\u00a0<\/span><img decoding=\"async\" class=\"emoji aligncenter\" role=\"img\" src=\"https:\/\/s.w.org\/images\/core\/emoji\/14.0.0\/svg\/1f1ea-1f1f8.svg\" alt=\"\ud83c\uddea\ud83c\uddf8\" \/><\/p>\n<p style=\"text-align: center\"><span style=\"font-size: 14pt\"><strong>Tel\u00e9fono:<\/strong>\u00a0<a href=\"tel:955623250\">955 62 32 50<\/a><\/span><\/p>\n<p style=\"text-align: center\"><span style=\"font-size: 14pt\"><strong>Horario lectivo:<\/strong>\u00a08:15 \u2013 14:45 h\u00a0<img decoding=\"async\" class=\"emoji\" role=\"img\" src=\"https:\/\/s.w.org\/images\/core\/emoji\/14.0.0\/svg\/23f0.svg\" alt=\"\u23f0\" \/><\/span><\/p>\n<hr \/>\n<p style=\"text-align: center\"><strong><span style=\"font-size: 18pt\">Ubicaci\u00f3n en el mapa<\/span><\/strong> <img decoding=\"async\" class=\"emoji\" role=\"img\" src=\"https:\/\/s.w.org\/images\/core\/emoji\/14.0.0\/svg\/1f5fa.svg\" alt=\"\ud83d\uddfa\ufe0f\" \/><\/p>\n<p><!-- \n    Contenedor principal para centrar el mapa.\n--><\/p>\n<div class=\"contenedor-mapa-centrado\">\n    <!-- \n        Contenedor secundario para la magia responsiva de la proporci\u00f3n.\n    --><\/p>\n<div class=\"mapa-responsivo\">\n        <!-- \n            Tu iframe original. Es crucial quitar los atributos 'width' y 'height'\n            para que las propiedades CSS de .mapa-responsivo tomen el control \n            y lo hagan responsivo.\n        --><br \/>\n        <iframe src=\"https:\/\/www.google.com\/maps\/embed?pb=!1m18!1m12!1m3!1d3168.9993891404624!2d-6.162804323649737!3d37.41348933288851!2m3!1f0!2f0!3f0!3m2!1i1024!2i768!4f13.1!3m3!1m2!1s0xd1216a265fea10b%3A0x669744ff3e2211f8!2sIES%20Heliche!5e0!3m2!1ses!2ses!4v1761325797493!5m2!1ses!2ses\"><\/iframe>\n    <\/div>\n<\/div>\n","protected":false},"excerpt":{"rendered":"<p>Direcci\u00f3n: Calle Lu\u00eds Jim\u00e9nez Espinosa, s\/n 41804 Olivares (Sevilla)\u00a0 Tel\u00e9fono:\u00a0955 62 32 50 Horario lectivo:\u00a08:15 \u2013 14:45 h\u00a0 Ubicaci\u00f3n en el mapa<\/p>\n","protected":false},"author":11768,"featured_media":0,"parent":0,"menu_order":0,"comment_status":"closed","ping_status":"closed","template":"","meta":{"footnotes":""},"aioseo_notices":[],"_links":{"self":[{"href":"https:\/\/blogsaverroes.juntadeandalucia.es\/heliche\/wp-json\/wp\/v2\/pages\/261"}],"collection":[{"href":"https:\/\/blogsaverroes.juntadeandalucia.es\/heliche\/wp-json\/wp\/v2\/pages"}],"about":[{"href":"https:\/\/blogsaverroes.juntadeandalucia.es\/heliche\/wp-json\/wp\/v2\/types\/page"}],"author":[{"embeddable":true,"href":"https:\/\/blogsaverroes.juntadeandalucia.es\/heliche\/wp-json\/wp\/v2\/users\/11768"}],"replies":[{"embeddable":true,"href":"https:\/\/blogsaverroes.juntadeandalucia.es\/heliche\/wp-json\/wp\/v2\/comments?post=261"}],"version-history":[{"count":13,"href":"https:\/\/blogsaverroes.juntadeandalucia.es\/heliche\/wp-json\/wp\/v2\/pages\/261\/revisions"}],"predecessor-version":[{"id":277,"href":"https:\/\/blogsaverroes.juntadeandalucia.es\/heliche\/wp-json\/wp\/v2\/pages\/261\/revisions\/277"}],"wp:attachment":[{"href":"https:\/\/blogsaverroes.juntadeandalucia.es\/heliche\/wp-json\/wp\/v2\/media?parent=261"}],"curies":[{"name":"wp","href":"https:\/\/api.w.org\/{rel}","templated":true}]}}