{"id":17,"date":"2016-02-07T14:33:39","date_gmt":"2016-02-07T13:33:39","guid":{"rendered":"http:\/\/blogsaverroes.juntadeandalucia.es\/hercan\/?page_id=17"},"modified":"2022-04-06T22:44:28","modified_gmt":"2022-04-06T21:44:28","slug":"datos-del-centro-2","status":"publish","type":"page","link":"https:\/\/blogsaverroes.juntadeandalucia.es\/hercan\/datos-del-centro-2\/","title":{"rendered":"Datos del Centro"},"content":{"rendered":"<p><iframe loading=\"lazy\" src=\"https:\/\/www.google.com\/maps\/embed?pb=!1m18!1m12!1m3!1d3198.586421060284!2d-4.454076384394418!3d36.7084750805565!2m3!1f0!2f0!3f0!3m2!1i1024!2i768!4f13.1!3m3!1m2!1s0xd72f7659f14544f%3A0x7c4d99bb210fc2d8!2sColegio+P%C3%BAblico+Hern%C3%A1ndez+C%C3%A1novas!5e0!3m2!1ses!2ses!4v1454863767827\" width=\"400\" height=\"300\" frameborder=\"0\"><\/iframe><\/p>\n<h1><strong>Datos de Contacto<\/strong><\/h1>\n<p>CEIP Fernando Hern\u00e1ndez C\u00e1novas<\/p>\n<p><strong>Direcci\u00f3n:<\/strong> Calle Antonio Moreno Verdejo, n\u00ba 25. 29006. M\u00e1laga.<\/p>\n<p><strong>Tel\u00e9fono:<\/strong> 600140879<\/p>\n<p><strong>Correo electr\u00f3nico:<\/strong> 29011904.edu@juntadeandalucia.es<\/p>\n<p>&nbsp;<\/p>\n<h1>Oferta Educativa<\/h1>\n<p>Educaci\u00f3n Infantil<\/p>\n<p>Educaci\u00f3n Primaria<\/p>\n<p>Plan de Apertura: aula matinal, comedor, actividades extraescolares<\/p>\n<p>&nbsp;<\/p>\n<h3><a href=\"https:\/\/blogsaverroes.juntadeandalucia.es\/hercan\/files\/2022\/04\/Ficha-de-INFORMACI\u00d3N-PARA-Auxiliares-de-Conversaci\u00f3n.pdf\" target=\"_blank\" rel=\"noopener noreferrer\">Ficha de informaci\u00f3n para Auxiliares de Conversaci\u00f3n<\/a><\/h3>\n<h3><a href=\"https:\/\/blogsaverroes.juntadeandalucia.es\/hercan\/files\/2022\/04\/Information-Sheet-for-LANGUAGE-Assistants.pdf\" target=\"_blank\" rel=\"noopener noreferrer\">Information Sheet for Language Assistants<\/a><\/h3>\n","protected":false},"excerpt":{"rendered":"<p>Datos de Contacto CEIP Fernando Hern\u00e1ndez C\u00e1novas Direcci\u00f3n: Calle Antonio Moreno Verdejo, n\u00ba 25. 29006. M\u00e1laga. Tel\u00e9fono: 600140879 Correo electr\u00f3nico: 29011904.edu@juntadeandalucia.es &nbsp; Oferta Educativa&#46;&#46;&#46;<\/p>\n","protected":false},"author":1447,"featured_media":0,"parent":0,"menu_order":0,"comment_status":"open","ping_status":"open","template":"","meta":{"ngg_post_thumbnail":0,"footnotes":""},"aioseo_notices":[],"_links":{"self":[{"href":"https:\/\/blogsaverroes.juntadeandalucia.es\/hercan\/wp-json\/wp\/v2\/pages\/17"}],"collection":[{"href":"https:\/\/blogsaverroes.juntadeandalucia.es\/hercan\/wp-json\/wp\/v2\/pages"}],"about":[{"href":"https:\/\/blogsaverroes.juntadeandalucia.es\/hercan\/wp-json\/wp\/v2\/types\/page"}],"author":[{"embeddable":true,"href":"https:\/\/blogsaverroes.juntadeandalucia.es\/hercan\/wp-json\/wp\/v2\/users\/1447"}],"replies":[{"embeddable":true,"href":"https:\/\/blogsaverroes.juntadeandalucia.es\/hercan\/wp-json\/wp\/v2\/comments?post=17"}],"version-history":[{"count":13,"href":"https:\/\/blogsaverroes.juntadeandalucia.es\/hercan\/wp-json\/wp\/v2\/pages\/17\/revisions"}],"predecessor-version":[{"id":2211,"href":"https:\/\/blogsaverroes.juntadeandalucia.es\/hercan\/wp-json\/wp\/v2\/pages\/17\/revisions\/2211"}],"wp:attachment":[{"href":"https:\/\/blogsaverroes.juntadeandalucia.es\/hercan\/wp-json\/wp\/v2\/media?parent=17"}],"curies":[{"name":"wp","href":"https:\/\/api.w.org\/{rel}","templated":true}]}}