{"id":29,"date":"2016-02-07T14:58:08","date_gmt":"2016-02-07T13:58:08","guid":{"rendered":"http:\/\/blogsaverroes.juntadeandalucia.es\/hercan\/?page_id=29"},"modified":"2020-10-22T09:55:42","modified_gmt":"2020-10-22T08:55:42","slug":"nuestra-pequena-historia","status":"publish","type":"page","link":"https:\/\/blogsaverroes.juntadeandalucia.es\/hercan\/nuestra-pequena-historia\/","title":{"rendered":"Nuestra peque\u00f1a historia"},"content":{"rendered":"<h1>Nuestra peque\u00f1a historia<\/h1>\n<p>Nuestro colegio comenz\u00f3 a funcionar en el curso 1985-1986.<\/p>\n<div class=\"site-container\">\n<div class=\"site-inner\">\n<div class=\"content-sidebar-wrap\">\n<article class=\"post-131 page type-page status-publish entry\">\n<div class=\"entry-content\">\n<p>El nombre, que en principio iba a ser Nuevo San Rafael, se le puso en memoria del entonces presidente de la Asociaci\u00f3n de vecinos Tiro de Pich\u00f3n: Fernando Hern\u00e1ndez C\u00e1novas, que hab\u00eda jugado un importante papel en la creaci\u00f3n del colegio y que falleci\u00f3 poco despu\u00e9s en un desgraciado accidente.<\/p>\n<p>Durante todos estos a\u00f1os han pasado por el centro multitud de alumnos y alumnas y numerosos maestros y maestras. Algunos\/as ya se han jubilado, y todos ellos han dejado su huella en la Comunidad Educativa.<\/p>\n<p>Este centro se ha caracterizado por ser pionero al participar en gran n\u00famero de Planes y Proyectos propuestos por la Junta de Andaluc\u00eda: Proyecto Alhambra, Proyectos de prevenci\u00f3n de drogodependencias, de Salud Escolar (en colaboraci\u00f3n con la Escuela Universitaria de Enfermer\u00eda de la UMA), Educaci\u00f3n Vial, TIC, Educaci\u00f3n para el Consumidor, Coeducaci\u00f3n, etc.<\/p>\n<p>Tambi\u00e9n hemos llevado a cabo diferentes grupos de trabajo como el Programa de Enriquecimiento Instrumental para alumnos del Ciclo Superior, revistas, actividades extraescolares&nbsp;como&nbsp;un taller de ajedrez o un coro escolar, con numerosos premios.<\/p>\n<p>En el curso 1987-1988 se cre\u00f3 el aula de PT y en el 92-93 el aula de AL.<\/p>\n<p>El Centro se convirti\u00f3 en CEIP en el curso 91-92 al entrar en funcionamiento el Instituto R. P\u00e9rez Estrada y en ese mismo curso, se complet\u00f3 la Educaci\u00f3n Infantil con la creaci\u00f3n de dos unidades de 3 a\u00f1os.<\/p>\n<p>En el curso 2003-2004 nos acogimos al Plan de Apertura de Centros, asistiendo gran n\u00famero de alumnado al Aula Matinal y al Comedor.<\/p>\n<p>Adem\u00e1s, nuestro centro es Biling\u00fce en sus dos l\u00edneas desde el curso 2010-2011.<\/p>\n<p>En la actualidad funcionan 20 unidades con casi una treintena de maestros\/as, involucrados en un buen n\u00famero de proyectos que llevamos a cabo con esfuerzo e ilusi\u00f3n y dando siempre lo mejor de nosotros y nosotras para transmitir a nuestro alumnado los valores de solidaridad, generosidad, respeto, esfuerzo, responsabilidad,&#8230;<\/p>\n<\/div>\n<\/article>\n<\/div>\n<\/div>\n<\/div>\n","protected":false},"excerpt":{"rendered":"<p>Nuestra peque\u00f1a historia Nuestro colegio comenz\u00f3 a funcionar en el curso 1985-1986. El nombre, que en principio iba a ser Nuevo San Rafael, se&#46;&#46;&#46;<\/p>\n","protected":false},"author":1447,"featured_media":0,"parent":0,"menu_order":0,"comment_status":"open","ping_status":"open","template":"","meta":{"ngg_post_thumbnail":0,"footnotes":""},"aioseo_notices":[],"_links":{"self":[{"href":"https:\/\/blogsaverroes.juntadeandalucia.es\/hercan\/wp-json\/wp\/v2\/pages\/29"}],"collection":[{"href":"https:\/\/blogsaverroes.juntadeandalucia.es\/hercan\/wp-json\/wp\/v2\/pages"}],"about":[{"href":"https:\/\/blogsaverroes.juntadeandalucia.es\/hercan\/wp-json\/wp\/v2\/types\/page"}],"author":[{"embeddable":true,"href":"https:\/\/blogsaverroes.juntadeandalucia.es\/hercan\/wp-json\/wp\/v2\/users\/1447"}],"replies":[{"embeddable":true,"href":"https:\/\/blogsaverroes.juntadeandalucia.es\/hercan\/wp-json\/wp\/v2\/comments?post=29"}],"version-history":[{"count":3,"href":"https:\/\/blogsaverroes.juntadeandalucia.es\/hercan\/wp-json\/wp\/v2\/pages\/29\/revisions"}],"predecessor-version":[{"id":730,"href":"https:\/\/blogsaverroes.juntadeandalucia.es\/hercan\/wp-json\/wp\/v2\/pages\/29\/revisions\/730"}],"wp:attachment":[{"href":"https:\/\/blogsaverroes.juntadeandalucia.es\/hercan\/wp-json\/wp\/v2\/media?parent=29"}],"curies":[{"name":"wp","href":"https:\/\/api.w.org\/{rel}","templated":true}]}}