{"id":45,"date":"2016-02-07T15:28:12","date_gmt":"2016-02-07T14:28:12","guid":{"rendered":"http:\/\/blogsaverroes.juntadeandalucia.es\/hercan\/?page_id=45"},"modified":"2025-09-23T08:47:09","modified_gmt":"2025-09-23T07:47:09","slug":"horarios","status":"publish","type":"page","link":"https:\/\/blogsaverroes.juntadeandalucia.es\/hercan\/horarios\/","title":{"rendered":"Horarios"},"content":{"rendered":"<h1>Horarios<\/h1>\n<p>Los horarios del centro y sus distintos servicios son los siguientes:<\/p>\n<ul>\n<li><strong>DIRECCI\u00d3N<\/strong> (Alonso Ruiz): martes, jueves y viernes de 9:10 a 10:00 h.<\/li>\n<li><strong>JEFATURA DE ESTUDIOS<\/strong> (Maril\u00f3 Dom\u00ednguez): lunes, mi\u00e9rcoles y jueves de 9:10 a 10:00 h.<\/li>\n<li><strong>SECRETAR\u00cdA<\/strong> (Kiko Romero): lunes, mi\u00e9rcoles y viernes de 9:10 a 10:00 h.<\/li>\n<li><strong>ADMINISTRACI\u00d3N<\/strong> (Ana Moya\/Mar\u00eda Franquelo): lunes a viernes de 9:15 a 11:30 h.<\/li>\n<\/ul>\n<p>Recordad que es necesario concertar <strong>CITA PREVIA<\/strong>:<\/p>\n<ul>\n<li>Por tel\u00e9fono en el 600 140 879<\/li>\n<li>Por email: 29011904.edu@juntadeandalucia.es<\/li>\n<\/ul>\n<ul>\n<li><strong>Aula matinal:<\/strong> 7:30 a 9 h.<\/li>\n<li><strong>Horario lectivo:<\/strong> 9 a 14 h.<\/li>\n<li><strong>Comedor:<\/strong> 14 a 16 h.<\/li>\n<li><strong>Actividades extraescolares:<\/strong> 16 a 18 h.<\/li>\n<\/ul>\n","protected":false},"excerpt":{"rendered":"<p>Horarios Los horarios del centro y sus distintos servicios son los siguientes: DIRECCI\u00d3N (Alonso Ruiz): martes, jueves y viernes de 9:10 a 10:00 h.&#46;&#46;&#46;<\/p>\n","protected":false},"author":1447,"featured_media":0,"parent":0,"menu_order":0,"comment_status":"open","ping_status":"open","template":"","meta":{"ngg_post_thumbnail":0,"footnotes":""},"aioseo_notices":[],"_links":{"self":[{"href":"https:\/\/blogsaverroes.juntadeandalucia.es\/hercan\/wp-json\/wp\/v2\/pages\/45"}],"collection":[{"href":"https:\/\/blogsaverroes.juntadeandalucia.es\/hercan\/wp-json\/wp\/v2\/pages"}],"about":[{"href":"https:\/\/blogsaverroes.juntadeandalucia.es\/hercan\/wp-json\/wp\/v2\/types\/page"}],"author":[{"embeddable":true,"href":"https:\/\/blogsaverroes.juntadeandalucia.es\/hercan\/wp-json\/wp\/v2\/users\/1447"}],"replies":[{"embeddable":true,"href":"https:\/\/blogsaverroes.juntadeandalucia.es\/hercan\/wp-json\/wp\/v2\/comments?post=45"}],"version-history":[{"count":4,"href":"https:\/\/blogsaverroes.juntadeandalucia.es\/hercan\/wp-json\/wp\/v2\/pages\/45\/revisions"}],"predecessor-version":[{"id":4433,"href":"https:\/\/blogsaverroes.juntadeandalucia.es\/hercan\/wp-json\/wp\/v2\/pages\/45\/revisions\/4433"}],"wp:attachment":[{"href":"https:\/\/blogsaverroes.juntadeandalucia.es\/hercan\/wp-json\/wp\/v2\/media?parent=45"}],"curies":[{"name":"wp","href":"https:\/\/api.w.org\/{rel}","templated":true}]}}