{"id":51,"date":"2016-02-07T15:34:25","date_gmt":"2016-02-07T14:34:25","guid":{"rendered":"http:\/\/blogsaverroes.juntadeandalucia.es\/hercan\/?page_id=51"},"modified":"2025-09-23T08:59:06","modified_gmt":"2025-09-23T07:59:06","slug":"calendario-escolar","status":"publish","type":"page","link":"https:\/\/blogsaverroes.juntadeandalucia.es\/hercan\/calendario-escolar\/","title":{"rendered":"Calendario Escolar"},"content":{"rendered":"<h1>Calendario Escolar 2025\/2026<\/h1>\n<p>Aqu\u00ed tienen el Calendario Escolar para este curso, a lo que habr\u00e1n de a\u00f1adir como festivos, para M\u00e1laga capital, los d\u00edas 7 de enero y 6 de abril.<\/p>\n<p><a href=\"https:\/\/blogsaverroes.juntadeandalucia.es\/hercan\/calendario-escolar\/calendario-escolar-malaga-presentacion-familias\/\" rel=\"attachment wp-att-4437\"><img loading=\"lazy\" decoding=\"async\" class=\"aligncenter size-medium wp-image-4437\" src=\"https:\/\/blogsaverroes.juntadeandalucia.es\/hercan\/files\/2025\/09\/CALENDARIO-ESCOLAR-MALAGA-PRESENTACION-FAMILIAS-300x212.png\" alt=\"\" width=\"300\" height=\"212\" srcset=\"https:\/\/blogsaverroes.juntadeandalucia.es\/hercan\/files\/2025\/09\/CALENDARIO-ESCOLAR-MALAGA-PRESENTACION-FAMILIAS-300x212.png 300w, https:\/\/blogsaverroes.juntadeandalucia.es\/hercan\/files\/2025\/09\/CALENDARIO-ESCOLAR-MALAGA-PRESENTACION-FAMILIAS-1024x724.png 1024w, https:\/\/blogsaverroes.juntadeandalucia.es\/hercan\/files\/2025\/09\/CALENDARIO-ESCOLAR-MALAGA-PRESENTACION-FAMILIAS-768x543.png 768w, https:\/\/blogsaverroes.juntadeandalucia.es\/hercan\/files\/2025\/09\/CALENDARIO-ESCOLAR-MALAGA-PRESENTACION-FAMILIAS-1536x1086.png 1536w, https:\/\/blogsaverroes.juntadeandalucia.es\/hercan\/files\/2025\/09\/CALENDARIO-ESCOLAR-MALAGA-PRESENTACION-FAMILIAS.png 2000w\" sizes=\"(max-width: 300px) 100vw, 300px\" \/><\/a><\/p>\n<p>&nbsp;<\/p>\n","protected":false},"excerpt":{"rendered":"<p>Calendario Escolar 2025\/2026 Aqu\u00ed tienen el Calendario Escolar para este curso, a lo que habr\u00e1n de a\u00f1adir como festivos, para M\u00e1laga capital, los d\u00edas&#46;&#46;&#46;<\/p>\n","protected":false},"author":1447,"featured_media":0,"parent":0,"menu_order":0,"comment_status":"open","ping_status":"open","template":"","meta":{"ngg_post_thumbnail":0,"footnotes":""},"aioseo_notices":[],"_links":{"self":[{"href":"https:\/\/blogsaverroes.juntadeandalucia.es\/hercan\/wp-json\/wp\/v2\/pages\/51"}],"collection":[{"href":"https:\/\/blogsaverroes.juntadeandalucia.es\/hercan\/wp-json\/wp\/v2\/pages"}],"about":[{"href":"https:\/\/blogsaverroes.juntadeandalucia.es\/hercan\/wp-json\/wp\/v2\/types\/page"}],"author":[{"embeddable":true,"href":"https:\/\/blogsaverroes.juntadeandalucia.es\/hercan\/wp-json\/wp\/v2\/users\/1447"}],"replies":[{"embeddable":true,"href":"https:\/\/blogsaverroes.juntadeandalucia.es\/hercan\/wp-json\/wp\/v2\/comments?post=51"}],"version-history":[{"count":8,"href":"https:\/\/blogsaverroes.juntadeandalucia.es\/hercan\/wp-json\/wp\/v2\/pages\/51\/revisions"}],"predecessor-version":[{"id":4438,"href":"https:\/\/blogsaverroes.juntadeandalucia.es\/hercan\/wp-json\/wp\/v2\/pages\/51\/revisions\/4438"}],"wp:attachment":[{"href":"https:\/\/blogsaverroes.juntadeandalucia.es\/hercan\/wp-json\/wp\/v2\/media?parent=51"}],"curies":[{"name":"wp","href":"https:\/\/api.w.org\/{rel}","templated":true}]}}