{"id":158,"date":"2020-05-03T20:29:26","date_gmt":"2020-05-03T18:29:26","guid":{"rendered":"https:\/\/blogsaverroes.juntadeandalucia.es\/herminia\/?page_id=158"},"modified":"2020-05-03T20:31:43","modified_gmt":"2020-05-03T18:31:43","slug":"video-ceip-velazquez","status":"publish","type":"page","link":"https:\/\/blogsaverroes.juntadeandalucia.es\/herminia\/video-ceip-velazquez\/","title":{"rendered":"V\u00eddeo CEIP VEL\u00c1ZQUEZ"},"content":{"rendered":"<p>Todo el personal del Centro os quiere dar las gracias por lo bien que lo est\u00e1is haciendo. \u00a1Mucho \u00e1nimo!<\/p>\n<div style=\"width: 840px;\" class=\"wp-video\"><!--[if lt IE 9]><script>document.createElement('video');<\/script><![endif]-->\n<video class=\"wp-video-shortcode\" id=\"video-158-1\" width=\"840\" height=\"475\" preload=\"metadata\" controls=\"controls\"><source type=\"video\/mp4\" src=\"https:\/\/blogsaverroes.juntadeandalucia.es\/herminia\/files\/2020\/05\/VID-20200503-WA0018.mp4?_=1\" \/><a href=\"https:\/\/blogsaverroes.juntadeandalucia.es\/herminia\/files\/2020\/05\/VID-20200503-WA0018.mp4\">https:\/\/blogsaverroes.juntadeandalucia.es\/herminia\/files\/2020\/05\/VID-20200503-WA0018.mp4<\/a><\/video><\/div>\n","protected":false},"excerpt":{"rendered":"<p>Todo el personal del Centro os quiere dar las gracias por lo bien que lo est\u00e1is haciendo. \u00a1Mucho \u00e1nimo!<\/p>\n","protected":false},"author":8702,"featured_media":0,"parent":0,"menu_order":0,"comment_status":"closed","ping_status":"closed","template":"","meta":{"ngg_post_thumbnail":0,"footnotes":""},"aioseo_notices":[],"_links":{"self":[{"href":"https:\/\/blogsaverroes.juntadeandalucia.es\/herminia\/wp-json\/wp\/v2\/pages\/158"}],"collection":[{"href":"https:\/\/blogsaverroes.juntadeandalucia.es\/herminia\/wp-json\/wp\/v2\/pages"}],"about":[{"href":"https:\/\/blogsaverroes.juntadeandalucia.es\/herminia\/wp-json\/wp\/v2\/types\/page"}],"author":[{"embeddable":true,"href":"https:\/\/blogsaverroes.juntadeandalucia.es\/herminia\/wp-json\/wp\/v2\/users\/8702"}],"replies":[{"embeddable":true,"href":"https:\/\/blogsaverroes.juntadeandalucia.es\/herminia\/wp-json\/wp\/v2\/comments?post=158"}],"version-history":[{"count":1,"href":"https:\/\/blogsaverroes.juntadeandalucia.es\/herminia\/wp-json\/wp\/v2\/pages\/158\/revisions"}],"predecessor-version":[{"id":307,"href":"https:\/\/blogsaverroes.juntadeandalucia.es\/herminia\/wp-json\/wp\/v2\/pages\/158\/revisions\/307"}],"wp:attachment":[{"href":"https:\/\/blogsaverroes.juntadeandalucia.es\/herminia\/wp-json\/wp\/v2\/media?parent=158"}],"curies":[{"name":"wp","href":"https:\/\/api.w.org\/{rel}","templated":true}]}}