{"id":65,"date":"2020-04-28T13:11:55","date_gmt":"2020-04-28T11:11:55","guid":{"rendered":"https:\/\/blogsaverroes.juntadeandalucia.es\/herminia\/?page_id=65"},"modified":"2020-05-14T16:35:30","modified_gmt":"2020-05-14T14:35:30","slug":"video-como-subir-una-tarea-a-traves-de-ipasen","status":"publish","type":"page","link":"https:\/\/blogsaverroes.juntadeandalucia.es\/herminia\/video-como-subir-una-tarea-a-traves-de-ipasen\/","title":{"rendered":"V\u00cdDEO: C\u00d3MO SUBIR UNA TAREA A TRAV\u00c9S DE IPASEN"},"content":{"rendered":"<p><img loading=\"lazy\" decoding=\"async\" class=\"aligncenter size-medium wp-image-455\" src=\"https:\/\/blogsaverroes.juntadeandalucia.es\/herminia\/files\/2020\/05\/VIDEOS-300x193.png\" alt=\"\" width=\"300\" height=\"193\" srcset=\"https:\/\/blogsaverroes.juntadeandalucia.es\/herminia\/files\/2020\/05\/VIDEOS-300x193.png 300w, https:\/\/blogsaverroes.juntadeandalucia.es\/herminia\/files\/2020\/05\/VIDEOS-768x494.png 768w, https:\/\/blogsaverroes.juntadeandalucia.es\/herminia\/files\/2020\/05\/VIDEOS-1024x659.png 1024w, https:\/\/blogsaverroes.juntadeandalucia.es\/herminia\/files\/2020\/05\/VIDEOS-1200x772.png 1200w, https:\/\/blogsaverroes.juntadeandalucia.es\/herminia\/files\/2020\/05\/VIDEOS-24x15.png 24w, https:\/\/blogsaverroes.juntadeandalucia.es\/herminia\/files\/2020\/05\/VIDEOS-36x23.png 36w, https:\/\/blogsaverroes.juntadeandalucia.es\/herminia\/files\/2020\/05\/VIDEOS-48x31.png 48w, https:\/\/blogsaverroes.juntadeandalucia.es\/herminia\/files\/2020\/05\/VIDEOS.png 1468w\" sizes=\"(max-width: 300px) 85vw, 300px\" \/><\/p>\n<p>&nbsp;<\/p>\n<p><a href=\"https:\/\/blogsaverroes.juntadeandalucia.es\/herminia\/files\/2020\/04\/ENVIAR-ARCHIVO-IPASEN.pdf\">ENVIAR ARCHIVO IPASEN<\/a><\/p>\n","protected":false},"excerpt":{"rendered":"<p>&nbsp; ENVIAR ARCHIVO IPASEN<\/p>\n","protected":false},"author":8702,"featured_media":0,"parent":0,"menu_order":0,"comment_status":"closed","ping_status":"closed","template":"","meta":{"ngg_post_thumbnail":0,"footnotes":""},"aioseo_notices":[],"_links":{"self":[{"href":"https:\/\/blogsaverroes.juntadeandalucia.es\/herminia\/wp-json\/wp\/v2\/pages\/65"}],"collection":[{"href":"https:\/\/blogsaverroes.juntadeandalucia.es\/herminia\/wp-json\/wp\/v2\/pages"}],"about":[{"href":"https:\/\/blogsaverroes.juntadeandalucia.es\/herminia\/wp-json\/wp\/v2\/types\/page"}],"author":[{"embeddable":true,"href":"https:\/\/blogsaverroes.juntadeandalucia.es\/herminia\/wp-json\/wp\/v2\/users\/8702"}],"replies":[{"embeddable":true,"href":"https:\/\/blogsaverroes.juntadeandalucia.es\/herminia\/wp-json\/wp\/v2\/comments?post=65"}],"version-history":[{"count":3,"href":"https:\/\/blogsaverroes.juntadeandalucia.es\/herminia\/wp-json\/wp\/v2\/pages\/65\/revisions"}],"predecessor-version":[{"id":566,"href":"https:\/\/blogsaverroes.juntadeandalucia.es\/herminia\/wp-json\/wp\/v2\/pages\/65\/revisions\/566"}],"wp:attachment":[{"href":"https:\/\/blogsaverroes.juntadeandalucia.es\/herminia\/wp-json\/wp\/v2\/media?parent=65"}],"curies":[{"name":"wp","href":"https:\/\/api.w.org\/{rel}","templated":true}]}}