{"id":115,"date":"2021-09-16T17:53:15","date_gmt":"2021-09-16T17:53:15","guid":{"rendered":"https:\/\/blogsaverroes.juntadeandalucia.es\/herramientasmultimedia\/?page_id=115"},"modified":"2021-09-16T17:53:15","modified_gmt":"2021-09-16T17:53:15","slug":"plan-de-centro-2","status":"publish","type":"page","link":"https:\/\/blogsaverroes.juntadeandalucia.es\/herramientasmultimedia\/plan-de-centro-2\/","title":{"rendered":"plan de centro"},"content":{"rendered":"<p style=\"text-align: center\"><span style=\"font-family: comic sans ms,sans-serif\"><span style=\"font-family: comic sans ms,sans-serif\"><span style=\"color: #ffffff\"><span style=\"background-color: #339966\"><span style=\"font-size: 12pt\"><span style=\"background-color: #008000\"><img loading=\"lazy\" decoding=\"async\" src=\"http:\/\/www.juntadeandalucia.es\/averroes\/centros-tic\/04005594\/helvia\/sitio\/upload\/img\/arco1.gif\" width=\"483\" height=\"137\" border=\"0\"><\/span><\/span><\/span><\/span><\/span><\/span>&nbsp;<\/p>\n<p style=\"text-align: center\"><span style=\"font-family: comic sans ms,sans-serif\"><span style=\"font-family: comic sans ms,sans-serif\"><span style=\"color: #ffffff\"><span style=\"background-color: #339966\"><span style=\"font-size: 12pt\"><span style=\"background-color: #008000\">&nbsp;<\/span><span style=\"background-color: #008000\"> <strong><span style=\"background-color: #008000\">P<\/span>LAN DE CENTRO CEIP \u00abARCO IRIS\u00bb<\/strong> <\/span><\/span><\/span><\/span><\/span><\/span><\/p>\n<p style=\"text-align: justify\"><span style=\"font-family: comic sans ms,sans-serif\"><span style=\"background-color: #ffffff\">De<\/span> acuerdo con el art. 126 de la Ley 17\/2007, de 10 de diciembre, de Educaci\u00f3n en Andaluc\u00eda, el Plan de Centro es el documento que integra el Proyecto Educativo, el Reglamento de Organizaci\u00f3n y Funcionamiento y el Proyecto de Gesti\u00f3n. <\/span><\/p>\n<div style=\"text-align: justify\"><span style=\"font-family: comic sans ms,sans-serif\">Este <span style=\"color: #339966\"><span style=\"text-decoration: underline\"><strong>Plan de Centro<\/strong><\/span><\/span> tendr\u00e1 car\u00e1cter plurianual, obligar\u00e1 a todo el personal del centro y vincular\u00e1 a la comunidad educativa de nuestro colegio. Se podr\u00e1 actualizar o modificar, en su caso, tras los procesos de autoevaluaci\u00f3n a que se refiere el art\u00edculo 43 del Reglamento Org\u00e1nico de Funcionamiento o a propuesta del director o directora en funci\u00f3n de su Proyecto Educativo.<\/span><\/div>\n<div style=\"text-align: justify\"><span style=\"font-family: comic sans ms,sans-serif\">&nbsp;<\/span><\/div>\n<div style=\"text-align: center\"><span style=\"font-family: comic sans ms,sans-serif\"><a title=\"pc20.21\" href=\"http:\/\/www.juntadeandalucia.es\/averroes\/centros-tic\/04005594\/helvia\/sitio\/upload\/PC_20202021.pdf\" target=\"_blank\" rel=\"noopener noreferrer\"><img loading=\"lazy\" decoding=\"async\" src=\"http:\/\/www.juntadeandalucia.es\/averroes\/centros-tic\/04005594\/helvia\/sitio\/upload\/img\/PLAN_DE_CENTRO_BORRADORP1.jpg\" width=\"237\" height=\"277\" border=\"0\"><\/a><a title=\"pc20.21\" href=\"http:\/\/www.juntadeandalucia.es\/averroes\/centros-tic\/04005594\/helvia\/sitio\/upload\/PC_20202021.pdf\" target=\"_blank\" rel=\"noopener noreferrer\"><br \/>\n<\/a><\/span><\/div>\n<div style=\"text-align: center\"><span style=\"background-color: #00ff00\"><span style=\"font-family: comic sans ms,sans-serif\"><span style=\"font-size: 12pt\"><a title=\"pc20.21\" href=\"http:\/\/www.juntadeandalucia.es\/averroes\/centros-tic\/04005594\/helvia\/sitio\/upload\/PC_20202021.pdf\" target=\"_blank\" rel=\"noopener noreferrer\">&gt;&gt;&gt; <\/a><\/span><\/span><span style=\"font-family: comic sans ms,sans-serif\"><span style=\"font-size: 12pt\"><strong><span style=\"font-size: 14pt\"><span style=\"font-family: comic sans ms,sans-serif\"><a title=\"pc20.21\" href=\"http:\/\/www.juntadeandalucia.es\/averroes\/centros-tic\/04005594\/helvia\/sitio\/upload\/PC_20202021.pdf\" target=\"_blank\" rel=\"noopener noreferrer\">Ver Plan de Centro <\/a><\/span><\/span><\/strong><\/span><\/span><\/span><\/div>\n<div style=\"text-align: center\"><span style=\"font-family: comic sans ms,sans-serif\">.<\/span><\/div>\n<div style=\"text-align: justify\"><span style=\"font-family: comic sans ms,sans-serif\">Este Plan de Centro es p\u00fablico y se facilita su conocimiento a la comunidad educativa y a la ciudadan\u00eda en general, utilizando los medios y mecanismos de internet que poseemos. Todos tenemos la obligaci\u00f3n de conocerlo pues es el documento que expresa nuestras se\u00f1as de identidad. Es el aut\u00e9ntico referente, con car\u00e1cter sist\u00e9mico e integrador, del principio de autonom\u00eda pedag\u00f3gica, de organizaci\u00f3n y de gesti\u00f3n.<\/span><\/div>\n<p style=\"text-align: center\"><img decoding=\"async\" src=\"http:\/\/www.juntadeandalucia.es\/averroes\/centros-tic\/04005594\/helvia\/sitio\/upload\/img\/loggi.gif\" border=\"0\"><\/p>\n<p style=\"text-align: center\"><object data=\"http:\/\/www.juntadeandalucia.es\/averroes\/centros-tic\/04005594\/helvia\/sitio\/upload\/img\/can13.swf\" type=\"application\/x-shockwave-flash\" width=\"13\" height=\"9\"><param name=\"data\" value=\"http:\/\/www.juntadeandalucia.es\/averroes\/centros-tic\/04005594\/helvia\/sitio\/upload\/img\/can13.swf\"><param name=\"src\" value=\"http:\/\/www.juntadeandalucia.es\/averroes\/centros-tic\/04005594\/helvia\/sitio\/upload\/img\/can13.swf\"><param name=\"wmode\" value=\"transparent\"><param name=\"quality\" value=\"high\"><param name=\"menu\" value=\"false\"><\/object><\/p>\n","protected":false},"excerpt":{"rendered":"<p>&nbsp; &nbsp; PLAN DE CENTRO CEIP \u00abARCO IRIS\u00bb De acuerdo con el art. 126 de la Ley 17\/2007, de 10 de diciembre, de Educaci\u00f3n en Andaluc\u00eda, el Plan de Centro es el documento que&#46;&#46;&#46;<\/p>\n","protected":false},"author":2254,"featured_media":0,"parent":0,"menu_order":0,"comment_status":"closed","ping_status":"closed","template":"","meta":{"ngg_post_thumbnail":0,"footnotes":""},"aioseo_notices":[],"_links":{"self":[{"href":"https:\/\/blogsaverroes.juntadeandalucia.es\/herramientasmultimedia\/wp-json\/wp\/v2\/pages\/115"}],"collection":[{"href":"https:\/\/blogsaverroes.juntadeandalucia.es\/herramientasmultimedia\/wp-json\/wp\/v2\/pages"}],"about":[{"href":"https:\/\/blogsaverroes.juntadeandalucia.es\/herramientasmultimedia\/wp-json\/wp\/v2\/types\/page"}],"author":[{"embeddable":true,"href":"https:\/\/blogsaverroes.juntadeandalucia.es\/herramientasmultimedia\/wp-json\/wp\/v2\/users\/2254"}],"replies":[{"embeddable":true,"href":"https:\/\/blogsaverroes.juntadeandalucia.es\/herramientasmultimedia\/wp-json\/wp\/v2\/comments?post=115"}],"version-history":[{"count":1,"href":"https:\/\/blogsaverroes.juntadeandalucia.es\/herramientasmultimedia\/wp-json\/wp\/v2\/pages\/115\/revisions"}],"predecessor-version":[{"id":116,"href":"https:\/\/blogsaverroes.juntadeandalucia.es\/herramientasmultimedia\/wp-json\/wp\/v2\/pages\/115\/revisions\/116"}],"wp:attachment":[{"href":"https:\/\/blogsaverroes.juntadeandalucia.es\/herramientasmultimedia\/wp-json\/wp\/v2\/media?parent=115"}],"curies":[{"name":"wp","href":"https:\/\/api.w.org\/{rel}","templated":true}]}}