{"id":131,"date":"2021-09-16T18:11:15","date_gmt":"2021-09-16T18:11:15","guid":{"rendered":"https:\/\/blogsaverroes.juntadeandalucia.es\/herramientasmultimedia\/?page_id=131"},"modified":"2021-09-16T18:11:15","modified_gmt":"2021-09-16T18:11:15","slug":"nuestro-centro-2","status":"publish","type":"page","link":"https:\/\/blogsaverroes.juntadeandalucia.es\/herramientasmultimedia\/nuestro-centro-2\/","title":{"rendered":"Nuestro centro"},"content":{"rendered":"<div style=\"text-align: center\">\n<div style=\"text-align: justify\">\n<p style=\"text-align: center\"><img decoding=\"async\" src=\"http:\/\/www.juntadeandalucia.es\/averroes\/centros-tic\/04005594\/helvia\/sitio\/upload\/img\/logmov22.gif\" border=\"0\"><\/p>\n<p style=\"margin-bottom: 0.5cm;text-align: justify\"><img loading=\"lazy\" decoding=\"async\" src=\"http:\/\/www.juntadeandalucia.es\/averroes\/centros-tic\/04005594\/helvia\/sitio\/upload\/img\/bandera_espania.jpeg\" alt=\"BANDERA\" width=\"80\" height=\"54\" border=\"0\"> <img loading=\"lazy\" decoding=\"async\" src=\"http:\/\/www.juntadeandalucia.es\/averroes\/centros-tic\/04005594\/helvia\/sitio\/upload\/img\/bandera_inglesa.jpeg\" alt=\"BANDERA\" width=\"83\" height=\"51\" border=\"0\"> <a title=\"ESTR\" href=\"http:\/\/www.juntadeandalucia.es\/averroes\/centros-tic\/04005594\/helvia\/sitio\/upload\/PHYSICAL_STRUCTURE_OF_THE_CENTER.pdf\" target=\"_blank\" rel=\"noopener noreferrer\">English version&nbsp; <\/a><br \/>\n<object data=\"http:\/\/www.juntadeandalucia.es\/averroes\/centros-tic\/04005594\/helvia\/sitio\/upload\/img\/can13.swf\" type=\"application\/x-shockwave-flash\" width=\"13\" height=\"9\"><param name=\"data\" value=\"http:\/\/www.juntadeandalucia.es\/averroes\/centros-tic\/04005594\/helvia\/sitio\/upload\/img\/can13.swf\"><param name=\"src\" value=\"http:\/\/www.juntadeandalucia.es\/averroes\/centros-tic\/04005594\/helvia\/sitio\/upload\/img\/can13.swf\"><param name=\"wmode\" value=\"transparent\"><param name=\"quality\" value=\"high\"><param name=\"menu\" value=\"false\"><\/object><\/p>\n<p style=\"text-align: center\"><span style=\"background-color: #66ffff;font-size: 14pt\"><span style=\"font-family: Arial,sans-serif\"><span style=\"font-size: 9pt\"><strong><span style=\"background-color: #cc99ff\"><span style=\"font-size: 14pt\"><span style=\"font-family: arial,helvetica,sans-serif\"><span style=\"color: #ffffff\"><span style=\"background-color: #993366\">&nbsp;&nbsp;&nbsp; <span style=\"font-family: comic sans ms,sans-serif\">ESTRUCTURA F\u00cdSICA DEL CENTRO<\/span>&nbsp;&nbsp;<\/span><\/span><\/span><\/span><\/span><\/strong><\/span><\/span><\/span><\/p>\n<p style=\"margin-bottom: 0.5cm;text-align: justify\"><span style=\"font-family: tahoma,arial,helvetica,sans-serif;color: #33cc00\"><span style=\"font-size: 10pt\"><span style=\"font-family: comic sans ms,sans-serif\"><span style=\"color: #000000\">El Centro dispone de<\/span>&nbsp;<strong><span style=\"color: #800080\">2 Aularios<\/span><\/strong>. <span style=\"color: #000000\">El Aulario m\u00e1s moderno de ellos acoge las aulas de infantil de 3, 4 o 5 a\u00f1os, el aula de educaci\u00f3n especial y el aula de apoyo a la integraci\u00f3n y la Biblioeteca. El aulario m\u00e1s antiguo alberga el resto de las aulas con alumnos de primaria&nbsp;: 1\u00ba, 2\u00ba y 3\u00ba ciclo de Primaria, la Secretar\u00eda del Centro, la Jefatura de Estudios, la Direcci\u00f3n, la Secretar\u00eda de la A.M.P.A. y la Sala de Profesores.<\/span><\/span><\/span><\/span><\/p>\n<p><span style=\"font-family: tahoma,arial,helvetica,sans-serif;color: #33cc00\"><span style=\"font-size: 10pt\"><span style=\"font-family: comic sans ms,sans-serif\"><span style=\"color: #000000\">Tambi\u00e9n hay&nbsp;2 aulas prefabricadas con alumnos de infantil de 3, 4 o 5 a\u00f1os. <\/span><\/span><\/span><\/span><\/p>\n<p><span style=\"font-family: tahoma,arial,helvetica,sans-serif;color: #33cc00\"><span style=\"font-size: 10pt\"><span style=\"font-family: comic sans ms,sans-serif\"><span style=\"color: #000000\">Desde Octubre del 2012 el centro dispone de un <span style=\"text-decoration: underline\">nuevo comedor<\/span> situado en la zona de la antigua granja del centro.<\/span><\/span><\/span><\/span><\/p>\n<p style=\"margin-bottom: 0.5cm;text-align: justify\"><span style=\"font-family: tahoma,arial,helvetica,sans-serif;color: #33cc00\"><span style=\"font-size: 10pt\"><span style=\"font-family: comic sans ms,sans-serif\"><span style=\"color: #000000\">El centro adem\u00e1s de estos dos Aularios, dispone de un Aula de Danza-M\u00fasica, externas a los aularios anteriores.<br \/>\n<\/span><\/span><\/span><\/span><\/p>\n<p style=\"margin-bottom: 0.5cm;background-color: #ff6633;text-align: center\"><span style=\"font-size: 12pt\"><span style=\"font-family: comic sans ms,sans-serif\">Aulario II<\/span><\/span><\/p>\n<p style=\"margin-bottom: 0.5cm;text-align: center\"><img loading=\"lazy\" decoding=\"async\" src=\"http:\/\/www.juntadeandalucia.es\/averroes\/centros-tic\/04005594\/helvia\/sitio\/upload\/img\/DSC03216.jpg\" width=\"530\" height=\"400\" border=\"0\"><\/p>\n<p style=\"text-align: center\"><img decoding=\"async\" src=\"http:\/\/www.juntadeandalucia.es\/averroes\/centros-tic\/04005594\/helvia\/sitio\/upload\/img\/imagen_arco_iris.jpg\" border=\"0\"><\/p>\n<p style=\"margin-bottom: 0.5cm;background-color: #ffffcc;text-align: center\"><span style=\"font-size: 12pt\"><span style=\"font-family: comic sans ms,sans-serif\">Aulario I<\/span><\/span><\/p>\n<p style=\"text-align: center\"><img decoding=\"async\" src=\"http:\/\/www.juntadeandalucia.es\/averroes\/centros-tic\/04005594\/helvia\/sitio\/upload\/img\/imagen_arco_iris_2.jpg\" border=\"0\"><\/p>\n<p style=\"margin-bottom: 0.5cm;text-align: justify\">&nbsp;<\/p>\n<p style=\"text-align: center\"><span style=\"background-color: #33ff33;font-family: Arial,sans-serif;font-size: 12pt\"><span style=\"font-size: 9pt\"><span style=\"font-size: 12pt\"><span style=\"font-family: comic sans ms,sans-serif\">Aulas de Danza y de M\u00fasica<\/span><\/span><br \/>\n<\/span><\/span><\/p>\n<p style=\"text-align: center\"><img loading=\"lazy\" decoding=\"async\" src=\"http:\/\/www.juntadeandalucia.es\/averroes\/centros-tic\/04005594\/helvia\/sitio\/upload\/img\/DSC03193.JPG\" alt=\"Aulas m\u00fasica y danza.\" width=\"527\" height=\"373\" border=\"0\"><\/p>\n<p style=\"margin-bottom: 0.5cm;text-align: center\"><span style=\"font-family: mceinline\"><span style=\"font-family: comic sans ms,sans-serif\"><span style=\"background-color: #00ff00\">Comedor Escolar<\/span><\/span><\/span><\/p>\n<p style=\"text-align: center\"><img loading=\"lazy\" decoding=\"async\" src=\"http:\/\/www.juntadeandalucia.es\/averroes\/centros-tic\/04005594\/helvia\/sitio\/upload\/img\/HPIM4711.JPG\" width=\"544\" height=\"331\" border=\"0\"><\/p>\n<p style=\"margin-bottom: 0.5cm;text-align: center\"><span style=\"background-color: #cc9933;font-size: 10pt\"><span style=\"font-size: 12pt\"><span style=\"font-family: comic sans ms,sans-serif\">Aulas Prefabricadas<\/span><\/span><br \/>\n<\/span><\/p>\n<p style=\"margin-bottom: 0.5cm;text-align: center\"><img loading=\"lazy\" decoding=\"async\" src=\"http:\/\/www.juntadeandalucia.es\/averroes\/centros-tic\/04005594\/helvia\/sitio\/upload\/img\/DSC03220.JPG\" alt=\"Aulas.\" width=\"523\" height=\"352\" border=\"0\"><\/p>\n<p style=\"margin-bottom: 0.5cm;text-align: justify\"><span style=\"font-family: times new roman,times;color: #6600ff\"><span style=\"font-size: 10pt\"><span style=\"font-family: comic sans ms,sans-serif\"><span style=\"color: #000000\">Como zonas recreativas y\/o polideportivas, el centro dispone de un patio especifico para Educaci\u00f3n Infantil, una pista multifuncional, una pista de atletismo de 50 m., dos pistas de minibasket, una pista de tenis abierta y otras pistas pertenecientes al Club de Tenis. Un campo de minigolf y gran cantidad de zonas ajardinadas.<\/span><\/span><\/span><\/span><\/p>\n<p style=\"margin-bottom: 0.5cm;background-color: #ff0000;text-align: center\"><span style=\"font-family: Arial,sans-serif\"><span style=\"font-size: 12pt\"><span style=\"font-family: comic sans ms,sans-serif\">Zonas Recreativas y\/o Polideportivas<\/span><\/span><\/span><\/p>\n<p style=\"margin-bottom: 0.5cm;text-align: center\"><img decoding=\"async\" src=\"http:\/\/www.juntadeandalucia.es\/averroes\/centros-tic\/04005594\/helvia\/sitio\/upload\/img\/DSCF0958_1.JPG\" border=\"0\"><\/p>\n<p style=\"margin-bottom: 0.5cm;text-align: center\"><img loading=\"lazy\" decoding=\"async\" src=\"http:\/\/www.juntadeandalucia.es\/averroes\/centros-tic\/04005594\/helvia\/sitio\/upload\/img\/DSC03199.JPG\" alt=\"Pistas deportivas\" width=\"522\" height=\"405\" border=\"0\"><\/p>\n<p style=\"margin-bottom: 0.5cm;text-align: center\"><img loading=\"lazy\" decoding=\"async\" style=\"border: 0\" title=\"Pista baloncesto\" src=\"http:\/\/www.juntadeandalucia.es\/averroes\/centros-tic\/04005594\/helvia\/sitio\/upload\/img\/HPIM8124.JPG\" alt=\"Pista baloncesto\" width=\"527\" height=\"373\" border=\"0\"><\/p>\n<p style=\"margin-bottom: 0.5cm;text-align: center\"><img loading=\"lazy\" decoding=\"async\" src=\"http:\/\/www.juntadeandalucia.es\/averroes\/centros-tic\/04005594\/helvia\/sitio\/upload\/img\/DSC03197.JPG\" alt=\"Pistas atletismo.\" width=\"520\" height=\"367\" border=\"0\"><\/p>\n<p style=\"margin-bottom: 0.5cm;text-align: center\"><img loading=\"lazy\" decoding=\"async\" style=\"border: 0\" title=\"Campo minigolf.\" src=\"http:\/\/www.juntadeandalucia.es\/averroes\/centros-tic\/04005594\/helvia\/sitio\/upload\/img\/HPIM8131.JPG\" alt=\"Campo minigolf.\" width=\"520\" height=\"367\" border=\"0\"><\/p>\n<p style=\"margin-bottom: 0.5cm;text-align: center\"><span style=\"background-color: #ff00ff\"><span style=\"font-size: 12pt\"><span style=\"font-family: comic sans ms,sans-serif\">Patio Educaci\u00f3n Infantil <\/span><\/span><\/span><\/p>\n<p style=\"margin-bottom: 0.5cm;text-align: center\"><img decoding=\"async\" src=\"http:\/\/www.juntadeandalucia.es\/averroes\/centros-tic\/04005594\/helvia\/sitio\/upload\/img\/DSCF0959.JPG\" border=\"0\"><\/p>\n<p style=\"margin-bottom: 0.5cm;text-align: center\"><img decoding=\"async\" src=\"http:\/\/www.juntadeandalucia.es\/averroes\/centros-tic\/04005594\/helvia\/sitio\/upload\/img\/DSCF0961.JPG\" border=\"0\"><\/p>\n<p style=\"margin-bottom: 0.5cm;text-align: center\"><span style=\"background-color: #ff00ff\"><span style=\"color: #00ffff\"><span style=\"background-color: #ff9900\"><span style=\"font-size: 12pt\"><span style=\"color: #ffffff\"><span style=\"font-family: comic sans ms,sans-serif\">Pistas&nbsp;Club de Tenis<\/span><\/span>&nbsp;<\/span><\/span><\/span><\/span><\/p>\n<p style=\"text-align: center\"><img loading=\"lazy\" decoding=\"async\" src=\"http:\/\/www.juntadeandalucia.es\/averroes\/centros-tic\/04005594\/helvia\/sitio\/upload\/img\/DSC03202.jpg\" width=\"525\" height=\"387\" border=\"0\"><\/p>\n<p style=\"margin-bottom: 0.5cm;text-align: center\"><span style=\"background-color: #ff00ff\"><span style=\"color: #00ffff\"><span style=\"background-color: #339966\"><span style=\"color: #ffffff\"><span style=\"font-size: 12pt\"><span style=\"font-family: comic sans ms,sans-serif\">Vista&nbsp;General&nbsp;Ceip Arco Iris<\/span><\/span><\/span>&nbsp;<\/span><\/span><\/span><\/p>\n<p style=\"text-align: center\"><img loading=\"lazy\" decoding=\"async\" src=\"http:\/\/www.juntadeandalucia.es\/averroes\/centros-tic\/04005594\/helvia\/sitio\/upload\/img\/cole2.jpg\" width=\"525\" height=\"371\" border=\"0\"><\/p>\n<p style=\"text-align: center\"><img decoding=\"async\" src=\"http:\/\/www.juntadeandalucia.es\/averroes\/centros-tic\/04005594\/helvia\/sitio\/upload\/img\/loggi.gif\" border=\"0\"><\/p>\n<\/div>\n<\/div>\n","protected":false},"excerpt":{"rendered":"<p>English version&nbsp; &nbsp;&nbsp;&nbsp; ESTRUCTURA F\u00cdSICA DEL CENTRO&nbsp;&nbsp; El Centro dispone de&nbsp;2 Aularios. El Aulario m\u00e1s moderno de ellos acoge las aulas de infantil de 3, 4 o 5 a\u00f1os, el aula de educaci\u00f3n especial&#46;&#46;&#46;<\/p>\n","protected":false},"author":2254,"featured_media":0,"parent":0,"menu_order":0,"comment_status":"closed","ping_status":"closed","template":"","meta":{"ngg_post_thumbnail":0,"footnotes":""},"aioseo_notices":[],"_links":{"self":[{"href":"https:\/\/blogsaverroes.juntadeandalucia.es\/herramientasmultimedia\/wp-json\/wp\/v2\/pages\/131"}],"collection":[{"href":"https:\/\/blogsaverroes.juntadeandalucia.es\/herramientasmultimedia\/wp-json\/wp\/v2\/pages"}],"about":[{"href":"https:\/\/blogsaverroes.juntadeandalucia.es\/herramientasmultimedia\/wp-json\/wp\/v2\/types\/page"}],"author":[{"embeddable":true,"href":"https:\/\/blogsaverroes.juntadeandalucia.es\/herramientasmultimedia\/wp-json\/wp\/v2\/users\/2254"}],"replies":[{"embeddable":true,"href":"https:\/\/blogsaverroes.juntadeandalucia.es\/herramientasmultimedia\/wp-json\/wp\/v2\/comments?post=131"}],"version-history":[{"count":1,"href":"https:\/\/blogsaverroes.juntadeandalucia.es\/herramientasmultimedia\/wp-json\/wp\/v2\/pages\/131\/revisions"}],"predecessor-version":[{"id":132,"href":"https:\/\/blogsaverroes.juntadeandalucia.es\/herramientasmultimedia\/wp-json\/wp\/v2\/pages\/131\/revisions\/132"}],"wp:attachment":[{"href":"https:\/\/blogsaverroes.juntadeandalucia.es\/herramientasmultimedia\/wp-json\/wp\/v2\/media?parent=131"}],"curies":[{"name":"wp","href":"https:\/\/api.w.org\/{rel}","templated":true}]}}