{"id":134,"date":"2021-09-16T18:13:31","date_gmt":"2021-09-16T18:13:31","guid":{"rendered":"https:\/\/blogsaverroes.juntadeandalucia.es\/herramientasmultimedia\/?page_id=134"},"modified":"2021-09-16T18:13:31","modified_gmt":"2021-09-16T18:13:31","slug":"profeaorado","status":"publish","type":"page","link":"https:\/\/blogsaverroes.juntadeandalucia.es\/herramientasmultimedia\/profeaorado\/","title":{"rendered":"profeaorado"},"content":{"rendered":"<p style=\"text-align: center\"><img loading=\"lazy\" decoding=\"async\" src=\"http:\/\/www.juntadeandalucia.es\/averroes\/centros-tic\/04005594\/helvia\/sitio\/upload\/img\/Cabcole3.jpg\" width=\"528\" height=\"69\" border=\"0\"><\/p>\n<p style=\"text-align: center\"><img loading=\"lazy\" decoding=\"async\" src=\"http:\/\/www.juntadeandalucia.es\/averroes\/centros-tic\/04005594\/helvia\/sitio\/upload\/img\/loggi.gif\" width=\"192\" height=\"122\" border=\"0\"><br \/>\n<object data=\"http:\/\/www.juntadeandalucia.es\/averroes\/centros-tic\/04005594\/helvia\/sitio\/upload\/img\/can13.swf\" type=\"application\/x-shockwave-flash\" width=\"13\" height=\"9\"><param name=\"data\" value=\"http:\/\/www.juntadeandalucia.es\/averroes\/centros-tic\/04005594\/helvia\/sitio\/upload\/img\/can13.swf\"><param name=\"src\" value=\"http:\/\/www.juntadeandalucia.es\/averroes\/centros-tic\/04005594\/helvia\/sitio\/upload\/img\/can13.swf\"><param name=\"wmode\" value=\"transparent\"><param name=\"quality\" value=\"high\"><param name=\"menu\" value=\"false\"><\/object><\/p>\n<table style=\"text-align: center\" width=\"100%\" cellspacing=\"3\" cellpadding=\"3\" border=\"0\">\n<tbody>\n<tr>\n<td style=\"text-align: center\" colspan=\"2\" bgcolor=\"#fafca9\">\n<div><span style=\"font-family: comic sans ms,sans-serif\"><strong><span style=\"font-size: 10pt\">EQUIPO DIRECTIVO\/<\/span> <span style=\"font-size: 10pt;color: #000000\">The administrators<\/span><\/strong><\/span><\/div>\n<\/td>\n<\/tr>\n<tr>\n<td style=\"text-align: left;width: 30%\">\n<address><span style=\"font-size: 8pt\"><span style=\"font-family: comic sans ms,sans-serif\"><strong>Directora\/Head teacher:<\/strong><\/span><\/span><\/address>\n<\/td>\n<td style=\"text-align: center\">\n<address><strong><span style=\"color: #000000;font-family: comic sans ms, sans-serif;font-size: 10pt\">Jurado Garc\u00eda, Joaquin <\/span><\/strong><\/address>\n<\/td>\n<\/tr>\n<tr>\n<td style=\"text-align: left;width: 30%\">\n<address><span style=\"font-size: 8pt\"><span style=\"font-family: comic sans ms,sans-serif\"><strong>Jefa de estudios\/Deputy &#8211; Head Teacher:<\/strong><\/span><\/span><\/address>\n<\/td>\n<td style=\"text-align: center\">\n<address>\n<address><span style=\"font-family: comic sans ms, sans-serif\"><strong><span style=\"color: #000000;font-size: 10pt\">&nbsp;P\u00e9rez Saiz, \u00c1ngel M\u00aa A.<br \/>\n<\/span><\/strong><\/span><\/address>\n<\/address>\n<\/td>\n<\/tr>\n<tr>\n<td style=\"text-align: left;width: 30%\">\n<address><span style=\"font-size: 8pt\"><span style=\"font-family: comic sans ms,sans-serif\"><strong><span style=\"font-size: 10pt\"><span style=\"font-size: 8pt\">Secretaria\/<span style=\"color: #000000\">Secretary<\/span>:<\/span> <\/span><\/strong><\/span><\/span><\/address>\n<\/td>\n<td style=\"text-align: center\">\n<address><span style=\"font-family: comic sans ms, sans-serif\"><strong><span style=\"color: #000000;font-size: 10pt\">&nbsp;S\u00e1nchez Villanueva, Judith<br \/>\n<\/span><\/strong><\/span><\/address>\n<\/td>\n<\/tr>\n<tr>\n<td style=\"text-align: center\" colspan=\"2\" bgcolor=\"#f3b6f3\"><span style=\"font-family: comic sans ms,sans-serif\"><strong><span style=\"font-size: 10pt\">CLAUSTRO\/<\/span><span style=\"font-size: 10pt\"><span style=\"color: #000000\">Staff<\/span><\/span><\/strong><\/span><\/td>\n<\/tr>\n<\/tbody>\n<\/table>\n<p style=\"background-color: #ff00ff;text-align: center\"><span style=\"font-size: 10pt\"><strong>&#8211;<span style=\"font-family: comic sans ms,sans-serif\">EDUCACI\u00d3N INFANTIL\/PRE-PRIMARY EDUCATION<br \/>\n<\/span><\/strong><\/span><\/p>\n<address style=\"text-align: center\">&nbsp;<\/address>\n<address style=\"text-align: center\">\n<address>\n<address style=\"text-align: center\">\n<address>\n<address><span style=\"color: #000000\">Lara Ure\u00f1a, <span style=\"color: #000000\">Carmen M\u00aa<\/span>&nbsp; Tutora&nbsp; 3 A\u00f1os A<br \/>\n<\/span><\/address>\n<address>\n<address><span style=\"color: #000000\">Rodr\u00edguez Mart\u00edn, Encarnaci\u00f3n Tutora 3 A\u00f1os B<br \/>\n<\/span><\/address>\n<address>Pe\u00f1a Jim\u00e9nez-Valladolid, Adriana de la&nbsp;Tutora&nbsp; 4 A\u00f1os A&nbsp;&nbsp;<\/address>\n<\/address>\n<p>Garz\u00f3n Garz\u00f3n, Amalia&nbsp;Tutora&nbsp;&nbsp; 4 A\u00f1os B<\/p>\n<\/address>\n<address>Navarro Ib\u00e1\u00f1ez, Isabel&nbsp; 4 A\u00f1os C&nbsp;&nbsp;<\/address>\n<\/address>\n<address style=\"text-align: center\"><span style=\"color: #000000\">Valverde Mart\u00ednez, Mar\u00eda Luz&nbsp; Tutora&nbsp; 5 A\u00f1os A <span style=\"color: #000000\">(Coordinadora)<\/span><\/span><\/address>\n<address style=\"text-align: center\"><span style=\"color: #000000\">Salmer\u00f3n Gil, Cristina&nbsp;&nbsp; Tutora&nbsp; 5 A\u00f1os&nbsp; B<br \/>\n<\/span><\/address>\n<p><span style=\"color: #000000\">Roman Bonilla, M\u00aa Concepc\u00ed\u00f3n<strong>&nbsp;<\/strong>&nbsp;Tutora&nbsp; 5 A\u00f1os C<\/span><\/p>\n<\/address>\n<p><span style=\"color: #000000\">Ojeda Ram\u00edrez, M\u00aa del Ma <\/span><span style=\"color: #000000\">(apoyo)<\/span><\/p>\n<\/address>\n<address style=\"text-align: center\">\n<address>&nbsp;<\/address>\n<\/address>\n<address style=\"text-align: center\"><span style=\"font-size: 10pt\"><span style=\"font-family: comic sans ms,sans-serif\"><span style=\"font-size: 10pt\"><span style=\"background-color: #ffffff\"><span style=\"color: #ff0000\"><span style=\"font-size: 10pt\"><span style=\"font-family: comic sans ms,sans-serif\"><strong style=\"font-size: 10pt;background-color: #0099ff;color: #000000;font-family: Arial, Verdana, sans-serif;font-style: normal\"><span style=\"font-family: comic sans ms,sans-serif\">EDUCACI\u00d3N PRIMARIA\/PRIMARY EDUCATION<\/span><\/strong><\/span><\/span><\/span><\/span><\/span><\/span><\/span><\/address>\n<address style=\"text-align: center\">&nbsp;<\/address>\n<address style=\"text-align: center\"><span style=\"color: #000000\">&nbsp;Vara Garc\u00eda, Luisa Mary Tutora&nbsp; 1\u00baC&nbsp; (Coord 1er Ciclo)<\/span><\/address>\n<address style=\"text-align: center\"><span style=\"color: #000000\">P\u00e9rez Sainz, \u00c1ngel&nbsp; M\u00aa Tutor&nbsp; 5\u00baA<\/span> <\/address>\n<address style=\"text-align: center\">\n<address style=\"text-align: center\"><span style=\"font-size: 10pt\"><span style=\"font-family: comic sans ms,sans-serif\"><span style=\"color: #000000\">Le\u00f3n Fern\u00e1ndez, Mar\u00eda Jes\u00fas&nbsp;&nbsp;Tutora 3\u00aa C &nbsp;<\/span> (Coord 2\u00ba Ciclo)<\/span><\/span><\/address>\n<address style=\"text-align: center\"><span style=\"font-size: 10pt;color: #000000\"><span style=\"font-family: comic sans ms,sans-serif\">Caballero Grande, Mar\u00eda Sierra Tutora&nbsp; 3\u00baA<br \/>\n<\/span><\/span><\/address>\n<\/address>\n<address style=\"text-align: center\"><span style=\"font-size: 10pt;color: #ff0000\"><span style=\"color: #000000\">&nbsp;Raya Molinero, M\u00aa Jos\u00e9 Tutora 6\u00ba B<br \/>\n<\/span><\/span><\/address>\n<address style=\"text-align: center\"><span style=\"font-size: 10pt;color: #ff0000\"><span style=\"color: #000000\">\u00c1lvaro Rosa, M\u00aa Luz (Apoyo)<br \/>\n<\/span><\/span><\/address>\n<p>&nbsp;<\/p>\n<address style=\"text-align: center\">&nbsp;<\/address>\n<p style=\"background-color: #66ccff;text-align: center\"><span style=\"font-size: 10pt\"><strong><span style=\"font-family: comic sans ms,sans-serif\">EDUCACI\u00d3N PRIMARIA-INGL\u00c9S\/PRIMARY EDUCATION-ENGLISH<\/span><\/strong><\/span><\/p>\n<address style=\"text-align: center\">\n<address style=\"text-align: center\"><span style=\"color: #000000\">&nbsp;S\u00e1nchez Villanueva, Judith&nbsp;<br \/>\n<\/span><\/address>\n<address style=\"text-align: center\"><span style=\"color: #000000\">&nbsp;Jim\u00e9nez Galera, M\u00aa&nbsp; Tutora 4\u00baB&nbsp; <span style=\"font-size: 10pt\"><span style=\"font-family: comic sans ms,sans-serif\">(Coord 2\u00ba Ciclo)<\/span><\/span><\/span><\/p>\n<address style=\"text-align: center\"><span style=\"color: #000000\">Gallego Romera, Rosa M\u00aa Tutora 6\u00baA &nbsp;&nbsp;&nbsp;&nbsp;&nbsp; <\/span><\/address>\n<address style=\"text-align: center\"><span style=\"color: #000000\">&nbsp;Vaquero Blasco, Jos\u00e9 Javier Tutor 2\u00baA<br \/>\n<\/span><\/address>\n<address style=\"text-align: center\">\n<address style=\"text-align: center\"><span style=\"color: #000000\">Mart\u00ednez Morell, Mar\u00eda Jes\u00fas Tutora&nbsp; 3\u00ba B<br \/>\n<\/span><\/address>\n<address style=\"text-align: center\">&nbsp;<\/address>\n<\/address>\n<\/address>\n<\/address>\n<p style=\"background-color: #66ffcc;text-align: center\"><span style=\"font-size: 10pt\"><strong><span style=\"font-family: comic sans ms,sans-serif\">ESPECIALIDADES\/SPECIALISTSL<\/span><\/strong><\/span><strong style=\"font-size: 10pt;background-color: #ff0066\"><span style=\"font-family: comic sans ms,sans-serif\">INGL\u00c9S\/ENGLISH<\/span><\/strong><\/p>\n<address style=\"text-align: center\"><span style=\"font-size: 10pt;color: #000000\"><span style=\"font-family: comic sans ms,sans-serif\">Ruiz Garc\u00eda, Mar\u00eda del Carmen&nbsp;Tutora 6\u00baC<\/span><\/span><\/address>\n<address style=\"text-align: center\"><span style=\"color: #000000\"><span style=\"font-size: 10pt\"><span style=\"font-family: comic sans ms,sans-serif\"><span style=\"text-align: justify\">M<\/span><\/span><\/span><span style=\"font-size: 10pt\"><span style=\"font-family: comic sans ms,sans-serif\"><span style=\"text-align: justify\">art\u00ednez Morales, F\u00aa Angeles Tutora 2\u00baC<\/span><\/span><\/span><\/span><\/address>\n<address style=\"text-align: center\"><span style=\"font-size: 10pt;color: #000000\"><span style=\"font-family: comic sans ms,sans-serif\"><span style=\"text-align: justify\">Murcia D\u00edaz, Rosa Tutora Tutora 1\u00ba B<br \/>\n<\/span><\/span><\/span><\/address>\n<address style=\"text-align: center\"><span style=\"text-align: justify\">Santos Gonz\u00e1lez, M\u00aa Carmen<\/span><\/address>\n<address style=\"text-align: center\"><span style=\"font-size: 10pt;color: #ff0000\"><span style=\"font-family: comic sans ms,sans-serif\"><span style=\"text-align: justify\">&nbsp;<\/span><\/span><\/span><\/address>\n<address style=\"text-align: center\">\n<p style=\"background-color: #ff0066;text-align: center\"><span style=\"font-size: 10pt\"><strong><span style=\"font-family: comic sans ms,sans-serif\">FRANCES\/FRENCH<\/span><\/strong><\/span><\/p>\n<\/address>\n<address style=\"text-align: center\"><span style=\"font-size: 10pt;color: #000000\"><span style=\"font-family: comic sans ms,sans-serif\">Basc\u00f3n Le\u00f3n, M\u00aa Jos\u00e9 Tutora 1\u00baA<span style=\"font-size: 10pt\"><span style=\"font-family: comic sans ms,sans-serif\"><span style=\"text-align: justify\"><br \/>\n<\/span><\/span><\/span><\/span><\/span><\/address>\n<p style=\"background-color: #ffcc33;text-align: center\"><span style=\"font-size: 10pt\"><strong><span style=\"font-family: comic sans ms,sans-serif\">M\u00daSICA\/MUSIC<\/span><\/strong><\/span><\/p>\n<address style=\"text-align: center\"><span style=\"font-size: 10pt;color: #000000\"><span style=\"font-family: comic sans ms,sans-serif\"><span style=\"color: #000000\">Garc\u00eda Ruiz, Macarena Tutora 4\u00baA<\/span><br \/>\n<\/span><\/span><\/address>\n<p style=\"text-align: center\"><span style=\"font-size: 10pt\"><span style=\"font-family: comic sans ms,sans-serif\"><strong style=\"background-color: #66cc66\">EDUCACI\u00d3N F\u00cdSICA\/PHYSICAL EDUCATION&nbsp;<\/strong><\/span><\/span><\/p>\n<address style=\"text-align: center\"><span style=\"font-size: 10pt\"><span style=\"font-family: comic sans ms,sans-serif\"><span style=\"color: #000000\">Marqu\u00e9s Esc\u00e1mez, Jos\u00e9 Luis<\/span><\/span><\/span><\/address>\n<address style=\"text-align: center\"><span style=\"font-size: 10pt;color: #000000\"><span style=\"font-family: comic sans ms,sans-serif\"><span style=\"color: #000000\">&nbsp;Guti\u00e9rrez L\u00f3pez, Librada Tutora 2\u00baB<br \/>\n<\/span><\/span><\/span><\/address>\n<address style=\"text-align: center\"><span style=\"font-size: 10pt;color: #000000\"><span style=\"font-family: comic sans ms,sans-serif\"><span style=\"color: #000000\">Vilchez Parcial Alba Teresa (Biling\u00fce) Tutora 5\u00ba B<br \/>\n<\/span><\/span><\/span><\/address>\n<address style=\"text-align: center\"><span style=\"font-size: 10pt;color: #000000\"><span style=\"font-family: comic sans ms,sans-serif\">&nbsp;<\/span><\/span><\/address>\n<address style=\"text-align: center\"><strong style=\"font-size: 10pt;background-color: #666633\"><span style=\"font-family: comic sans ms,sans-serif\">PEDAGOG\u00cdA TERAPEUTICA, EDUC.ESPECIAL\/THERAPEUTIC PEDAGOGIC<\/span><\/strong><\/address>\n<address style=\"text-align: center\">&nbsp;<\/address>\n<address style=\"text-align: center\"><span style=\"font-size: 10pt\"><span style=\"font-family: comic sans ms,sans-serif\"><span style=\"color: #000000\">Hortig\u00fcela Martos, Rosa Mar\u00eda (Coord EE)<\/span><\/span><\/span><\/address>\n<address style=\"text-align: center\"><span style=\"font-size: 10pt\"><span style=\"font-family: comic sans ms,sans-serif\">Pe\u00f1a Pe\u00f1a, M\u00aa Jes\u00fas&nbsp;<\/span><\/span><\/address>\n<p style=\"text-align: center\"><strong style=\"background-color: #ff9933\"><span style=\"font-family: comic sans ms,sans-serif\"><span style=\"font-size: 10pt\">AUDICI\u00d3N Y LENGUAJE, EDUC, ESPECIAL\/SPEECH THERAPYC<\/span><br \/>\n<\/span><\/strong><\/p>\n<address style=\"text-align: center\"><span style=\"font-size: 10pt;color: #000000\"><span style=\"font-family: comic sans ms,sans-serif\"><span style=\"color: #000000\">&nbsp;Regalado Lao, Andrea del Rocio&nbsp; (Logopeda)<\/span><br \/>\n<\/span><\/span><\/address>\n<address style=\"text-align: center\">&nbsp;<\/address>\n<address style=\"text-align: center\">&nbsp;<\/address>\n<address style=\"text-align: center\"><strong style=\"background-color: #3366cc\"><span style=\"font-family: comic sans ms,sans-serif\"><span style=\"font-size: 10pt\">RELIGI\u00d3N\/RELIGIOUS EDUCATION<\/span><\/span><\/strong><strong><span style=\"text-decoration: underline\"><br \/>\n<\/span><\/strong><\/address>\n<address style=\"text-align: center\">&nbsp;<\/address>\n<address style=\"text-align: center\">&nbsp;<\/address>\n<address style=\"text-align: center\">&nbsp;<\/address>\n<address style=\"text-align: center\"><span style=\"font-size: 10pt;color: #ff0000\"><span style=\"font-family: comic sans ms,sans-serif\"><span style=\"color: #000000\">Vargas Mart\u00edn, Ismael<\/span><br \/>\n<\/span><\/span><\/address>\n<address style=\"text-align: center\"><span style=\"color: #ff0000\"><span style=\"font-size: 13.3333px\">Gar<br \/>\n<\/span><\/span><\/address>\n<address style=\"text-align: center\">&nbsp;<\/address>\n<address style=\"text-align: center\"><span style=\"color: #000000;font-family: comic sans ms, sans-serif;background-color: #c0c0c0\"><span style=\"font-size: 13.3333px\">REFUERZO COVID-2<\/span><\/span><\/address>\n<address style=\"text-align: center\">&nbsp;<\/address>\n<address style=\"text-align: center\">Ojeda Sanchez, Laura (Ingl\u00e9s)<\/address>\n<address style=\"text-align: center\">Silvante Izaguirre, Sandra<\/address>\n<address style=\"text-align: center\">Zamora P\u00e9rez, Noelia<\/address>\n<address style=\"text-align: center\">Mech\u00f3n S\u00e1nchez, Adela Catalina<\/address>\n<address style=\"text-align: center\">&nbsp;<\/address>\n<p>&nbsp;<\/p>\n<address style=\"text-align: center\"><span style=\"color: #000000\"><span style=\"font-size: 13.3333px\">&nbsp;<\/span><\/span><\/address>\n<address style=\"text-align: center\"><span style=\"color: #000000\"><span style=\"font-size: 13.3333px\">&nbsp;<\/span><\/span><\/address>\n<address style=\"text-align: center\">&nbsp;<\/address>\n<address style=\"text-align: center\">\n<address style=\"text-align: center\">&nbsp;<\/address>\n<\/address>\n","protected":false},"excerpt":{"rendered":"<p>EQUIPO DIRECTIVO\/ The administrators Directora\/Head teacher: Jurado Garc\u00eda, Joaquin Jefa de estudios\/Deputy &#8211; Head Teacher: &nbsp;P\u00e9rez Saiz, \u00c1ngel M\u00aa A. Secretaria\/Secretary: &nbsp;S\u00e1nchez Villanueva, Judith CLAUSTRO\/Staff &#8211;EDUCACI\u00d3N INFANTIL\/PRE-PRIMARY EDUCATION &nbsp; Lara Ure\u00f1a, Carmen M\u00aa&nbsp; Tutora&nbsp;&#46;&#46;&#46;<\/p>\n","protected":false},"author":2254,"featured_media":0,"parent":0,"menu_order":0,"comment_status":"closed","ping_status":"closed","template":"","meta":{"ngg_post_thumbnail":0,"footnotes":""},"aioseo_notices":[],"_links":{"self":[{"href":"https:\/\/blogsaverroes.juntadeandalucia.es\/herramientasmultimedia\/wp-json\/wp\/v2\/pages\/134"}],"collection":[{"href":"https:\/\/blogsaverroes.juntadeandalucia.es\/herramientasmultimedia\/wp-json\/wp\/v2\/pages"}],"about":[{"href":"https:\/\/blogsaverroes.juntadeandalucia.es\/herramientasmultimedia\/wp-json\/wp\/v2\/types\/page"}],"author":[{"embeddable":true,"href":"https:\/\/blogsaverroes.juntadeandalucia.es\/herramientasmultimedia\/wp-json\/wp\/v2\/users\/2254"}],"replies":[{"embeddable":true,"href":"https:\/\/blogsaverroes.juntadeandalucia.es\/herramientasmultimedia\/wp-json\/wp\/v2\/comments?post=134"}],"version-history":[{"count":1,"href":"https:\/\/blogsaverroes.juntadeandalucia.es\/herramientasmultimedia\/wp-json\/wp\/v2\/pages\/134\/revisions"}],"predecessor-version":[{"id":135,"href":"https:\/\/blogsaverroes.juntadeandalucia.es\/herramientasmultimedia\/wp-json\/wp\/v2\/pages\/134\/revisions\/135"}],"wp:attachment":[{"href":"https:\/\/blogsaverroes.juntadeandalucia.es\/herramientasmultimedia\/wp-json\/wp\/v2\/media?parent=134"}],"curies":[{"name":"wp","href":"https:\/\/api.w.org\/{rel}","templated":true}]}}