{"id":173,"date":"2021-09-16T18:57:24","date_gmt":"2021-09-16T18:57:24","guid":{"rendered":"https:\/\/blogsaverroes.juntadeandalucia.es\/herramientasmultimedia\/?page_id=173"},"modified":"2021-09-18T09:14:38","modified_gmt":"2021-09-18T09:14:38","slug":"moodle","status":"publish","type":"page","link":"https:\/\/blogsaverroes.juntadeandalucia.es\/herramientasmultimedia\/moodle\/","title":{"rendered":"Moodle"},"content":{"rendered":"<p>&nbsp;<\/p>\n<div style=\"text-align: center\">\n<div style=\"text-align: center\"><span style=\"font-size: 12pt\"><strong><span style=\"background-color: #99cc00\">TUTORIALES PARA EL MANEJO Y USO DE MOODLE<\/span><\/strong><\/span><\/div>\n<div style=\"text-align: center\">.<\/div>\n<div style=\"text-align: center\"><img decoding=\"async\" src=\"http:\/\/www.juntadeandalucia.es\/averroes\/centros-tic\/04005594\/helvia\/sitio\/upload\/img\/comput04.gif\" border=\"0\"><\/div>\n<div style=\"text-align: center\"><span style=\"background-color: #99cc00\"><strong>&nbsp;<\/strong><\/span><\/div>\n<address style=\"text-align: center\"><span style=\"background-color: #ffffff\"><img loading=\"lazy\" decoding=\"async\" class=\"alignnone\" title=\"Vi\u00f1eta marcador verde\" src=\"http:\/\/www.juntadeandalucia.es\/averroes\/centros-tic\/04005594\/helvia\/sitio\/upload\/img\/marcador_verde.gif\" alt=\"Vi\u00f1eta marcador verde\" width=\"164\" height=\"24\" border=\"0\">&nbsp;&gt;&gt;&gt;<span style=\"background-color: #00ffff\"><strong><a href=\"https:\/\/educacionadistancia.juntadeandalucia.es\/centros\/login\/index.php\"> ENLACE ACCESO A MOODLE ALUMNADO Y PROFESORADO&nbsp;<\/a>(PC\/TABLET)<\/strong><\/span><\/span><\/address>\n<address style=\"text-align: center\"><span style=\"background-color: #ffffff\">(pincha en Almer\u00eda y pon las claves)<\/span><\/address>\n<address style=\"text-align: center\"><span style=\"background-color: #ffffff\">.TAMBIEN PODEMOS PONER EN GOOGLE: <span style=\"color: #ff0000\">MOODLE CENTROS ALMERIA<\/span><\/span><\/address>\n<address style=\"text-align: center\"><span style=\"background-color: #ffffff\"><span style=\"color: #ff0000\">.<\/span><\/span><\/address>\n<address style=\"text-align: center\"><span style=\"text-decoration: underline;color: #800000\"><strong><span style=\"background-color: #ffffff\">NOTA&#8230; direcci\u00f3n enlace directo:<\/span><\/strong><\/span><\/address>\n<address style=\"text-align: center\"><span style=\"background-color: #00ffff\">&nbsp;<a href=\"https:\/\/educacionadistancia.juntadeandalucia.es\/centros\/almeria\/login\/index.php\">https:\/\/educacionadistancia.juntadeandalucia.es\/centros\/almeria\/<\/a><\/span><\/address>\n<address style=\"text-align: center\"><span style=\"background-color: #ffffff\">&nbsp;<\/span><\/address>\n<address style=\"text-align: center\"><span style=\"background-color: #ffcc00;font-size: 14pt\"><strong>TUTORIALES ALUMNADO\/FAMILIA<\/strong><\/span><\/address>\n<address style=\"text-align: center\">&nbsp;<\/address>\n<address style=\"text-align: center\"><strong>&gt;&gt;&gt; <a title=\"obtener contrase\u00f1as moodle\" href=\"http:\/\/www.juntadeandalucia.es\/averroes\/centros-tic\/04005594\/helvia\/sitio\/upload\/Obtener_contrasenias_MOODLE.pdf\" target=\"_blank\" rel=\"noopener noreferrer\"><span style=\"background-color: #ffcc99\">DESCARGA DE APP DE IPASEN Y OBTENCI\u00d3N CLAVES PARA ACCESO A MOODLE (ALUMNADO)<\/span><\/a><span style=\"background-color: #ffcc99\">&nbsp;(pdf)<\/span><\/strong><\/address>\n<address style=\"text-align: center\"><span style=\"background-color: #ffcc00\"><strong>.<\/strong><\/span><\/address>\n<address style=\"text-align: center\"><span style=\"background-color: #ffcc00\"><strong><strong><span style=\"background-color: #ffffff\">&gt;&gt;&gt;&nbsp;<\/span><a title=\"obtener contrase\u00f1as moodle\" href=\"https:\/\/youtu.be\/qQEREiZSSZA\" target=\"_blank\" rel=\"noopener noreferrer\"><span style=\"background-color: #ffcc99\">DESCARGA DE APP DE IPASEN Y OBTENCI\u00d3N CLAVES PARA ACCESO A MOODLE (ALUMNADO)<\/span><\/a><span style=\"background-color: #ffcc99\">&nbsp;(v\u00eddeo)<\/span><\/strong><br \/>\n<\/strong><\/span><\/address>\n<address style=\"text-align: center\"><strong>.<\/strong><\/address>\n<address style=\"text-align: center\"><strong><span style=\"background-color: #ff0000\"><img decoding=\"async\" title=\"Vi\u00f1eta marcador verde\" src=\"http:\/\/www.juntadeandalucia.es\/averroes\/centros-tic\/04005594\/helvia\/sitio\/upload\/img\/marcador_verde.gif\" alt=\"Vi\u00f1eta marcador verde\" border=\"0\">IMPORTANTE<\/span><\/strong>&gt;&gt;&gt; <span style=\"background-color: #ff99cc\"><strong><a title=\"observaciones previas moodle\" href=\"http:\/\/www.juntadeandalucia.es\/averroes\/centros-tic\/04005594\/helvia\/sitio\/upload\/OBSERVACIONES_PREVIAS_MOODLE.pdf\" target=\"_blank\" rel=\"noopener noreferrer\">OBSERVACIONES INICIALES MOODLE alumnado <\/a><\/strong>(Pdf)<\/span><\/address>\n<address style=\"text-align: center\">&nbsp;<\/address>\n<address style=\"text-align: center\"><strong><span style=\"background-color: #ffffff\">&gt;&gt;&gt; <a href=\"https:\/\/youtu.be\/nk_-U4Fd3cI\"><span style=\"background-color: #ffcc99\">Manejo b\u00e1sico moodle alumnado<\/span><\/a><\/span><\/strong><\/address>\n<address style=\"text-align: center\"><strong><span style=\"background-color: #ffffff\"><span style=\"background-color: #ffcc99\"><span style=\"background-color: #ffffff\">&gt;&gt;&gt;&nbsp;&nbsp;<\/span><a href=\"https:\/\/youtu.be\/L437AQFtYfI\">V\u00edas de acceso a moodle por (pc\/tablet) o por m\u00f3vil&nbsp;(app)<\/a><br \/>\n<\/span><\/span><\/strong><\/address>\n<address style=\"text-align: center\">&gt;&gt;&gt; <a href=\"https:\/\/youtu.be\/tFOA47AmVgs\"><span style=\"background-color: #ff00ff\">Como subir tarea (fichero) a moodle (pc\/tablet)<\/span><\/a><\/address>\n<address style=\"text-align: center\"><strong>&gt;&gt;&gt; <span style=\"background-color: #ffcc99\"><a href=\"https:\/\/youtu.be\/mZ0HW_7rBFo\">Como subir tarea alumnado a moodle<\/a>&nbsp;(pc\/tablet))<\/span><\/strong><\/address>\n<address style=\"text-align: center\"><strong>&gt;&gt;&gt; <a href=\"https:\/\/youtu.be\/cwwlSszOl-8\"><span style=\"background-color: #ffcc99\">Como subir tarea alumnado a moodle m\u00f3vil (app)<\/span><\/a><\/strong><\/address>\n<address style=\"text-align: center\">&nbsp;<\/address>\n<div style=\"text-align: center\"><strong>&gt;&gt;&gt;<a href=\"https:\/\/www.juntadeandalucia.es\/educacion\/portals\/delegate\/content\/79ca15b6-e1c0-4e70-ae98-0086488d9ae9\/Credenciales%20de%20alumnado%20en%20Pasen\/%20iPasen\"><span style=\"background-color: #00ffff\">&nbsp;CREDENCIALES IdEA EN PASEN\/iPASEN (FAMILIA)<\/span><\/a><span style=\"background-color: #00ffff\">&nbsp;(RECUPERACI\u00d3N) (Pdf)<\/span><\/strong><\/div>\n<div style=\"text-align: center\"><strong>&nbsp;<\/strong><\/div>\n<div style=\"text-align: center\"><strong><strong>&gt;&gt;&gt;&nbsp;<a href=\"https:\/\/youtu.be\/cHLova48ULE\"><span style=\"background-color: #00ffff\">CREDENCIALES IdEA EN PASEN\/iPASEN<\/span><\/a><a href=\"https:\/\/www.juntadeandalucia.es\/educacion\/portals\/delegate\/content\/79ca15b6-e1c0-4e70-ae98-0086488d9ae9\/Credenciales%20de%20alumnado%20en%20Pasen\/%20iPasen\"><span style=\"background-color: #00ffff\"> (FAMILIA)<\/span><\/a>&nbsp;(v\u00eddeo)<\/strong><br \/>\n<\/strong><\/div>\n<address style=\"text-align: center\">.<\/address>\n<address style=\"text-align: center\"><span style=\"background-color: #cc99ff;font-size: 14pt\"><strong>TUTORIALES PROFESORADO<\/strong><\/span><\/address>\n<address style=\"text-align: center\">&nbsp;<\/address>\n<address style=\"text-align: center\"><span style=\"background-color: #cc99ff\"><strong><span style=\"background-color: #ff0000\">IMPORTANTE<\/span> ACTIVACI\u00d3N DE AULAS Y TEMAS EN MOODLE (1ER PASO<\/strong><\/span><strong>&gt;&gt;&gt;<a href=\"http:\/\/www.juntadeandalucia.es\/averroes\/centros-tic\/04005594\/helvia\/aula\/archivos\/repositorio\/1250\/1478\/collab-recording_5.mp4\"><span style=\"background-color: #99cc00\"> V\u00eddeo&nbsp;<\/span><\/a><\/strong><\/address>\n<address style=\"text-align: center\">.<\/address>\n<address style=\"text-align: center\">&gt;&gt;&gt; <strong><a href=\"https:\/\/educacionadistancia.juntadeandalucia.es\/profesorado\/course\/view.php?id=7430\"><span style=\"background-color: #ffff00\">USO PLATAFORMA MOODLE PRFESORADO (Inicidaci\u00f3n)<\/span><\/a><\/strong> (CURSO EN ABIERTO)&nbsp;<\/address>\n<address style=\"text-align: center\">(se accede con las claves de seneca)<\/address>\n<address style=\"text-align: center\">&nbsp;<\/address>\n<address style=\"text-align: center\">&gt;&gt;&gt;<strong><a href=\"https:\/\/www.youtube.com\/playlist?list=PLJkk1L3HGsMkBqY_g9xD6to-YFka86alc\"><span style=\"background-color: #ffff00\">PRIMEROS PASOS MANEJO B\u00c1SICO DE MOODLE PROFESORADO (Iniciaci\u00f3n)<\/span><\/a><\/strong><\/address>\n<address style=\"text-align: center\">.<\/address>\n<address style=\"text-align: center\">&gt;&gt;&gt;<span style=\"background-color: #ccffff\"> <strong><a href=\"https:\/\/www.juntadeandalucia.es\/educacion\/portals\/web\/transformacion-digital-educativa\/moodle_canal_videos\/\">Colecci\u00f3n de V\u00cdDEOS GENERALES manejo moodle profesorado&nbsp;(Profundizaci\u00f3n)<\/a><\/strong><\/span><\/address>\n<address style=\"text-align: center\"><strong>&gt;&gt;&gt; <a href=\"https:\/\/youtu.be\/DgdWlwt5KnM\"><span style=\"background-color: #ccffff\">Como subir TAREA a moodle profesorado<\/span><\/a><\/strong><\/address>\n<address style=\"text-align: center\"><strong><span style=\"background-color: #ccffff\"><span style=\"background-color: #ff0000\">IMPORTANTE<\/span>&gt;&gt;&gt;<a href=\"https:\/\/youtu.be\/gpbjnzg9keI\"> Corregir tarea de forma facil y hacer anotaciones<\/a><a href=\"http:\/\/www.juntadeandalucia.es\/averroes\/centros-tic\/04005594\/helvia\/sitio\/administracion\/CORREGIR TAREAS - A\u00f1adir archivos y generar PDF\">&nbsp;<\/a>(Parte 1)<\/span><\/strong><\/address>\n<address style=\"text-align: center\"><strong><span style=\"background-color: #ccffff\"><strong><span style=\"background-color: #ff0000\">IMPORTANTE<\/span>&gt;&gt;&gt;<a href=\"https:\/\/youtu.be\/IUy1iN58FTo\">&nbsp;Corregir tarea de forma facil y hacer anotaciones<\/a><a href=\"http:\/\/www.juntadeandalucia.es\/averroes\/centros-tic\/04005594\/helvia\/sitio\/administracion\/CORREGIR TAREAS - A\u00f1adir archivos y generar PDF\">&nbsp;<\/a>(Parte 2)<\/strong><br \/>\n<\/span><\/strong><\/address>\n<address style=\"text-align: center\"><strong>&gt;&gt;&gt; <a href=\"https:\/\/youtu.be\/nWFrcP740bQ\"><span style=\"background-color: #ccffff\">Hacer un CUESTIONARIO MOODLE profesorado <\/span><\/a><\/strong><\/address>\n<address style=\"text-align: center\"><strong>(modelos de preguntas cuestionario)<\/strong><\/address>\n<address style=\"text-align: center\"><strong>&gt;&gt;&gt;&nbsp;<\/strong><span style=\"font-size: 10pt;font-weight: bold;background-color: #ccffff\"><a href=\"https:\/\/youtu.be\/L4xJVt_mVOU\">Marcas de finalizaci\u00f3n y registro de las actividades<\/a><\/span><\/address>\n<p>&nbsp;<\/p>\n<address style=\"text-align: center\"><span style=\"background-color: #ff0000\"><strong><strong>IMPORTANTE<\/strong><\/strong><\/span><span style=\"background-color: #ccffff;font-weight: bold\">&gt;&gt;&gt;<\/span><span style=\"font-weight: bold;background-color: #ffff00\">COPIA DE SEGURIDAD<\/span><span style=\"background-color: #ccffff;font-weight: bold\">: &gt;&gt;&gt;&nbsp;<\/span><span style=\"font-weight: bold;background-color: #33cccc\"><a href=\"https:\/\/www.youtube.com\/watch?v=wY6ugOOT2tc\">Como hacer copia de seguridad y restarurar cursos o asignaturas.<\/a><\/span><\/address>\n<p><span style=\"background-color: #ff0000\"><strong>IMPORTANTE<\/strong><\/span>&gt;&gt;&gt; <a href=\"https:\/\/youtu.be\/txZJmqvT_kM\">Como IMPORTAR contenidos o recursos de un curos a otro.<\/a><\/p>\n<p><strong>&gt;&gt;&gt;&nbsp;<a href=\"https:\/\/youtu.be\/4V9buM_Y3aI\">Como copiar tareas y recursos de un curso a otro<\/a>&nbsp;(parte 2)<\/strong><\/p>\n<p>&nbsp;<\/p>\n<address style=\"text-align: center\">&gt;&gt;&gt; <span style=\"background-color: #99cc00\"><strong><a href=\"https:\/\/youtu.be\/yLn6cozteVQ\">VIDEOCONFERENCIA y crear enlace para mandar a los padres<\/a><\/strong><\/span><\/address>\n<address style=\"text-align: center\"><span style=\"background-color: #99cc00\"><strong><a href=\"https:\/\/youtu.be\/yLn6cozteVQ\">(externo a moodle)<\/a><\/strong><\/span><\/address>\n<address style=\"text-align: center\">&gt;&gt;&gt; <a href=\"https:\/\/youtu.be\/XHAUa_cdECo\"><span style=\"background-color: #ccffff\">Gestionar videoconferencia&nbsp;<\/span><\/a><\/address>\n<address style=\"text-align: center\"><span style=\"background-color: #ccffff\">&gt;&gt;&gt; <a href=\"https:\/\/youtu.be\/Fi6DHXUtLZs\">Como grabar una clase a mi alumnado<\/a>&nbsp;(videoconferencia)<\/span><\/address>\n<address style=\"text-align: center\">&nbsp;<\/address>\n<address style=\"text-align: center\"><span style=\"font-size: 14pt\"><strong><span style=\"background-color: #cc99ff\">T<\/span><span style=\"background-color: #ccffff\"><span style=\"background-color: #cc99ff\">UTORIALES GESTOR<\/span><\/span><\/strong><\/span><\/address>\n<address style=\"text-align: center\"><span style=\"background-color: #ccffff\">&gt;&gt;&gt;<a href=\"https:\/\/www.juntadeandalucia.es\/educacion\/portals\/delegate\/content\/3e4e1950-6e49-4790-888c-876aeb793104\/Gesti%C3%B3n%20de%20Aulas.%20Gestores\"> <span style=\"background-color: #ffcc99\">Gesti\u00f3n<\/span><\/a><\/span><\/address>\n<address style=\"text-align: center\"><span style=\"background-color: #ccffff\"><span style=\"background-color: #ccffff\">&gt;&gt;&gt; <a href=\"https:\/\/www.youtube.com\/watch?v=UfRm_syQuTM\">Como crear&#8230;Aulas Especiales (TEL, INTEGRACI\u00d3N, APOYO)<\/a><\/span><\/span>&nbsp;<\/address>\n<\/div>\n","protected":false},"excerpt":{"rendered":"<p>&nbsp; TUTORIALES PARA EL MANEJO Y USO DE MOODLE . &nbsp; &nbsp;&gt;&gt;&gt; ENLACE ACCESO A MOODLE ALUMNADO Y PROFESORADO&nbsp;(PC\/TABLET) (pincha en Almer\u00eda y pon las claves) .TAMBIEN PODEMOS PONER EN GOOGLE: MOODLE CENTROS ALMERIA&#46;&#46;&#46;<\/p>\n","protected":false},"author":2254,"featured_media":0,"parent":0,"menu_order":0,"comment_status":"closed","ping_status":"closed","template":"","meta":{"ngg_post_thumbnail":0,"footnotes":""},"aioseo_notices":[],"_links":{"self":[{"href":"https:\/\/blogsaverroes.juntadeandalucia.es\/herramientasmultimedia\/wp-json\/wp\/v2\/pages\/173"}],"collection":[{"href":"https:\/\/blogsaverroes.juntadeandalucia.es\/herramientasmultimedia\/wp-json\/wp\/v2\/pages"}],"about":[{"href":"https:\/\/blogsaverroes.juntadeandalucia.es\/herramientasmultimedia\/wp-json\/wp\/v2\/types\/page"}],"author":[{"embeddable":true,"href":"https:\/\/blogsaverroes.juntadeandalucia.es\/herramientasmultimedia\/wp-json\/wp\/v2\/users\/2254"}],"replies":[{"embeddable":true,"href":"https:\/\/blogsaverroes.juntadeandalucia.es\/herramientasmultimedia\/wp-json\/wp\/v2\/comments?post=173"}],"version-history":[{"count":3,"href":"https:\/\/blogsaverroes.juntadeandalucia.es\/herramientasmultimedia\/wp-json\/wp\/v2\/pages\/173\/revisions"}],"predecessor-version":[{"id":206,"href":"https:\/\/blogsaverroes.juntadeandalucia.es\/herramientasmultimedia\/wp-json\/wp\/v2\/pages\/173\/revisions\/206"}],"wp:attachment":[{"href":"https:\/\/blogsaverroes.juntadeandalucia.es\/herramientasmultimedia\/wp-json\/wp\/v2\/media?parent=173"}],"curies":[{"name":"wp","href":"https:\/\/api.w.org\/{rel}","templated":true}]}}